{"id":851,"date":"2021-02-05T18:41:03","date_gmt":"2021-02-05T17:41:03","guid":{"rendered":"http:\/\/microscopistas.com\/?post_type=product&#038;p=851"},"modified":"2021-03-25T13:01:55","modified_gmt":"2021-03-25T12:01:55","slug":"revolver-microscopio-zeiss-axioskop","status":"publish","type":"product","link":"https:\/\/microscopistas.com\/en\/producto\/revolver-microscopio-zeiss-axioskop\/","title":{"rendered":"Rev\u00f3lver Microscopio Zeiss Axioskop"},"content":{"rendered":"<div>Conjunto del rev\u00f3lver portaobjetivos para Zeiss Axioskop y partes adyacentes.<\/div>\n<div>Resulta m\u00e1s f\u00e1cil sustituir todo este conjunto que s\u00f3lo el rev\u00f3lver.<\/div>\n<div>Para cualquier duda, consultar.<\/div>\n<div><\/div>\n<div>Nosepiece zeiss axioskop<\/div>\n","protected":false},"excerpt":{"rendered":"<p>Conjunto del rev\u00f3lver portaobjetivos para Zeiss Axioskop.<\/p>\n<p>Usado. Buen estado.<\/p>\n","protected":false},"featured_media":852,"template":"","meta":{"_exactmetrics_skip_tracking":false,"_exactmetrics_sitenote_active":false,"_exactmetrics_sitenote_note":"","_exactmetrics_sitenote_category":0},"product_brand":[],"product_cat":[18],"product_tag":[102,101],"class_list":{"0":"post-851","1":"product","2":"type-product","3":"status-publish","4":"has-post-thumbnail","6":"product_cat-zeiss","7":"product_tag-axioskop-nosepiece","8":"product_tag-revolver-axioskop","9":"product_shipping_class-pieza-mediana","11":"first","12":"outofstock","13":"taxable","14":"shipping-taxable","15":"purchasable","16":"product-type-simple"},"_links":{"self":[{"href":"https:\/\/microscopistas.com\/en\/wp-json\/wp\/v2\/product\/851","targetHints":{"allow":["GET"]}}],"collection":[{"href":"https:\/\/microscopistas.com\/en\/wp-json\/wp\/v2\/product"}],"about":[{"href":"https:\/\/microscopistas.com\/en\/wp-json\/wp\/v2\/types\/product"}],"wp:featuredmedia":[{"embeddable":true,"href":"https:\/\/microscopistas.com\/en\/wp-json\/wp\/v2\/media\/852"}],"wp:attachment":[{"href":"https:\/\/microscopistas.com\/en\/wp-json\/wp\/v2\/media?parent=851"}],"wp:term":[{"taxonomy":"product_brand","embeddable":true,"href":"https:\/\/microscopistas.com\/en\/wp-json\/wp\/v2\/product_brand?post=851"},{"taxonomy":"product_cat","embeddable":true,"href":"https:\/\/microscopistas.com\/en\/wp-json\/wp\/v2\/product_cat?post=851"},{"taxonomy":"product_tag","embeddable":true,"href":"https:\/\/microscopistas.com\/en\/wp-json\/wp\/v2\/product_tag?post=851"}],"curies":[{"name":"wp","href":"https:\/\/api.w.org\/{rel}","templated":true}]}}