{"id":84906,"date":"2026-05-07T13:12:57","date_gmt":"2026-05-07T11:12:57","guid":{"rendered":"https:\/\/microscopistas.com\/?post_type=product&#038;p=84906"},"modified":"2026-05-07T13:12:57","modified_gmt":"2026-05-07T11:12:57","slug":"microscopio-olympus-bh2-analisis-clinicos","status":"publish","type":"product","link":"https:\/\/microscopistas.com\/en\/producto\/microscopio-olympus-bh2-analisis-clinicos\/","title":{"rendered":"Microscopio Olympus BH2 An\u00e1lisis cl\u00ednicos"},"content":{"rendered":"<p>Microscopio Olympus BH2 configurado para an\u00e1lisis cl\u00ednicos.<\/p>\n<p>Con cabezal binocular.<\/p>\n<p>Rev\u00f3lver extra\u00edble para 6 objetivos, con Olympus DPlan:<\/p>\n<p>4x- 10x- 20x- 40x y 100x<\/p>\n<p>Condensador NA 1.25.<\/p>\n","protected":false},"excerpt":{"rendered":"<p>Microscopio binocular Olympus BH2 para campo claro con objetivos Olympus DPlan<\/p>\n<p>4x, 10x, 20x, 40x y 100x.<\/p>\n<p>&nbsp;<\/p>\n","protected":false},"featured_media":84909,"template":"","meta":{"_exactmetrics_skip_tracking":false,"_exactmetrics_sitenote_active":false,"_exactmetrics_sitenote_note":"","_exactmetrics_sitenote_category":0},"product_brand":[],"product_cat":[596,29],"product_tag":[],"class_list":{"0":"post-84906","1":"product","2":"type-product","3":"status-publish","4":"has-post-thumbnail","6":"product_cat-microscopios-usados","7":"product_cat-olympus","9":"first","10":"instock","11":"sale","12":"taxable","13":"shipping-taxable","14":"purchasable","15":"product-type-simple"},"_links":{"self":[{"href":"https:\/\/microscopistas.com\/en\/wp-json\/wp\/v2\/product\/84906","targetHints":{"allow":["GET"]}}],"collection":[{"href":"https:\/\/microscopistas.com\/en\/wp-json\/wp\/v2\/product"}],"about":[{"href":"https:\/\/microscopistas.com\/en\/wp-json\/wp\/v2\/types\/product"}],"wp:featuredmedia":[{"embeddable":true,"href":"https:\/\/microscopistas.com\/en\/wp-json\/wp\/v2\/media\/84909"}],"wp:attachment":[{"href":"https:\/\/microscopistas.com\/en\/wp-json\/wp\/v2\/media?parent=84906"}],"wp:term":[{"taxonomy":"product_brand","embeddable":true,"href":"https:\/\/microscopistas.com\/en\/wp-json\/wp\/v2\/product_brand?post=84906"},{"taxonomy":"product_cat","embeddable":true,"href":"https:\/\/microscopistas.com\/en\/wp-json\/wp\/v2\/product_cat?post=84906"},{"taxonomy":"product_tag","embeddable":true,"href":"https:\/\/microscopistas.com\/en\/wp-json\/wp\/v2\/product_tag?post=84906"}],"curies":[{"name":"wp","href":"https:\/\/api.w.org\/{rel}","templated":true}]}}