{"id":84849,"date":"2025-08-20T22:02:01","date_gmt":"2025-08-20T20:02:01","guid":{"rendered":"https:\/\/microscopistas.com\/?post_type=product&#038;p=84849"},"modified":"2025-08-20T22:02:01","modified_gmt":"2025-08-20T20:02:01","slug":"microscopio-patologia-leica-dmlb","status":"publish","type":"product","link":"https:\/\/microscopistas.com\/en\/producto\/microscopio-patologia-leica-dmlb\/","title":{"rendered":"Microscopio patolog\u00eda Leica DMLB"},"content":{"rendered":"<p>Microscopio Leica DMLB configuraci\u00f3n patolog\u00eda<\/p>\n<p>Con cabezal Trinocular ergon\u00f3mico.<\/p>\n<p>Oculares 12,5x<\/p>\n<p>Objetivos 2,5x, 4x, 10x, 40x y 100x oil (hay posibilidad de otros objetivos).<\/p>\n<p>Condensador Leica 0,9 NA<\/p>\n<p>&nbsp;<\/p>\n","protected":false},"excerpt":{"rendered":"<p>Microscopio Leica DMLB para patolog\u00eda con objetivos 2,5x, 5x, 10x, 40x y 100x Oli<\/p>\n<p>Cabezal trinocular ergon\u00f3mico.<\/p>\n","protected":false},"featured_media":84864,"template":"","meta":{"_exactmetrics_skip_tracking":false,"_exactmetrics_sitenote_active":false,"_exactmetrics_sitenote_note":"","_exactmetrics_sitenote_category":0},"product_brand":[],"product_cat":[596],"product_tag":[],"class_list":{"0":"post-84849","1":"product","2":"type-product","3":"status-publish","4":"has-post-thumbnail","6":"product_cat-microscopios-usados","7":"product_shipping_class-microscopio","9":"first","10":"instock","11":"sale","12":"taxable","13":"shipping-taxable","14":"purchasable","15":"product-type-simple"},"_links":{"self":[{"href":"https:\/\/microscopistas.com\/en\/wp-json\/wp\/v2\/product\/84849","targetHints":{"allow":["GET"]}}],"collection":[{"href":"https:\/\/microscopistas.com\/en\/wp-json\/wp\/v2\/product"}],"about":[{"href":"https:\/\/microscopistas.com\/en\/wp-json\/wp\/v2\/types\/product"}],"wp:featuredmedia":[{"embeddable":true,"href":"https:\/\/microscopistas.com\/en\/wp-json\/wp\/v2\/media\/84864"}],"wp:attachment":[{"href":"https:\/\/microscopistas.com\/en\/wp-json\/wp\/v2\/media?parent=84849"}],"wp:term":[{"taxonomy":"product_brand","embeddable":true,"href":"https:\/\/microscopistas.com\/en\/wp-json\/wp\/v2\/product_brand?post=84849"},{"taxonomy":"product_cat","embeddable":true,"href":"https:\/\/microscopistas.com\/en\/wp-json\/wp\/v2\/product_cat?post=84849"},{"taxonomy":"product_tag","embeddable":true,"href":"https:\/\/microscopistas.com\/en\/wp-json\/wp\/v2\/product_tag?post=84849"}],"curies":[{"name":"wp","href":"https:\/\/api.w.org\/{rel}","templated":true}]}}