{"id":84701,"date":"2024-07-29T18:29:54","date_gmt":"2024-07-29T16:29:54","guid":{"rendered":"http:\/\/microscopistas.com\/?post_type=product&#038;p=84701"},"modified":"2024-07-29T18:29:54","modified_gmt":"2024-07-29T16:29:54","slug":"objetivo-magus-10pll-10%d1%85-025-plan-l-wd-50-mm","status":"publish","type":"product","link":"https:\/\/microscopistas.com\/en\/producto\/objetivo-magus-10pll-10%d1%85-025-plan-l-wd-50-mm\/","title":{"rendered":"Objetivo MAGUS 10PLL 10\u0445\/0,25 Plan L WD 5,0 mm"},"content":{"rendered":"<p><strong>Objetivo MAGUS 10PLL 10\u0445\/0,25 Plan L WD 5,0 mm<\/strong><br \/>Objetivo plano acrom&#038;aacute tico corregido al infinito. Ampliaci&#038;oacute n: 10x. Abertura: 0,25<\/p>\n<p>El l&#038;iacute mite de resoluci&#038;oacute n del objetivo 10\u0445\/0,25 es de 1,1 &#038;micro m. &#038;nbsp <br \/>Las aberraciones crom&#038;aacute ticas se corrigen para la luz azul y roja, la aberraci&#038;oacute n esf&#038;eacute rica para la luz verde y la curvatura de campo se corrige al 90 % del di&#038;aacute metro del campo de visi&#038;oacute n.<br \/>&#038;nbsp <br \/>El objetivo est&#038;aacute  corregido al infinito. La distancia parafocal es 45 mm. Cuando se trabaja con un ocular de 10\/22 mm, el di&#038;aacute metro del campo de visi&#038;oacute n ser&#038;aacute  de 2,2 mm. Dise&#038;ntilde ado para trabajar con muestras sin cubreobjetos.<\/p>\n<p>El objetivo metal&#038;uacute rgico de 10x tiene una larga distancia de trabajo de 5 mm. La distancia de trabajo es la distancia desde la lente frontal del objetivo hasta el objeto de estudio, a la que la imagen del objeto est&#038;aacute  enfocada. Los objetos de estudio pueden tener una topograf&#038;iacute a pronunciada, por ejemplo, muestras de placas de circuitos impresos con diferentes niveles de componentes electr&#038;oacute nicos y semiconductores. Una gran distancia de trabajo evita da&#038;ntilde os accidentales en la lente frontal del objetivo o de la muestra al enfocar y al girar el rev&#038;oacute lver para cambiar de objetivo.<\/p>\n<p>El l&#038;iacute mite inferior de aumento &#038;uacute til del microscopio cuando se trabaja con un objetivo de 10\u0445 es de 125x. Un aumento inferior no le permitir&#038;aacute  distinguir los detalles del objeto en la imagen producida por el objetivo. &#038;nbsp <br \/>El l&#038;iacute mite superior de aumento &#038;uacute til cuando se trabaja con un objetivo de 10\u0445 es de 250x. Un aumento superior se considera &#8216;in&#038;uacute til&#8217; porque no proporciona nuevos detalles en la imagen del objeto. &#038;nbsp <br \/>Con un objetivo de 10\u0445\/0,25, utilice oculares con aumentos de 12,5x a 25x.<\/p>\n<p>Los objetivos plano acrom&#038;aacute ticos producen una imagen enfocada por igual en el centro y en los bordes con una distorsi&#038;oacute n m&#038;iacute nima. Esta caracter&#038;iacute stica se utiliza para tomar im&#038;aacute genes digitales y para trabajar junto con oculares de campo amplio con un campo de visi&#038;oacute n de 22 mm.<\/p>\n<p><strong>Compatibilidad:<\/strong><\/p>\n<p>Microscopio metal&#038;uacute rgico MAGUS Metal 600<br \/>Microscopio metal&#038;uacute rgico MAGUS Metal 630<br \/>Microscopio metal&#038;uacute rgico MAGUS Metal 650<br \/>Microscopio metal&#038;uacute rgico invertido MAGUS Metal V700<\/p>\n<p><strong>Especificaciones<br \/><\/strong>Material de las lentes: vidrio &#038;oacute ptico<br \/>Clase de objetivo seg&#038;uacute n grado de correcci&#038;oacute n de las aberraciones:<span>&#038;nbsp <\/span>plano acrom&#038;aacute tico<br \/>Longitud del tubo: corregido al infinito (&#038;infin )<br \/>T&#038;eacute cnica de contraste: campo claro<br \/>Ampliaci&#038;oacute n, x: 10<br \/>Apertura: 0,25<br \/>Distancia de trabajo, mm: 5,0<br \/>Distancia parafocal, mm:<span>&#038;nbsp <\/span>45<br \/>Grosor del cubreobjetos, mm: sin cubreobjetos<br \/>Mecanismo de resorte:<span>&#038;nbsp <\/span>&#038;minus <br \/>Inmersi&#038;oacute n: &#038;minus <br \/>Material del cuerpo: cobre<\/p>\n<table>\n<tbody>\n<tr>\n<td>Marca<\/td>\n<td>MAGUS<\/td>\n<\/tr>\n<tr>\n<td>Garant\u00eda<\/td>\n<td>2 \u0433\u043e\u0434\u0430<\/td>\n<\/tr>\n<tr>\n<td>EAN<\/td>\n<td>2400000058397<\/td>\n<\/tr>\n<tr>\n<td>Tama\u00f1o de paquete (LxAn.xAl.)<\/td>\n<td>7x4x4 cm<\/td>\n<\/tr>\n<\/tbody>\n<\/table>\n","protected":false},"excerpt":{"rendered":"<p>El l\u00edmite de resoluci\u00f3n del objetivo 10\u0445\/0,25 es de 1,1 \u00b5m.<br \/> Las aberraciones crom\u00e1ticas se corrigen para la luz azul y roja, la aberraci\u00f3n esf\u00e9rica para la luz verde y la curvatura de campo se corrige al 90 % del di\u00e1metro del campo de visi\u00f3n.<\/p>\n","protected":false},"featured_media":84102,"template":"","meta":{"_exactmetrics_skip_tracking":false,"_exactmetrics_sitenote_active":false,"_exactmetrics_sitenote_note":"","_exactmetrics_sitenote_category":0},"product_brand":[],"product_cat":[],"product_tag":[],"class_list":{"0":"post-84701","1":"product","2":"type-product","3":"status-publish","4":"has-post-thumbnail","7":"first","8":"instock","9":"taxable","10":"shipping-taxable","11":"purchasable","12":"product-type-simple"},"_links":{"self":[{"href":"https:\/\/microscopistas.com\/en\/wp-json\/wp\/v2\/product\/84701","targetHints":{"allow":["GET"]}}],"collection":[{"href":"https:\/\/microscopistas.com\/en\/wp-json\/wp\/v2\/product"}],"about":[{"href":"https:\/\/microscopistas.com\/en\/wp-json\/wp\/v2\/types\/product"}],"wp:featuredmedia":[{"embeddable":true,"href":"https:\/\/microscopistas.com\/en\/wp-json\/wp\/v2\/media\/84102"}],"wp:attachment":[{"href":"https:\/\/microscopistas.com\/en\/wp-json\/wp\/v2\/media?parent=84701"}],"wp:term":[{"taxonomy":"product_brand","embeddable":true,"href":"https:\/\/microscopistas.com\/en\/wp-json\/wp\/v2\/product_brand?post=84701"},{"taxonomy":"product_cat","embeddable":true,"href":"https:\/\/microscopistas.com\/en\/wp-json\/wp\/v2\/product_cat?post=84701"},{"taxonomy":"product_tag","embeddable":true,"href":"https:\/\/microscopistas.com\/en\/wp-json\/wp\/v2\/product_tag?post=84701"}],"curies":[{"name":"wp","href":"https:\/\/api.w.org\/{rel}","templated":true}]}}