{"id":84699,"date":"2024-07-29T18:29:53","date_gmt":"2024-07-29T16:29:53","guid":{"rendered":"http:\/\/microscopistas.com\/?post_type=product&#038;p=84699"},"modified":"2024-07-29T18:31:20","modified_gmt":"2024-07-29T16:31:20","slug":"microscopio-metalurgico-invertido-magus-metal-v700-dic","status":"publish","type":"product","link":"https:\/\/microscopistas.com\/en\/producto\/microscopio-metalurgico-invertido-magus-metal-v700-dic\/","title":{"rendered":"Microscopio metal\u00fargico invertido MAGUS Metal V700 DIC"},"content":{"rendered":"<p>El microscopio est\u00e1 dise\u00f1ado para estudiar la microestructura de metales y aleaciones, materiales semiconductores y otras muestras opacas.<br \/> El dise\u00f1o del microscopio invertido no limita el tama\u00f1o de la muestra examinada  solo su peso est\u00e1 limitado hasta 2 kg. La muestra se debe primero preparar especialmente y luego colocar en la platina con la superficie orientada hacia abajo.<br \/> El microscopio aplica tres t\u00e9cnicas de contraste en luz reflejada: campo claro, polarizaci\u00f3n simple y contraste de interferencia diferencial.<br \/> El m\u00e9todo de campo claro proporciona una imagen ampliada aut\u00e9ntica del objeto. La polarizaci\u00f3n simple elimina el resplandor de las superficies met\u00e1licas y resalta los pol\u00edmeros y otros elementos extra\u00f1os. El contraste de interferencia diferencial colorea la diferencia de altura de un objeto y revela as\u00ed la topograf\u00eda de la muestra. El objeto de estudio aparecer\u00e1 en relieve.<br \/> El tubo trinocular y un conector lateral para c\u00e1mara permiten la conexi\u00f3n simult\u00e1nea de un monitor y una c\u00e1mara.<br \/> El microscopio se puede utilizar en diversos campos (metalurgia, ingenier\u00eda, sectores aeroespacial, nuclear y energ\u00e9tico), as\u00ed como en laboratorios de investigaci\u00f3n y universidades t\u00e9cnicas.<\/p>\n<p><strong>Cabezal del microscopio<\/strong><br \/> Longitud del tubo: infinito (\u221e). Al montar el microscopio, el usuario puede girar los tubos oculares 180\u00b0 y ajustar la distancia de acomodaci\u00f3n ocular de acuerdo con su estatura. Hay un cabezal trinocular.<br \/> El monitor se coloca en el tubo vertical del cabezal trinocular, y la c\u00e1mara digital, en el conector lateral para c\u00e1mara. El haz luminoso en el cabezal trinocular se divide 50\/50 (tubo abierto) o 100\/0 (tubo cerrado), en el cuerpo \u2013 100\/0 o 0\/100.<\/p>\n<p><strong>Rev\u00f3lver giratorio<\/strong><br \/> El rev\u00f3lver giratorio de 5 objetivos est\u00e1 dispuesto debajo de la platina en el cuerpo del microscopio.<br \/> El rev\u00f3lver giratorio tiene una ranura para compensador deslizante DIC especial que se utiliza cuando se trabaja con el m\u00e9todo de contraste de interferencia diferencial con objetivos 5x, 10x y 20x.<\/p>\n<p><strong>Objetivos<\/strong><br \/> Planifique objetivos acrom\u00e1ticos con una gran distancia de trabajo que est\u00e9n dise\u00f1ados para los m\u00e9todos de campo claro, polarizaci\u00f3n simple y DIC.<br \/> Para la t\u00e9cnica de microscop\u00eda de campo oscuro, elija el modelo Magus Metal V700 BD.<\/p>\n<p><strong>Mecanismo de enfoque<\/strong><br \/> Los mandos coaxiales de enfoque aproximado y preciso se encuentran a ambos lados de la base del microscopio. El usuario puede reposar las manos sobre la mesa mientras utiliza el microscopio, lo que permite trabajar de forma relajada. El ajuste del enfoque es fluido y se realiza sin esfuerzo.<br \/> En el lado derecho, hay el mando de bloqueo del enfoque aproximado para realizar ajustes r\u00e1pidos despu\u00e9s de cambiar la muestra. En el lado izquierdo, se encuentra el anillo de ajuste de la tensi\u00f3n del enfoque aproximado.<\/p>\n<p><strong>Platina mec\u00e1nica<\/strong><br \/> La muestra observada se puede desplazar moviendo la platina a lo largo de dos ejes. En el centro de la platina se instala una placa giratoria redonda con un orificio de di\u00e1metro adecuado (10 mm, 20 mm o 30 mm). Se utiliza un porta muestras para mantener el objeto en su lugar.<\/p>\n<p><strong>Fuente de luz<\/strong><br \/> El compartimento para la l\u00e1mpara tiene una bombilla hal\u00f3gena de 30 W. Es lo suficientemente brillante como para observar con objetivos de 4x a 100x que se utilizan para microscop\u00eda de campo claro, luz polarizada y DIC. Las bombillas hal\u00f3genas emiten luz con una temperatura de color que permite trabajar c\u00f3modamente.<\/p>\n<p><strong>Iluminaci\u00f3n por luz reflejada<\/strong><br \/> El sistema de iluminaci\u00f3n permite configurar el m\u00e9todo de iluminaci\u00f3n K\u00f6hler. Los diafragmas de campo y apertura est\u00e1n precentrados de f\u00e1brica y no requieren centrado adicional. Si es necesario, los diafragmas se pueden ajustar con tornillos de centrado. La fuente de luz est\u00e1 centrada a lo largo de tres ejes.<br \/> El analizador y el polarizador extra\u00edbles se utilizan para la t\u00e9cnica de microscop\u00eda de luz polarizada. El polarizador gira de 0 a 360\u00b0, mientras que el analizador no gira. <\/p>\n<p>El compensador deslizante del prisma DIC se utiliza cuando se trabaja mediante el m\u00e9todo de contraste de interferencia diferencial con objetivos de 5x, 10x y 20x.<br \/> El juego de filtros incluido en el kit permite ajustar la reproducci\u00f3n de los colores.<\/p>\n<p><strong>Accesorios<\/strong><br \/> Puede utilizar accesorios adicionales para aumentar el rendimiento t\u00e9cnico del microscopio. Los oculares y objetivos ampl\u00edan el rango de aumento. Las c\u00e1maras digitales env\u00edan la imagen a una pantalla de PC o monitor. Los portaobjetos de calibraci\u00f3n le ayudan a realizar mediciones de objetos.<\/p>\n<p><strong>Caracter\u00edsticas principales:<\/strong><\/p>\n<ul>\n<li>Microscopio adecuado para examinar objetos dimensionales opacos de hasta 2 kg<\/li>\n<li>Cabezal trinocular con posibilidad de ajustar la distancia de acomodaci\u00f3n ocular<\/li>\n<li>Dos tubos independientes para instalar una c\u00e1mara digital y un monitor: un tubo vertical en el cabezal y un tubo lateral en el cuerpo  divisi\u00f3n del haz 50\/50 y 100\/0 en el cabezal trinocular, y 100\/0 y 0\/100 en el cuerpo<\/li>\n<li>Potente iluminador de luz reflejada hal\u00f3gena de 30 W que proporciona una luz natural y brillante<\/li>\n<li>Sistema de iluminaci\u00f3n K\u00f6hler, elementos centrados del sistema de iluminaci\u00f3n, dispositivo de polarizaci\u00f3n simple, ranura para compensadores deslizantes DIC<\/li>\n<li>Los filtros reducen la intensidad de determinadas longitudes de onda y ajustan la reproducci\u00f3n del color en la fotograf\u00eda de microscop\u00eda<\/li>\n<li>Platina de gran tama\u00f1o con placa giratoria redonda provista de orificios de 10 mm, 20 mm o 30 mm<\/li>\n<li>Amplia gama de oculares y objetivos adicionales<\/li>\n<\/ul>\n<p><strong>El kit incluye:<\/strong><\/p>\n<ul>\n<li>Soporte del microscopio con conexi\u00f3n el\u00e9ctrica, mecanismo de enfoque, platina y rev\u00f3lver giratorio<\/li>\n<li>Compartimento de la l\u00e1mpara <\/li>\n<li>Cabezal trinocular<\/li>\n<li>Objetivo plano acrom\u00e1tico corregido al infinito: PL L5x\/0,12 WD 26,1 mm<\/li>\n<li>Objetivo plano acrom\u00e1tico corregido al infinito: PL L10\u0445\/0,25 WD 20,2 mm<\/li>\n<li>Objetivo plano acrom\u00e1tico corregido al infinito: PL L20\u0445\/0,40 WD 8,80 mm<\/li>\n<li>Objetivo plano acrom\u00e1tico corregido al infinito: PL L50\u0445\/0,70 WD 3,68 mm<\/li>\n<li>Objetivo plano acrom\u00e1tico corregido al infinito: PL L100x\/0,85 (uso en seco) WD 0,40 mm<\/li>\n<li>Ocular de 10x\/22 mm con larga distancia de acomodaci\u00f3n ocular (2 unidades)<\/li>\n<li>Adaptador de montura C con poder de aumento 1x<\/li>\n<li>Compensador deslizante DIC para objetivos de 5x, 10x y 20x<\/li>\n<li>Llave hexagonal<\/li>\n<li>Cable de alimentaci\u00f3n CA<\/li>\n<li>Cubierta protectora <\/li>\n<li>Manual del usuario y tarjeta de garant\u00eda<\/li>\n<\/ul>\n<p><strong>Disponible bajo petici\u00f3n:<\/strong><\/p>\n<ul>\n<li>Ocular de 10x\/22 mm con escala de medici\u00f3n<\/li>\n<li>Ocular de 12,5x\/14 mm (2 unidades)<\/li>\n<li>Ocular de 15x\/15 mm (2 unidades)<\/li>\n<li>Ocular de 20x\/12 mm (2 unidades)<\/li>\n<li>Ocular de 25x\/9 mm (2 unidades)<\/li>\n<li>Objetivo plano acrom\u00e1tico corregido al infinito: PL L40\u0445\/0,60 WD: 3,98 mm<\/li>\n<li>Objetivo plano acrom\u00e1tico corregido al infinito: PL L60x\/0,70 WD: 2,08 mm<\/li>\n<li>Objetivo plano acrom\u00e1tico corregido al infinito: PL L80x\/0,80 WD: 1,25 mm<\/li>\n<li>C\u00e1mara digital<\/li>\n<li>Portaobjetos de calibraci\u00f3n<\/li>\n<\/ul>\n<table>\n<tbody>\n<tr>\n<td>Marca<\/td>\n<td>MAGUS<\/td>\n<\/tr>\n<tr>\n<td>Garant\u00eda<\/td>\n<td>5 \u043b\u0435\u0442<\/td>\n<\/tr>\n<tr>\n<td>EAN<\/td>\n<td>5905555021300<\/td>\n<\/tr>\n<tr>\n<td>Tama\u00f1o de paquete (LxAn.xAl.)<\/td>\n<td>35x68x49 cm<\/td>\n<\/tr>\n<tr>\n<td>Peso del env\u00edo<\/td>\n<td>15.96 kg<\/td>\n<\/tr>\n<tr>\n<td>Tipo<\/td>\n<td>luz\/\u00f3ptico, metal\u00fargico <\/td>\n<\/tr>\n<tr>\n<td>Cabezal<\/td>\n<td>trinocular<\/td>\n<\/tr>\n<tr>\n<td>Boquilla<\/td>\n<td>Siedentopf, giratorio 180\u00b0<\/td>\n<\/tr>\n<tr>\n<td>\u00c1ngulo de inclinaci\u00f3n de cabezal<\/td>\n<td>45\u00b0<\/td>\n<\/tr>\n<tr>\n<td>Ampliaci\u00f3n, x<\/td>\n<td>b\u00e1sico: 50\u2013500 (*opcional: 50\u20131000\/1250\/1500\/2000\/2500)<\/td>\n<\/tr>\n<tr>\n<td>Rango de ampliaci\u00f3n<\/td>\n<td>200x a 800x<\/td>\n<\/tr>\n<tr>\n<td>Di\u00e1metro del tubo del ocular, mm<\/td>\n<td>30<\/td>\n<\/tr>\n<tr>\n<td>Oculares<\/td>\n<td>10\u0445\/22 mm, distancia de acomodaci\u00f3n ocular: 10 mm  10\u0445\/22 mm con escala de medici\u00f3n (*opcional: 10x\/22 mm con ret\u00edcula  12,5x\/14  15x\/15  20x\/12  25x\/9)<\/td>\n<\/tr>\n<tr>\n<td>Rev\u00f3lver<\/td>\n<td>para 5 objetivos, con ranura DIC<\/td>\n<\/tr>\n<tr>\n<td>Distancia de trabajo, mm<\/td>\n<td>26,1 (5x)  20,2 (10x)  3,98 (40x)  2,08 (60x)  8,80 (20x)  3,68 (50x)  1,25 (80x)  0,40 (100x)<\/td>\n<\/tr>\n<tr>\n<td>Distancia interpupilar, mm<\/td>\n<td>48 \u2014 75<\/td>\n<\/tr>\n<tr>\n<td>Platina, mm<\/td>\n<td>242&#215;200<\/td>\n<\/tr>\n<tr>\n<td>Rango de desplazamiento de la platina, mm<\/td>\n<td>30\/30<\/td>\n<\/tr>\n<tr>\n<td>Platina<\/td>\n<td>mec\u00e1nico de dos ejes, placa giratoria redonda de \u00d8130\u202fmm con orificios de \u00d810\u202fmm, \u00d820\u202fmm y \u00d830\u202fmm<\/td>\n<\/tr>\n<tr>\n<td>Diafragma<\/td>\n<td>diafragmas de apertura y de campo integrados<\/td>\n<\/tr>\n<tr>\n<td>Enfoque<\/td>\n<td>coaxial, enfoque aproximado (con ajuste de la tensi\u00f3n y mando de bloqueo) y enfoque preciso (0,002 mm)<\/td>\n<\/tr>\n<tr>\n<td>Iluminaci\u00f3n<\/td>\n<td>hal\u00f3gena<\/td>\n<\/tr>\n<tr>\n<td>Ajuste del brillo<\/td>\n<td>yes<\/td>\n<\/tr>\n<tr>\n<td>Alimentaci\u00f3n<\/td>\n<td>220\u00b122 V, 50 Hz<\/td>\n<\/tr>\n<tr>\n<td>Filtros de luz<\/td>\n<td>verde, azul, mate, amarillo<\/td>\n<\/tr>\n<tr>\n<td>Intervalo de temperatura de funcionamiento, \u00b0C<\/td>\n<td>5 \u2014 35<\/td>\n<\/tr>\n<tr>\n<td>Adicional<\/td>\n<td>analizador y polarizador extra\u00edbles, compensador deslizante DIC para objetivos de 5x, 10x y 20x<\/td>\n<\/tr>\n<tr>\n<td>Nivel de usuario<\/td>\n<td>usuarios experimentados, profesionales<\/td>\n<\/tr>\n<tr>\n<td>Montaje y nivel de dificultad de instalaci\u00f3n<\/td>\n<td>complicado<\/td>\n<\/tr>\n<tr>\n<td>Aplicaci\u00f3n<\/td>\n<td>metal\u00fargico <\/td>\n<\/tr>\n<tr>\n<td>Ubicaci\u00f3n de la iluminaci\u00f3n<\/td>\n<td>inferior<\/td>\n<\/tr>\n<tr>\n<td>M\u00e9todo de investigaci\u00f3n<\/td>\n<td>campo claro, polarizaci\u00f3n, DIC<\/td>\n<\/tr>\n<tr>\n<td>Funda\/malet\u00edn\/bolsa incluida en el kit<\/td>\n<td>cubierta protectora<\/td>\n<\/tr>\n<\/tbody>\n<\/table>\n","protected":false},"excerpt":{"rendered":"<p>El microscopio est\u00e1 dise\u00f1ado para estudiar la microestructura de metales y aleaciones, materiales semiconductores y otras muestras opacas.<br \/> El dise\u00f1o del microscopio invertido no limita el tama\u00f1o de la muestra examinada  solo su peso est\u00e1 limitado hasta 2 kg. La muestra se debe primero preparar especialmente y luego colocar en la platina con la superficie orientada hacia abajo.<br \/> El microscopio aplica tres t\u00e9cnicas de contraste en luz reflejada: campo claro, polarizaci\u00f3n simple y contraste de interferencia diferencial.<br \/> El m\u00e9todo de campo claro proporciona una imagen ampliada aut\u00e9ntica del objeto. La polarizaci\u00f3n simple elimina el resplandor de las superficies met\u00e1licas y resalta los pol\u00edmeros y otros elementos extra\u00f1os. El contraste de interferencia diferencial colorea la diferencia de altura de un objeto y revela as\u00ed la topograf\u00eda de la muestra. El objeto de estudio aparecer\u00e1 en relieve.<br \/> El tubo trinocular y un conector lateral para c\u00e1mara permiten la conexi\u00f3n simult\u00e1nea de un monitor y una c\u00e1mara.<br \/> El microscopio se puede utilizar en diversos campos (metalurgia, ingenier\u00eda, sectores aeroespacial, nuclear y energ\u00e9tico), as\u00ed como en laboratorios de investigaci\u00f3n y universidades t\u00e9cnicas.<\/p>\n","protected":false},"featured_media":83715,"template":"","meta":{"_exactmetrics_skip_tracking":false,"_exactmetrics_sitenote_active":false,"_exactmetrics_sitenote_note":"","_exactmetrics_sitenote_category":0},"product_brand":[],"product_cat":[612,611,594],"product_tag":[],"class_list":{"0":"post-84699","1":"product","2":"type-product","3":"status-publish","4":"has-post-thumbnail","6":"product_cat-invertidos","7":"product_cat-metalograficos","8":"product_cat-microscopios-nuevos","9":"product_shipping_class-microscopio","11":"first","12":"instock","13":"taxable","14":"shipping-taxable","15":"purchasable","16":"product-type-simple"},"_links":{"self":[{"href":"https:\/\/microscopistas.com\/en\/wp-json\/wp\/v2\/product\/84699","targetHints":{"allow":["GET"]}}],"collection":[{"href":"https:\/\/microscopistas.com\/en\/wp-json\/wp\/v2\/product"}],"about":[{"href":"https:\/\/microscopistas.com\/en\/wp-json\/wp\/v2\/types\/product"}],"wp:featuredmedia":[{"embeddable":true,"href":"https:\/\/microscopistas.com\/en\/wp-json\/wp\/v2\/media\/83715"}],"wp:attachment":[{"href":"https:\/\/microscopistas.com\/en\/wp-json\/wp\/v2\/media?parent=84699"}],"wp:term":[{"taxonomy":"product_brand","embeddable":true,"href":"https:\/\/microscopistas.com\/en\/wp-json\/wp\/v2\/product_brand?post=84699"},{"taxonomy":"product_cat","embeddable":true,"href":"https:\/\/microscopistas.com\/en\/wp-json\/wp\/v2\/product_cat?post=84699"},{"taxonomy":"product_tag","embeddable":true,"href":"https:\/\/microscopistas.com\/en\/wp-json\/wp\/v2\/product_tag?post=84699"}],"curies":[{"name":"wp","href":"https:\/\/api.w.org\/{rel}","templated":true}]}}