{"id":84698,"date":"2024-07-29T18:29:53","date_gmt":"2024-07-29T16:29:53","guid":{"rendered":"http:\/\/microscopistas.com\/?post_type=product&#038;p=84698"},"modified":"2024-07-29T18:29:53","modified_gmt":"2024-07-29T16:29:53","slug":"lampara-de-cuello-de-cisne-doble-magus-led-dgl2","status":"publish","type":"product","link":"https:\/\/microscopistas.com\/en\/producto\/lampara-de-cuello-de-cisne-doble-magus-led-dgl2\/","title":{"rendered":"L\u00e1mpara de cuello de cisne doble MAGUS LED DGL2"},"content":{"rendered":"<p>Iluminador de luz reflejada para microscopios estereosc\u00f3picos.<br \/> Equipado con dos fuentes de luz LED sobre cables flexibles. Proporciona ajuste de iluminaci\u00f3n en el \u00e1ngulo deseado y le permite lograr la luz y sombra necesarias para la investigaci\u00f3n. Brillo ajustable.<\/p>\n<p><strong>Compatibilidad:<\/strong><\/p>\n<ul>\n<li>Estereomicroscopio MAGUS Stereo 7B<\/li>\n<li>Estereomicroscopio MAGUS Stereo 7T<\/li>\n<li>Estereomicroscopio MAGUS Stereo 8B<\/li>\n<li>Estereomicroscopio MAGUS Stereo 8T<\/li>\n<li>Estereomicroscopio MAGUS Stereo 9T<\/li>\n<li>Estereomicroscopio MAGUS Stereo A6<\/li>\n<li>Estereomicroscopio MAGUS Stereo A8<\/li>\n<li>Estereomicroscopio MAGUS Stereo A10<\/li>\n<li>Estereomicroscopio MAGUS Stereo A18T<\/li>\n<\/ul>\n<table>\n<tbody>\n<tr>\n<td>Marca<\/td>\n<td>MAGUS<\/td>\n<\/tr>\n<tr>\n<td>Garant\u00eda<\/td>\n<td>0,5<\/td>\n<\/tr>\n<tr>\n<td>EAN<\/td>\n<td>5905555019888<\/td>\n<\/tr>\n<tr>\n<td>Tama\u00f1o de paquete (LxAn.xAl.)<\/td>\n<td>33x18x16 cm<\/td>\n<\/tr>\n<tr>\n<td>Peso del env\u00edo<\/td>\n<td>1.9 kg<\/td>\n<\/tr>\n<\/tbody>\n<\/table>\n","protected":false},"excerpt":{"rendered":"<p>Iluminador de luz reflejada para microscopios estereosc\u00f3picos.<br \/> Equipado con dos fuentes de luz LED sobre cables flexibles. Proporciona ajuste de iluminaci\u00f3n en el \u00e1ngulo deseado y le permite lograr la luz y sombra necesarias para la investigaci\u00f3n. Brillo ajustable.<\/p>\n","protected":false},"featured_media":83662,"template":"","meta":{"_exactmetrics_skip_tracking":false,"_exactmetrics_sitenote_active":false,"_exactmetrics_sitenote_note":"","_exactmetrics_sitenote_category":0},"product_brand":[],"product_cat":[],"product_tag":[],"class_list":{"0":"post-84698","1":"product","2":"type-product","3":"status-publish","4":"has-post-thumbnail","7":"first","8":"instock","9":"taxable","10":"shipping-taxable","11":"purchasable","12":"product-type-simple"},"_links":{"self":[{"href":"https:\/\/microscopistas.com\/en\/wp-json\/wp\/v2\/product\/84698","targetHints":{"allow":["GET"]}}],"collection":[{"href":"https:\/\/microscopistas.com\/en\/wp-json\/wp\/v2\/product"}],"about":[{"href":"https:\/\/microscopistas.com\/en\/wp-json\/wp\/v2\/types\/product"}],"wp:featuredmedia":[{"embeddable":true,"href":"https:\/\/microscopistas.com\/en\/wp-json\/wp\/v2\/media\/83662"}],"wp:attachment":[{"href":"https:\/\/microscopistas.com\/en\/wp-json\/wp\/v2\/media?parent=84698"}],"wp:term":[{"taxonomy":"product_brand","embeddable":true,"href":"https:\/\/microscopistas.com\/en\/wp-json\/wp\/v2\/product_brand?post=84698"},{"taxonomy":"product_cat","embeddable":true,"href":"https:\/\/microscopistas.com\/en\/wp-json\/wp\/v2\/product_cat?post=84698"},{"taxonomy":"product_tag","embeddable":true,"href":"https:\/\/microscopistas.com\/en\/wp-json\/wp\/v2\/product_tag?post=84698"}],"curies":[{"name":"wp","href":"https:\/\/api.w.org\/{rel}","templated":true}]}}