{"id":84697,"date":"2024-07-29T18:29:53","date_gmt":"2024-07-29T16:29:53","guid":{"rendered":"http:\/\/microscopistas.com\/?post_type=product&#038;p=84697"},"modified":"2024-07-29T18:29:53","modified_gmt":"2024-07-29T16:29:53","slug":"lampara-anular-magus-led-144-s4-con-control-de-sector","status":"publish","type":"product","link":"https:\/\/microscopistas.com\/en\/producto\/lampara-anular-magus-led-144-s4-con-control-de-sector\/","title":{"rendered":"L\u00e1mpara anular MAGUS LED 144-S4 con control de sector"},"content":{"rendered":"<p>Iluminador anular de luz reflejada para microscopios estereosc\u00f3picos.<br \/> Tiene dos modos de uso: cuando se encienden todos los sectores simult\u00e1neamente, se convierte en una fuente de iluminaci\u00f3n sin sombras  cuando se encienden uno o dos sectores, simula una iluminaci\u00f3n oblicua.<br \/> Se suministra con un mando a distancia: el bot\u00f3n enciende el sector deseado y el mando ajusta la luminosidad.<br \/> El iluminador MAGUS LED 144-S4 se utiliza para observar objetos en relieve y muestras con una superficie muy reflectante, as\u00ed como para inspeccionar placas de circuitos impresos.<\/p>\n<p><strong>Compatibilidad:<\/strong><\/p>\n<ul>\n<li>Estereomicroscopio MAGUS Stereo 7B<\/li>\n<li>Estereomicroscopio MAGUS Stereo 7T<\/li>\n<li>Estereomicroscopio MAGUS Stereo 8B<\/li>\n<li>Estereomicroscopio MAGUS Stereo 8T<\/li>\n<li>Estereomicroscopio MAGUS Stereo 9T<\/li>\n<li>Cabezal de microscopio MAGUS Stereo 7BH<\/li>\n<li>Cabezal de microscopio MAGUS Stereo 7TH<\/li>\n<li>Cabezal de microscopio MAGUS Stereo 8BH<\/li>\n<li>Cabezal de microscopio MAGUS Stereo 8TH<\/li>\n<\/ul>\n<p><strong>El kit incluye:<\/strong><\/p>\n<ul>\n<li>Iluminador de luz reflejada<\/li>\n<li>Bloqueo de control<\/li>\n<li>Cable de alimentaci\u00f3n<\/li>\n<li>Especificaciones<\/li>\n<\/ul>\n<table>\n<thead>\n<tr>\n<th><strong>Especificaciones<\/strong><\/th>\n<th><!--specs--><\/th>\n<\/tr>\n<\/thead>\n<tbody>\n<tr>\n<td>Fuente de luz<\/td>\n<td>144 l\u00e1mparas LED con brillo ajustable<\/td>\n<\/tr>\n<tr>\n<td>Sectores<\/td>\n<td>4<\/td>\n<\/tr>\n<tr>\n<td>Voltaje de entrada, V<\/td>\n<td>110\u2013240<\/td>\n<\/tr>\n<tr>\n<td>Voltaje de salida, V<\/td>\n<td>12<\/td>\n<\/tr>\n<tr>\n<td>Material del cuerpo<\/td>\n<td>aluminio<\/td>\n<\/tr>\n<tr>\n<td>Intervalo de temperaturas de funcionamiento, \u00b0C<\/td>\n<td>0\u2026 40<\/td>\n<\/tr>\n<tr>\n<td>Intervalo de humedad de funcionamiento, %<\/td>\n<td>20\u2026 85<\/td>\n<\/tr>\n<\/tbody>\n<\/table>\n<table>\n<tbody>\n<tr>\n<td>Marca<\/td>\n<td>MAGUS<\/td>\n<\/tr>\n<tr>\n<td>Garant\u00eda<\/td>\n<td>0,5<\/td>\n<\/tr>\n<tr>\n<td>EAN<\/td>\n<td>5905555019871<\/td>\n<\/tr>\n<tr>\n<td>Tama\u00f1o de paquete (LxAn.xAl.)<\/td>\n<td>24x20x7 cm<\/td>\n<\/tr>\n<tr>\n<td>Peso del env\u00edo<\/td>\n<td>0.6 kg<\/td>\n<\/tr>\n<\/tbody>\n<\/table>\n","protected":false},"excerpt":{"rendered":"<p>Iluminador anular de luz reflejada para microscopios estereosc\u00f3picos.<br \/> Tiene dos modos de uso: cuando se encienden todos los sectores simult\u00e1neamente, se convierte en una fuente de iluminaci\u00f3n sin sombras  cuando se encienden uno o dos sectores, simula una iluminaci\u00f3n oblicua.<br \/> Se suministra con un mando a distancia: el bot\u00f3n enciende el sector deseado y el mando ajusta la luminosidad.<br \/> El iluminador MAGUS LED 144-S4 se utiliza para observar objetos en relieve y muestras con una superficie muy reflectante, as\u00ed como para inspeccionar placas de circuitos impresos.<\/p>\n","protected":false},"featured_media":83659,"template":"","meta":{"_exactmetrics_skip_tracking":false,"_exactmetrics_sitenote_active":false,"_exactmetrics_sitenote_note":"","_exactmetrics_sitenote_category":0},"product_brand":[],"product_cat":[],"product_tag":[],"class_list":{"0":"post-84697","1":"product","2":"type-product","3":"status-publish","4":"has-post-thumbnail","7":"first","8":"instock","9":"taxable","10":"shipping-taxable","11":"purchasable","12":"product-type-simple"},"_links":{"self":[{"href":"https:\/\/microscopistas.com\/en\/wp-json\/wp\/v2\/product\/84697","targetHints":{"allow":["GET"]}}],"collection":[{"href":"https:\/\/microscopistas.com\/en\/wp-json\/wp\/v2\/product"}],"about":[{"href":"https:\/\/microscopistas.com\/en\/wp-json\/wp\/v2\/types\/product"}],"wp:featuredmedia":[{"embeddable":true,"href":"https:\/\/microscopistas.com\/en\/wp-json\/wp\/v2\/media\/83659"}],"wp:attachment":[{"href":"https:\/\/microscopistas.com\/en\/wp-json\/wp\/v2\/media?parent=84697"}],"wp:term":[{"taxonomy":"product_brand","embeddable":true,"href":"https:\/\/microscopistas.com\/en\/wp-json\/wp\/v2\/product_brand?post=84697"},{"taxonomy":"product_cat","embeddable":true,"href":"https:\/\/microscopistas.com\/en\/wp-json\/wp\/v2\/product_cat?post=84697"},{"taxonomy":"product_tag","embeddable":true,"href":"https:\/\/microscopistas.com\/en\/wp-json\/wp\/v2\/product_tag?post=84697"}],"curies":[{"name":"wp","href":"https:\/\/api.w.org\/{rel}","templated":true}]}}