{"id":84696,"date":"2024-07-29T18:29:51","date_gmt":"2024-07-29T16:29:51","guid":{"rendered":"http:\/\/microscopistas.com\/?post_type=product&#038;p=84696"},"modified":"2024-07-29T18:29:51","modified_gmt":"2024-07-29T16:29:51","slug":"condensador-de-campo-oscuro-magus-dfc1-para-microscopios-estereoscopicos","status":"publish","type":"product","link":"https:\/\/microscopistas.com\/en\/producto\/condensador-de-campo-oscuro-magus-dfc1-para-microscopios-estereoscopicos\/","title":{"rendered":"Condensador de campo oscuro MAGUS DFC1 para microscopios estereosc\u00f3picos"},"content":{"rendered":"<p>Un condensador de campo oscuro se utiliza cuando se trabaja con el m\u00e9todo de campo oscuro. El m\u00e9todo de campo oscuro en estereomicroscop\u00eda se utiliza para la investigaci\u00f3n gemol\u00f3gica: evaluaci\u00f3n y detecci\u00f3n de defectos ocultos en piedras preciosas, semipreciosas y ornamentales.<br \/> El condensador de campo oscuro se instala encima del iluminador de luz transmitida: en la base del microscopio estereosc\u00f3pico y en lugar de la placa transparente.<\/p>\n<p>Se recomienda su uso con la pinza para gemas MAGUS GK1.<\/p>\n<p><strong>Compatibilidad:<\/strong><\/p>\n<ul>\n<li>Estereomicroscopio MAGUS Stereo 7B<\/li>\n<li>Estereomicroscopio MAGUS Stereo 7T<\/li>\n<li>Estereomicroscopio MAGUS Stereo 8B<\/li>\n<li>Estereomicroscopio MAGUS Stereo 8T<\/li>\n<\/ul>\n<table>\n<tbody>\n<tr>\n<td>Marca<\/td>\n<td>MAGUS<\/td>\n<\/tr>\n<tr>\n<td>Garant\u00eda<\/td>\n<td>0,5<\/td>\n<\/tr>\n<tr>\n<td>EAN<\/td>\n<td>5905555019864<\/td>\n<\/tr>\n<tr>\n<td>Tama\u00f1o de paquete (LxAn.xAl.)<\/td>\n<td>9x2x10 cm<\/td>\n<\/tr>\n<tr>\n<td>Peso del env\u00edo<\/td>\n<td>0.2 kg<\/td>\n<\/tr>\n<\/tbody>\n<\/table>\n","protected":false},"excerpt":{"rendered":"<p>Un condensador de campo oscuro se utiliza cuando se trabaja con el m\u00e9todo de campo oscuro. El m\u00e9todo de campo oscuro en estereomicroscop\u00eda se utiliza para la investigaci\u00f3n gemol\u00f3gica: evaluaci\u00f3n y detecci\u00f3n de defectos ocultos en piedras preciosas, semipreciosas y ornamentales.<br \/> El condensador de campo oscuro se instala encima del iluminador de luz transmitida: en la base del microscopio estereosc\u00f3pico y en lugar de la placa transparente.<\/p>\n","protected":false},"featured_media":83656,"template":"","meta":{"_exactmetrics_skip_tracking":false,"_exactmetrics_sitenote_active":false,"_exactmetrics_sitenote_note":"","_exactmetrics_sitenote_category":0},"product_brand":[],"product_cat":[],"product_tag":[],"class_list":{"0":"post-84696","1":"product","2":"type-product","3":"status-publish","4":"has-post-thumbnail","7":"first","8":"instock","9":"taxable","10":"shipping-taxable","11":"purchasable","12":"product-type-simple"},"_links":{"self":[{"href":"https:\/\/microscopistas.com\/en\/wp-json\/wp\/v2\/product\/84696","targetHints":{"allow":["GET"]}}],"collection":[{"href":"https:\/\/microscopistas.com\/en\/wp-json\/wp\/v2\/product"}],"about":[{"href":"https:\/\/microscopistas.com\/en\/wp-json\/wp\/v2\/types\/product"}],"wp:featuredmedia":[{"embeddable":true,"href":"https:\/\/microscopistas.com\/en\/wp-json\/wp\/v2\/media\/83656"}],"wp:attachment":[{"href":"https:\/\/microscopistas.com\/en\/wp-json\/wp\/v2\/media?parent=84696"}],"wp:term":[{"taxonomy":"product_brand","embeddable":true,"href":"https:\/\/microscopistas.com\/en\/wp-json\/wp\/v2\/product_brand?post=84696"},{"taxonomy":"product_cat","embeddable":true,"href":"https:\/\/microscopistas.com\/en\/wp-json\/wp\/v2\/product_cat?post=84696"},{"taxonomy":"product_tag","embeddable":true,"href":"https:\/\/microscopistas.com\/en\/wp-json\/wp\/v2\/product_tag?post=84696"}],"curies":[{"name":"wp","href":"https:\/\/api.w.org\/{rel}","templated":true}]}}