{"id":84695,"date":"2024-07-29T18:29:51","date_gmt":"2024-07-29T16:29:51","guid":{"rendered":"http:\/\/microscopistas.com\/?post_type=product&#038;p=84695"},"modified":"2024-07-29T18:29:51","modified_gmt":"2024-07-29T16:29:51","slug":"pinza-para-gemas-magus-gk1","status":"publish","type":"product","link":"https:\/\/microscopistas.com\/en\/producto\/pinza-para-gemas-magus-gk1\/","title":{"rendered":"Pinza para gemas MAGUS GK1"},"content":{"rendered":"<p>La pinza para gemas es un accesorio para microscopios estereosc\u00f3picos que se utiliza junto con un condensador de campo oscuro. Fija las muestras por encima del condensador para que la investigaci\u00f3n gemol\u00f3gica sea m\u00e1s c\u00f3moda.<br \/> Se instala en lugar del soporte en la base.<\/p>\n<p>Se recomienda usarla en combinaci\u00f3n con un condensador de campo oscuro para microscopios estereosc\u00f3picos MAGUS DFC1.<\/p>\n<p><strong>Compatibilidad:<\/strong><\/p>\n<ul>\n<li>Estereomicroscopio MAGUS Stereo 7B<\/li>\n<li>Estereomicroscopio MAGUS Stereo 7T<\/li>\n<li>Estereomicroscopio MAGUS Stereo 8B<\/li>\n<li>Estereomicroscopio MAGUS Stereo 8T<\/li>\n<\/ul>\n<table>\n<tbody>\n<tr>\n<td>Marca<\/td>\n<td>MAGUS<\/td>\n<\/tr>\n<tr>\n<td>Garant\u00eda<\/td>\n<td>0,5<\/td>\n<\/tr>\n<tr>\n<td>EAN<\/td>\n<td>5905555019857<\/td>\n<\/tr>\n<tr>\n<td>Tama\u00f1o de paquete (LxAn.xAl.)<\/td>\n<td>5x1x13 cm<\/td>\n<\/tr>\n<tr>\n<td>Peso del env\u00edo<\/td>\n<td>0.03 kg<\/td>\n<\/tr>\n<\/tbody>\n<\/table>\n","protected":false},"excerpt":{"rendered":"<p>La pinza para gemas es un accesorio para microscopios estereosc\u00f3picos que se utiliza junto con un condensador de campo oscuro. Fija las muestras por encima del condensador para que la investigaci\u00f3n gemol\u00f3gica sea m\u00e1s c\u00f3moda.<br \/> Se instala en lugar del soporte en la base.<\/p>\n","protected":false},"featured_media":83654,"template":"","meta":{"_exactmetrics_skip_tracking":false,"_exactmetrics_sitenote_active":false,"_exactmetrics_sitenote_note":"","_exactmetrics_sitenote_category":0},"product_brand":[],"product_cat":[],"product_tag":[],"class_list":{"0":"post-84695","1":"product","2":"type-product","3":"status-publish","4":"has-post-thumbnail","7":"first","8":"instock","9":"taxable","10":"shipping-taxable","11":"purchasable","12":"product-type-simple"},"_links":{"self":[{"href":"https:\/\/microscopistas.com\/en\/wp-json\/wp\/v2\/product\/84695","targetHints":{"allow":["GET"]}}],"collection":[{"href":"https:\/\/microscopistas.com\/en\/wp-json\/wp\/v2\/product"}],"about":[{"href":"https:\/\/microscopistas.com\/en\/wp-json\/wp\/v2\/types\/product"}],"wp:featuredmedia":[{"embeddable":true,"href":"https:\/\/microscopistas.com\/en\/wp-json\/wp\/v2\/media\/83654"}],"wp:attachment":[{"href":"https:\/\/microscopistas.com\/en\/wp-json\/wp\/v2\/media?parent=84695"}],"wp:term":[{"taxonomy":"product_brand","embeddable":true,"href":"https:\/\/microscopistas.com\/en\/wp-json\/wp\/v2\/product_brand?post=84695"},{"taxonomy":"product_cat","embeddable":true,"href":"https:\/\/microscopistas.com\/en\/wp-json\/wp\/v2\/product_cat?post=84695"},{"taxonomy":"product_tag","embeddable":true,"href":"https:\/\/microscopistas.com\/en\/wp-json\/wp\/v2\/product_tag?post=84695"}],"curies":[{"name":"wp","href":"https:\/\/api.w.org\/{rel}","templated":true}]}}