{"id":84693,"date":"2024-07-29T18:29:51","date_gmt":"2024-07-29T16:29:51","guid":{"rendered":"http:\/\/microscopistas.com\/?post_type=product&#038;p=84693"},"modified":"2024-07-29T18:29:51","modified_gmt":"2024-07-29T16:29:51","slug":"kit-de-polarizador-analizador-magus-spd5-para-microscopio-estereoscopico","status":"publish","type":"product","link":"https:\/\/microscopistas.com\/en\/producto\/kit-de-polarizador-analizador-magus-spd5-para-microscopio-estereoscopico\/","title":{"rendered":"Kit de polarizador\/analizador MAGUS SPD5 para microscopio estereosc\u00f3pico"},"content":{"rendered":"<p>El dispositivo de polarizaci\u00f3n est\u00e1 dise\u00f1ado para observaciones con el m\u00e9todo de luz polarizada. Consta de un polarizador y un analizador. La intensidad de la luz transmitida var\u00eda en funci\u00f3n de la orientaci\u00f3n del polarizador y del analizador. Cuando se colocan mutuamente perpendiculares, se observa un efecto de oscurecimiento completo.<\/p>\n<p>La luz polarizada se utiliza para estudiar muestras anis\u00f3tropas de tipo geol\u00f3gico, biol\u00f3gico y de pol\u00edmeros.<\/p>\n<p><strong>Compatibilidad:<\/strong><\/p>\n<ul>\n<li>Estereomicroscopio MAGUS Stereo 7B<\/li>\n<li>Estereomicroscopio MAGUS Stereo 7T<\/li>\n<li>Estereomicroscopio MAGUS Stereo 8B<\/li>\n<li>Estereomicroscopio MAGUS Stereo 8T<\/li>\n<\/ul>\n<table>\n<tbody>\n<tr>\n<td>Marca<\/td>\n<td>MAGUS<\/td>\n<\/tr>\n<tr>\n<td>Garant\u00eda<\/td>\n<td>0,5<\/td>\n<\/tr>\n<tr>\n<td>EAN<\/td>\n<td>5905555019833<\/td>\n<\/tr>\n<tr>\n<td>Tama\u00f1o de paquete (LxAn.xAl.)<\/td>\n<td>10x10x10 cm<\/td>\n<\/tr>\n<tr>\n<td>Peso del env\u00edo<\/td>\n<td>0.25 kg<\/td>\n<\/tr>\n<\/tbody>\n<\/table>\n","protected":false},"excerpt":{"rendered":"<p>El dispositivo de polarizaci\u00f3n est\u00e1 dise\u00f1ado para observaciones con el m\u00e9todo de luz polarizada. Consta de un polarizador y un analizador. La intensidad de la luz transmitida var\u00eda en funci\u00f3n de la orientaci\u00f3n del polarizador y del analizador. Cuando se colocan mutuamente perpendiculares, se observa un efecto de oscurecimiento completo.<\/p>\n","protected":false},"featured_media":83648,"template":"","meta":{"_exactmetrics_skip_tracking":false,"_exactmetrics_sitenote_active":false,"_exactmetrics_sitenote_note":"","_exactmetrics_sitenote_category":0},"product_brand":[],"product_cat":[],"product_tag":[],"class_list":{"0":"post-84693","1":"product","2":"type-product","3":"status-publish","4":"has-post-thumbnail","7":"first","8":"instock","9":"taxable","10":"shipping-taxable","11":"purchasable","12":"product-type-simple"},"_links":{"self":[{"href":"https:\/\/microscopistas.com\/en\/wp-json\/wp\/v2\/product\/84693","targetHints":{"allow":["GET"]}}],"collection":[{"href":"https:\/\/microscopistas.com\/en\/wp-json\/wp\/v2\/product"}],"about":[{"href":"https:\/\/microscopistas.com\/en\/wp-json\/wp\/v2\/types\/product"}],"wp:featuredmedia":[{"embeddable":true,"href":"https:\/\/microscopistas.com\/en\/wp-json\/wp\/v2\/media\/83648"}],"wp:attachment":[{"href":"https:\/\/microscopistas.com\/en\/wp-json\/wp\/v2\/media?parent=84693"}],"wp:term":[{"taxonomy":"product_brand","embeddable":true,"href":"https:\/\/microscopistas.com\/en\/wp-json\/wp\/v2\/product_brand?post=84693"},{"taxonomy":"product_cat","embeddable":true,"href":"https:\/\/microscopistas.com\/en\/wp-json\/wp\/v2\/product_cat?post=84693"},{"taxonomy":"product_tag","embeddable":true,"href":"https:\/\/microscopistas.com\/en\/wp-json\/wp\/v2\/product_tag?post=84693"}],"curies":[{"name":"wp","href":"https:\/\/api.w.org\/{rel}","templated":true}]}}