{"id":84692,"date":"2024-07-29T18:29:50","date_gmt":"2024-07-29T16:29:50","guid":{"rendered":"http:\/\/microscopistas.com\/?post_type=product&#038;p=84692"},"modified":"2024-07-29T18:29:50","modified_gmt":"2024-07-29T16:29:50","slug":"platina-mecanica-magus-xy5-para-microscopios-estereoscopicos","status":"publish","type":"product","link":"https:\/\/microscopistas.com\/en\/producto\/platina-mecanica-magus-xy5-para-microscopios-estereoscopicos\/","title":{"rendered":"Platina mec\u00e1nica MAGUS XY5 para microscopios estereosc\u00f3picos"},"content":{"rendered":"<p>La platina est\u00e1 montada en la base del microscopio estereosc\u00f3pico y se utiliza para colocar la muestra con precisi\u00f3n y suavidad bajo el objetivo para las observaciones visuales y la captura con c\u00e1mara. La rotaci\u00f3n de los mandos coaxiales desplaza la muestra a lo largo de los ejes X (derecha-izquierda) e Y (adelante-atr\u00e1s).<br \/> La superficie de vidrio transparente de la platina permite trabajar con luz reflejada y transmitida. Escala de medici\u00f3n con escala de vernier para medir a lo largo de un eje. Hay dos pinzas para fijar objetos planos en la platina.<\/p>\n<p><strong>Compatibilidad:<\/strong><\/p>\n<ul>\n<li>Estereomicroscopio MAGUS Stereo 7B<\/li>\n<li>Estereomicroscopio MAGUS Stereo 7T<\/li>\n<li>Estereomicroscopio MAGUS Stereo 8B<\/li>\n<li>Estereomicroscopio MAGUS Stereo 8T<\/li>\n<\/ul>\n<table>\n<tbody>\n<tr>\n<td>Marca<\/td>\n<td>MAGUS<\/td>\n<\/tr>\n<tr>\n<td>Garant\u00eda<\/td>\n<td>0,5<\/td>\n<\/tr>\n<tr>\n<td>EAN<\/td>\n<td>5905555019826<\/td>\n<\/tr>\n<tr>\n<td>Tama\u00f1o de paquete (LxAn.xAl.)<\/td>\n<td>21x19x10 cm<\/td>\n<\/tr>\n<tr>\n<td>Peso del env\u00edo<\/td>\n<td>1.6 kg<\/td>\n<\/tr>\n<\/tbody>\n<\/table>\n","protected":false},"excerpt":{"rendered":"<p>La platina est\u00e1 montada en la base del microscopio estereosc\u00f3pico y se utiliza para colocar la muestra con precisi\u00f3n y suavidad bajo el objetivo para las observaciones visuales y la captura con c\u00e1mara. La rotaci\u00f3n de los mandos coaxiales desplaza la muestra a lo largo de los ejes X (derecha-izquierda) e Y (adelante-atr\u00e1s).<br \/> La superficie de vidrio transparente de la platina permite trabajar con luz reflejada y transmitida. Escala de medici\u00f3n con escala de vernier para medir a lo largo de un eje. Hay dos pinzas para fijar objetos planos en la platina.<\/p>\n","protected":false},"featured_media":83646,"template":"","meta":{"_exactmetrics_skip_tracking":false,"_exactmetrics_sitenote_active":false,"_exactmetrics_sitenote_note":"","_exactmetrics_sitenote_category":0},"product_brand":[],"product_cat":[],"product_tag":[],"class_list":{"0":"post-84692","1":"product","2":"type-product","3":"status-publish","4":"has-post-thumbnail","7":"first","8":"instock","9":"taxable","10":"shipping-taxable","11":"purchasable","12":"product-type-simple"},"_links":{"self":[{"href":"https:\/\/microscopistas.com\/en\/wp-json\/wp\/v2\/product\/84692","targetHints":{"allow":["GET"]}}],"collection":[{"href":"https:\/\/microscopistas.com\/en\/wp-json\/wp\/v2\/product"}],"about":[{"href":"https:\/\/microscopistas.com\/en\/wp-json\/wp\/v2\/types\/product"}],"wp:featuredmedia":[{"embeddable":true,"href":"https:\/\/microscopistas.com\/en\/wp-json\/wp\/v2\/media\/83646"}],"wp:attachment":[{"href":"https:\/\/microscopistas.com\/en\/wp-json\/wp\/v2\/media?parent=84692"}],"wp:term":[{"taxonomy":"product_brand","embeddable":true,"href":"https:\/\/microscopistas.com\/en\/wp-json\/wp\/v2\/product_brand?post=84692"},{"taxonomy":"product_cat","embeddable":true,"href":"https:\/\/microscopistas.com\/en\/wp-json\/wp\/v2\/product_cat?post=84692"},{"taxonomy":"product_tag","embeddable":true,"href":"https:\/\/microscopistas.com\/en\/wp-json\/wp\/v2\/product_tag?post=84692"}],"curies":[{"name":"wp","href":"https:\/\/api.w.org\/{rel}","templated":true}]}}