{"id":84691,"date":"2024-07-29T18:29:50","date_gmt":"2024-07-29T16:29:50","guid":{"rendered":"http:\/\/microscopistas.com\/?post_type=product&#038;p=84691"},"modified":"2024-07-29T18:29:50","modified_gmt":"2024-07-29T16:29:50","slug":"adaptador-de-montura-c-magus-zfa050","status":"publish","type":"product","link":"https:\/\/microscopistas.com\/en\/producto\/adaptador-de-montura-c-magus-zfa050\/","title":{"rendered":"Adaptador de montura C MAGUS ZFA050"},"content":{"rendered":"<p class='MsoNormal'><strong style='mso-bidi-font-weight: normal '><span lang='ES'>Adaptador de montura C MAGUS ZFA050<br \/><\/span><\/strong><strong><span lang='ES'>Con distancia focal ajustable. Ampliaci&#038;oacute n: 0,5x<\/span><\/strong><\/p>\n<p class='MsoNormal'>El adaptador de montura C con distancia focal ajustable est&#038;aacute  dise&#038;ntilde ado para instalar una c&#038;aacute mara digital en el tubo trinocular de un microscopio trinocular MAGUS.<br \/>El poder de aumento del adaptador es de 0,5x. El campo de visi&#038;oacute n m&#038;aacute ximo sin vi&#038;ntilde eteado se puede obtener con sensores de 1\/2,5&#8242; a 2\/3&#8242;.<\/p>\n<p class='MsoNormal'><strong><span lang='ES'>Adecuado para:<br \/><\/span><\/strong>MAGUS CBF10 Digital Camera<br \/>MAGUS CBF30 Digital Camera<br \/>MAGUS CBF50 Digital Camera<br \/>MAGUS CBF90 Digital Camera<br \/>MAGUS CDF10 Digital Camera<br \/>MAGUS CHD20 Digital Camera<br \/>MAGUS CHD30 Digital Camera<br \/>MAGUS CHD50 Digital Camera<\/p>\n<p class='MsoNormal'><strong><span lang='ES'>Compatibilidad:<br \/><\/span><\/strong>MAGUS Stereo 7T Stereomicroscope<br \/>MAGUS Stereo 8T Stereomicroscope<br \/>MAGUS Stereo 7TH Microscope Head<br \/>MAGUS Stereo 8TH Microscope Head<br \/><strong><span lang='ES'><br \/>Especificaciones<br \/><\/span><\/strong><span lang='ES'>Adecuado para sensores: 1\/2,5&#8217;&#038;ndash 2\/3&#8242;<br \/>Ampliaci&#038;oacute n, x: 0,5<br \/>Distancia focal<span lang='ES'>: <\/span>ajustable<\/span><\/p>\n<table>\n<tbody>\n<tr>\n<td>Marca<\/td>\n<td>MAGUS<\/td>\n<\/tr>\n<tr>\n<td>Garant\u00eda<\/td>\n<td>0,5<\/td>\n<\/tr>\n<tr>\n<td>EAN<\/td>\n<td>5905555019819<\/td>\n<\/tr>\n<tr>\n<td>Tama\u00f1o de paquete (LxAn.xAl.)<\/td>\n<td>6x5x4 cm<\/td>\n<\/tr>\n<tr>\n<td>Peso del env\u00edo<\/td>\n<td>0.1 kg<\/td>\n<\/tr>\n<tr>\n<td>Adecuado para sensores<\/td>\n<td>1\/2,5&#8217;\u20132\/3&#8242;<\/td>\n<\/tr>\n<tr>\n<td>Ampliaci\u00f3n, x<\/td>\n<td>0.5<\/td>\n<\/tr>\n<tr>\n<td>Distancia focal, mm<\/td>\n<td>ajustable<\/td>\n<\/tr>\n<\/tbody>\n<\/table>\n","protected":false},"excerpt":{"rendered":"<p>El adaptador de montura C con distancia focal ajustable est\u00e1 dise\u00f1ado para instalar una c\u00e1mara digital en el tubo trinocular de un microscopio trinocular MAGUS.<br \/> El poder de aumento del adaptador es de 0,5x. El campo de visi\u00f3n m\u00e1ximo sin vi\u00f1eteado se puede obtener con sensores de 1\/2,5&#8242; a 2\/3&#8242;.<\/p>\n","protected":false},"featured_media":83643,"template":"","meta":{"_exactmetrics_skip_tracking":false,"_exactmetrics_sitenote_active":false,"_exactmetrics_sitenote_note":"","_exactmetrics_sitenote_category":0},"product_brand":[],"product_cat":[],"product_tag":[],"class_list":{"0":"post-84691","1":"product","2":"type-product","3":"status-publish","4":"has-post-thumbnail","7":"first","8":"instock","9":"taxable","10":"shipping-taxable","11":"purchasable","12":"product-type-simple"},"_links":{"self":[{"href":"https:\/\/microscopistas.com\/en\/wp-json\/wp\/v2\/product\/84691","targetHints":{"allow":["GET"]}}],"collection":[{"href":"https:\/\/microscopistas.com\/en\/wp-json\/wp\/v2\/product"}],"about":[{"href":"https:\/\/microscopistas.com\/en\/wp-json\/wp\/v2\/types\/product"}],"wp:featuredmedia":[{"embeddable":true,"href":"https:\/\/microscopistas.com\/en\/wp-json\/wp\/v2\/media\/83643"}],"wp:attachment":[{"href":"https:\/\/microscopistas.com\/en\/wp-json\/wp\/v2\/media?parent=84691"}],"wp:term":[{"taxonomy":"product_brand","embeddable":true,"href":"https:\/\/microscopistas.com\/en\/wp-json\/wp\/v2\/product_brand?post=84691"},{"taxonomy":"product_cat","embeddable":true,"href":"https:\/\/microscopistas.com\/en\/wp-json\/wp\/v2\/product_cat?post=84691"},{"taxonomy":"product_tag","embeddable":true,"href":"https:\/\/microscopistas.com\/en\/wp-json\/wp\/v2\/product_tag?post=84691"}],"curies":[{"name":"wp","href":"https:\/\/api.w.org\/{rel}","templated":true}]}}