{"id":84690,"date":"2024-07-29T18:29:50","date_gmt":"2024-07-29T16:29:50","guid":{"rendered":"http:\/\/microscopistas.com\/?post_type=product&#038;p=84690"},"modified":"2024-07-29T18:29:50","modified_gmt":"2024-07-29T16:29:50","slug":"adaptador-de-montura-c-magus-zfa100","status":"publish","type":"product","link":"https:\/\/microscopistas.com\/en\/producto\/adaptador-de-montura-c-magus-zfa100\/","title":{"rendered":"Adaptador de montura C MAGUS ZFA100"},"content":{"rendered":"<p><strong>Adaptador de montura C MAGUS ZFA100<\/strong><br \/><strong>Con distancia focal ajustable. Ampliaci&#038;oacute n: 1x<br \/><\/strong><br \/>El adaptador de montura C con distancia focal ajustable est&#038;aacute  dise&#038;ntilde ado para instalar una c&#038;aacute mara digital en el tubo trinocular de un microscopio trinocular MAGUS.<br \/>El poder de aumento del adaptador es de 1x. El campo de visi&#038;oacute n m&#038;aacute ximo sin vi&#038;ntilde eteado se puede obtener con sensores de 2\/3&#8242; y mayores.<br \/><strong><span lang='ES'><br \/>Adecuado para:<br \/><\/span><\/strong>MAGUS CBF70 Digital Camera<br \/>MAGUS CBF90 Digital Camera<br \/>MAGUS CDF30 Digital Camera<br \/>MAGUS CDF50 Digital Camera<br \/>MAGUS CDF70 Digital Camera<br \/>MAGUS CLM10 Digital Camera<br \/>MAGUS CLM30 Digital Camera<br \/>MAGUS CLM50 Digital Camera<br \/>MAGUS CLM70 Digital Camera<br \/>MAGUS CLM90 Digital Camera<br \/>MAGUS CHD40 Digital Camera<br \/><strong><span lang='ES'><br \/>Compatibilidad:<br \/><\/span><\/strong>MAGUS Stereo 7T Stereomicroscope<br \/>MAGUS Stereo 8T Stereomicroscope<br \/>MAGUS Stereo 7TH Microscope Head<br \/>MAGUS Stereo 8TH Microscope Head<\/p>\n<p><strong><span lang='ES'>Especificaciones<br \/><\/span><\/strong><span lang='ES'>Adecuado para sensores: 2\/3&#8242; y superiores<br \/>Ampliaci&#038;oacute n, x: 1<br \/>Distancia focal: ajustable<\/span><strong><span lang='ES'><br \/><\/span><\/strong><\/p>\n<p>&#038;nbsp <\/p>\n<table>\n<tbody>\n<tr>\n<td>Marca<\/td>\n<td>MAGUS<\/td>\n<\/tr>\n<tr>\n<td>Garant\u00eda<\/td>\n<td>0,5<\/td>\n<\/tr>\n<tr>\n<td>EAN<\/td>\n<td>5905555019802<\/td>\n<\/tr>\n<tr>\n<td>Tama\u00f1o de paquete (LxAn.xAl.)<\/td>\n<td>6x4x7 cm<\/td>\n<\/tr>\n<tr>\n<td>Peso del env\u00edo<\/td>\n<td>0.2 kg<\/td>\n<\/tr>\n<tr>\n<td>Adecuado para sensores<\/td>\n<td>2\/3&#8242; y superiores<\/td>\n<\/tr>\n<tr>\n<td>Ampliaci\u00f3n, x<\/td>\n<td>1<\/td>\n<\/tr>\n<tr>\n<td>Distancia focal, mm<\/td>\n<td>ajustable<\/td>\n<\/tr>\n<\/tbody>\n<\/table>\n","protected":false},"excerpt":{"rendered":"<p>El adaptador de montura C con distancia focal ajustable est\u00e1 dise\u00f1ado para instalar una c\u00e1mara digital en el tubo trinocular de un microscopio trinocular MAGUS.<br \/> El poder de aumento del adaptador es de 1x. El campo de visi\u00f3n m\u00e1ximo sin vi\u00f1eteado se puede obtener con sensores de 2\/3&#8242; y mayores.<\/p>\n","protected":false},"featured_media":83640,"template":"","meta":{"_exactmetrics_skip_tracking":false,"_exactmetrics_sitenote_active":false,"_exactmetrics_sitenote_note":"","_exactmetrics_sitenote_category":0},"product_brand":[],"product_cat":[],"product_tag":[],"class_list":{"0":"post-84690","1":"product","2":"type-product","3":"status-publish","4":"has-post-thumbnail","7":"first","8":"instock","9":"taxable","10":"shipping-taxable","11":"purchasable","12":"product-type-simple"},"_links":{"self":[{"href":"https:\/\/microscopistas.com\/en\/wp-json\/wp\/v2\/product\/84690","targetHints":{"allow":["GET"]}}],"collection":[{"href":"https:\/\/microscopistas.com\/en\/wp-json\/wp\/v2\/product"}],"about":[{"href":"https:\/\/microscopistas.com\/en\/wp-json\/wp\/v2\/types\/product"}],"wp:featuredmedia":[{"embeddable":true,"href":"https:\/\/microscopistas.com\/en\/wp-json\/wp\/v2\/media\/83640"}],"wp:attachment":[{"href":"https:\/\/microscopistas.com\/en\/wp-json\/wp\/v2\/media?parent=84690"}],"wp:term":[{"taxonomy":"product_brand","embeddable":true,"href":"https:\/\/microscopistas.com\/en\/wp-json\/wp\/v2\/product_brand?post=84690"},{"taxonomy":"product_cat","embeddable":true,"href":"https:\/\/microscopistas.com\/en\/wp-json\/wp\/v2\/product_cat?post=84690"},{"taxonomy":"product_tag","embeddable":true,"href":"https:\/\/microscopistas.com\/en\/wp-json\/wp\/v2\/product_tag?post=84690"}],"curies":[{"name":"wp","href":"https:\/\/api.w.org\/{rel}","templated":true}]}}