{"id":84689,"date":"2024-07-29T18:29:50","date_gmt":"2024-07-29T16:29:50","guid":{"rendered":"http:\/\/microscopistas.com\/?post_type=product&#038;p=84689"},"modified":"2024-07-29T18:33:31","modified_gmt":"2024-07-29T16:33:31","slug":"estereomicroscopio-magus-stereo-8b","status":"publish","type":"product","link":"https:\/\/microscopistas.com\/en\/producto\/estereomicroscopio-magus-stereo-8b\/","title":{"rendered":"Estereomicroscopio MAGUS Stereo 8B"},"content":{"rendered":"<p>MAGUS Stereo 8B es un estereomicroscopio binocular con cabezal giratorio. Con su ayuda, podr\u00e1 trabajar con muestras tridimensionales: el microscopio forma una imagen tridimensional con una gran profundidad de campo y transmite una imagen aut\u00e9ntica del objeto. Esto permite realizar c\u00f3modamente las manipulaciones necesarias en el objeto. El microscopio Greenough con canales \u00f3pticos independientes tiene un \u00e1ngulo estereosc\u00f3pico de 15\u00b0, y su \u00e1rea de trabajo oscila entre 105 mm (configuraci\u00f3n b\u00e1sica) y 177 mm (opcional). Los m\u00e9todos b\u00e1sicos de trabajo en el dispositivo con luz transmitida y reflejada (campo claro) pueden complementarse con el m\u00e9todo de campo oscuro y polarizaci\u00f3n simple con accesorios.<\/p>\n<p>El cabezal del microscopio incluye dos tubos y se complementa con oculares con 10 aumentos y un campo de visi\u00f3n de 22 mm. En uno de los tubos se puede montar una c\u00e1mara digital en lugar del ocular. El cabezal gira alrededor de su eje y puede colocarse en cualquier posici\u00f3n.<\/p>\n<p>El aumento principal lo proporciona el objetivo zoom. Junto con el zoom suave, ajusta la distancia focal del sistema \u00f3ptico para que el enfoque est\u00e9 siempre en el objeto. El microscopio MAGUS Stereo 8B tiene una relaci\u00f3n de zoom de 8.4:1. Puede modificar el aumento o el campo de visi\u00f3n, as\u00ed como ajustar la distancia de trabajo, utilizando lentes objetivas auxiliares.<\/p>\n<p>La nitidez se ajusta mediante mandos situados coaxialmente  hay ajuste aproximado y preciso. El enfoque preciso se recomienda para aumentos superiores a 40x. Los mandos se encuentran en los laterales del soporte. El usuario puede ajustar la rigidez del recorrido de enfoque aproximado.<\/p>\n<p>El microscopio puede utilizarse para observar muestras transparentes y opacas. Para ello, la platina est\u00e1 equipada con dos placas: transparente y en blanco y negro. La primera es necesaria cuando se trabaja con luz transmitida: el objeto recibe una iluminaci\u00f3n suave y uniforme. La segunda placa se instala cuando se trabaja con luz reflejada. Su superficie debe contrastar con la del objeto.<\/p>\n<p>El objeto se ilumina con dos iluminadores LED, de luz transmitida y reflejada. Ambos tienen una potencia de 3 W y una vida \u00fatil de 50.000 horas.<\/p>\n<p>Esta l\u00ednea de microscopios se complementa con una amplia gama de accesorios. El usuario puede adquirir los oculares y lentes de objetivo auxiliares necesarios para ajustar el aumento, el campo de visi\u00f3n y la distancia de trabajo. Complemente el conjunto con una c\u00e1mara digital para capturar sus observaciones o mostrarlas en una pantalla grande. Junto con una c\u00e1mara o un ocular con escala, una platina de calibraci\u00f3n puede ayudarle a medir una muestra o sus elementos individuales. Para examinar eficazmente una muestra, existen varios tipos de iluminadores: un iluminador anular cl\u00e1sico, un iluminador anular con polarizador para estudiar objetos met\u00e1licos lisos (elimina el deslumbramiento), un iluminador anular con control de sectores para ajustar la incidencia correcta de la luz y las sombras, y un iluminador \u00abcuello de cisne\u00bb que puede apuntarse a un punto espec\u00edfico. Para instalar el cabezal del microscopio en la posici\u00f3n \u00f3ptima, puede seleccionar un soporte adecuado. La colocaci\u00f3n de un objeto en la platina mec\u00e1nica permite desplazarlo a lo largo de dos ejes de forma suave y fluida. Para llevar a cabo trabajos en el campo oscuro o con luz polarizada, el microscopio puede equiparse con un condensador de campo oscuro o un dispositivo de polarizaci\u00f3n. Si se utiliza el condensador con una pinza para gemas, el microscopio estereosc\u00f3pico se convierte en una herramienta excelente para el trabajo con joyas.<\/p>\n<p><strong>Caracter\u00edsticas principales:<\/strong><\/p>\n<ul>\n<li>El sistema \u00f3ptico Greenough proporciona un \u00e1ngulo estereosc\u00f3pico de 15\u00b0: los objetos de observaci\u00f3n son visibles en volumen y su relieve es n\u00edtido<\/li>\n<li>El objetivo zoom modifica suavemente el aumento del objeto en 8,4x, ajustando simult\u00e1neamente la nitidez<\/li>\n<li>Los principales m\u00e9todos de trabajo son en luz transmitida y reflejada en campo claro, iluminadores de 3 W incorporados<\/li>\n<li>Se pueden utilizar m\u00e9todos adicionales con accesorios opcionales: se trata de los m\u00e9todos de campo oscuro y polarizaci\u00f3n simple<\/li>\n<li>Una amplia variedad de accesorios puede hacer que su microscopio funcione de forma m\u00e1s eficiente<\/li>\n<\/ul>\n<p><strong>El kit incluye:<\/strong><\/p>\n<ul>\n<li>Base con fuente de luz transmitida integrada, fuente de alimentaci\u00f3n integrada y A soporte con mecanismo de enfoque<\/li>\n<li>Cabezal de microscopio: objetivo con cabezal binocular<\/li>\n<li>Ocular 10x\/22 mm con larga distancia ocular y ajuste de las dioptr\u00edas (2 unidades)<\/li>\n<li>Placa blanca y negra<\/li>\n<li>Placa transparente<\/li>\n<li>Iluminador oblicuo de luz reflejada <\/li>\n<li>Cable de alimentaci\u00f3n CA<\/li>\n<li>Cubierta protectora <\/li>\n<li>Manual del usuario y tarjeta de garant\u00eda<\/li>\n<\/ul>\n<p><strong>Disponible bajo petici\u00f3n:<\/strong><\/p>\n<ul>\n<li>Ocular de 10x\/22 mm con escala<\/li>\n<li>Ocular de 15x\/16 mm (2 unidades)<\/li>\n<li>Ocular de 20x\/12 mm (2 unidades)<\/li>\n<li>Ocular de 25x\/9 mm (2 unidades)<\/li>\n<li>Ocular de 30x\/8 mm (2 unidades)<\/li>\n<li>Lente objetivo auxiliar de 0,5x<\/li>\n<li>Lente objetivo auxiliar de 1,5x<\/li>\n<li>Lente objetivo auxiliar de 2x<\/li>\n<li>Dispositivo de polarizaci\u00f3n<\/li>\n<li>Condensador de campo oscuro <\/li>\n<li>Iluminador anular<\/li>\n<li>Iluminador anular con filtro polarizador<\/li>\n<li>Iluminador anular con conmutaci\u00f3n de sectores<\/li>\n<li>Iluminador de cuello de cisne<\/li>\n<li>Platina mec\u00e1nica<\/li>\n<li>Soporte universal con montura de enfoque<\/li>\n<li>Pinza para gemas<\/li>\n<li>C\u00e1mara digital<\/li>\n<li>Portaobjetos de calibraci\u00f3n<\/li>\n<\/ul>\n<table>\n<tbody>\n<tr>\n<td>Marca<\/td>\n<td>MAGUS<\/td>\n<\/tr>\n<tr>\n<td>Garant\u00eda<\/td>\n<td>5 \u043b\u0435\u0442<\/td>\n<\/tr>\n<tr>\n<td>EAN<\/td>\n<td>5905555019796<\/td>\n<\/tr>\n<tr>\n<td>Tama\u00f1o de paquete (LxAn.xAl.)<\/td>\n<td>52x37x36 cm<\/td>\n<\/tr>\n<tr>\n<td>Peso del env\u00edo<\/td>\n<td>7.5 kg<\/td>\n<\/tr>\n<tr>\n<td>Tipo<\/td>\n<td>est\u00e9reo\/instrumental<\/td>\n<\/tr>\n<tr>\n<td>Cabezal<\/td>\n<td>binocular<\/td>\n<\/tr>\n<tr>\n<td>Boquilla<\/td>\n<td>giratorio 360\u00b0, bloquear en cualquier posici\u00f3n<\/td>\n<\/tr>\n<tr>\n<td>\u00c1ngulo de inclinaci\u00f3n de cabezal<\/td>\n<td>45\u00b0<\/td>\n<\/tr>\n<tr>\n<td>Ampliaci\u00f3n, x<\/td>\n<td>relaci\u00f3n de zoom 8,4:1, 6,5\u201355 configuraci\u00f3n b\u00e1sica (*opcional: 3,25\u2013330)<\/td>\n<\/tr>\n<tr>\n<td>Rango de ampliaci\u00f3n<\/td>\n<td>hasta 200x<\/td>\n<\/tr>\n<tr>\n<td>Di\u00e1metro del tubo del ocular, mm<\/td>\n<td>30<\/td>\n<\/tr>\n<tr>\n<td>Oculares<\/td>\n<td>10x\/22 mm, larga distancia de acomodaci\u00f3n ocular. (*opcional: 10x\/22 mm con escala, 15x\/16, 20x\/12, 25x\/9, 30x\/8)<\/td>\n<\/tr>\n<tr>\n<td>Objetivos<\/td>\n<td>0,65\u20135,5\u0445 (*opcional: cuando se utilizan oculares adicionales y objetivos auxiliares: 3,25\u2013330\u0445)<\/td>\n<\/tr>\n<tr>\n<td>Distancia de trabajo, mm<\/td>\n<td>105 (*opcional: cuando se utilizan oculares adicionales y objetivos auxiliares: 177, 47, 26)<\/td>\n<\/tr>\n<tr>\n<td>Distancia interpupilar, mm<\/td>\n<td>54 \u2014 75<\/td>\n<\/tr>\n<tr>\n<td>Campo lineal de visi\u00f3n, mm<\/td>\n<td>33.8 \u2014 4<\/td>\n<\/tr>\n<tr>\n<td>Platina, mm<\/td>\n<td>\u00d895<\/td>\n<\/tr>\n<tr>\n<td>Platina<\/td>\n<td>placa negra\/blanca, placa transparente<\/td>\n<\/tr>\n<tr>\n<td>Ajuste di\u00f3ptrico<\/td>\n<td>\u00b15D en cada ocular<\/td>\n<\/tr>\n<tr>\n<td>Ajuste di\u00f3ptrico<\/td>\n<td>yes<\/td>\n<\/tr>\n<tr>\n<td>Enfoque<\/td>\n<td>coaxial, enfoque aproximado (45 mm, con ajuste de tensi\u00f3n) y ajuste preciso (0,002 mm)<\/td>\n<\/tr>\n<tr>\n<td>Iluminaci\u00f3n<\/td>\n<td>LED<\/td>\n<\/tr>\n<tr>\n<td>Ajuste del brillo<\/td>\n<td>yes<\/td>\n<\/tr>\n<tr>\n<td>Alimentaci\u00f3n<\/td>\n<td>alimentaci\u00f3n de red de CA, 115\u2013230 V, 50\/60 Hz<\/td>\n<\/tr>\n<tr>\n<td>Tipo de fuente de iluminaci\u00f3n<\/td>\n<td>fuente de luz oblicua reflejada: LED de 3 W  luz transmitida: LED de 3 W<\/td>\n<\/tr>\n<tr>\n<td>Intervalo de temperatura de funcionamiento, \u00b0C<\/td>\n<td>0 \u2014 40<\/td>\n<\/tr>\n<tr>\n<td>Posibilidad de conectar accesorios<\/td>\n<td>dispositivo de polarizaci\u00f3n, condensador de campo oscuro, objetivos auxiliares (0,5\u0445, 1,5\u0445, 2\u0445)<\/td>\n<\/tr>\n<tr>\n<td>Nivel de usuario<\/td>\n<td>usuarios experimentados, profesionales<\/td>\n<\/tr>\n<tr>\n<td>Montaje y nivel de dificultad de instalaci\u00f3n<\/td>\n<td>complicado<\/td>\n<\/tr>\n<tr>\n<td>Sistema \u00f3ptico<\/td>\n<td>microscopio estereosc\u00f3pico Greenough<\/td>\n<\/tr>\n<tr>\n<td>Aplicaci\u00f3n<\/td>\n<td>investigaci\u00f3n aplicada<\/td>\n<\/tr>\n<tr>\n<td>Ubicaci\u00f3n de la iluminaci\u00f3n<\/td>\n<td>doble<\/td>\n<\/tr>\n<tr>\n<td>M\u00e9todo de investigaci\u00f3n<\/td>\n<td>campo claro<\/td>\n<\/tr>\n<tr>\n<td>Funda\/malet\u00edn\/bolsa incluida en el kit<\/td>\n<td>cubierta protectora<\/td>\n<\/tr>\n<\/tbody>\n<\/table>\n","protected":false},"excerpt":{"rendered":"<p>MAGUS Stereo 8B es un estereomicroscopio binocular con cabezal giratorio. Con su ayuda, podr\u00e1 trabajar con muestras tridimensionales: el microscopio forma una imagen tridimensional con una gran profundidad de campo y transmite una imagen aut\u00e9ntica del objeto. Esto permite realizar c\u00f3modamente las manipulaciones necesarias en el objeto. El microscopio Greenough con canales \u00f3pticos independientes tiene un \u00e1ngulo estereosc\u00f3pico de 15\u00b0, y su \u00e1rea de trabajo oscila entre 105 mm (configuraci\u00f3n b\u00e1sica) y 177 mm (opcional). Los m\u00e9todos b\u00e1sicos de trabajo en el dispositivo con luz transmitida y reflejada (campo claro) pueden complementarse con el m\u00e9todo de campo oscuro y polarizaci\u00f3n simple con accesorios.<\/p>\n","protected":false},"featured_media":83638,"template":"","meta":{"_exactmetrics_skip_tracking":false,"_exactmetrics_sitenote_active":false,"_exactmetrics_sitenote_note":"","_exactmetrics_sitenote_category":0},"product_brand":[],"product_cat":[614],"product_tag":[],"class_list":{"0":"post-84689","1":"product","2":"type-product","3":"status-publish","4":"has-post-thumbnail","6":"product_cat-estereomicroscopios","7":"product_shipping_class-microscopio","9":"first","10":"instock","11":"taxable","12":"shipping-taxable","13":"purchasable","14":"product-type-simple"},"_links":{"self":[{"href":"https:\/\/microscopistas.com\/en\/wp-json\/wp\/v2\/product\/84689","targetHints":{"allow":["GET"]}}],"collection":[{"href":"https:\/\/microscopistas.com\/en\/wp-json\/wp\/v2\/product"}],"about":[{"href":"https:\/\/microscopistas.com\/en\/wp-json\/wp\/v2\/types\/product"}],"wp:featuredmedia":[{"embeddable":true,"href":"https:\/\/microscopistas.com\/en\/wp-json\/wp\/v2\/media\/83638"}],"wp:attachment":[{"href":"https:\/\/microscopistas.com\/en\/wp-json\/wp\/v2\/media?parent=84689"}],"wp:term":[{"taxonomy":"product_brand","embeddable":true,"href":"https:\/\/microscopistas.com\/en\/wp-json\/wp\/v2\/product_brand?post=84689"},{"taxonomy":"product_cat","embeddable":true,"href":"https:\/\/microscopistas.com\/en\/wp-json\/wp\/v2\/product_cat?post=84689"},{"taxonomy":"product_tag","embeddable":true,"href":"https:\/\/microscopistas.com\/en\/wp-json\/wp\/v2\/product_tag?post=84689"}],"curies":[{"name":"wp","href":"https:\/\/api.w.org\/{rel}","templated":true}]}}