{"id":84688,"date":"2024-07-29T18:29:49","date_gmt":"2024-07-29T16:29:49","guid":{"rendered":"http:\/\/microscopistas.com\/?post_type=product&#038;p=84688"},"modified":"2024-07-29T18:34:08","modified_gmt":"2024-07-29T16:34:08","slug":"estereomicroscopio-magus-stereo-8t","status":"publish","type":"product","link":"https:\/\/microscopistas.com\/en\/producto\/estereomicroscopio-magus-stereo-8t\/","title":{"rendered":"Estereomicroscopio MAGUS Stereo 8T"},"content":{"rendered":"<p>El microscopio estereosc\u00f3pico est\u00e1 dise\u00f1ado para trabajar con muestras volum\u00e9tricas y estudiar sus elementos estructurales  transmite el volumen del objeto y el relieve de su superficie. El modelo MAGUS Stereo 8T est\u00e1 equipado con iluminadores integrados para muestras transparentes y opacas. Las opciones disponibles incluyen el trabajo con luz polarizada y el m\u00e9todo de campo oscuro (solo con accesorios adicionales).<br \/> El sistema \u00f3ptico de Greenough presenta dos canales \u00f3pticos aut\u00f3nomos: es como si una persona examinara un objeto ampliado con sus propios ojos. Este dise\u00f1o produce una imagen 3D n\u00edtida y aut\u00e9ntica gracias a un \u00e1ngulo de estereoscop\u00eda de 15\u00b0. La imagen del objeto se ampl\u00eda manteniendo su posici\u00f3n en el espacio, por lo que resulta c\u00f3modo trabajar con \u00e9l. El modelo es adecuado para trabajos de restauraci\u00f3n, soldadura y uni\u00f3n de piezas, comprobaci\u00f3n del cumplimiento de las normas de calidad de la muestra, etc.<\/p>\n<p>El cabezal del microscopio incluye dos tubos oculares y un tubo independiente para la c\u00e1mara. Otra caracter\u00edstica del cabezal es su mecanismo de rotaci\u00f3n: puede bloquearse en cualquier posici\u00f3n hasta una rotaci\u00f3n de 360\u00b0. Los oculares completos con un aumento de 10x y un campo de visi\u00f3n de 22 mm est\u00e1n equipados con un mecanismo de ajuste de dioptr\u00edas y una larga distancia de acomodaci\u00f3n ocular que resulta c\u00f3moda para los usuarios con gafas. Puede cambiar el zoom o el campo de visi\u00f3n de la c\u00e1mara mediante un adaptador de montura C con su propia lente de aumento.<\/p>\n<p>El objetivo cambia simult\u00e1neamente el aumento y la distancia focal, manteniendo el objeto enfocado en todo momento  su relaci\u00f3n de zoom es de 8,4:1. El objeto se ve en la misma posici\u00f3n en la que se coloca en la platina. Las lentes de objetivo auxiliares modifican el aumento o el campo de visi\u00f3n y tambi\u00e9n afectan a la distancia de trabajo del microscopio.<\/p>\n<p>El modelo MAGUS Stereo 8T dispone de un sistema de enfoque aproximado y preciso. Sus mandos se encuentran en el mismo eje y est\u00e1n situados a ambos lados del soporte. El enfoque preciso es \u00fatil cuando se trabaja con grandes aumentos. El usuario puede ajustar la rigidez del recorrido de enfoque aproximado.<\/p>\n<p>Las caracter\u00edsticas de la muestra dictan la elecci\u00f3n de la platina para la platina del microscopio. Para observar las muestras con luz transmitida se utiliza una platina transparente. Con ella, la iluminaci\u00f3n es suave y uniforme. Una placa blanca y negra opaca es adecuada para observaciones con luz reflejada. El objeto se coloca sobre ella para que contraste.<\/p>\n<p>El objeto se ilumina con iluminadores LED, luz transmitida o luz reflejada de iluminaci\u00f3n oblicua. Ambos iluminadores tienen una potencia de 3 W y una vida \u00fatil de 50.000 horas.<\/p>\n<p>La ventaja de esta l\u00ednea de microscopios es la gran variedad de componentes adicionales. El modelo puede equiparse con oculares o lentes objetivas auxiliares, una c\u00e1mara digital y accesorios para trabajar con el m\u00e9todo de campo oscuro o con luz polarizada. Diferentes tipos de iluminadores dirigir\u00e1n la luz tal como el usuario necesite y har\u00e1n que el trabajo sea m\u00e1s eficaz. Una l\u00ednea de soportes le permitir\u00e1 colocar el cabezal del microscopio en la posici\u00f3n deseada.<\/p>\n<ul>\n<li><strong>Caracter\u00edsticas principales:<\/strong><\/li>\n<li> <\/li>\n<li>El sistema \u00f3ptico Greenough con \u00e1ngulo estereosc\u00f3pico de 15\u00b0 produce im\u00e1genes tridimensionales con una gran profundidad de campo<\/li>\n<li>El objetivo zoom, que ajusta simult\u00e1neamente el aumento y la distancia focal, modifica el aumento en 8,4x<\/li>\n<li>El cabezal con dos tubos y un tubo separado para una c\u00e1mara puede cambiar su posici\u00f3n, girando hasta 360\u00b0<\/li>\n<li>El microscopio dispone de iluminadores para luz transmitida y reflejada  si se equipa con dispositivos adicionales, se pueden realizar observaciones con el m\u00e9todo de campo oscuro o con luz polarizada<\/li>\n<li>Una amplia variedad de componentes adicionales ampliar\u00e1 la funcionalidad del microscopio<\/li>\n<\/ul>\n<p><strong>El kit incluye:<\/strong><\/p>\n<ul>\n<li>Base con fuente de luz transmitida integrada, fuente de alimentaci\u00f3n integrada y A soporte con mecanismo de enfoque<\/li>\n<li>Cabezal de microscopio: objetivo con cabezal trinocular<\/li>\n<li>Ocular 10x\/22 mm con larga distancia ocular y ajuste de las dioptr\u00edas (2 unidades)<\/li>\n<li>Placa blanca y negra<\/li>\n<li>Placa transparente<\/li>\n<li>Iluminador oblicuo de luz reflejada <\/li>\n<li>Cable de alimentaci\u00f3n CA<\/li>\n<li>Cubierta protectora <\/li>\n<li>Manual del usuario y tarjeta de garant\u00eda<\/li>\n<\/ul>\n<p><strong>Disponible bajo petici\u00f3n:<\/strong><\/p>\n<ul>\n<li>Ocular de 10x\/22 mm con escala<\/li>\n<li>Ocular de 15x\/16 mm (2 unidades)<\/li>\n<li>Ocular de 20x\/12 mm (2 unidades)<\/li>\n<li>Ocular de 25x\/9 mm (2 unidades)<\/li>\n<li>Ocular de 30x\/8 mm (2 unidades)<\/li>\n<li>Lente objetivo auxiliar de 0,5x<\/li>\n<li>Lente objetivo auxiliar de 1,5x<\/li>\n<li>Lente objetivo auxiliar de 2x<\/li>\n<li>Adaptador de montura C con poder de aumento 0,5x<\/li>\n<li>Adaptador de montura C con poder de aumento 1x<\/li>\n<li>Dispositivo de polarizaci\u00f3n<\/li>\n<li>Condensador de campo oscuro <\/li>\n<li>Iluminador anular<\/li>\n<li>Iluminador anular con filtro polarizador<\/li>\n<li>Iluminador anular con conmutaci\u00f3n de sectores<\/li>\n<li>Iluminador de cuello de cisne<\/li>\n<li>Platina mec\u00e1nica<\/li>\n<li>Soporte universal con montura de enfoque<\/li>\n<li>Pinza para gemas<\/li>\n<li>C\u00e1mara digital<\/li>\n<li>Portaobjetos de calibraci\u00f3n<\/li>\n<\/ul>\n<table>\n<tbody>\n<tr>\n<td>Marca<\/td>\n<td>MAGUS<\/td>\n<\/tr>\n<tr>\n<td>Garant\u00eda<\/td>\n<td>5 \u043b\u0435\u0442<\/td>\n<\/tr>\n<tr>\n<td>EAN<\/td>\n<td>5905555019789<\/td>\n<\/tr>\n<tr>\n<td>Tama\u00f1o de paquete (LxAn.xAl.)<\/td>\n<td>52x37x37 cm<\/td>\n<\/tr>\n<tr>\n<td>Peso del env\u00edo<\/td>\n<td>7.7 kg<\/td>\n<\/tr>\n<tr>\n<td>Tipo<\/td>\n<td>est\u00e9reo\/instrumental<\/td>\n<\/tr>\n<tr>\n<td>Cabezal<\/td>\n<td>trinocular<\/td>\n<\/tr>\n<tr>\n<td>Boquilla<\/td>\n<td>giratorio 360\u00b0, bloquear en cualquier posici\u00f3n<\/td>\n<\/tr>\n<tr>\n<td>\u00c1ngulo de inclinaci\u00f3n de cabezal<\/td>\n<td>45\u00b0<\/td>\n<\/tr>\n<tr>\n<td>Ampliaci\u00f3n, x<\/td>\n<td>relaci\u00f3n de zoom 8,4:1, 6,5\u201355 configuraci\u00f3n b\u00e1sica (*opcional: 3,25\u2013330)<\/td>\n<\/tr>\n<tr>\n<td>Rango de ampliaci\u00f3n<\/td>\n<td>hasta 200x<\/td>\n<\/tr>\n<tr>\n<td>Di\u00e1metro del tubo del ocular, mm<\/td>\n<td>30<\/td>\n<\/tr>\n<tr>\n<td>Oculares<\/td>\n<td>10x\/22 mm, larga distancia de acomodaci\u00f3n ocular. (*opcional: 10x\/22 mm con escala, 15x\/16, 20x\/12, 25x\/9, 30x\/8)<\/td>\n<\/tr>\n<tr>\n<td>Objetivos<\/td>\n<td>0,65\u20135,5\u0445 (*opcional: cuando se utilizan oculares adicionales y objetivos auxiliares: 3,25\u2013330\u0445)<\/td>\n<\/tr>\n<tr>\n<td>Distancia de trabajo, mm<\/td>\n<td>105 (*opcional: cuando se utilizan oculares adicionales y objetivos auxiliares: 177, 47, 26)<\/td>\n<\/tr>\n<tr>\n<td>Distancia interpupilar, mm<\/td>\n<td>54 \u2014 75<\/td>\n<\/tr>\n<tr>\n<td>Campo lineal de visi\u00f3n, mm<\/td>\n<td>33.8 \u2014 4<\/td>\n<\/tr>\n<tr>\n<td>Platina, mm<\/td>\n<td>\u00d895<\/td>\n<\/tr>\n<tr>\n<td>Platina<\/td>\n<td>placa negra\/blanca, placa transparente<\/td>\n<\/tr>\n<tr>\n<td>Ajuste di\u00f3ptrico<\/td>\n<td>\u00b15D en cada ocular<\/td>\n<\/tr>\n<tr>\n<td>Ajuste di\u00f3ptrico<\/td>\n<td>yes<\/td>\n<\/tr>\n<tr>\n<td>Enfoque<\/td>\n<td>coaxial, enfoque aproximado (45 mm, con ajuste de tensi\u00f3n) y ajuste preciso (0,002 mm)<\/td>\n<\/tr>\n<tr>\n<td>Iluminaci\u00f3n<\/td>\n<td>LED<\/td>\n<\/tr>\n<tr>\n<td>Ajuste del brillo<\/td>\n<td>yes<\/td>\n<\/tr>\n<tr>\n<td>Alimentaci\u00f3n<\/td>\n<td>alimentaci\u00f3n de red de CA, 115\u2013230 V, 50\/60 Hz<\/td>\n<\/tr>\n<tr>\n<td>Tipo de fuente de iluminaci\u00f3n<\/td>\n<td>fuente de luz oblicua reflejada: LED de 3 W  luz transmitida: LED de 3 W<\/td>\n<\/tr>\n<tr>\n<td>Intervalo de temperatura de funcionamiento, \u00b0C<\/td>\n<td>0 \u2014 40<\/td>\n<\/tr>\n<tr>\n<td>Posibilidad de conectar accesorios<\/td>\n<td>dispositivo de polarizaci\u00f3n, condensador de campo oscuro, objetivos auxiliares (0,5\u0445, 1,5\u0445, 2\u0445)<\/td>\n<\/tr>\n<tr>\n<td>Nivel de usuario<\/td>\n<td>usuarios experimentados, profesionales<\/td>\n<\/tr>\n<tr>\n<td>Montaje y nivel de dificultad de instalaci\u00f3n<\/td>\n<td>complicado<\/td>\n<\/tr>\n<tr>\n<td>Sistema \u00f3ptico<\/td>\n<td>microscopio estereosc\u00f3pico Greenough<\/td>\n<\/tr>\n<tr>\n<td>Aplicaci\u00f3n<\/td>\n<td>investigaci\u00f3n aplicada<\/td>\n<\/tr>\n<tr>\n<td>Ubicaci\u00f3n de la iluminaci\u00f3n<\/td>\n<td>doble<\/td>\n<\/tr>\n<tr>\n<td>M\u00e9todo de investigaci\u00f3n<\/td>\n<td>campo claro<\/td>\n<\/tr>\n<tr>\n<td>Funda\/malet\u00edn\/bolsa incluida en el kit<\/td>\n<td>cubierta protectora<\/td>\n<\/tr>\n<\/tbody>\n<\/table>\n","protected":false},"excerpt":{"rendered":"<p>El microscopio estereosc\u00f3pico est\u00e1 dise\u00f1ado para trabajar con muestras volum\u00e9tricas y estudiar sus elementos estructurales  transmite el volumen del objeto y el relieve de su superficie. El modelo MAGUS Stereo 8T est\u00e1 equipado con iluminadores integrados para muestras transparentes y opacas. Las opciones disponibles incluyen el trabajo con luz polarizada y el m\u00e9todo de campo oscuro (solo con accesorios adicionales).<br \/> El sistema \u00f3ptico de Greenough presenta dos canales \u00f3pticos aut\u00f3nomos: es como si una persona examinara un objeto ampliado con sus propios ojos. Este dise\u00f1o produce una imagen 3D n\u00edtida y aut\u00e9ntica gracias a un \u00e1ngulo de estereoscop\u00eda de 15\u00b0. La imagen del objeto se ampl\u00eda manteniendo su posici\u00f3n en el espacio, por lo que resulta c\u00f3modo trabajar con \u00e9l. El modelo es adecuado para trabajos de restauraci\u00f3n, soldadura y uni\u00f3n de piezas, comprobaci\u00f3n del cumplimiento de las normas de calidad de la muestra, etc.<\/p>\n","protected":false},"featured_media":83635,"template":"","meta":{"_exactmetrics_skip_tracking":false,"_exactmetrics_sitenote_active":false,"_exactmetrics_sitenote_note":"","_exactmetrics_sitenote_category":0},"product_brand":[],"product_cat":[614],"product_tag":[],"class_list":{"0":"post-84688","1":"product","2":"type-product","3":"status-publish","4":"has-post-thumbnail","6":"product_cat-estereomicroscopios","7":"product_shipping_class-microscopio","9":"first","10":"instock","11":"taxable","12":"shipping-taxable","13":"purchasable","14":"product-type-simple"},"_links":{"self":[{"href":"https:\/\/microscopistas.com\/en\/wp-json\/wp\/v2\/product\/84688","targetHints":{"allow":["GET"]}}],"collection":[{"href":"https:\/\/microscopistas.com\/en\/wp-json\/wp\/v2\/product"}],"about":[{"href":"https:\/\/microscopistas.com\/en\/wp-json\/wp\/v2\/types\/product"}],"wp:featuredmedia":[{"embeddable":true,"href":"https:\/\/microscopistas.com\/en\/wp-json\/wp\/v2\/media\/83635"}],"wp:attachment":[{"href":"https:\/\/microscopistas.com\/en\/wp-json\/wp\/v2\/media?parent=84688"}],"wp:term":[{"taxonomy":"product_brand","embeddable":true,"href":"https:\/\/microscopistas.com\/en\/wp-json\/wp\/v2\/product_brand?post=84688"},{"taxonomy":"product_cat","embeddable":true,"href":"https:\/\/microscopistas.com\/en\/wp-json\/wp\/v2\/product_cat?post=84688"},{"taxonomy":"product_tag","embeddable":true,"href":"https:\/\/microscopistas.com\/en\/wp-json\/wp\/v2\/product_tag?post=84688"}],"curies":[{"name":"wp","href":"https:\/\/api.w.org\/{rel}","templated":true}]}}