{"id":84687,"date":"2024-07-29T18:29:49","date_gmt":"2024-07-29T16:29:49","guid":{"rendered":"http:\/\/microscopistas.com\/?post_type=product&#038;p=84687"},"modified":"2024-07-29T18:33:53","modified_gmt":"2024-07-29T16:33:53","slug":"estereomicroscopio-magus-stereo-7t","status":"publish","type":"product","link":"https:\/\/microscopistas.com\/en\/producto\/estereomicroscopio-magus-stereo-7t\/","title":{"rendered":"Estereomicroscopio MAGUS Stereo 7T"},"content":{"rendered":"<p>El estereomicroscopio est\u00e1 dise\u00f1ado para estudiar objetos tridimensionales y su estructura. El microscopio est\u00e1 equipado con iluminadores integrados de luz reflejada y luz transmitida para observar muestras transparentes y opacas. Dispone de t\u00e9cnicas de luz polarizada y campo oscuro.<br \/> El sistema \u00f3ptico Greenough proporciona una gran profundidad de campo y produce una imagen tridimensional gracias a un \u00e1ngulo estereosc\u00f3pico de 15\u00b0. El microscopio ampl\u00eda la imagen de la muestra sin p\u00e9rdida de orientaci\u00f3n espacial. La observaci\u00f3n de muestras colocadas en la platina de 105\u2013177 mm resulta c\u00f3moda, por lo que el microscopio es adecuado para restauraci\u00f3n, soldadura, montaje, control de calidad y otras operaciones similares.<\/p>\n<p><strong>Cabezal del microscopio<\/strong><\/p>\n<p>El cabezal trinocular gira 360\u00b0 y puede fijarse en cualquier posici\u00f3n deseada. La c\u00e1mara digital se puede instalar en el tubo trinocular mediante un adaptador de montura C. Se pueden solicitar adaptadores adicionales con diferentes aumentos.<br \/> El kit de base incluye oculares de 10x\/22 mm con ajuste de las dioptr\u00edas y una larga distancia de acomodaci\u00f3n ocular para trabajar con gafas.<\/p>\n<p><strong>Zoom<\/strong><\/p>\n<p>El objetivo aumenta suavemente el aumento hasta 6,7x sin reducci\u00f3n del enfoque. El microscopio proporciona una imagen tridimensional en posici\u00f3n erguida (no invertida). Las lentes de objetivos auxiliares adicionales pueden aumentar el rango de aumentos, modificar el campo de visi\u00f3n y la distancia de trabajo del microscopio.<\/p>\n<p><strong>Mecanismo de enfoque<\/strong><\/p>\n<p>Los mandos de enfoque aproximado se encuentran a ambos lados. Tambi\u00e9n se puede ajustar la tensi\u00f3n de enfoque aproximado.<\/p>\n<p><strong>Placa de platina<\/strong><\/p>\n<p>Puede elegir una placa transparente o una placa blanca y negra, dependiendo de la muestra observada. La placa transparente garantiza una iluminaci\u00f3n homog\u00e9nea de la muestra y una difusi\u00f3n \u00f3ptima de la luz para observar muestras transparentes y transl\u00facidas. La placa blanca y negra es adecuada para observar muestras opacas sobre un fondo contrastante: el lado negro es para objetos de color claro y el lado blanco para objetos de color oscuro.<\/p>\n<p><strong>Fuente de luz<\/strong><\/p>\n<p>El microscopio est\u00e1 equipado con un iluminador LED de luz transmitida (3 W) y un iluminador oblicuo de luz reflejada (3 W). El LED tiene una vida \u00fatil de 50.000 horas.<\/p>\n<p><strong>Accesorios<\/strong><\/p>\n<p>Existe una gama de accesorios dise\u00f1ados para este microscopio.<br \/> Se pueden usar oculares y objetivos auxiliares para ampliar el rango de aumento del microscopio.<br \/> Una c\u00e1mara digital transmite la imagen del microscopio a un monitor.<br \/> Los adaptadores de montura C conectan la c\u00e1mara al microscopio  el aumento del adaptador se selecciona en funci\u00f3n del tama\u00f1o de la matriz de la c\u00e1mara.<br \/> Un portaobjetos de calibraci\u00f3n ayuda a medir con precisi\u00f3n las muestras. El valor de escala del portaobjetos de calibraci\u00f3n de los microscopios estereosc\u00f3picos es de 0,1 mm.<br \/> El dispositivo de polarizaci\u00f3n se utiliza para estudiar objetos anis\u00f3tropos.<br \/> Un condensador de campo oscuro con pinzas para joyer\u00eda le permitir\u00e1 estudiar piedras preciosas y semipreciosas.<br \/> Un iluminador anular con polarizador eliminar\u00e1 los reflejos de las im\u00e1genes de superficies met\u00e1licas pulidas.<br \/> La platina mec\u00e1nica mueve los objetos suavemente y sin sacudidas en dos ejes y proporciona una comodidad adicional cuando se trabaja con un aumento superior a 20x.<br \/> Un iluminador anular con conmutaci\u00f3n de sectores y una l\u00e1mpara de cuello de cisne permiten ajustar con precisi\u00f3n la iluminaci\u00f3n de la zona de trabajo. La l\u00e1mpara se fija al \u00e1ngulo seleccionado, creando las luces y sombras necesarias para el estudio, y la parte derecha de la muestra permanece iluminada.<br \/> Los soportes universales ampl\u00edan el \u00e1rea de trabajo y brindan m\u00e1s libertad a la hora de elegir la posici\u00f3n del cabezal del microscopio sobre el lugar de trabajo.<\/p>\n<p><strong>Caracter\u00edsticas principales:<\/strong><\/p>\n<ul>\n<li>Sistema de zoom para lograr un aumento suave sin reducci\u00f3n del enfoque  relaci\u00f3n de zoom de 6,7:1<\/li>\n<li>Cabezal trinocular con rotaci\u00f3n de 360\u00b0 y tubo trinocular para montar una c\u00e1mara digital<\/li>\n<li>Ventajas del sistema \u00f3ptico Greenough: gran profundidad de campo, dimensionalidad, dise\u00f1o compacto y precio razonable.<\/li>\n<li>Iluminador LED de luz transmitida (3\u202fW) e iluminador LED de luz reflejada (3\u202fW) de larga duraci\u00f3n<\/li>\n<li>Amplia gama de accesorios opcionales compatibles<\/li>\n<\/ul>\n<p><strong>El kit incluye:<\/strong><\/p>\n<ul>\n<li>Base con fuente de luz transmitida integrada, fuente de alimentaci\u00f3n integrada y soporte con mecanismo de enfoque<\/li>\n<li>Cabezal de microscopio: objetivo con cabezal trinocular<\/li>\n<li>Ocular 10x\/22 mm con larga distancia ocular y ajuste de las dioptr\u00edas (2 unidades)<\/li>\n<li>Placa blanca y negra<\/li>\n<li>Placa transparente<\/li>\n<li>Iluminador oblicuo de luz reflejada <\/li>\n<li>Cable de alimentaci\u00f3n CA<\/li>\n<li>Cubierta protectora <\/li>\n<li>Manual del usuario y tarjeta de garant\u00eda<\/li>\n<\/ul>\n<p><strong>Disponible bajo petici\u00f3n:<\/strong><\/p>\n<ul>\n<li>Ocular de 10x\/22 mm con escala<\/li>\n<li>Ocular de 15x\/16 mm (2 unidades)<\/li>\n<li>Ocular de 20x\/12 mm (2 unidades)<\/li>\n<li>Ocular de 25x\/9 mm (2 unidades)<\/li>\n<li>Ocular de 30x\/8 mm (2 unidades)<\/li>\n<li>Lente objetivo auxiliar de 0,5x<\/li>\n<li>Lente objetivo auxiliar de 1,5x<\/li>\n<li>Lente objetivo auxiliar de 2x<\/li>\n<li>Adaptador de montura C con poder de aumento 0,5x<\/li>\n<li>Adaptador de montura C con poder de aumento 1x<\/li>\n<li>Dispositivo de polarizaci\u00f3n<\/li>\n<li>Condensador de campo oscuro <\/li>\n<li>Iluminador anular con filtro polarizador<\/li>\n<li>Iluminador anular con conmutaci\u00f3n de sectores<\/li>\n<li>Iluminador de cuello de cisne<\/li>\n<li>Platina mec\u00e1nica<\/li>\n<li>Soporte universal con mecanismo de enfoque<\/li>\n<li>Pinza para gemas<\/li>\n<li>C\u00e1mara digital<\/li>\n<li>Portaobjetos de calibraci\u00f3n<\/li>\n<\/ul>\n<table>\n<tbody>\n<tr>\n<td>Marca<\/td>\n<td>MAGUS<\/td>\n<\/tr>\n<tr>\n<td>Garant\u00eda<\/td>\n<td>5 \u043b\u0435\u0442<\/td>\n<\/tr>\n<tr>\n<td>EAN<\/td>\n<td>5905555019772<\/td>\n<\/tr>\n<tr>\n<td>Tama\u00f1o de paquete (LxAn.xAl.)<\/td>\n<td>52x37x37 cm<\/td>\n<\/tr>\n<tr>\n<td>Peso del env\u00edo<\/td>\n<td>7.4 kg<\/td>\n<\/tr>\n<tr>\n<td>Tipo<\/td>\n<td>est\u00e9reo\/instrumental<\/td>\n<\/tr>\n<tr>\n<td>Cabezal<\/td>\n<td>trinocular<\/td>\n<\/tr>\n<tr>\n<td>Boquilla<\/td>\n<td>giratorio 360\u00b0, bloquear en cualquier posici\u00f3n<\/td>\n<\/tr>\n<tr>\n<td>\u00c1ngulo de inclinaci\u00f3n de cabezal<\/td>\n<td>45\u00b0<\/td>\n<\/tr>\n<tr>\n<td>Ampliaci\u00f3n, x<\/td>\n<td>6,7\u201345 configuraci\u00f3n b\u00e1sica (*opcional: 3,4\u2013270), relaci\u00f3n de zoom 6,7:1<\/td>\n<\/tr>\n<tr>\n<td>Rango de ampliaci\u00f3n<\/td>\n<td>hasta 200x<\/td>\n<\/tr>\n<tr>\n<td>Di\u00e1metro del tubo del ocular, mm<\/td>\n<td>30<\/td>\n<\/tr>\n<tr>\n<td>Oculares<\/td>\n<td>10x\/22 mm, larga distancia de acomodaci\u00f3n ocular. (*opcional: 10x\/22 mm con escala, 15x\/16, 20x\/12, 25x\/9, 30x\/8)<\/td>\n<\/tr>\n<tr>\n<td>Objetivos<\/td>\n<td>0,67\u20134,5x (*opcional: cuando se utilizan oculares adicionales y objetivos auxiliares: 3,4\u2013270x)<\/td>\n<\/tr>\n<tr>\n<td>Distancia de trabajo, mm<\/td>\n<td>105 (*opcional: cuando se utilizan oculares adicionales y objetivos auxiliares: 177, 47, 26)<\/td>\n<\/tr>\n<tr>\n<td>Distancia interpupilar, mm<\/td>\n<td>54 \u2014 75<\/td>\n<\/tr>\n<tr>\n<td>Campo lineal de visi\u00f3n, mm<\/td>\n<td>32.8 \u2014 4.9<\/td>\n<\/tr>\n<tr>\n<td>Platina, mm<\/td>\n<td>\u00d895<\/td>\n<\/tr>\n<tr>\n<td>Platina<\/td>\n<td>placa negra\/blanca, placa transparente<\/td>\n<\/tr>\n<tr>\n<td>Ajuste di\u00f3ptrico<\/td>\n<td>\u00b15D en cada ocular<\/td>\n<\/tr>\n<tr>\n<td>Ajuste di\u00f3ptrico<\/td>\n<td>yes<\/td>\n<\/tr>\n<tr>\n<td>Enfoque<\/td>\n<td>enfoque aproximado (106 mm, con ajuste de tensi\u00f3n)<\/td>\n<\/tr>\n<tr>\n<td>Iluminaci\u00f3n<\/td>\n<td>LED<\/td>\n<\/tr>\n<tr>\n<td>Ajuste del brillo<\/td>\n<td>yes<\/td>\n<\/tr>\n<tr>\n<td>Alimentaci\u00f3n<\/td>\n<td>alimentaci\u00f3n de red de CA, 115\u2013230 V, 50\/60 Hz<\/td>\n<\/tr>\n<tr>\n<td>Tipo de fuente de iluminaci\u00f3n<\/td>\n<td>fuente de luz oblicua reflejada: LED de 3 W  luz transmitida: LED de 3 W<\/td>\n<\/tr>\n<tr>\n<td>Intervalo de temperatura de funcionamiento, \u00b0C<\/td>\n<td>0 \u2014 40<\/td>\n<\/tr>\n<tr>\n<td>Posibilidad de conectar accesorios<\/td>\n<td>dispositivo de polarizaci\u00f3n, condensador de campo oscuro, objetivos auxiliares (0,5\u0445, 1,5\u0445, 2\u0445)<\/td>\n<\/tr>\n<tr>\n<td>Nivel de usuario<\/td>\n<td>usuarios experimentados, profesionales<\/td>\n<\/tr>\n<tr>\n<td>Montaje y nivel de dificultad de instalaci\u00f3n<\/td>\n<td>complicado<\/td>\n<\/tr>\n<tr>\n<td>Sistema \u00f3ptico<\/td>\n<td>microscopio estereosc\u00f3pico Greenough<\/td>\n<\/tr>\n<tr>\n<td>Aplicaci\u00f3n<\/td>\n<td>investigaci\u00f3n aplicada<\/td>\n<\/tr>\n<tr>\n<td>Ubicaci\u00f3n de la iluminaci\u00f3n<\/td>\n<td>doble<\/td>\n<\/tr>\n<tr>\n<td>M\u00e9todo de investigaci\u00f3n<\/td>\n<td>campo claro<\/td>\n<\/tr>\n<tr>\n<td>Funda\/malet\u00edn\/bolsa incluida en el kit<\/td>\n<td>cubierta protectora<\/td>\n<\/tr>\n<\/tbody>\n<\/table>\n","protected":false},"excerpt":{"rendered":"<p>El estereomicroscopio est\u00e1 dise\u00f1ado para estudiar objetos tridimensionales y su estructura. El microscopio est\u00e1 equipado con iluminadores integrados de luz reflejada y luz transmitida para observar muestras transparentes y opacas. Dispone de t\u00e9cnicas de luz polarizada y campo oscuro.<br \/> El sistema \u00f3ptico Greenough proporciona una gran profundidad de campo y produce una imagen tridimensional gracias a un \u00e1ngulo estereosc\u00f3pico de 15\u00b0. El microscopio ampl\u00eda la imagen de la muestra sin p\u00e9rdida de orientaci\u00f3n espacial. La observaci\u00f3n de muestras colocadas en la platina de 105\u2013177 mm resulta c\u00f3moda, por lo que el microscopio es adecuado para restauraci\u00f3n, soldadura, montaje, control de calidad y otras operaciones similares.<\/p>\n","protected":false},"featured_media":83632,"template":"","meta":{"_exactmetrics_skip_tracking":false,"_exactmetrics_sitenote_active":false,"_exactmetrics_sitenote_note":"","_exactmetrics_sitenote_category":0},"product_brand":[],"product_cat":[614],"product_tag":[],"class_list":{"0":"post-84687","1":"product","2":"type-product","3":"status-publish","4":"has-post-thumbnail","6":"product_cat-estereomicroscopios","7":"product_shipping_class-microscopio","9":"first","10":"instock","11":"taxable","12":"shipping-taxable","13":"purchasable","14":"product-type-simple"},"_links":{"self":[{"href":"https:\/\/microscopistas.com\/en\/wp-json\/wp\/v2\/product\/84687","targetHints":{"allow":["GET"]}}],"collection":[{"href":"https:\/\/microscopistas.com\/en\/wp-json\/wp\/v2\/product"}],"about":[{"href":"https:\/\/microscopistas.com\/en\/wp-json\/wp\/v2\/types\/product"}],"wp:featuredmedia":[{"embeddable":true,"href":"https:\/\/microscopistas.com\/en\/wp-json\/wp\/v2\/media\/83632"}],"wp:attachment":[{"href":"https:\/\/microscopistas.com\/en\/wp-json\/wp\/v2\/media?parent=84687"}],"wp:term":[{"taxonomy":"product_brand","embeddable":true,"href":"https:\/\/microscopistas.com\/en\/wp-json\/wp\/v2\/product_brand?post=84687"},{"taxonomy":"product_cat","embeddable":true,"href":"https:\/\/microscopistas.com\/en\/wp-json\/wp\/v2\/product_cat?post=84687"},{"taxonomy":"product_tag","embeddable":true,"href":"https:\/\/microscopistas.com\/en\/wp-json\/wp\/v2\/product_tag?post=84687"}],"curies":[{"name":"wp","href":"https:\/\/api.w.org\/{rel}","templated":true}]}}