{"id":84686,"date":"2024-07-29T18:29:48","date_gmt":"2024-07-29T16:29:48","guid":{"rendered":"http:\/\/microscopistas.com\/?post_type=product&#038;p=84686"},"modified":"2024-07-29T18:34:32","modified_gmt":"2024-07-29T16:34:32","slug":"estereomicroscopio-magus-stereo-7b","status":"publish","type":"product","link":"https:\/\/microscopistas.com\/en\/producto\/estereomicroscopio-magus-stereo-7b\/","title":{"rendered":"Estereomicroscopio MAGUS Stereo 7B"},"content":{"rendered":"<p>Un microscopio estereosc\u00f3pico es una herramienta indispensable para el estudio detallado de muestras volum\u00e9tricas. Reproduce el volumen virtual de un objeto y permite examinar su estructura, proporcionando as\u00ed una imagen clara de su topograf\u00eda. El dispositivo est\u00e1 equipado con iluminadores de luz transmitida y reflejada y permite trabajar tanto con muestras transparentes como opacas. Hay disponibles m\u00e9todos de luz polarizada y campo oscuro.<br \/> Las ventajas del sistema \u00f3ptico Greenough son la gran profundidad de campo y la tridimensionalidad de la imagen gracias al \u00e1ngulo estereosc\u00f3pico de 15\u00b0. Un microscopio estereosc\u00f3pico aumenta un objeto y transmite con precisi\u00f3n su posici\u00f3n en el espacio: la imagen se forma sin inversi\u00f3n. Esto hace del microscopio una herramienta ideal para manipular objetos dentro de un \u00e1rea de trabajo de 105 a 177 mil\u00edmetros. Los microscopios estereosc\u00f3picos o estereomicroscopios se utilizan ampliamente para el control de calidad en restauraci\u00f3n, montaje, soldadura, joyer\u00eda y procesos similares.<\/p>\n<p>El cabezal del microscopio MAGUS Stereo 7B dispone de 2 tubos oculares. Si necesita conectar una c\u00e1mara digital, esta se inserta en uno de los tubos. Para realizar una observaci\u00f3n c\u00f3moda y eficaz, el cabezal puede girarse hasta 360\u00b0 y fijarse en cualquier posici\u00f3n intermedia. El microscopio viene con 2 oculares con 10 aumentos y un campo de visi\u00f3n de 22 mm. En los oculares se pueden ajustar las dioptr\u00edas y, para los usuarios de gafas, la acomodaci\u00f3n ocular es a una distancia conveniente.<\/p>\n<p>El objetivo zoom cambia el aumento del objeto en 6,7x sin desenfocarlo. La imagen se forma de manera volum\u00e9trica y vertical. Puede a\u00f1adir aumentos o campos de visi\u00f3n, as\u00ed como modificar la distancia de trabajo, utilizando objetivos auxiliares de diferentes aumentos.<\/p>\n<p>El modelo MAGUS Stereo 7B solo dispone de enfoque aproximado. Hay dos mandos de enfoque situados a ambos lados del soporte. La rigidez de desplazamiento se puede ajustar.<\/p>\n<p>La platina est\u00e1 equipada con dos placas diferentes. La transparente sirve para trabajar con luz transmitida. Dispersa la luz, por lo que el objeto recibe una iluminaci\u00f3n uniforme y suave. La segunda placa es en blanco y negro. Se instala en la platina seg\u00fan el principio de contraste con el objeto de observaci\u00f3n y se utiliza para muestras opacas.<\/p>\n<p>El microscopio est\u00e1 equipado con iluminadores para luz transmitida y reflejada. La luz reflejada forma una iluminaci\u00f3n oblicua. Ambos iluminadores se basan en LED de 3 W con una vida \u00fatil de 50.000 horas.<\/p>\n<p>El microscopio se complementa con una amplia variedad de componentes adicionales que pueden adquirirse por separado. La gama incluye oculares y lentes de objetivo auxiliares: proporcionan diferentes aumentos, modifican el campo de visi\u00f3n y la distancia de trabajo del microscopio. Las c\u00e1maras digitales con amplia funcionalidad le permitir\u00e1n visualizar im\u00e1genes en la pantalla o documentar sus observaciones. Para medir objetos, puede adquirir portaobjetos de calibraci\u00f3n. Para realizar estudios con el m\u00e9todo de campo oscuro o con luz polarizada, el microscopio puede equiparse con un condensador de campo oscuro y un dispositivo de polarizaci\u00f3n, respectivamente. Para ampliar a\u00fan m\u00e1s la funcionalidad del microscopio, existen varios iluminadores: de anillo cl\u00e1sico, de anillo con polarizador o conmutaci\u00f3n de sectores, y de tipo cuello de cisne. Una variedad de soportes le permitir\u00e1 elegir la posici\u00f3n \u00f3ptima del cabezal del microscopio por encima de la superficie de trabajo y ampliar el espacio de trabajo.<\/p>\n<p><strong>Caracter\u00edsticas principales:<\/strong><\/p>\n<ul>\n<li>Microscopio estereosc\u00f3pico que utiliza el sistema \u00f3ptico Greenough con un \u00e1ngulo estereosc\u00f3pico de 15\u00b0<\/li>\n<li>Equipado con iluminadores de luz transmitida y reflejada y puede trabajar con objetos transparentes y opacos<\/li>\n<li>Admite el trabajo en luz polarizada y en el m\u00e9todo de campo oscuro<\/li>\n<li>El cabezal binocular gira 360\u00b0 y se puede fijar en cualquier posici\u00f3n intermedia<\/li>\n<li>El microscopio produce una imagen con un aumento de 6,7 a 45x sin cambiar su orientaci\u00f3n espacial, lo cual resulta conveniente al manipular el objeto<\/li>\n<li>El \u00e1rea de trabajo es de 105 a 177 mm<\/li>\n<li>El modelo est\u00e1 equipado con un mecanismo de enfoque aproximado con dos botones<\/li>\n<\/ul>\n<p><strong>El kit incluye:<\/strong><\/p>\n<ul>\n<li>Base con fuente de luz transmitida integrada, fuente de alimentaci\u00f3n integrada y A soporte con mecanismo de enfoque<\/li>\n<li>Cabezal de microscopio: objetivo con cabezal binocular<\/li>\n<li>Ocular 10x\/22 mm con larga distancia ocular y ajuste de las dioptr\u00edas (2 unidades)<\/li>\n<li>Placa blanca y negra<\/li>\n<li>Placa transparente<\/li>\n<li>Iluminador oblicuo de luz reflejada <\/li>\n<li>Cable de alimentaci\u00f3n CA<\/li>\n<li>Cubierta protectora <\/li>\n<li>Manual del usuario y tarjeta de garant\u00eda<\/li>\n<\/ul>\n<p><strong>Disponible bajo petici\u00f3n:<\/strong><\/p>\n<ul>\n<li>Ocular de 10x\/22 mm con escala<\/li>\n<li>Ocular de 15x\/16 mm (2 unidades)<\/li>\n<li>Ocular de 20x\/12 mm (2 unidades)<\/li>\n<li>Ocular de 25x\/9 mm (2 unidades)<\/li>\n<li>Ocular de 30x\/8 mm (2 unidades)<\/li>\n<li>Lente objetivo auxiliar de 0,5x<\/li>\n<li>Lente objetivo auxiliar de 1,5x<\/li>\n<li>Lente objetivo auxiliar de 2x<\/li>\n<li>Dispositivo de polarizaci\u00f3n<\/li>\n<li>Condensador de campo oscuro <\/li>\n<li>Iluminador anular<\/li>\n<li>Iluminador anular con filtro polarizador<\/li>\n<li>Iluminador anular con conmutaci\u00f3n de sectores<\/li>\n<li>Iluminador de cuello de cisne<\/li>\n<li>Platina mec\u00e1nica<\/li>\n<li>Soporte universal con montura de enfoque<\/li>\n<li>Pinza para gemas<\/li>\n<li>C\u00e1mara digital<\/li>\n<li>Portaobjetos de calibraci\u00f3n<\/li>\n<\/ul>\n<table>\n<tbody>\n<tr>\n<td>Marca<\/td>\n<td>MAGUS<\/td>\n<\/tr>\n<tr>\n<td>Garant\u00eda<\/td>\n<td>5 \u043b\u0435\u0442<\/td>\n<\/tr>\n<tr>\n<td>EAN<\/td>\n<td>5905555019765<\/td>\n<\/tr>\n<tr>\n<td>Tama\u00f1o de paquete (LxAn.xAl.)<\/td>\n<td>52x37x37 cm<\/td>\n<\/tr>\n<tr>\n<td>Peso del env\u00edo<\/td>\n<td>7.2 kg<\/td>\n<\/tr>\n<tr>\n<td>Tipo<\/td>\n<td>est\u00e9reo\/instrumental<\/td>\n<\/tr>\n<tr>\n<td>Cabezal<\/td>\n<td>binocular<\/td>\n<\/tr>\n<tr>\n<td>Boquilla<\/td>\n<td>giratorio 360\u00b0, bloquear en cualquier posici\u00f3n<\/td>\n<\/tr>\n<tr>\n<td>\u00c1ngulo de inclinaci\u00f3n de cabezal<\/td>\n<td>45\u00b0<\/td>\n<\/tr>\n<tr>\n<td>Ampliaci\u00f3n, x<\/td>\n<td>6,7\u201345 configuraci\u00f3n b\u00e1sica (*opcional: 3,4\u2013270), relaci\u00f3n de zoom 6,7:1<\/td>\n<\/tr>\n<tr>\n<td>Rango de ampliaci\u00f3n<\/td>\n<td>hasta 200x<\/td>\n<\/tr>\n<tr>\n<td>Di\u00e1metro del tubo del ocular, mm<\/td>\n<td>30<\/td>\n<\/tr>\n<tr>\n<td>Oculares<\/td>\n<td>10x\/22 mm, larga distancia de acomodaci\u00f3n ocular. (*opcional: 10x\/22 mm con escala, 15x\/16, 20x\/12, 25x\/9, 30x\/8)<\/td>\n<\/tr>\n<tr>\n<td>Objetivos<\/td>\n<td>0,67\u20134,5x (*opcional: cuando se utilizan oculares adicionales y objetivos auxiliares: 3,4\u2013270x)<\/td>\n<\/tr>\n<tr>\n<td>Distancia de trabajo, mm<\/td>\n<td>105 (*opcional: cuando se utilizan oculares adicionales y objetivos auxiliares: 177, 47, 26)<\/td>\n<\/tr>\n<tr>\n<td>Distancia interpupilar, mm<\/td>\n<td>54 \u2014 75<\/td>\n<\/tr>\n<tr>\n<td>Campo lineal de visi\u00f3n, mm<\/td>\n<td>32.8 \u2014 4.9<\/td>\n<\/tr>\n<tr>\n<td>Platina, mm<\/td>\n<td>\u00d895<\/td>\n<\/tr>\n<tr>\n<td>Platina<\/td>\n<td>placa negra\/blanca, placa transparente<\/td>\n<\/tr>\n<tr>\n<td>Ajuste di\u00f3ptrico<\/td>\n<td>\u00b15D en cada ocular<\/td>\n<\/tr>\n<tr>\n<td>Ajuste di\u00f3ptrico<\/td>\n<td>yes<\/td>\n<\/tr>\n<tr>\n<td>Enfoque<\/td>\n<td>enfoque aproximado (106 mm, con ajuste de tensi\u00f3n)<\/td>\n<\/tr>\n<tr>\n<td>Iluminaci\u00f3n<\/td>\n<td>LED<\/td>\n<\/tr>\n<tr>\n<td>Ajuste del brillo<\/td>\n<td>yes<\/td>\n<\/tr>\n<tr>\n<td>Alimentaci\u00f3n<\/td>\n<td>alimentaci\u00f3n de red de CA, 115\u2013230 V, 50\/60 Hz<\/td>\n<\/tr>\n<tr>\n<td>Tipo de fuente de iluminaci\u00f3n<\/td>\n<td>fuente de luz oblicua reflejada: LED de 3 W  luz transmitida: LED de 3 W<\/td>\n<\/tr>\n<tr>\n<td>Intervalo de temperatura de funcionamiento, \u00b0C<\/td>\n<td>0 \u2014 40<\/td>\n<\/tr>\n<tr>\n<td>Posibilidad de conectar accesorios<\/td>\n<td>dispositivo de polarizaci\u00f3n, condensador de campo oscuro, objetivos auxiliares (0,5\u0445, 1,5\u0445, 2\u0445)<\/td>\n<\/tr>\n<tr>\n<td>Nivel de usuario<\/td>\n<td>usuarios experimentados, profesionales<\/td>\n<\/tr>\n<tr>\n<td>Montaje y nivel de dificultad de instalaci\u00f3n<\/td>\n<td>complicado<\/td>\n<\/tr>\n<tr>\n<td>Sistema \u00f3ptico<\/td>\n<td>microscopio estereosc\u00f3pico Greenough<\/td>\n<\/tr>\n<tr>\n<td>Aplicaci\u00f3n<\/td>\n<td>investigaci\u00f3n aplicada<\/td>\n<\/tr>\n<tr>\n<td>Ubicaci\u00f3n de la iluminaci\u00f3n<\/td>\n<td>doble<\/td>\n<\/tr>\n<tr>\n<td>M\u00e9todo de investigaci\u00f3n<\/td>\n<td>campo claro<\/td>\n<\/tr>\n<tr>\n<td>Funda\/malet\u00edn\/bolsa incluida en el kit<\/td>\n<td>cubierta protectora<\/td>\n<\/tr>\n<\/tbody>\n<\/table>\n","protected":false},"excerpt":{"rendered":"<p>Un microscopio estereosc\u00f3pico es una herramienta indispensable para el estudio detallado de muestras volum\u00e9tricas. Reproduce el volumen virtual de un objeto y permite examinar su estructura, proporcionando as\u00ed una imagen clara de su topograf\u00eda. El dispositivo est\u00e1 equipado con iluminadores de luz transmitida y reflejada y permite trabajar tanto con muestras transparentes como opacas. Hay disponibles m\u00e9todos de luz polarizada y campo oscuro.<br \/> Las ventajas del sistema \u00f3ptico Greenough son la gran profundidad de campo y la tridimensionalidad de la imagen gracias al \u00e1ngulo estereosc\u00f3pico de 15\u00b0. Un microscopio estereosc\u00f3pico aumenta un objeto y transmite con precisi\u00f3n su posici\u00f3n en el espacio: la imagen se forma sin inversi\u00f3n. Esto hace del microscopio una herramienta ideal para manipular objetos dentro de un \u00e1rea de trabajo de 105 a 177 mil\u00edmetros. Los microscopios estereosc\u00f3picos o estereomicroscopios se utilizan ampliamente para el control de calidad en restauraci\u00f3n, montaje, soldadura, joyer\u00eda y procesos similares.<\/p>\n","protected":false},"featured_media":83630,"template":"","meta":{"_exactmetrics_skip_tracking":false,"_exactmetrics_sitenote_active":false,"_exactmetrics_sitenote_note":"","_exactmetrics_sitenote_category":0},"product_brand":[],"product_cat":[614],"product_tag":[],"class_list":{"0":"post-84686","1":"product","2":"type-product","3":"status-publish","4":"has-post-thumbnail","6":"product_cat-estereomicroscopios","7":"product_shipping_class-microscopio","9":"first","10":"instock","11":"taxable","12":"shipping-taxable","13":"purchasable","14":"product-type-simple"},"_links":{"self":[{"href":"https:\/\/microscopistas.com\/en\/wp-json\/wp\/v2\/product\/84686","targetHints":{"allow":["GET"]}}],"collection":[{"href":"https:\/\/microscopistas.com\/en\/wp-json\/wp\/v2\/product"}],"about":[{"href":"https:\/\/microscopistas.com\/en\/wp-json\/wp\/v2\/types\/product"}],"wp:featuredmedia":[{"embeddable":true,"href":"https:\/\/microscopistas.com\/en\/wp-json\/wp\/v2\/media\/83630"}],"wp:attachment":[{"href":"https:\/\/microscopistas.com\/en\/wp-json\/wp\/v2\/media?parent=84686"}],"wp:term":[{"taxonomy":"product_brand","embeddable":true,"href":"https:\/\/microscopistas.com\/en\/wp-json\/wp\/v2\/product_brand?post=84686"},{"taxonomy":"product_cat","embeddable":true,"href":"https:\/\/microscopistas.com\/en\/wp-json\/wp\/v2\/product_cat?post=84686"},{"taxonomy":"product_tag","embeddable":true,"href":"https:\/\/microscopistas.com\/en\/wp-json\/wp\/v2\/product_tag?post=84686"}],"curies":[{"name":"wp","href":"https:\/\/api.w.org\/{rel}","templated":true}]}}