{"id":84676,"date":"2024-07-29T18:29:44","date_gmt":"2024-07-29T16:29:44","guid":{"rendered":"http:\/\/microscopistas.com\/?post_type=product&#038;p=84676"},"modified":"2024-07-29T18:29:44","modified_gmt":"2024-07-29T16:29:44","slug":"ocular-magus-sd20-20x-12-mm-d-30-mm","status":"publish","type":"product","link":"https:\/\/microscopistas.com\/en\/producto\/ocular-magus-sd20-20x-12-mm-d-30-mm\/","title":{"rendered":"Ocular MAGUS SD20 20x\/12 mm (D 30 mm)"},"content":{"rendered":"<p class='MsoNormal'><strong><span lang='ES'>Ocular MAGUS SD20 20\u0445\/12 mm (D 30 mm)<\/span><strong style='mso-bidi-font-weight: normal '><span lang='ES' style='font-size: 10.0pt  mso-bidi-font-size: 11.0pt  font-family: 'Arial',sans-serif  mso-fareast-font-family: Calibri  mso-fareast-theme-font: minor-latin  mso-bidi-font-family: 'Times New Roman'  mso-bidi-theme-font: minor-bidi  mso-ansi-language: ES  mso-fareast-language: EN-US  mso-bidi-language: AR-SA '><br \/><\/span><\/strong><\/strong><strong><span lang='ES'>Con ajuste de las dioptr&#038;iacute as. Ampliaci&#038;oacute n: 20x. Campo de visi&#038;oacute n: 12 mm<\/span><\/strong><\/p>\n<p class='MsoNormal'>Se pueden usar oculares adicionales para ampliar el rango de aumento del microscopio.<strong><br \/><\/strong><\/p>\n<p class='MsoNormal'><span lang='ES'>El ocular con ajuste de dioptr&#038;iacute as es la mejor opci&#038;oacute n para los microscopios que no tienen anillo de dioptr&#038;iacute as en el tubo del ocular. Para los usuarios con problemas de visi&#038;oacute n, hace que sea m&#038;aacute s f&#038;aacute cil obtener una imagen n&#038;iacute tida de un objeto. El ajuste de dioptr&#038;iacute as del microscopio no interfiere con el uso del ocular. Se puede ajustar tanto en el ocular como en el tubo del ocular.<\/span><\/p>\n<p class='MsoNormal'><span lang='ES'>Di&#038;aacute metro del ocular: 30 mm<\/span><\/p>\n<p class='MsoNormal'><strong><span lang='ES'>Compatibilidad:<br \/><\/span><\/strong>MAGUS Stereo 7B Stereomicroscope<br \/>MAGUS Stereo 7T Stereomicroscope<br \/>MAGUS Stereo 8B Stereomicroscope<br \/>MAGUS Stereo 8T Stereomicroscope<br \/>MAGUS Stereo 7BH Microscope Head<br \/>MAGUS Stereo 7TH Microscope Head<br \/>MAGUS Stereo 8BH Microscope Head<br \/>MAGUS Stereo 8TH Microscope Head<br \/><strong><span lang='ES'><br \/>Especificaciones<br \/><\/span><\/strong><span lang='ES'>Material de las lentes: vidrio &#038;oacute ptico<br \/>Ampliaci&#038;oacute n, x: 20<br \/>Di&#038;aacute metro del campo de visi&#038;oacute n, mm: 12<br \/>Ajuste de dioptr&#038;iacute as: +<br \/>Di&#038;aacute metro del ocular, mm: 30<\/span><\/p>\n<p class='MsoNormal' style='margin-left: 18pt  text-align: justify '><strong>&#038;nbsp <\/strong><\/p>\n<p class='MsoNormal'>&#038;nbsp <\/p>\n<table>\n<tbody>\n<tr>\n<td>Marca<\/td>\n<td>MAGUS<\/td>\n<\/tr>\n<tr>\n<td>Garant\u00eda<\/td>\n<td>0,5<\/td>\n<\/tr>\n<tr>\n<td>EAN<\/td>\n<td>5905555019666<\/td>\n<\/tr>\n<tr>\n<td>Tama\u00f1o de paquete (LxAn.xAl.)<\/td>\n<td>4x4x6 cm<\/td>\n<\/tr>\n<tr>\n<td>Peso del env\u00edo<\/td>\n<td>0.1 kg<\/td>\n<\/tr>\n<\/tbody>\n<\/table>\n","protected":false},"excerpt":{"rendered":"<p>Se pueden usar oculares adicionales para ampliar el rango de aumento del microscopio.<br \/> El ocular con ajuste de dioptr\u00edas es la mejor opci\u00f3n para los microscopios que no tienen anillo de dioptr\u00edas en el tubo del ocular. Para los usuarios con problemas de visi\u00f3n, hace que sea m\u00e1s f\u00e1cil obtener una imagen n\u00edtida de un objeto. El ajuste de dioptr\u00edas del microscopio no interfiere con el uso del ocular. Se puede ajustar tanto en el ocular como en el tubo del ocular.<br \/> Di\u00e1metro del ocular: 30 mm<\/p>\n","protected":false},"featured_media":83602,"template":"","meta":{"_exactmetrics_skip_tracking":false,"_exactmetrics_sitenote_active":false,"_exactmetrics_sitenote_note":"","_exactmetrics_sitenote_category":0},"product_brand":[],"product_cat":[],"product_tag":[],"class_list":{"0":"post-84676","1":"product","2":"type-product","3":"status-publish","4":"has-post-thumbnail","7":"first","8":"instock","9":"taxable","10":"shipping-taxable","11":"purchasable","12":"product-type-simple"},"_links":{"self":[{"href":"https:\/\/microscopistas.com\/en\/wp-json\/wp\/v2\/product\/84676","targetHints":{"allow":["GET"]}}],"collection":[{"href":"https:\/\/microscopistas.com\/en\/wp-json\/wp\/v2\/product"}],"about":[{"href":"https:\/\/microscopistas.com\/en\/wp-json\/wp\/v2\/types\/product"}],"wp:featuredmedia":[{"embeddable":true,"href":"https:\/\/microscopistas.com\/en\/wp-json\/wp\/v2\/media\/83602"}],"wp:attachment":[{"href":"https:\/\/microscopistas.com\/en\/wp-json\/wp\/v2\/media?parent=84676"}],"wp:term":[{"taxonomy":"product_brand","embeddable":true,"href":"https:\/\/microscopistas.com\/en\/wp-json\/wp\/v2\/product_brand?post=84676"},{"taxonomy":"product_cat","embeddable":true,"href":"https:\/\/microscopistas.com\/en\/wp-json\/wp\/v2\/product_cat?post=84676"},{"taxonomy":"product_tag","embeddable":true,"href":"https:\/\/microscopistas.com\/en\/wp-json\/wp\/v2\/product_tag?post=84676"}],"curies":[{"name":"wp","href":"https:\/\/api.w.org\/{rel}","templated":true}]}}