{"id":84674,"date":"2024-07-29T18:29:43","date_gmt":"2024-07-29T16:29:43","guid":{"rendered":"http:\/\/microscopistas.com\/?post_type=product&#038;p=84674"},"modified":"2024-07-29T18:29:43","modified_gmt":"2024-07-29T16:29:43","slug":"ocular-con-escala-de-medicion-magus-sd10s-10%d1%85-22-mm-d-30-mm","status":"publish","type":"product","link":"https:\/\/microscopistas.com\/en\/producto\/ocular-con-escala-de-medicion-magus-sd10s-10%d1%85-22-mm-d-30-mm\/","title":{"rendered":"Ocular con escala de medici\u00f3n MAGUS SD10S 10\u0445\/22 mm (D 30 mm)"},"content":{"rendered":"<p class='MsoNormal'><strong style='mso-bidi-font-weight: normal '><span lang='ES'>Ocular con escala de medici&#038;oacute n MAGUS SD10S 10\u0445\/22 mm (D 30 mm)<br \/><\/span><\/strong><strong><span lang='ES'>Con ajuste de las dioptr&#038;iacute as. Ampliaci&#038;oacute n: 10x. Campo de visi&#038;oacute n: 22&#038;nbsp mm. Escala de medici&#038;oacute n con divisiones de 0,1&#038;nbsp mm<\/span><\/strong><\/p>\n<p class='MsoNormal'>El ocular con escala de medici&#038;oacute n se utiliza para medir el tama&#038;ntilde o de las muestras observadas y sus estructuras en unidades lineales: mil&#038;iacute metros o micras. El ocular se instala en sustituci&#038;oacute n de un ocular est&#038;aacute ndar de 10x. La escala de medici&#038;oacute n est&#038;aacute  situada en el plano del diafragma de campo, con divisiones de 0,1&#038;nbsp mm. Di&#038;aacute metro del ocular: 30&#038;nbsp mm.<\/p>\n<p class='MsoNormal'><strong style='mso-bidi-font-weight: normal '><span lang='ES'>Preparaci&#038;oacute n<br \/><\/span><\/strong>Antes de medir, es necesario calibrar la escala del ocular para cada aumento del objetivo que se vaya a utilizar. Para ello es necesario un portaobjetos de calibraci&#038;oacute n: micr&#038;oacute metro de platina con una escala. Para un microscopio estereosc&#038;oacute pico, recomendamos utilizar un portaobjetos de calibraci&#038;oacute n con una divisi&#038;oacute n de escala de 0,1 mm. El portaobjetos de calibraci&#038;oacute n se debe colocar en la platina y el microscopio se debe enfocar en la escala de medici&#038;oacute n. El ocular se gira en el tubo del ocular hasta que las escalas del portaobjetos y del ocular queden paralelas entre s&#038;iacute .<\/p>\n<p class='MsoNormal'><strong><span lang='ES'>C&#038;aacute lculo del valor de incremento de la escala integrada en el ocular para cada aumento del objetivo<br \/><\/span><\/strong>El c&#038;aacute lculo para cada aumento del objetivo se realiza seg&#038;uacute n la f&#038;oacute rmula:<br \/>E=TL\/A, donde:<br \/>E = divisi&#038;oacute n de la escala del ocular <br \/>T = divisi&#038;oacute n de la escala microm&#038;eacute trica de la platina marcada en el micr&#038;oacute metro de platina (0,01 mm) <br \/>L = n&#038;uacute mero de divisiones en el micr&#038;oacute metro de platina <br \/>A = n&#038;uacute mero de divisiones en la escala del ocular.<\/p>\n<p>Se deben anotar los valores resultantes de calcular la divisi&#038;oacute n de escala del ocular para cada aumento del objetivo.<\/p>\n<p class='MsoNormal'><strong><span lang='ES'>C&#038;aacute lculo del verdadero tama&#038;ntilde o lineal de un objeto<br \/><\/span><\/strong>Al medir un objeto, primero debe contar el n&#038;uacute mero de divisiones de la escala del ocular que el objeto abarca. El resultado se multiplica por el valor de escala previamente calculado para el aumento de objetivo seleccionado. El valor resultante ser&#038;aacute  el verdadero valor lineal del objeto.<\/p>\n<p class='MsoNormal'><strong><span lang='ES'>Compatibilidad:<br \/><\/span><\/strong><\/p>\n<p>Estereomicroscopio MAGUS Stereo 7B<br \/>Estereomicroscopio MAGUS Stereo 7T<br \/>Estereomicroscopio MAGUS Stereo 8B<br \/>Estereomicroscopio MAGUS Stereo 8T<br \/>Cabezal de microscopio MAGUS Stereo 7BH<br \/>Cabezal de microscopio MAGUS Stereo 7TH<br \/>Cabezal de microscopio MAGUS Stereo 8BH<br \/>Cabezal de microscopio MAGUS Stereo 8TH<\/p>\n<p class='MsoNormal'><strong style='mso-bidi-font-weight: normal '><span lang='ES' style='mso-bidi-font-size: 10.0pt '>Especificaciones<br \/><\/span><\/strong><span lang='ES' style='mso-bidi-font-size: 10.0pt '>Material de las lente: vidrio &#038;oacute ptico<br \/>Ampliaci&#038;oacute n, x: 10<br \/>Di&#038;aacute metro del campo de visi&#038;oacute n, mm: 22<br \/>Ajuste de dioptr&#038;iacute as: +<br \/>Divisiones de escalas, mm: 0,1<br \/>Di&#038;aacute metro del ocular, mm: 30<\/span><\/p>\n<table>\n<tbody>\n<tr>\n<td>Marca<\/td>\n<td>MAGUS<\/td>\n<\/tr>\n<tr>\n<td>Garant\u00eda<\/td>\n<td>0,5<\/td>\n<\/tr>\n<tr>\n<td>EAN<\/td>\n<td>5905555019642<\/td>\n<\/tr>\n<tr>\n<td>Tama\u00f1o de paquete (LxAn.xAl.)<\/td>\n<td>4x4x6 cm<\/td>\n<\/tr>\n<tr>\n<td>Peso del env\u00edo<\/td>\n<td>0.9 kg<\/td>\n<\/tr>\n<\/tbody>\n<\/table>\n","protected":false},"excerpt":{"rendered":"<p>El ocular con escala de medici\u00f3n se utiliza para medir el tama\u00f1o de las muestras observadas y sus estructuras en unidades lineales: mil\u00edmetros o micras. El ocular se instala en sustituci\u00f3n de un ocular est\u00e1ndar de 10x. La escala de medici\u00f3n est\u00e1 situada en el plano del diafragma de campo, con divisiones de 0,1 mm. Di\u00e1metro del ocular: 30 mm.<\/p>\n","protected":false},"featured_media":83596,"template":"","meta":{"_exactmetrics_skip_tracking":false,"_exactmetrics_sitenote_active":false,"_exactmetrics_sitenote_note":"","_exactmetrics_sitenote_category":0},"product_brand":[],"product_cat":[],"product_tag":[],"class_list":{"0":"post-84674","1":"product","2":"type-product","3":"status-publish","4":"has-post-thumbnail","7":"first","8":"instock","9":"taxable","10":"shipping-taxable","11":"purchasable","12":"product-type-simple"},"_links":{"self":[{"href":"https:\/\/microscopistas.com\/en\/wp-json\/wp\/v2\/product\/84674","targetHints":{"allow":["GET"]}}],"collection":[{"href":"https:\/\/microscopistas.com\/en\/wp-json\/wp\/v2\/product"}],"about":[{"href":"https:\/\/microscopistas.com\/en\/wp-json\/wp\/v2\/types\/product"}],"wp:featuredmedia":[{"embeddable":true,"href":"https:\/\/microscopistas.com\/en\/wp-json\/wp\/v2\/media\/83596"}],"wp:attachment":[{"href":"https:\/\/microscopistas.com\/en\/wp-json\/wp\/v2\/media?parent=84674"}],"wp:term":[{"taxonomy":"product_brand","embeddable":true,"href":"https:\/\/microscopistas.com\/en\/wp-json\/wp\/v2\/product_brand?post=84674"},{"taxonomy":"product_cat","embeddable":true,"href":"https:\/\/microscopistas.com\/en\/wp-json\/wp\/v2\/product_cat?post=84674"},{"taxonomy":"product_tag","embeddable":true,"href":"https:\/\/microscopistas.com\/en\/wp-json\/wp\/v2\/product_tag?post=84674"}],"curies":[{"name":"wp","href":"https:\/\/api.w.org\/{rel}","templated":true}]}}