{"id":84672,"date":"2024-07-29T18:29:43","date_gmt":"2024-07-29T16:29:43","guid":{"rendered":"http:\/\/microscopistas.com\/?post_type=product&#038;p=84672"},"modified":"2024-07-29T18:29:43","modified_gmt":"2024-07-29T16:29:43","slug":"lente-auxiliar-magus-al15-15%d1%85-47-mm","status":"publish","type":"product","link":"https:\/\/microscopistas.com\/en\/producto\/lente-auxiliar-magus-al15-15%d1%85-47-mm\/","title":{"rendered":"Lente auxiliar MAGUS AL15 1,5\u0445\/47 mm"},"content":{"rendered":"<p class='MsoNormal'><strong style='mso-bidi-font-weight: normal '><span lang='ES'>Lente auxiliar MAGUS AL15 1,5\u0445\/47 mm<br \/><\/span><\/strong><strong><span lang='ES'>Ampliaci&#038;oacute n: 1,5x. Distancia de trabajo: 47&#038;nbsp mm<\/span><\/strong><\/p>\n<p class='MsoNormal'>La lente del objetivo auxiliar 1,5x incrementa el aumento de un microscopio estereosc&#038;oacute pico, al tiempo que reduce la distancia de trabajo a 47&#038;nbsp mm y el campo de visi&#038;oacute n a 1,5x comparaci&#038;oacute n con un objetivo convencional.<\/p>\n<p class='MsoNormal'>El aumento de los microscopios estereosc&#038;oacute picos aumenta principalmente gracias a los oculares.<br \/>Para las observaciones a trav&#038;eacute s de oculares, la lente del objetivo auxiliar se utiliza cuando el aumento que se consigue con los oculares no es suficiente.<br \/>Al capturar im&#038;aacute genes con una c&#038;aacute mara digital, los oculares no est&#038;aacute n incluidos en el dise&#038;ntilde o &#038;oacute ptico y, por lo tanto, se utiliza una lente de objetivo auxiliar.<\/p>\n<p class='MsoNormal'>La lente auxiliar se atornilla a la tapa del objetivo.<\/p>\n<p class='MsoNormal'><strong><span lang='ES'>Compatibilidad:<br \/><\/span><\/strong>MAGUS Stereo 7B Stereomicroscope<br \/>MAGUS Stereo 7T Stereomicroscope<br \/>MAGUS Stereo 8B Stereomicroscope<br \/>MAGUS Stereo 8T Stereomicroscope<br \/>MAGUS Stereo 7BH Microscope Head<br \/>MAGUS Stereo 7TH Microscope Head<br \/>MAGUS Stereo 8BH Microscope Head<br \/>MAGUS Stereo 8TH Microscope Head<\/p>\n<p class='MsoNormal'><strong style='mso-bidi-font-weight: normal '><span lang='ES' style='mso-bidi-font-size: 10.0pt '>Especificaciones<br \/><\/span><\/strong><span lang='ES' style='mso-bidi-font-size: 10.0pt '>Ampliaci&#038;oacute n, x: 1,5<br \/>Distancia de trabajo con la lente auxiliar, mm: 47<\/span><strong style='mso-bidi-font-weight: normal '><span lang='ES' style='mso-bidi-font-size: 10.0pt '><br \/><\/span><\/strong><\/p>\n<table>\n<tbody>\n<tr>\n<td>Marca<\/td>\n<td>MAGUS<\/td>\n<\/tr>\n<tr>\n<td>Garant\u00eda<\/td>\n<td>0,5<\/td>\n<\/tr>\n<tr>\n<td>EAN<\/td>\n<td>5905555019628<\/td>\n<\/tr>\n<tr>\n<td>Tama\u00f1o de paquete (LxAn.xAl.)<\/td>\n<td>5x5x4 cm<\/td>\n<\/tr>\n<tr>\n<td>Peso del env\u00edo<\/td>\n<td>0.7 kg<\/td>\n<\/tr>\n<\/tbody>\n<\/table>\n","protected":false},"excerpt":{"rendered":"<p>La lente del objetivo auxiliar 1,5x incrementa el aumento de un microscopio estereosc\u00f3pico, al tiempo que reduce la distancia de trabajo a 47 mm y el campo de visi\u00f3n a 1,5x comparaci\u00f3n con un objetivo convencional.<\/p>\n","protected":false},"featured_media":83591,"template":"","meta":{"_exactmetrics_skip_tracking":false,"_exactmetrics_sitenote_active":false,"_exactmetrics_sitenote_note":"","_exactmetrics_sitenote_category":0},"product_brand":[],"product_cat":[],"product_tag":[],"class_list":{"0":"post-84672","1":"product","2":"type-product","3":"status-publish","4":"has-post-thumbnail","7":"first","8":"instock","9":"taxable","10":"shipping-taxable","11":"purchasable","12":"product-type-simple"},"_links":{"self":[{"href":"https:\/\/microscopistas.com\/en\/wp-json\/wp\/v2\/product\/84672","targetHints":{"allow":["GET"]}}],"collection":[{"href":"https:\/\/microscopistas.com\/en\/wp-json\/wp\/v2\/product"}],"about":[{"href":"https:\/\/microscopistas.com\/en\/wp-json\/wp\/v2\/types\/product"}],"wp:featuredmedia":[{"embeddable":true,"href":"https:\/\/microscopistas.com\/en\/wp-json\/wp\/v2\/media\/83591"}],"wp:attachment":[{"href":"https:\/\/microscopistas.com\/en\/wp-json\/wp\/v2\/media?parent=84672"}],"wp:term":[{"taxonomy":"product_brand","embeddable":true,"href":"https:\/\/microscopistas.com\/en\/wp-json\/wp\/v2\/product_brand?post=84672"},{"taxonomy":"product_cat","embeddable":true,"href":"https:\/\/microscopistas.com\/en\/wp-json\/wp\/v2\/product_cat?post=84672"},{"taxonomy":"product_tag","embeddable":true,"href":"https:\/\/microscopistas.com\/en\/wp-json\/wp\/v2\/product_tag?post=84672"}],"curies":[{"name":"wp","href":"https:\/\/api.w.org\/{rel}","templated":true}]}}