{"id":84671,"date":"2024-07-29T18:29:43","date_gmt":"2024-07-29T16:29:43","guid":{"rendered":"http:\/\/microscopistas.com\/?post_type=product&#038;p=84671"},"modified":"2024-07-29T18:29:43","modified_gmt":"2024-07-29T16:29:43","slug":"lente-auxiliar-magus-al05-05%d1%85-177-mm","status":"publish","type":"product","link":"https:\/\/microscopistas.com\/en\/producto\/lente-auxiliar-magus-al05-05%d1%85-177-mm\/","title":{"rendered":"Lente auxiliar MAGUS AL05 0,5\u0445\/177 mm"},"content":{"rendered":"<p class='MsoNormal'><strong style='mso-bidi-font-weight: normal '><span lang='ES'>Lente auxiliar MAGUS AL05 0,5\u0445\/177 mm<br \/><\/span><\/strong><strong><span lang='ES'>Ampliaci&#038;oacute n: 0,5x. Distancia de trabajo: 177&#038;nbsp mm<\/span><\/strong><\/p>\n<p class='MsoNormal'>La lente del objetivo auxiliar de 0,5x aumenta la distancia de trabajo y el campo de visi&#038;oacute n de un microscopio estereosc&#038;oacute pico, al tiempo que reduce el aumento total del microscopio.<br \/>Para soldadura, grabado, disecci&#038;oacute n y cualquier manipulaci&#038;oacute n con herramientas requieran una gran distancia de trabajo, un gran campo de visi&#038;oacute n y un bajo aumento. La lente del objetivo auxiliar de 0,5x hace que estos trabajos resulten mucho m&#038;aacute s c&#038;oacute modos.<\/p>\n<p class='MsoNormal'><span lang='ES'>&#038;nbsp <\/span>La lente auxiliar se atornilla a la tapa del objetivo.<\/p>\n<p class='MsoNormal'><strong><span lang='ES'>Compatibilidad:<br \/><\/span><\/strong>MAGUS Stereo 7B Stereomicroscope<br \/>MAGUS Stereo 7T Stereomicroscope<br \/>MAGUS Stereo 8B Stereomicroscope<br \/>MAGUS Stereo 8T Stereomicroscope<br \/>MAGUS Stereo 7BH Microscope Head<br \/>MAGUS Stereo 7TH Microscope Head<br \/>MAGUS Stereo 8BH Microscope Head<br \/>MAGUS Stereo 8TH Microscope Head<\/p>\n<p class='MsoNormal'><strong><span lang='ES'>Especificaciones<br \/><\/span><\/strong><span lang='ES'>Ampliaci&#038;oacute n, x: 0,5<br \/>Distancia de trabajo con la lente auxiliar, mm: 177<\/span><strong><span lang='ES'><br \/><\/span><\/strong><\/p>\n<p class='MsoNormal'><strong style='mso-bidi-font-weight: normal '><span lang='ES' style='mso-bidi-font-size: 10.0pt  mso-bidi-font-family: Arial '>&#038;nbsp <\/span><\/strong><\/p>\n<table>\n<tbody>\n<tr>\n<td>Marca<\/td>\n<td>MAGUS<\/td>\n<\/tr>\n<tr>\n<td>Garant\u00eda<\/td>\n<td>0,5<\/td>\n<\/tr>\n<tr>\n<td>EAN<\/td>\n<td>5905555019611<\/td>\n<\/tr>\n<tr>\n<td>Tama\u00f1o de paquete (LxAn.xAl.)<\/td>\n<td>6x5x4 cm<\/td>\n<\/tr>\n<tr>\n<td>Peso del env\u00edo<\/td>\n<td>0.1 kg<\/td>\n<\/tr>\n<\/tbody>\n<\/table>\n","protected":false},"excerpt":{"rendered":"<p>La lente del objetivo auxiliar de 0,5x aumenta la distancia de trabajo y el campo de visi\u00f3n de un microscopio estereosc\u00f3pico, al tiempo que reduce el aumento total del microscopio.<br \/> Para soldadura, grabado, disecci\u00f3n y cualquier manipulaci\u00f3n con herramientas requieran una gran distancia de trabajo, un gran campo de visi\u00f3n y un bajo aumento. La lente del objetivo auxiliar de 0,5x hace que estos trabajos resulten mucho m\u00e1s c\u00f3modos.<\/p>\n","protected":false},"featured_media":83588,"template":"","meta":{"_exactmetrics_skip_tracking":false,"_exactmetrics_sitenote_active":false,"_exactmetrics_sitenote_note":"","_exactmetrics_sitenote_category":0},"product_brand":[],"product_cat":[],"product_tag":[],"class_list":{"0":"post-84671","1":"product","2":"type-product","3":"status-publish","4":"has-post-thumbnail","7":"first","8":"instock","9":"taxable","10":"shipping-taxable","11":"purchasable","12":"product-type-simple"},"_links":{"self":[{"href":"https:\/\/microscopistas.com\/en\/wp-json\/wp\/v2\/product\/84671","targetHints":{"allow":["GET"]}}],"collection":[{"href":"https:\/\/microscopistas.com\/en\/wp-json\/wp\/v2\/product"}],"about":[{"href":"https:\/\/microscopistas.com\/en\/wp-json\/wp\/v2\/types\/product"}],"wp:featuredmedia":[{"embeddable":true,"href":"https:\/\/microscopistas.com\/en\/wp-json\/wp\/v2\/media\/83588"}],"wp:attachment":[{"href":"https:\/\/microscopistas.com\/en\/wp-json\/wp\/v2\/media?parent=84671"}],"wp:term":[{"taxonomy":"product_brand","embeddable":true,"href":"https:\/\/microscopistas.com\/en\/wp-json\/wp\/v2\/product_brand?post=84671"},{"taxonomy":"product_cat","embeddable":true,"href":"https:\/\/microscopistas.com\/en\/wp-json\/wp\/v2\/product_cat?post=84671"},{"taxonomy":"product_tag","embeddable":true,"href":"https:\/\/microscopistas.com\/en\/wp-json\/wp\/v2\/product_tag?post=84671"}],"curies":[{"name":"wp","href":"https:\/\/api.w.org\/{rel}","templated":true}]}}