{"id":84668,"date":"2024-07-29T18:29:42","date_gmt":"2024-07-29T16:29:42","guid":{"rendered":"http:\/\/microscopistas.com\/?post_type=product&#038;p=84668"},"modified":"2024-07-29T18:35:10","modified_gmt":"2024-07-29T16:35:10","slug":"cabezal-de-microscopio-magus-stereo-8bh","status":"publish","type":"product","link":"https:\/\/microscopistas.com\/en\/producto\/cabezal-de-microscopio-magus-stereo-8bh\/","title":{"rendered":"Cabezal de microscopio MAGUS Stereo 8BH"},"content":{"rendered":"<p>El cabezal del microscopio se utiliza junto con un soporte universal y una montura de enfoque. Est\u00e1 dise\u00f1ado para observar objetos tridimensionales y los detalles de su estructura, manteniendo el volumen virtual y la claridad del relieve de la superficie.<br \/> El sistema \u00f3ptico Greenough proporciona una gran profundidad de campo y produce im\u00e1genes tridimensionales gracias a un \u00e1ngulo estereosc\u00f3pico de 15\u00b0. El cabezal del microscopio ampl\u00eda la imagen de un objeto sin perder la orientaci\u00f3n espacial.<br \/> El cabezal, montado en un soporte universal, puede utilizarse para restauraci\u00f3n, soldadura, montaje, control de calidad y otras actividades similares.<\/p>\n<p><strong>Tipo de cabezal del microscopio<\/strong><\/p>\n<p>El cabezal es binocular  la c\u00e1mara digital se instala en el tubo del ocular en el lugar que ocupar\u00eda el ocular.<br \/> El kit de base incluye oculares de 10x\/22 mm con ajuste de las dioptr\u00edas y una larga distancia de acomodaci\u00f3n ocular para trabajar con gafas.<\/p>\n<p><strong>Zoom<\/strong><\/p>\n<p>El objetivo aumenta suavemente el aumento hasta 8,4x sin reducci\u00f3n del enfoque. El sistema \u00f3ptico proporciona una imagen tridimensional vertical (no invertida). Las lentes de objetivo auxiliares adicionales pueden aumentar el rango de aumentos, adem\u00e1s de modificar el campo de visi\u00f3n y la distancia de trabajo del microscopio.<\/p>\n<p><strong>Accesorios<\/strong><\/p>\n<p>Hay disponible una l\u00ednea de accesorios para este cabezal de microscopio. Se pueden usar oculares y objetivos auxiliares para ampliar el rango de aumento del microscopio.<br \/> Una c\u00e1mara digital transmite la imagen del microscopio a un monitor. Un portaobjetos de calibraci\u00f3n ayuda a medir con precisi\u00f3n las muestras. El valor de escala del portaobjetos de calibraci\u00f3n de los microscopios estereosc\u00f3picos es de 0,1 mm.<br \/> Iluminador anular para la iluminaci\u00f3n sin sombras de la zona de trabajo con luz reflejada.<br \/> Un iluminador anular con polarizador eliminar\u00e1 los reflejos de las im\u00e1genes que tome de superficies met\u00e1licas pulidas.<br \/> Un iluminador anular con conmutaci\u00f3n de sectores y una l\u00e1mpara de cuello de cisne permiten ajustar con precisi\u00f3n la iluminaci\u00f3n de la zona de trabajo. La l\u00e1mpara se fija al \u00e1ngulo seleccionado, creando las luces y sombras necesarias para el estudio, y la parte derecha de la muestra permanece iluminada.<br \/> Los soportes universales ampl\u00edan el \u00e1rea de trabajo y brindan m\u00e1s libertad a la hora de elegir la posici\u00f3n del cabezal del microscopio sobre el lugar de trabajo.<\/p>\n<p><strong>Caracter\u00edsticas principales:<\/strong><\/p>\n<ul>\n<li>Cabezal binocular: la c\u00e1mara digital est\u00e1 instalada en el tubo ocular en el lugar que ocupar\u00eda el ocular<\/li>\n<li>Sistema de zoom para lograr un aumento suave sin reducci\u00f3n del enfoque  hay una relaci\u00f3n de zoom de 8,4:1<\/li>\n<li>Las ventajas del sistema \u00f3ptico Greenough son la gran profundidad de campo, la dimensionalidad, el dise\u00f1o compacto y el precio razonable<\/li>\n<li>Amplia gama de accesorios opcionales compatibles<\/li>\n<\/ul>\n<p><strong>El kit incluye:<\/strong><\/p>\n<ul>\n<li>Cabezal de microscopio: objetivo con accesorio visual<\/li>\n<li>Ocular de 10x\/22 mm con larga distancia de acomodaci\u00f3n ocular y ajuste de dioptr\u00edas (2 unidades)<\/li>\n<li>Manual del usuario y tarjeta de garant\u00eda<\/li>\n<\/ul>\n<p><strong>Disponible bajo petici\u00f3n:<\/strong><\/p>\n<ul>\n<li>Ocular de 10x\/22 mm con escala<\/li>\n<li>Ocular de 15x\/16 mm (2 unidades)<\/li>\n<li>Ocular de 20x\/12 mm (2 unidades)<\/li>\n<li>Ocular de 25x\/9 mm (2 unidades)<\/li>\n<li>Ocular de 30x\/8 mm (2 unidades)<\/li>\n<li>Lente objetivo auxiliar de 0,5x<\/li>\n<li>Lente objetivo auxiliar de 1,5x<\/li>\n<li>Lente objetivo auxiliar de 2x<\/li>\n<li>Soporte universal con montura de enfoque<\/li>\n<li>Iluminador anular<\/li>\n<li>Iluminador anular con filtro polarizador<\/li>\n<li>Iluminador anular con conmutaci\u00f3n de sectores<\/li>\n<li>Iluminador de cuello de cisne<\/li>\n<li>C\u00e1mara digital<\/li>\n<li>Portaobjetos de calibraci\u00f3n<\/li>\n<\/ul>\n<table>\n<thead>\n<tr>\n<th><strong>Especificaciones<\/strong><\/th>\n<th><!--specs--><\/th>\n<\/tr>\n<\/thead>\n<tbody>\n<tr>\n<td>Campo de imagen<\/td>\n<td>estereosc\u00f3pico<\/td>\n<\/tr>\n<tr>\n<td>Sistema \u00f3ptico<\/td>\n<td>Greenough<\/td>\n<\/tr>\n<tr>\n<td>Di\u00e1metro de montura de enfoque, mm<\/td>\n<td>76<\/td>\n<\/tr>\n<tr>\n<td>Aumento del microscopio, x<\/td>\n<td>6,5\u201355 configuraci\u00f3n b\u00e1sica (opcional: 3,25\u2013330)<\/td>\n<\/tr>\n<tr>\n<td>Tipo de cabezal del microscopio<\/td>\n<td>binocular<\/td>\n<\/tr>\n<tr>\n<td>Inclinaci\u00f3n<\/td>\n<td>45\u00b0<\/td>\n<\/tr>\n<tr>\n<td>Distancia interpupilar, mm<\/td>\n<td>54\u201375<\/td>\n<\/tr>\n<tr>\n<td>Di\u00e1metro del ocular, mm<\/td>\n<td>30<\/td>\n<\/tr>\n<tr>\n<td>Ajuste de dioptr\u00edas<\/td>\n<td>\u00b15D en cada ocular<\/td>\n<\/tr>\n<tr>\n<td>Oculares, x\/campo, mm<\/td>\n<td>10x\/22, larga distancia de acomodaci\u00f3n ocular (opcional: 10x\/22 con escala, 15x\/16, 20x\/12, 25x\/9, 30x\/8)<\/td>\n<\/tr>\n<tr>\n<td>Objetivo de tipo zoom, x\/distancia de trabajo, mm\/campo de visi\u00f3n con ocular de 10x, mm<\/td>\n<td>0,65\u20135,5\/105\/33,8\u20134 (opcional: cuando se utilizan oculares adicionales y lentes de objetivo auxiliares: 3,25\u2013330\/177, 47, 26\/67,7\u20130,9)<\/td>\n<\/tr>\n<tr>\n<td>Relaci\u00f3n de zoom<\/td>\n<td>8,4:1<\/td>\n<\/tr>\n<tr>\n<td>Lentes de objetivo auxiliares disponibles, x<\/td>\n<td>0,5  1,5  2<\/td>\n<\/tr>\n<\/tbody>\n<\/table>\n<table>\n<tbody>\n<tr>\n<td>Marca<\/td>\n<td>MAGUS<\/td>\n<\/tr>\n<tr>\n<td>Garant\u00eda<\/td>\n<td>5 \u043b\u0435\u0442<\/td>\n<\/tr>\n<tr>\n<td>EAN<\/td>\n<td>5905555019581<\/td>\n<\/tr>\n<tr>\n<td>Tama\u00f1o de paquete (LxAn.xAl.)<\/td>\n<td>27x27x23 cm<\/td>\n<\/tr>\n<tr>\n<td>Peso del env\u00edo<\/td>\n<td>2 kg<\/td>\n<\/tr>\n<\/tbody>\n<\/table>\n","protected":false},"excerpt":{"rendered":"<p>El cabezal del microscopio se utiliza junto con un soporte universal y una montura de enfoque. Est\u00e1 dise\u00f1ado para observar objetos tridimensionales y los detalles de su estructura, manteniendo el volumen virtual y la claridad del relieve de la superficie.<br \/> El sistema \u00f3ptico Greenough proporciona una gran profundidad de campo y produce im\u00e1genes tridimensionales gracias a un \u00e1ngulo estereosc\u00f3pico de 15\u00b0. El cabezal del microscopio ampl\u00eda la imagen de un objeto sin perder la orientaci\u00f3n espacial.<br \/> El cabezal, montado en un soporte universal, puede utilizarse para restauraci\u00f3n, soldadura, montaje, control de calidad y otras actividades similares.<\/p>\n","protected":false},"featured_media":83580,"template":"","meta":{"_exactmetrics_skip_tracking":false,"_exactmetrics_sitenote_active":false,"_exactmetrics_sitenote_note":"","_exactmetrics_sitenote_category":0},"product_brand":[],"product_cat":[614],"product_tag":[],"class_list":{"0":"post-84668","1":"product","2":"type-product","3":"status-publish","4":"has-post-thumbnail","6":"product_cat-estereomicroscopios","7":"product_shipping_class-microscopio","9":"first","10":"instock","11":"taxable","12":"shipping-taxable","13":"purchasable","14":"product-type-simple"},"_links":{"self":[{"href":"https:\/\/microscopistas.com\/en\/wp-json\/wp\/v2\/product\/84668","targetHints":{"allow":["GET"]}}],"collection":[{"href":"https:\/\/microscopistas.com\/en\/wp-json\/wp\/v2\/product"}],"about":[{"href":"https:\/\/microscopistas.com\/en\/wp-json\/wp\/v2\/types\/product"}],"wp:featuredmedia":[{"embeddable":true,"href":"https:\/\/microscopistas.com\/en\/wp-json\/wp\/v2\/media\/83580"}],"wp:attachment":[{"href":"https:\/\/microscopistas.com\/en\/wp-json\/wp\/v2\/media?parent=84668"}],"wp:term":[{"taxonomy":"product_brand","embeddable":true,"href":"https:\/\/microscopistas.com\/en\/wp-json\/wp\/v2\/product_brand?post=84668"},{"taxonomy":"product_cat","embeddable":true,"href":"https:\/\/microscopistas.com\/en\/wp-json\/wp\/v2\/product_cat?post=84668"},{"taxonomy":"product_tag","embeddable":true,"href":"https:\/\/microscopistas.com\/en\/wp-json\/wp\/v2\/product_tag?post=84668"}],"curies":[{"name":"wp","href":"https:\/\/api.w.org\/{rel}","templated":true}]}}