{"id":84666,"date":"2024-07-29T18:29:40","date_gmt":"2024-07-29T16:29:40","guid":{"rendered":"http:\/\/microscopistas.com\/?post_type=product&#038;p=84666"},"modified":"2024-07-29T18:36:54","modified_gmt":"2024-07-29T16:36:54","slug":"estereomicroscopio-magus-stereo-a18t","status":"publish","type":"product","link":"https:\/\/microscopistas.com\/en\/producto\/estereomicroscopio-magus-stereo-a18t\/","title":{"rendered":"Estereomicroscopio MAGUS Stereo A18T"},"content":{"rendered":"<p>Microscopio estereosc\u00f3pico para investigaci\u00f3n con \u00f3ptica apocrom\u00e1tica.<br \/> Est\u00e1 dise\u00f1ado para observar objetos tridimensionales y los detalles de su estructura, manteniendo el volumen virtual y la claridad del relieve de la superficie. Tambi\u00e9n est\u00e1 equipado con un iluminador de luz transmitida integrado para examinar objetos transparentes en campo claro. La instalaci\u00f3n de accesorios adicionales permitir\u00e1 m\u00e9todos de campo oscuro, fluorescencia y polarizaci\u00f3n.<br \/> El sistema CMO (Common Main Objective) proporciona un gran campo de visi\u00f3n, alta resoluci\u00f3n, reproducci\u00f3n precisa del color y ausencia de distorsi\u00f3n de campo. Produce una imagen igualmente detallada y n\u00edtida tanto en los oculares como en una c\u00e1mara digital. El sistema CMO implica la instalaci\u00f3n de componentes adicionales en el sistema \u00f3ptico.<br \/> El microscopio se utiliza para ex\u00e1menes forenses, inspecciones industriales, biolog\u00eda, medicina (incluida la FIV), microelectr\u00f3nica, ciencia de los materiales y arqueolog\u00eda.<\/p>\n<p><strong>Cabezal del microscopio<\/strong><\/p>\n<p>Cabezal trinocular con un \u00e1ngulo de inclinaci\u00f3n de 20\u00b0, c\u00f3modo para largos periodos de trabajo. Los tubos oculares giran 180\u00b0. Usuario puede ajustar la distancia de acomodaci\u00f3n ocular de acuerdo con su estatura. La c\u00e1mara digital se instala en el tubo trinocular. Divisi\u00f3n del haz 100\/0 y 0\/100. El ajuste de dioptr\u00edas se realiza en los oculares.<\/p>\n<p><strong>Objetivo principal<\/strong><\/p>\n<p>Para formar una imagen tridimensional, el microscopio estereosc\u00f3pico CMO utiliza un objetivo principal, colocado estrictamente perpendicular al plano de la muestra. La luz que atraviesa la muestra o que se refleja en ella entra en el objetivo y se distribuye en dos canales \u00f3pticos paralelos. El \u00e1ngulo estereosc\u00f3pico es de 11\u00b0.<br \/> El microscopio est\u00e1 equipado con un objetivo apocrom\u00e1tico plano de 1x con una apertura num\u00e9rica de 0,15. Proporciona alta claridad y brillo de imagen para cualquier m\u00e9todo de investigaci\u00f3n en todo el rango de aumento. Distancia de trabajo: 60 mm.<\/p>\n<p><strong>Zoom<\/strong><\/p>\n<p>La lente de objetivo zoom (un sistema de lentes de canales \u00f3pticos paralelos) cambia suavemente el aumento en 18x sin perder el enfoque. El microscopio proporciona una imagen tridimensional en posici\u00f3n erguida (no invertida).<\/p>\n<p><strong>Mecanismo de enfoque<\/strong><\/p>\n<p>Existen mandos coaxiales de enfoque aproximado y enfloque preciso en ambos lados del microscopio. El ajuste del enfoque es fluido y se realiza sin esfuerzo. <\/p>\n<p><strong>Placas de platina<\/strong><\/p>\n<p>La placa transparente garantiza una iluminaci\u00f3n homog\u00e9nea de la muestra y una difusi\u00f3n \u00f3ptima de la luz para observar muestras transparentes y transl\u00facidas. La placa blanca y negra es adecuada para observar muestras opacas sobre un fondo contrastante: el lado negro es para objetos de color claro y el lado blanco para objetos de color oscuro.<\/p>\n<p><strong>Fuente de luz<\/strong><\/p>\n<p>El microscopio est\u00e1 equipado con un iluminador LED de luz transmitida (10\u202fW). Es lo suficientemente brillante como para funcionar no solo en campo claro, sino tambi\u00e9n en luz polarizada y campo oscuro. El LED tiene una vida \u00fatil de 50.000 horas.<\/p>\n<p><strong>Caracter\u00edsticas principales:<\/strong><\/p>\n<ul>\n<li>Sistema de zoom para lograr un aumento suave sin reducci\u00f3n del enfoque  relaci\u00f3n de zoom de 18:1<\/li>\n<li>Objetivo principal plano apocrom\u00e1tico con aumento de 1x y apertura num\u00e9rica de 0,15: la imagen con cualquier aumento es brillante, contrastada y detallada<\/li>\n<li>Ventajas del sistema CMO: amplio campo de visi\u00f3n, alta resoluci\u00f3n, sin distorsi\u00f3n, igual calidad de imagen en los oculares y en una c\u00e1mara digital<\/li>\n<li>Potente iluminador de luz transmitida LED de 10\u202fW, espec\u00edfico para trabajar en campo oscuro y luz polarizada  su vida \u00fatil es de 50.000 horas<\/li>\n<\/ul>\n<p><strong>El kit incluye:<\/strong><\/p>\n<ul>\n<li>Base con fuente de luz transmitida integrada y fuente de alimentaci\u00f3n<\/li>\n<li>Soporte con mecanismo de enfoque<\/li>\n<li>Cabezal de microscopio: objetivo con accesorio visual<\/li>\n<li>Objetivo principal apocrom\u00e1tico plano 1x<\/li>\n<li>Ocular de 10x\/23 mm con ajuste de las dioptr\u00edas (2 unidades)<\/li>\n<li>Placa blanca y negra<\/li>\n<li>Placa transparente<\/li>\n<li>Cable de alimentaci\u00f3n CA<\/li>\n<li>Cubierta protectora <\/li>\n<li>Manual del usuario y tarjeta de garant\u00eda<\/li>\n<\/ul>\n<table>\n<tbody>\n<tr>\n<td>Marca<\/td>\n<td>MAGUS<\/td>\n<\/tr>\n<tr>\n<td>Garant\u00eda<\/td>\n<td>5 \u043b\u0435\u0442<\/td>\n<\/tr>\n<tr>\n<td>EAN<\/td>\n<td>5905555019567<\/td>\n<\/tr>\n<tr>\n<td>Tama\u00f1o de paquete (LxAn.xAl.)<\/td>\n<td>75x62x50 cm<\/td>\n<\/tr>\n<tr>\n<td>Peso del env\u00edo<\/td>\n<td>13 kg<\/td>\n<\/tr>\n<tr>\n<td>Tipo<\/td>\n<td>est\u00e9reo\/instrumental<\/td>\n<\/tr>\n<tr>\n<td>Cabezal<\/td>\n<td>trinocular<\/td>\n<\/tr>\n<tr>\n<td>Ampliaci\u00f3n, x<\/td>\n<td>7,3\u2013135 configuraci\u00f3n b\u00e1sica, relaci\u00f3n de zoom 18:1<\/td>\n<\/tr>\n<tr>\n<td>Rango de ampliaci\u00f3n<\/td>\n<td>hasta 200x<\/td>\n<\/tr>\n<tr>\n<td>Di\u00e1metro del tubo del ocular, mm<\/td>\n<td>30<\/td>\n<\/tr>\n<tr>\n<td>Oculares<\/td>\n<td>10x\/23 mm<\/td>\n<\/tr>\n<tr>\n<td>Objetivos<\/td>\n<td>objetivo principal: plano apocrom\u00e1tico 1x (NA 0,15, campo de visi\u00f3n 31,4 mm)  objetivo de tipo zoom: 0,75\u201313,5\u0445<\/td>\n<\/tr>\n<tr>\n<td>Distancia de trabajo, mm<\/td>\n<td>60<\/td>\n<\/tr>\n<tr>\n<td>Distancia interpupilar, mm<\/td>\n<td>55 \u2014 75<\/td>\n<\/tr>\n<tr>\n<td>Platina<\/td>\n<td>placa negra\/blanca, placa de vidrio<\/td>\n<\/tr>\n<tr>\n<td>Ajuste di\u00f3ptrico<\/td>\n<td>\u00b15D en cada ocular<\/td>\n<\/tr>\n<tr>\n<td>Ajuste di\u00f3ptrico<\/td>\n<td>yes<\/td>\n<\/tr>\n<tr>\n<td>Diafragma<\/td>\n<td>iris ajustable (de 0 a 2,5 mm)<\/td>\n<\/tr>\n<tr>\n<td>Enfoque<\/td>\n<td>coaxial, aproximado (60 + 90 mm) y fino (0,002 mm)<\/td>\n<\/tr>\n<tr>\n<td>Iluminaci\u00f3n<\/td>\n<td>LED<\/td>\n<\/tr>\n<tr>\n<td>Ajuste del brillo<\/td>\n<td>yes<\/td>\n<\/tr>\n<tr>\n<td>Alimentaci\u00f3n<\/td>\n<td>alimentaci\u00f3n de red de CA, 85\u2013265 V, 50\/60 Hz<\/td>\n<\/tr>\n<tr>\n<td>Tipo de fuente de iluminaci\u00f3n<\/td>\n<td>LED de 10 W<\/td>\n<\/tr>\n<tr>\n<td>Intervalo de temperatura de funcionamiento, \u00b0C<\/td>\n<td>5 \u2014 35<\/td>\n<\/tr>\n<tr>\n<td>Adicional<\/td>\n<td>base de soporte: 365\u0445314 mm<\/td>\n<\/tr>\n<tr>\n<td>Nivel de usuario<\/td>\n<td>usuarios experimentados, profesionales<\/td>\n<\/tr>\n<tr>\n<td>Montaje y nivel de dificultad de instalaci\u00f3n<\/td>\n<td>complicado<\/td>\n<\/tr>\n<tr>\n<td>Sistema \u00f3ptico<\/td>\n<td>CMO<\/td>\n<\/tr>\n<tr>\n<td>Aplicaci\u00f3n<\/td>\n<td>laboratorio\/m\u00e9dico, investigaci\u00f3n aplicada<\/td>\n<\/tr>\n<tr>\n<td>Ubicaci\u00f3n de la iluminaci\u00f3n<\/td>\n<td>inferior<\/td>\n<\/tr>\n<tr>\n<td>M\u00e9todo de investigaci\u00f3n<\/td>\n<td>campo claro<\/td>\n<\/tr>\n<tr>\n<td>Funda\/malet\u00edn\/bolsa incluida en el kit<\/td>\n<td>cubierta protectora<\/td>\n<\/tr>\n<\/tbody>\n<\/table>\n","protected":false},"excerpt":{"rendered":"<p>Microscopio estereosc\u00f3pico para investigaci\u00f3n con \u00f3ptica apocrom\u00e1tica.<br \/> Est\u00e1 dise\u00f1ado para observar objetos tridimensionales y los detalles de su estructura, manteniendo el volumen virtual y la claridad del relieve de la superficie. Tambi\u00e9n est\u00e1 equipado con un iluminador de luz transmitida integrado para examinar objetos transparentes en campo claro. La instalaci\u00f3n de accesorios adicionales permitir\u00e1 m\u00e9todos de campo oscuro, fluorescencia y polarizaci\u00f3n.<br \/> El sistema CMO (Common Main Objective) proporciona un gran campo de visi\u00f3n, alta resoluci\u00f3n, reproducci\u00f3n precisa del color y ausencia de distorsi\u00f3n de campo. Produce una imagen igualmente detallada y n\u00edtida tanto en los oculares como en una c\u00e1mara digital. El sistema CMO implica la instalaci\u00f3n de componentes adicionales en el sistema \u00f3ptico.<br \/> El microscopio se utiliza para ex\u00e1menes forenses, inspecciones industriales, biolog\u00eda, medicina (incluida la FIV), microelectr\u00f3nica, ciencia de los materiales y arqueolog\u00eda.<\/p>\n","protected":false},"featured_media":83574,"template":"","meta":{"_exactmetrics_skip_tracking":false,"_exactmetrics_sitenote_active":false,"_exactmetrics_sitenote_note":"","_exactmetrics_sitenote_category":0},"product_brand":[],"product_cat":[614],"product_tag":[],"class_list":{"0":"post-84666","1":"product","2":"type-product","3":"status-publish","4":"has-post-thumbnail","6":"product_cat-estereomicroscopios","7":"product_shipping_class-microscopio","9":"first","10":"instock","11":"taxable","12":"shipping-taxable","13":"purchasable","14":"product-type-simple"},"_links":{"self":[{"href":"https:\/\/microscopistas.com\/en\/wp-json\/wp\/v2\/product\/84666","targetHints":{"allow":["GET"]}}],"collection":[{"href":"https:\/\/microscopistas.com\/en\/wp-json\/wp\/v2\/product"}],"about":[{"href":"https:\/\/microscopistas.com\/en\/wp-json\/wp\/v2\/types\/product"}],"wp:featuredmedia":[{"embeddable":true,"href":"https:\/\/microscopistas.com\/en\/wp-json\/wp\/v2\/media\/83574"}],"wp:attachment":[{"href":"https:\/\/microscopistas.com\/en\/wp-json\/wp\/v2\/media?parent=84666"}],"wp:term":[{"taxonomy":"product_brand","embeddable":true,"href":"https:\/\/microscopistas.com\/en\/wp-json\/wp\/v2\/product_brand?post=84666"},{"taxonomy":"product_cat","embeddable":true,"href":"https:\/\/microscopistas.com\/en\/wp-json\/wp\/v2\/product_cat?post=84666"},{"taxonomy":"product_tag","embeddable":true,"href":"https:\/\/microscopistas.com\/en\/wp-json\/wp\/v2\/product_tag?post=84666"}],"curies":[{"name":"wp","href":"https:\/\/api.w.org\/{rel}","templated":true}]}}