{"id":84665,"date":"2024-07-29T18:29:40","date_gmt":"2024-07-29T16:29:40","guid":{"rendered":"http:\/\/microscopistas.com\/?post_type=product&#038;p=84665"},"modified":"2024-07-29T18:36:36","modified_gmt":"2024-07-29T16:36:36","slug":"estereomicroscopio-magus-stereo-a10","status":"publish","type":"product","link":"https:\/\/microscopistas.com\/en\/producto\/estereomicroscopio-magus-stereo-a10\/","title":{"rendered":"Estereomicroscopio MAGUS Stereo A10"},"content":{"rendered":"<p>El microscopio estereosc\u00f3pico o estereomicroscopio de investigaci\u00f3n MAGUS Stereo A10 est\u00e1 dise\u00f1ado seg\u00fan el modelo CMO. Este potente dispositivo tambi\u00e9n puede ampliar su funcionalidad con accesorios adicionales. Un estereomicroscopio CMO con una relaci\u00f3n de zoom de 10:1 ser\u00e1 \u00fatil en la producci\u00f3n para el control de calidad y en la investigaci\u00f3n cient\u00edfica seria en los campos de la medicina, la biolog\u00eda, la medicina forense, la investigaci\u00f3n de materiales, la arqueolog\u00eda y otros. El sistema CMO garantiza una imagen tridimensional de alta calidad de un objeto con reproducci\u00f3n aut\u00e9ntica del color y la forma, un amplio campo de visi\u00f3n y alta resoluci\u00f3n. Es adecuado para la investigaci\u00f3n tanto para luz transmitida como reflejada.<\/p>\n<p>Los dos tubos del cabezal binocular forman un \u00e1ngulo de 20\u00b0 con respecto al plano horizontal: esta posici\u00f3n es c\u00f3moda y eficaz, especialmente cuando es necesario realizar observaciones prolongadas. No hay mecanismo de ajuste de las dioptr\u00edas en los tubos  si necesita ajustar la nitidez para una visi\u00f3n imperfecta, utilice oculares con anillo de ajuste de dioptr\u00edas. El microscopio puede equiparse con una c\u00e1mara digital, que puede instalarse en el accesorio intermedio con salida de fotos (no incluido)  tambi\u00e9n necesitar\u00e1 un adaptador de montura C para la conexi\u00f3n.<\/p>\n<p>El siguiente elemento \u00f3ptico de los tubos son los objetivos zoom. Cada tubo tiene su propio sistema de objetivos que, con un cambio suave del aumento, cambia autom\u00e1ticamente la distancia focal. Esto significa que el microscopio siempre produce una imagen clara y enfocada del objeto. La capacidad de zoom de este modelo de microscopio viene determinada por una relaci\u00f3n de 10:1.<\/p>\n<p>Los tubos est\u00e1n conectados en el objetivo principal. Est\u00e1 situado en un \u00e1ngulo de 90\u00b0 con respecto a la superficie del objeto. Gracias a esta posici\u00f3n, las formas del objeto se transmiten con precisi\u00f3n. Los microscopios CMO tienen un \u00e1ngulo estereosc\u00f3pico de 11\u00b0. El kit MAGUS Stereo A10 incluye un objetivo 1x con una distancia de trabajo de 78 mm. La \u00f3ptica es acrom\u00e1tica plana, con correcci\u00f3n de distorsiones esf\u00e9ricas y crom\u00e1ticas.<\/p>\n<p>El sistema de enfoque se encuentra a ambos lados del soporte y consta de mandos de enfoque aproximado y preciso. La tensi\u00f3n del recorrido de enfoque aproximado se puede ajustar.<\/p>\n<p>Para trabajar tanto con luz reflejada como transmitida, la platina est\u00e1 equipada con dos placas. Para las muestras opacas se necesita una placa de doble cara en blanco y negro, que se instala en la platina seg\u00fan el principio de contraste con el objeto: el lado negro para las muestras claras y el lado blanco para las oscuras. Una placa transparente ayuda a iluminar el objeto de forma m\u00e1s uniforme con luz difusa transmitida.<\/p>\n<p>El microscopio est\u00e1 equipado con iluminadores LED para luz transmitida y reflejada de iluminaci\u00f3n oblicua. El iluminador de luz transmitida tiene una potencia de 6 W, y el iluminador de luz reflejada tiene una potencia de 3 W. Los LED tienen una vida \u00fatil de 50.000 horas. <\/p>\n<p>El kit de microscopio puede complementarse con piezas adicionales. Entre ellas se incluyen oculares que ampl\u00edan las capacidades de aumento, un objetivo principal con diferentes aumentos, distancia de trabajo y campo de visi\u00f3n, y portaobjetos de calibraci\u00f3n para microscopios estereosc\u00f3picos. Los portaobjetos de calibraci\u00f3n ayudan a medir las dimensiones del objeto. La separaci\u00f3n entre las divisiones es de 0,1 mm.<\/p>\n<p><strong>Caracter\u00edsticas principales:<\/strong><\/p>\n<ul>\n<li>Estereomicroscopio CMO: garantiza la ausencia de distorsiones geom\u00e9tricas del objeto, tiene un gran campo de visi\u00f3n, alta resoluci\u00f3n y reproducci\u00f3n aut\u00e9ntica del color<\/li>\n<li>Permite la instalaci\u00f3n de una c\u00e1mara digital en un accesorio adicional<\/li>\n<li>El objetivo zoom proporciona una relaci\u00f3n de zoom de 10:1 y ajusta autom\u00e1ticamente la distancia focal<\/li>\n<li>El objetivo principal es acrom\u00e1tico plano con un aumento de 1x y una distancia de trabajo de 78 mm<\/li>\n<li>Iluminaci\u00f3n: a partir de fuentes de luz transmitida y reflejada de iluminaci\u00f3n oblicua, alimentadas por LED<\/li>\n<li>Dos placas de platina para trabajar con muestras transparentes y opacas<\/li>\n<\/ul>\n<p><strong>El kit incluye:<\/strong><\/p>\n<ul>\n<li>Base con fuente de luz transmitida integrada y fuente de alimentaci\u00f3n<\/li>\n<li>Soporte con mecanismo de enfoque<\/li>\n<li>Cabezal de microscopio: objetivo con accesorio visual<\/li>\n<li>Objetivo principal acrom\u00e1tico plano 1x<\/li>\n<li>Ocular de 10x\/22 mm con ajuste de las dioptr\u00edas (2 unidades)<\/li>\n<li>Ocular de 10x\/24 mm con ajuste de las dioptr\u00edas (2 unidades)<\/li>\n<li>Placa blanca y negra<\/li>\n<li>Placa transparente<\/li>\n<li>Iluminador oblicuo de luz reflejada <\/li>\n<li>Cable de alimentaci\u00f3n CA<\/li>\n<li>Cubierta protectora <\/li>\n<li>Manual del usuario y tarjeta de garant\u00eda<\/li>\n<\/ul>\n<p><strong>Disponible bajo petici\u00f3n:<\/strong><\/p>\n<ul>\n<li>Ocular de 15x\/16 mm (2 unidades)<\/li>\n<li>Ocular de 20x\/12 mm (2 unidades)<\/li>\n<li>Objetivo principal acrom\u00e1tico 0,3x<\/li>\n<li>Objetivo principal acrom\u00e1tico plano 0,5x<\/li>\n<li>Objetivo principal acrom\u00e1tico plano 2x<\/li>\n<li>Portaobjetos de calibraci\u00f3n<\/li>\n<\/ul>\n<table>\n<tbody>\n<tr>\n<td>Marca<\/td>\n<td>MAGUS<\/td>\n<\/tr>\n<tr>\n<td>Garant\u00eda<\/td>\n<td>5 \u043b\u0435\u0442<\/td>\n<\/tr>\n<tr>\n<td>EAN<\/td>\n<td>5905555019550<\/td>\n<\/tr>\n<tr>\n<td>Tama\u00f1o de paquete (LxAn.xAl.)<\/td>\n<td>46x44x62 cm<\/td>\n<\/tr>\n<tr>\n<td>Peso del env\u00edo<\/td>\n<td>9.4 kg<\/td>\n<\/tr>\n<tr>\n<td>Tipo<\/td>\n<td>est\u00e9reo\/instrumental<\/td>\n<\/tr>\n<tr>\n<td>Cabezal<\/td>\n<td>binocular<\/td>\n<\/tr>\n<tr>\n<td>Ampliaci\u00f3n, x<\/td>\n<td>8\u201380 configuraci\u00f3n b\u00e1sica (*opcional: 2,4\u2013320), relaci\u00f3n de zoom 10:1<\/td>\n<\/tr>\n<tr>\n<td>Rango de ampliaci\u00f3n<\/td>\n<td>hasta 200x<\/td>\n<\/tr>\n<tr>\n<td>Di\u00e1metro del tubo del ocular, mm<\/td>\n<td>30<\/td>\n<\/tr>\n<tr>\n<td>Oculares<\/td>\n<td>10x\/22 mm, 10x\/24 mm (*opcional: 15x\/16 mm, 20\u0445\/12 mm)<\/td>\n<\/tr>\n<tr>\n<td>Objetivos<\/td>\n<td>objetivo principal: plano acrom\u00e1tico 1x (*opcional: acrom\u00e1tico 0,3x, plano acrom\u00e1tico 0,5x, plano acrom\u00e1tico 2x)  objetivo de tipo zoom: 0,8\u20138\u0445<\/td>\n<\/tr>\n<tr>\n<td>Distancia de trabajo, mm<\/td>\n<td>78<\/td>\n<\/tr>\n<tr>\n<td>Distancia interpupilar, mm<\/td>\n<td>55 \u2014 75<\/td>\n<\/tr>\n<tr>\n<td>Campo lineal de visi\u00f3n, mm<\/td>\n<td>9.17 \u2014 2.75<\/td>\n<\/tr>\n<tr>\n<td>Platina<\/td>\n<td>placa negra\/blanca, placa de vidrio<\/td>\n<\/tr>\n<tr>\n<td>Ajuste di\u00f3ptrico<\/td>\n<td>\u00b15D en cada ocular<\/td>\n<\/tr>\n<tr>\n<td>Ajuste di\u00f3ptrico<\/td>\n<td>yes<\/td>\n<\/tr>\n<tr>\n<td>Enfoque<\/td>\n<td>coaxial, enfoque aproximado (105 mm, con ajuste de tensi\u00f3n) y fino<\/td>\n<\/tr>\n<tr>\n<td>Iluminaci\u00f3n<\/td>\n<td>LED<\/td>\n<\/tr>\n<tr>\n<td>Ajuste del brillo<\/td>\n<td>yes<\/td>\n<\/tr>\n<tr>\n<td>Alimentaci\u00f3n<\/td>\n<td>220 V\/50 Hz, alimentaci\u00f3n de red de CA, mediante adaptador de corriente 5\u202fV, 2 A<\/td>\n<\/tr>\n<tr>\n<td>Tipo de fuente de iluminaci\u00f3n<\/td>\n<td>fuente de luz oblicua reflejada: LED de 3 W  luz transmitida: LED de 6 W<\/td>\n<\/tr>\n<tr>\n<td>Intervalo de temperatura de funcionamiento, \u00b0C<\/td>\n<td>5 \u2014 35<\/td>\n<\/tr>\n<tr>\n<td>Nivel de usuario<\/td>\n<td>usuarios experimentados, profesionales<\/td>\n<\/tr>\n<tr>\n<td>Montaje y nivel de dificultad de instalaci\u00f3n<\/td>\n<td>complicado<\/td>\n<\/tr>\n<tr>\n<td>Sistema \u00f3ptico<\/td>\n<td>CMO<\/td>\n<\/tr>\n<tr>\n<td>Aplicaci\u00f3n<\/td>\n<td>laboratorio\/m\u00e9dico, investigaci\u00f3n aplicada<\/td>\n<\/tr>\n<tr>\n<td>Ubicaci\u00f3n de la iluminaci\u00f3n<\/td>\n<td>doble<\/td>\n<\/tr>\n<tr>\n<td>M\u00e9todo de investigaci\u00f3n<\/td>\n<td>campo claro<\/td>\n<\/tr>\n<tr>\n<td>Funda\/malet\u00edn\/bolsa incluida en el kit<\/td>\n<td>cubierta protectora<\/td>\n<\/tr>\n<\/tbody>\n<\/table>\n","protected":false},"excerpt":{"rendered":"<p>El microscopio estereosc\u00f3pico o estereomicroscopio de investigaci\u00f3n MAGUS Stereo A10 est\u00e1 dise\u00f1ado seg\u00fan el modelo CMO. Este potente dispositivo tambi\u00e9n puede ampliar su funcionalidad con accesorios adicionales. Un estereomicroscopio CMO con una relaci\u00f3n de zoom de 10:1 ser\u00e1 \u00fatil en la producci\u00f3n para el control de calidad y en la investigaci\u00f3n cient\u00edfica seria en los campos de la medicina, la biolog\u00eda, la medicina forense, la investigaci\u00f3n de materiales, la arqueolog\u00eda y otros. El sistema CMO garantiza una imagen tridimensional de alta calidad de un objeto con reproducci\u00f3n aut\u00e9ntica del color y la forma, un amplio campo de visi\u00f3n y alta resoluci\u00f3n. Es adecuado para la investigaci\u00f3n tanto para luz transmitida como reflejada.<\/p>\n","protected":false},"featured_media":83571,"template":"","meta":{"_exactmetrics_skip_tracking":false,"_exactmetrics_sitenote_active":false,"_exactmetrics_sitenote_note":"","_exactmetrics_sitenote_category":0},"product_brand":[],"product_cat":[614],"product_tag":[],"class_list":{"0":"post-84665","1":"product","2":"type-product","3":"status-publish","4":"has-post-thumbnail","6":"product_cat-estereomicroscopios","7":"product_shipping_class-microscopio","9":"first","10":"instock","11":"taxable","12":"shipping-taxable","13":"purchasable","14":"product-type-simple"},"_links":{"self":[{"href":"https:\/\/microscopistas.com\/en\/wp-json\/wp\/v2\/product\/84665","targetHints":{"allow":["GET"]}}],"collection":[{"href":"https:\/\/microscopistas.com\/en\/wp-json\/wp\/v2\/product"}],"about":[{"href":"https:\/\/microscopistas.com\/en\/wp-json\/wp\/v2\/types\/product"}],"wp:featuredmedia":[{"embeddable":true,"href":"https:\/\/microscopistas.com\/en\/wp-json\/wp\/v2\/media\/83571"}],"wp:attachment":[{"href":"https:\/\/microscopistas.com\/en\/wp-json\/wp\/v2\/media?parent=84665"}],"wp:term":[{"taxonomy":"product_brand","embeddable":true,"href":"https:\/\/microscopistas.com\/en\/wp-json\/wp\/v2\/product_brand?post=84665"},{"taxonomy":"product_cat","embeddable":true,"href":"https:\/\/microscopistas.com\/en\/wp-json\/wp\/v2\/product_cat?post=84665"},{"taxonomy":"product_tag","embeddable":true,"href":"https:\/\/microscopistas.com\/en\/wp-json\/wp\/v2\/product_tag?post=84665"}],"curies":[{"name":"wp","href":"https:\/\/api.w.org\/{rel}","templated":true}]}}