{"id":84664,"date":"2024-07-29T18:29:40","date_gmt":"2024-07-29T16:29:40","guid":{"rendered":"http:\/\/microscopistas.com\/?post_type=product&#038;p=84664"},"modified":"2024-07-29T18:36:17","modified_gmt":"2024-07-29T16:36:17","slug":"estereomicroscopio-magus-stereo-a8","status":"publish","type":"product","link":"https:\/\/microscopistas.com\/en\/producto\/estereomicroscopio-magus-stereo-a8\/","title":{"rendered":"Estereomicroscopio MAGUS Stereo A8"},"content":{"rendered":"<p><strong>Estereomicroscopio MAGUS Stereo A8<\/strong><br \/>Ampliaci&#038;oacute n: 8&#038;ndash 64x. Sistema CMO. Cabezal binocular, iluminador de luz transmitida LED de 6 W, iluminador oblicuo de luz reflejada LED de 3 W<\/p>\n<p>El MAGUS Stereo A8 es un microscopio estereosc&#038;oacute pico para investigaci&#038;oacute n. Este modelo trabaja con objetos tridimensionales y crea su imagen en 3D: el investigador tiene la oportunidad de examinar las caracter&#038;iacute sticas topogr&#038;aacute ficas del objeto y estimar sus dimensiones en tres dimensiones. El microscopio trabaja con muestras transparentes y opacas  para ello, est&#038;aacute  equipado con iluminadores de luz transmitida y reflejada.<br \/>El microscopio est&#038;aacute  dise&#038;ntilde ado seg&#038;uacute n el sistema CMO (Common Main Objective). Ofrece un amplio campo de visi&#038;oacute n, visualizaci&#038;oacute n de im&#038;aacute genes sin distorsi&#038;oacute n geom&#038;eacute trica, as&#038;iacute  como una alta resoluci&#038;oacute n y un elevado nivel de reproducci&#038;oacute n crom&#038;aacute tica. Los accesorios adicionales pueden a&#038;ntilde adir funcionalidad adicional al microscopio.<br \/>El modelo MAGUS Stereo A8 es adecuado para ex&#038;aacute menes forenses, investigaciones m&#038;eacute dicas, biol&#038;oacute gicas, arqueol&#038;oacute gicas, para trabajos en el campo de la microelectr&#038;oacute nica, ciencia de materiales y para control de calidad industrial.<\/p>\n<p>El microscopio tiene un cabezal binocular, con los tubos instalados en un &#038;aacute ngulo de 20 grados. No disponen de sistema de ajuste de las dioptr&#038;iacute as: si necesita ajustar la nitidez para adaptarla a su visi&#038;oacute n particular, utilice oculares con anillo de ajuste de dioptr&#038;iacute as. Puede instalar una c&#038;aacute mara digital en el cabezal del microscopio: montada en el accesorio intermedio, necesitar&#038;aacute  un adaptador de montura C.<\/p>\n<p>En un microscopio estereosc&#038;oacute pico con sistema CMO, dos canales &#038;oacute pticos que atraviesan los tubos de oculares se unen en el objetivo principal. Est&#038;aacute  situado en &#038;aacute ngulo recto con respecto al plano del objeto de observaci&#038;oacute n, lo que significa que la imagen del objeto no se deforma. El &#038;aacute ngulo estereosc&#038;oacute pico es de 11 grados: el objeto es visible en tres dimensiones. El modelo MAGUS Stereo A8 est&#038;aacute  equipado con un objetivo plano acrom&#038;aacute tico con aumento de 1x. El objetivo plano acrom&#038;aacute tico corrige las distorsiones esf&#038;eacute ricas y crom&#038;aacute ticas  la distancia de trabajo del microscopio es de 78 mm.<\/p>\n<p>El objetivo zoom de los tubos cambia simult&#038;aacute neamente el aumento y la distancia focal, manteniendo constantemente una imagen clara y enfocada del objeto. La imagen se forma inicialmente de forma directa, no invertida. La relaci&#038;oacute n de zoom del microscopio MAGUS Stereo A8 es de 8:1.<\/p>\n<p>Puede ajustar la imagen enfocada utilizando los mandos de enfoque. Est&#038;aacute n situados coaxialmente. La tensi&#038;oacute n de desplazamiento se puede ajustar.<\/p>\n<p>La platina para muestras est&#038;aacute  equipada con dos placas. La placa transparente se utiliza para muestras transparentes y transl&#038;uacute cidas y para estudios con luz transmitida. Ayuda a conseguir una iluminaci&#038;oacute n uniforme del objeto. La placa en blanco y negro sirve de fondo para objetos opacos en funci&#038;oacute n del contraste: las muestras claras se examinan sobre un sustrato negro, y las oscuras sobre uno blanco.<\/p>\n<p>La fuente de iluminaci&#038;oacute n del microscopio es con LED. Hay dos iluminadores: luz transmitida (6\u202fW) y luz oblicua reflejada (3\u202fW). La vida &#038;uacute til de los LED es de 50.000 horas.<\/p>\n<p>Los accesorios del microscopio pueden intercambiarse para conseguir las caracter&#038;iacute sticas t&#038;eacute cnicas deseadas. Los oculares afectan al aumento. El objetivo principal afecta al aumento, la distancia de trabajo y la amplitud del campo visual. Para realizar mediciones al examinar un objeto, puede utilizar portaobjetos de calibraci&#038;oacute n con un valor de divisi&#038;oacute n de 0,1 mm.<\/p>\n<p><strong>Caracter&#038;iacute sticas principales:<\/strong><\/p>\n<p>Microscopio estereosc&#038;oacute pico para investigaci&#038;oacute n  las caracter&#038;iacute sticas t&#038;eacute cnicas se pueden ajustar con accesorios y complementos reemplazables<br \/>Funciona con muestras transparentes y opacas mediante iluminadores de luz oblicua transmitida y reflejada<br \/>Fuente de luz: LED<br \/>Incorpora el sistema CMO: tiene un gran campo de visi&#038;oacute n y muestra im&#038;aacute genes sin distorsi&#038;oacute n geom&#038;eacute trica<br \/>El cabezal binocular puede complementarse con una c&#038;aacute mara digital<br \/>El objetivo acrom&#038;aacute tico de plano principal tiene un aumento de 1x<br \/>El zoom proporciona 8 aumentos<br \/>Dos placas de platina para diferentes tipos de estudios<\/p>\n<p><strong>El kit incluye:<br \/><\/strong>Base con fuente de luz transmitida integrada y fuente de alimentaci&#038;oacute n<br \/>Soporte con mecanismo de enfoque<br \/>Cabezal de microscopio: objetivo con accesorio visual<br \/>Objetivo principal acrom&#038;aacute tico plano 1x<br \/>Ocular de 10x\/22 mm con ajuste de las dioptr&#038;iacute as (2 unidades)<br \/>Ocular de 10x\/24 mm con ajuste de las dioptr&#038;iacute as (2 unidades)<br \/>Placa blanca y negra<br \/>Placa transparente<br \/>Iluminador oblicuo de luz reflejada<br \/>Cable de alimentaci&#038;oacute n CA<br \/>Cubierta protectora<br \/>Manual del usuario y tarjeta de garant&#038;iacute a<\/p>\n<p><strong>Disponible bajo petici&#038;oacute n:<br \/><\/strong>Ocular de 15x\/16 mm (2 unidades)<br \/>Ocular de 20x\/12 mm (2 unidades)<br \/>Objetivo principal acrom&#038;aacute tico 0,3x<br \/>Objetivo principal acrom&#038;aacute tico plano 0,5x<br \/>Objetivo principal acrom&#038;aacute tico plano 2x<br \/>Portaobjetos de calibraci&#038;oacute n<\/p>\n<table>\n<tbody>\n<tr>\n<td>Marca<\/td>\n<td>MAGUS<\/td>\n<\/tr>\n<tr>\n<td>Garant\u00eda<\/td>\n<td>5 \u043b\u0435\u0442<\/td>\n<\/tr>\n<tr>\n<td>EAN<\/td>\n<td>5905555019543<\/td>\n<\/tr>\n<tr>\n<td>Tama\u00f1o de paquete (LxAn.xAl.)<\/td>\n<td>46x44x62 cm<\/td>\n<\/tr>\n<tr>\n<td>Peso del env\u00edo<\/td>\n<td>9.2 kg<\/td>\n<\/tr>\n<tr>\n<td>Tipo<\/td>\n<td>est\u00e9reo\/instrumental<\/td>\n<\/tr>\n<tr>\n<td>Cabezal<\/td>\n<td>binocular<\/td>\n<\/tr>\n<tr>\n<td>Ampliaci\u00f3n, x<\/td>\n<td>8\u201364 configuraci\u00f3n b\u00e1sica (*opcional: 2,4\u2013256), relaci\u00f3n de zoom 8:1<\/td>\n<\/tr>\n<tr>\n<td>Rango de ampliaci\u00f3n<\/td>\n<td>hasta 200x<\/td>\n<\/tr>\n<tr>\n<td>Di\u00e1metro del tubo del ocular, mm<\/td>\n<td>30<\/td>\n<\/tr>\n<tr>\n<td>Oculares<\/td>\n<td>10x\/22 mm, 10x\/24 mm (*opcional: 15x\/16 mm, 20\u0445\/12 mm)<\/td>\n<\/tr>\n<tr>\n<td>Objetivos<\/td>\n<td>objetivo principal: plano acrom\u00e1tico 1x (*opcional: acrom\u00e1tico 0,3x, plano acrom\u00e1tico 0,5x, plano acrom\u00e1tico 2x)  objetivo de tipo zoom: 0,8\u20136,4\u0445<\/td>\n<\/tr>\n<tr>\n<td>Distancia de trabajo, mm<\/td>\n<td>78<\/td>\n<\/tr>\n<tr>\n<td>Distancia interpupilar, mm<\/td>\n<td>55 \u2014 75<\/td>\n<\/tr>\n<tr>\n<td>Campo lineal de visi\u00f3n, mm<\/td>\n<td>9.17 \u2014 3.43<\/td>\n<\/tr>\n<tr>\n<td>Platina<\/td>\n<td>placa negra\/blanca, placa de vidrio<\/td>\n<\/tr>\n<tr>\n<td>Ajuste di\u00f3ptrico<\/td>\n<td>\u00b15D en cada ocular<\/td>\n<\/tr>\n<tr>\n<td>Ajuste di\u00f3ptrico<\/td>\n<td>yes<\/td>\n<\/tr>\n<tr>\n<td>Enfoque<\/td>\n<td>coaxial, enfoque aproximado (105 mm, con ajuste de tensi\u00f3n)<\/td>\n<\/tr>\n<tr>\n<td>Iluminaci\u00f3n<\/td>\n<td>LED<\/td>\n<\/tr>\n<tr>\n<td>Ajuste del brillo<\/td>\n<td>yes<\/td>\n<\/tr>\n<tr>\n<td>Alimentaci\u00f3n<\/td>\n<td>220 V\/50 Hz, alimentaci\u00f3n de red de CA, mediante adaptador de corriente 5\u202fV, 2 A<\/td>\n<\/tr>\n<tr>\n<td>Tipo de fuente de iluminaci\u00f3n<\/td>\n<td>fuente de luz oblicua reflejada: LED de 3 W  luz transmitida: LED de 6 W<\/td>\n<\/tr>\n<tr>\n<td>Intervalo de temperatura de funcionamiento, \u00b0C<\/td>\n<td>5 \u2014 35<\/td>\n<\/tr>\n<tr>\n<td>Nivel de usuario<\/td>\n<td>usuarios experimentados, profesionales<\/td>\n<\/tr>\n<tr>\n<td>Montaje y nivel de dificultad de instalaci\u00f3n<\/td>\n<td>complicado<\/td>\n<\/tr>\n<tr>\n<td>Sistema \u00f3ptico<\/td>\n<td>CMO<\/td>\n<\/tr>\n<tr>\n<td>Aplicaci\u00f3n<\/td>\n<td>laboratorio\/m\u00e9dico, investigaci\u00f3n aplicada<\/td>\n<\/tr>\n<tr>\n<td>Ubicaci\u00f3n de la iluminaci\u00f3n<\/td>\n<td>doble<\/td>\n<\/tr>\n<tr>\n<td>M\u00e9todo de investigaci\u00f3n<\/td>\n<td>campo claro<\/td>\n<\/tr>\n<tr>\n<td>Funda\/malet\u00edn\/bolsa incluida en el kit<\/td>\n<td>cubierta protectora<\/td>\n<\/tr>\n<\/tbody>\n<\/table>\n","protected":false},"excerpt":{"rendered":"<p>El MAGUS Stereo A8 es un microscopio estereosc\u00f3pico para investigaci\u00f3n. Este modelo trabaja con objetos tridimensionales y crea su imagen en 3D: el investigador tiene la oportunidad de examinar las caracter\u00edsticas topogr\u00e1ficas del objeto y estimar sus dimensiones en tres dimensiones. El microscopio trabaja con muestras transparentes y opacas  para ello, est\u00e1 equipado con iluminadores de luz transmitida y reflejada.<br \/> El microscopio est\u00e1 dise\u00f1ado seg\u00fan el sistema CMO (Common Main Objective). Ofrece un amplio campo de visi\u00f3n, visualizaci\u00f3n de im\u00e1genes sin distorsi\u00f3n geom\u00e9trica, as\u00ed como una alta resoluci\u00f3n y un elevado nivel de reproducci\u00f3n crom\u00e1tica. Los accesorios adicionales pueden a\u00f1adir funcionalidad adicional al microscopio.<br \/> El modelo MAGUS Stereo A8 es adecuado para ex\u00e1menes forenses, investigaciones m\u00e9dicas, biol\u00f3gicas, arqueol\u00f3gicas, para trabajos en el campo de la microelectr\u00f3nica, ciencia de materiales y para control de calidad industrial.<\/p>\n","protected":false},"featured_media":83568,"template":"","meta":{"_exactmetrics_skip_tracking":false,"_exactmetrics_sitenote_active":false,"_exactmetrics_sitenote_note":"","_exactmetrics_sitenote_category":0},"product_brand":[],"product_cat":[614],"product_tag":[],"class_list":{"0":"post-84664","1":"product","2":"type-product","3":"status-publish","4":"has-post-thumbnail","6":"product_cat-estereomicroscopios","7":"product_shipping_class-microscopio","9":"first","10":"instock","11":"taxable","12":"shipping-taxable","13":"purchasable","14":"product-type-simple"},"_links":{"self":[{"href":"https:\/\/microscopistas.com\/en\/wp-json\/wp\/v2\/product\/84664","targetHints":{"allow":["GET"]}}],"collection":[{"href":"https:\/\/microscopistas.com\/en\/wp-json\/wp\/v2\/product"}],"about":[{"href":"https:\/\/microscopistas.com\/en\/wp-json\/wp\/v2\/types\/product"}],"wp:featuredmedia":[{"embeddable":true,"href":"https:\/\/microscopistas.com\/en\/wp-json\/wp\/v2\/media\/83568"}],"wp:attachment":[{"href":"https:\/\/microscopistas.com\/en\/wp-json\/wp\/v2\/media?parent=84664"}],"wp:term":[{"taxonomy":"product_brand","embeddable":true,"href":"https:\/\/microscopistas.com\/en\/wp-json\/wp\/v2\/product_brand?post=84664"},{"taxonomy":"product_cat","embeddable":true,"href":"https:\/\/microscopistas.com\/en\/wp-json\/wp\/v2\/product_cat?post=84664"},{"taxonomy":"product_tag","embeddable":true,"href":"https:\/\/microscopistas.com\/en\/wp-json\/wp\/v2\/product_tag?post=84664"}],"curies":[{"name":"wp","href":"https:\/\/api.w.org\/{rel}","templated":true}]}}