{"id":84663,"date":"2024-07-29T18:29:39","date_gmt":"2024-07-29T16:29:39","guid":{"rendered":"http:\/\/microscopistas.com\/?post_type=product&#038;p=84663"},"modified":"2024-07-29T18:38:08","modified_gmt":"2024-07-29T16:38:08","slug":"estereomicroscopio-magus-stereo-a6","status":"publish","type":"product","link":"https:\/\/microscopistas.com\/en\/producto\/estereomicroscopio-magus-stereo-a6\/","title":{"rendered":"Estereomicroscopio MAGUS Stereo A6"},"content":{"rendered":"<p><strong>Estereomicroscopio MAGUS Stereo A6<\/strong><br \/>Ampliaci&#038;oacute n: 8&#038;ndash 50x. Sistema CMO. Cabezal binocular, iluminador de luz transmitida LED de 6 W, iluminador oblicuo de luz reflejada LED de 3 W<\/p>\n<p>El estereomicroscopio MAGUS Stereo A6 permite ver objetos en tres dimensiones. Gracias al sistema CMO (Common Main Objective), se trata de un equipo de investigaci&#038;oacute n que puede utilizarse en diversos campos de la ciencia y la producci&#038;oacute n. Se combina perfectamente con una c&#038;aacute mara digital y permite obtener fotos y v&#038;iacute deos de alta calidad sin distorsiones. El microscopio funciona con muestras transparentes y opacas y permite examinar las caracter&#038;iacute sticas del relieve con gran detalle.<\/p>\n<p>El modelo Stereo A6 tiene un cabezal de microscopio binocular. Los tubos est&#038;aacute n instalados en un &#038;aacute ngulo de 20&#038;deg  con respecto al plano horizontal. Permite al investigador adoptar una postura c&#038;oacute moda mientras trabaja. Puede instalar una c&#038;aacute mara digital en el cabezal del microscopio, que puede utilizarse para realizar investigaciones o informes p&#038;uacute blicos, ilustrando la historia con im&#038;aacute genes generadas en tiempo real. Para complementar el microscopio con una c&#038;aacute mara, necesitar&#038;aacute  un accesorio intermedio con salida fotogr&#038;aacute fica y un adaptador de montura C.<\/p>\n<p>En los microscopios con sistema CMO, dos trayectorias &#038;oacute pticas procedentes de los oculares se unen en el objetivo principal com&#038;uacute n. Est&#038;aacute  situado en un &#038;aacute ngulo de 90&#038;deg  con respecto a la superficie de la muestra, lo que significa que el investigador ve el objeto sin distorsiones geom&#038;eacute tricas. Un objetivo plano acrom&#038;aacute tico con lentes grandes proporciona un &#038;aacute ngulo estereosc&#038;oacute pico de 11&#038;deg , produce un gran campo de visi&#038;oacute n y crea una imagen con aberraciones m&#038;iacute nimas. El estereomicroscopio tiene una gran distancia de trabajo de 78 mm que permite estudiar incluso muestras bastante voluminosas.<\/p>\n<p>El objetivo zoom cambia simult&#038;aacute neamente la distancia focal y el aumento, con una relaci&#038;oacute n de zoom 6:1. La imagen del objetivo est&#038;aacute  inicialmente vertical  no es necesario girarlo mediante un sistema de prismas.<\/p>\n<p>El enfoque se ajusta mediante los mandos situados en el soporte. El usuario puede ajustar el enfoque aproximado. La tensi&#038;oacute n de desplazamiento tambi&#038;eacute n puede ajustarse a gusto del usuario.<\/p>\n<p>Como el microscopio funciona con luz transmitida y reflejada, la platina est&#038;aacute  equipada con dos tipos de placas. La placa transparente se utiliza para estudiar muestras transparentes y transl&#038;uacute cidas. Permite conseguir una iluminaci&#038;oacute n uniforme del objeto y difunde bien la luz. La placa de doble cara en blanco y negro es necesaria para trabajar con objetos impenetrables a la luz: la superficie blanca sirve de fondo para los objetos oscuros y la negra para los claros.<\/p>\n<p>El objeto de investigaci&#038;oacute n se ilumina con LED (vida &#038;uacute til: 50.000 horas). El dispositivo est&#038;aacute  equipado con un iluminador de luz transmitida de 6 W y un iluminador de luz reflejada de 3 W que funciona mediante el m&#038;eacute todo de iluminaci&#038;oacute n oblicua.<\/p>\n<p>Los elementos del microscopio pueden sustituirse para obtener otros aumentos o para complementar la funcionalidad del dispositivo. Los oculares de diferentes aumentos modifican el aumento final del microscopio. El objetivo principal afecta a la amplitud del campo de visi&#038;oacute n y al aumento del microscopio. Tambi&#038;eacute n determina su distancia de trabajo. Si es necesario medir un objeto, se utilizan portaobjetos de calibraci&#038;oacute n en incrementos de 0,1 mm.<\/p>\n<p><strong>Caracter&#038;iacute sticas principales:<br \/><\/strong>Funciona con objetos tridimensionales y genera una imagen en 3D<br \/>El sistema CMO (Common Main Objective) produce im&#038;aacute genes de alta calidad y precisi&#038;oacute n en oculares y en una c&#038;aacute mara digital<br \/>Equipado con iluminadores de luz transmitida y reflejada<br \/>Cabezal de microscopio binocular adaptado para combinarse con una c&#038;aacute mara digital<br \/>Los tubos est&#038;aacute n instalados en un &#038;aacute ngulo de 20 grados: garantizan un trabajo c&#038;oacute modo para el investigador<br \/>El objetivo principal tiene un aumento 1x, una distancia de trabajo de 78 mm y un zoom 6:1<br \/>Las &#038;oacute pticas plano acrom&#038;aacute ticas minimizan la distorsi&#038;oacute n y crean un amplio campo de visi&#038;oacute n<\/p>\n<p><strong>El kit incluye:<br \/><\/strong>Base con fuente de luz transmitida integrada y fuente de alimentaci&#038;oacute n<br \/>Soporte con mecanismo de enfoque<br \/>Cabezal de microscopio: objetivo con accesorio visual<br \/>Objetivo principal acrom&#038;aacute tico plano 1x<br \/>Ocular de 10x\/22 mm con ajuste de las dioptr&#038;iacute as (2 unidades)<br \/>Ocular de 10x\/24 mm con ajuste de las dioptr&#038;iacute as (2 unidades)<br \/>Placa blanca y negra<br \/>Placa transparente<br \/>Iluminador oblicuo de luz reflejada<br \/>Cable de alimentaci&#038;oacute n CA<br \/>Cubierta protectora<br \/>Manual del usuario y tarjeta de garant&#038;iacute a<\/p>\n<p><strong>Disponible bajo petici&#038;oacute n:<br \/><\/strong>Ocular de 15x\/16 mm (2 unidades)<br \/>Ocular de 20x\/12 mm (2 unidades)<br \/>Objetivo principal acrom&#038;aacute tico 0,3x<br \/>Objetivo principal acrom&#038;aacute tico plano 0,5x<br \/>Objetivo principal acrom&#038;aacute tico plano 2x<br \/>Portaobjetos de calibraci&#038;oacute n<\/p>\n<table>\n<tbody>\n<tr>\n<td>Marca<\/td>\n<td>MAGUS<\/td>\n<\/tr>\n<tr>\n<td>Garant\u00eda<\/td>\n<td>5 \u043b\u0435\u0442<\/td>\n<\/tr>\n<tr>\n<td>EAN<\/td>\n<td>5905555019536<\/td>\n<\/tr>\n<tr>\n<td>Tama\u00f1o de paquete (LxAn.xAl.)<\/td>\n<td>46x43x60 cm<\/td>\n<\/tr>\n<tr>\n<td>Peso del env\u00edo<\/td>\n<td>9.1 kg<\/td>\n<\/tr>\n<tr>\n<td>Tipo<\/td>\n<td>est\u00e9reo\/instrumental<\/td>\n<\/tr>\n<tr>\n<td>Cabezal<\/td>\n<td>binocular<\/td>\n<\/tr>\n<tr>\n<td>Ampliaci\u00f3n, x<\/td>\n<td>8\u201350 configuraci\u00f3n b\u00e1sica (*opcional: 2,4\u2013200), relaci\u00f3n de zoom 6:1<\/td>\n<\/tr>\n<tr>\n<td>Rango de ampliaci\u00f3n<\/td>\n<td>hasta 200x<\/td>\n<\/tr>\n<tr>\n<td>Di\u00e1metro del tubo del ocular, mm<\/td>\n<td>30<\/td>\n<\/tr>\n<tr>\n<td>Oculares<\/td>\n<td>10x\/22 mm, 10x\/24 mm (*opcional: 15x\/16 mm, 20\u0445\/12 mm)<\/td>\n<\/tr>\n<tr>\n<td>Objetivos<\/td>\n<td>objetivo principal: plano acrom\u00e1tico 1x (*opcional: acrom\u00e1tico 0,3x, plano acrom\u00e1tico 0,5x, plano acrom\u00e1tico 2x)  objetivo de tipo zoom: 0,8\u20135\u0445<\/td>\n<\/tr>\n<tr>\n<td>Distancia de trabajo, mm<\/td>\n<td>78<\/td>\n<\/tr>\n<tr>\n<td>Distancia interpupilar, mm<\/td>\n<td>55 \u2014 75<\/td>\n<\/tr>\n<tr>\n<td>Campo lineal de visi\u00f3n, mm<\/td>\n<td>9.17 \u2014 4.4<\/td>\n<\/tr>\n<tr>\n<td>Platina<\/td>\n<td>placa negra\/blanca, placa de vidrio<\/td>\n<\/tr>\n<tr>\n<td>Ajuste di\u00f3ptrico<\/td>\n<td>\u00b15D en cada ocular<\/td>\n<\/tr>\n<tr>\n<td>Ajuste di\u00f3ptrico<\/td>\n<td>yes<\/td>\n<\/tr>\n<tr>\n<td>Enfoque<\/td>\n<td>coaxial, enfoque aproximado (105 mm, con ajuste de tensi\u00f3n)<\/td>\n<\/tr>\n<tr>\n<td>Iluminaci\u00f3n<\/td>\n<td>LED<\/td>\n<\/tr>\n<tr>\n<td>Ajuste del brillo<\/td>\n<td>yes<\/td>\n<\/tr>\n<tr>\n<td>Alimentaci\u00f3n<\/td>\n<td>220 V\/50 Hz, alimentaci\u00f3n de red de CA, mediante adaptador de corriente 5\u202fV, 2 A<\/td>\n<\/tr>\n<tr>\n<td>Tipo de fuente de iluminaci\u00f3n<\/td>\n<td>fuente de luz oblicua reflejada: LED de 3 W  luz transmitida: LED de 6 W<\/td>\n<\/tr>\n<tr>\n<td>Intervalo de temperatura de funcionamiento, \u00b0C<\/td>\n<td>5 \u2014 35<\/td>\n<\/tr>\n<tr>\n<td>Nivel de usuario<\/td>\n<td>usuarios experimentados, profesionales<\/td>\n<\/tr>\n<tr>\n<td>Montaje y nivel de dificultad de instalaci\u00f3n<\/td>\n<td>complicado<\/td>\n<\/tr>\n<tr>\n<td>Sistema \u00f3ptico<\/td>\n<td>CMO<\/td>\n<\/tr>\n<tr>\n<td>Aplicaci\u00f3n<\/td>\n<td>laboratorio\/m\u00e9dico, investigaci\u00f3n aplicada<\/td>\n<\/tr>\n<tr>\n<td>Ubicaci\u00f3n de la iluminaci\u00f3n<\/td>\n<td>doble<\/td>\n<\/tr>\n<tr>\n<td>M\u00e9todo de investigaci\u00f3n<\/td>\n<td>campo claro<\/td>\n<\/tr>\n<tr>\n<td>Funda\/malet\u00edn\/bolsa incluida en el kit<\/td>\n<td>cubierta protectora<\/td>\n<\/tr>\n<\/tbody>\n<\/table>\n","protected":false},"excerpt":{"rendered":"<p>El estereomicroscopio MAGUS Stereo A6 permite ver objetos en tres dimensiones. Gracias al sistema CMO (Common Main Objective), se trata de un equipo de investigaci\u00f3n que puede utilizarse en diversos campos de la ciencia y la producci\u00f3n. Se combina perfectamente con una c\u00e1mara digital y permite obtener fotos y v\u00eddeos de alta calidad sin distorsiones. El microscopio funciona con muestras transparentes y opacas y permite examinar las caracter\u00edsticas del relieve con gran detalle.<\/p>\n","protected":false},"featured_media":83566,"template":"","meta":{"_exactmetrics_skip_tracking":false,"_exactmetrics_sitenote_active":false,"_exactmetrics_sitenote_note":"","_exactmetrics_sitenote_category":0},"product_brand":[],"product_cat":[614],"product_tag":[],"class_list":{"0":"post-84663","1":"product","2":"type-product","3":"status-publish","4":"has-post-thumbnail","6":"product_cat-estereomicroscopios","7":"product_shipping_class-microscopio","9":"first","10":"instock","11":"taxable","12":"shipping-taxable","13":"purchasable","14":"product-type-simple"},"_links":{"self":[{"href":"https:\/\/microscopistas.com\/en\/wp-json\/wp\/v2\/product\/84663","targetHints":{"allow":["GET"]}}],"collection":[{"href":"https:\/\/microscopistas.com\/en\/wp-json\/wp\/v2\/product"}],"about":[{"href":"https:\/\/microscopistas.com\/en\/wp-json\/wp\/v2\/types\/product"}],"wp:featuredmedia":[{"embeddable":true,"href":"https:\/\/microscopistas.com\/en\/wp-json\/wp\/v2\/media\/83566"}],"wp:attachment":[{"href":"https:\/\/microscopistas.com\/en\/wp-json\/wp\/v2\/media?parent=84663"}],"wp:term":[{"taxonomy":"product_brand","embeddable":true,"href":"https:\/\/microscopistas.com\/en\/wp-json\/wp\/v2\/product_brand?post=84663"},{"taxonomy":"product_cat","embeddable":true,"href":"https:\/\/microscopistas.com\/en\/wp-json\/wp\/v2\/product_cat?post=84663"},{"taxonomy":"product_tag","embeddable":true,"href":"https:\/\/microscopistas.com\/en\/wp-json\/wp\/v2\/product_tag?post=84663"}],"curies":[{"name":"wp","href":"https:\/\/api.w.org\/{rel}","templated":true}]}}