{"id":84662,"date":"2024-07-29T18:29:39","date_gmt":"2024-07-29T16:29:39","guid":{"rendered":"http:\/\/microscopistas.com\/?post_type=product&#038;p=84662"},"modified":"2024-07-29T18:37:47","modified_gmt":"2024-07-29T16:37:47","slug":"microscopio-polarizador-magus-pol-890","status":"publish","type":"product","link":"https:\/\/microscopistas.com\/en\/producto\/microscopio-polarizador-magus-pol-890\/","title":{"rendered":"Microscopio polarizador MAGUS Pol 890"},"content":{"rendered":"<p>Microscopio para investigaci\u00f3n cient\u00edfica e inspecci\u00f3n industrial.<br \/> Dise\u00f1ado para estudiar objetos con luz polarizada y natural. La instalaci\u00f3n de componentes opcionales permitir\u00e1 utilizar los m\u00e9todos de campo oscuro y contraste de fases en luz transmitida, as\u00ed como campo oscuro, contraste de interferencia diferencial y fluorescencia en luz reflejada.<br \/> Con luz transmitida, puede estudiar muestras geol\u00f3gicas, as\u00ed como muestras biol\u00f3gicas y polim\u00e9ricas anis\u00f3tropas en secciones delgadas.<br \/> Con luz reflejada, puede examinar secciones pulidas con un lado pulido. El grosor de las secciones pulidas es arbitrario, normalmente de 5 a 10 mm. El microscopio le permite examinar objetos opacos de hasta 30 mm de espesor.<br \/> Un microscopio polarizador utiliza la birrefringencia de las muestras anisotr\u00f3picas para obtener una imagen. La luz polarizada plana, al atravesar una muestra anisotr\u00f3pica, se divide en dos rayos y cambia el plano de polarizaci\u00f3n. El analizador lleva las oscilaciones de los rayos a un \u00fanico plano, que es donde interfieren. La imagen brillante y de alto contraste cambia de color cuando la platina gira.<br \/> Los objetivos semiapocrom\u00e1ticos planos del microscopio est\u00e1n libres de tensiones internas. El tubo intermedio contiene el analizador y la lente de Bertrand y tiene una ranura para instalar compensadores.<br \/> Este microscopio se utiliza en cristalograf\u00eda, petrograf\u00eda, mineralog\u00eda, medicina forense y otros campos de la ciencia.<\/p>\n<p><strong>Cabezal del microscopio<\/strong><\/p>\n<p>Cabezal trinocular con \u00f3ptica corregida al infinito. El usuario selecciona el \u00e1ngulo de inclinaci\u00f3n m\u00e1s c\u00f3modo del cabezal del microscopio en un rango de 0\u00b0 a 35\u00b0. La c\u00e1mara digital se instala en el tubo trinocular. El haz se divide en 0\/100, 100\/0 u 80\/20.<br \/> El kit de base incluye oculares de 10x\/22 mm con ajuste de las dioptr\u00edas y una larga distancia de acomodaci\u00f3n ocular para trabajar con gafas.<\/p>\n<p><strong>Rev\u00f3lver giratorio<\/strong><\/p>\n<p>Rev\u00f3lver giratorio de cinco objetivos. El rev\u00f3lver tiene una posici\u00f3n libre para centrar la fuente de luz. El usuario tambi\u00e9n puede instalar un objetivo adicional en la ranura libre del rev\u00f3lver, lo que le permitir\u00e1 obtener un aumento adicional.<br \/> El dise\u00f1o del rev\u00f3lver giratorio (\u00abhacia el interior\u00bb) libera espacio en la parte delantera de la platina, por lo que el usuario puede ver el objetivo insertado en la trayectoria \u00f3ptica. Las posiciones del rev\u00f3lver giratorio est\u00e1n centradas para alinear el eje \u00f3ptico del objetivo y el microscopio.<br \/> Encima del rev\u00f3lver hay una ranura con un tap\u00f3n para instalar los compensadores.<\/p>\n<p><strong>Objetivos<\/strong><\/p>\n<p>Los objetivos semiacrom\u00e1ticos de plano infinito est\u00e1n dise\u00f1ados espec\u00edficamente para observaciones con luz polarizada: la \u00f3ptica sin deformaciones garantiza que la birrefringencia proceda de la muestra y no de los elementos \u00f3pticos. Proporcionan una mejor correcci\u00f3n de la aberraci\u00f3n crom\u00e1tica y esf\u00e9rica en comparaci\u00f3n con los objetivos acrom\u00e1ticos planos.<br \/> Los objetivos 5x y 10x est\u00e1n dise\u00f1ados para trabajar con o sin cubreobjetos, los objetivos 20x y 50x est\u00e1n dise\u00f1ados para trabajar sin cubreobjetos. La distancia parafocal es de 60 mm.<\/p>\n<p><strong>Torreta para la instalaci\u00f3n de m\u00f3dulos de contraste<\/strong><\/p>\n<p>Encima del rev\u00f3lver giratorio hay una torreta para la instalaci\u00f3n de m\u00f3dulos de contraste. Pueden instalarse seis m\u00f3dulos.   Girando la torreta se cambia el modo de observaci\u00f3n. El cambio de un m\u00e9todo de contraste a otro se produce r\u00e1pidamente y sin ajustes complejos.<\/p>\n<p><strong>Mecanismo de enfoque<\/strong><\/p>\n<p>Los mandos de enfoque aproximado y preciso son coaxiales y est\u00e1n situados a baja altura. El investigador puede colocar las manos sobre la mesa y adoptar una posici\u00f3n c\u00f3moda frente al microscopio.<br \/> El bot\u00f3n de bloqueo del enfoque aproximado ayuda a ajustar r\u00e1pidamente el microscopio despu\u00e9s de cambiar el objeto de estudio. El bot\u00f3n se encuentra en el lado izquierdo del microscopio, en el mismo eje que el mecanismo de enfoque.<br \/> El anillo del lado derecho ajusta la tensi\u00f3n del recorrido de enfoque aproximado. El usuario ajusta la tensi\u00f3n c\u00f3moda para trabajar.<\/p>\n<p><strong>Platina<\/strong><\/p>\n<p>La platina puede girar 360\u00b0 para ver el cambio de color de la muestra cuando el polarizador y el analizador est\u00e1n dispuestos perpendicularmente entre s\u00ed. La platina tiene una escala del \u00e1ngulo de rotaci\u00f3n. Con la escala de Vernier, las mediciones se realizan con una exactitud de 0,1\u00b0.<br \/> La platina se puede centrar con dos tornillos porque el an\u00e1lisis de un objeto anis\u00f3tropo con luz polarizada requiere la alineaci\u00f3n precisa del eje de rotaci\u00f3n de la platina con el eje \u00f3ptico del microscopio.<\/p>\n<p><strong>Fuente de luz<\/strong><\/p>\n<p>Se utilizan bombillas hal\u00f3genas de 100 W tanto en iluminadores de luz reflejada como de luz transmitida. Las bombillas hal\u00f3genas emiten luz a una temperatura de color agradable para los ojos. La l\u00e1mpara de 100 W es lo suficientemente brillante como para trabajar con objetivos de entre 4 y 100 aumentos en campo claro y luz polarizada.<\/p>\n<p><strong>Iluminaci\u00f3n por luz reflejada<\/strong><\/p>\n<p>El sistema de iluminaci\u00f3n permite configurar el m\u00e9todo de iluminaci\u00f3n K\u00f6hler. Los diafragmas de campo y de apertura vienen centrados de f\u00e1brica y no requieren un centrado adicional. Si es necesario, los diafragmas se pueden ajustar con tornillos de centrado. La fuente de luz est\u00e1 centrada a lo largo de tres ejes.<br \/> El analizador y el polarizador se utilizan para la t\u00e9cnica de microscop\u00eda de polarizaci\u00f3n. El polarizador es fijo, mientras que el analizador gira 360\u00b0 y dispone de una escala de Vernier para ajustar el \u00e1ngulo con precisi\u00f3n.<br \/> El juego de filtros incluido en el kit permite ajustar la reproducci\u00f3n de los colores.<\/p>\n<p><strong>Iluminaci\u00f3n por luz transmitida<\/strong><\/p>\n<p>Un diafragma de campo ajustable, un condensador centrado y ajustable en altura con \u00f3ptica sin distorsiones, un diafragma de apertura ajustable y una lente abatible realizan el ajuste de iluminaci\u00f3n K\u00f6hler. La lente abatible se retira de la trayectoria \u00f3ptica para los objetivos con poco aumento y se devuelve para los objetivos con un aumento superior a 10x. El polarizador puede girar de 0 a 360\u00b0, con los \u00e1ngulos de rotaci\u00f3n de 0\u00b0, 90\u00b0, 180\u00b0 y 270\u00b0 marcados en la escala. El analizador gira 360\u00b0, la escala Vernier en el analizador garantiza la precisi\u00f3n del \u00e1ngulo.<\/p>\n<p><strong>Sistema de iluminaci\u00f3n K\u00f6hler con luz reflejada y transmitida<\/strong><\/p>\n<p>Configurar el sistema de iluminaci\u00f3n K\u00f6hler mejora la calidad de la imagen obtenida de una muestra. Esta iluminaci\u00f3n permite obtener la m\u00e1xima resoluci\u00f3n para cada objetivo. Iluminaci\u00f3n uniforme del campo de visi\u00f3n sin oscurecimiento en los bordes. La muestra examinada tendr\u00e1 un enfoque n\u00edtido y la imagen estar\u00e1 libre de artefactos.<\/p>\n<p><strong>Estudio de muestras con luz polarizada<\/strong><\/p>\n<p>El analizador se inserta en el camino de la luz para observar objetos con luz polarizada. Al girar el polarizador y el analizador, cambia el \u00e1ngulo de polarizaci\u00f3n. Al girar la platina del microscopio, la refracci\u00f3n de la luz por la muestra cambia en funci\u00f3n del \u00e1ngulo de polarizaci\u00f3n.<br \/> La lente de Bertrand se utiliza para estudios conosc\u00f3picos.<br \/> Los compensadores est\u00e1n dise\u00f1ados para mejorar el contraste de las muestras con birrefringencia d\u00e9bil.<\/p>\n<p><strong>Accesorios<\/strong><\/p>\n<p>Existe una gama de accesorios dise\u00f1ados para este microscopio.<br \/> Otros accesorios son una c\u00e1mara digital para enviar la imagen obtenida por el microscopio a un monitor y almacenar archivos, y software para realizar mediciones de muestras en tiempo real.<br \/> Para medir objetos se utiliza un portaobjetos de calibraci\u00f3n, que se puede combinar con un ocular provisto de una escala de medici\u00f3n o con el software de la c\u00e1mara.<\/p>\n<p><strong>Caracter\u00edsticas principales:<\/strong><\/p>\n<ul>\n<li>Estudios de muestras anis\u00f3tropas transparentes y opacas con luz polarizada y luz natural<\/li>\n<li>Potentes iluminadores hal\u00f3genos de luz reflejada y luz transmitida de 100 W que proporcionan una luz natural y brillante<\/li>\n<li>Observaciones ortosc\u00f3picas, lente Bertrand para observaciones conosc\u00f3picas, compensadores, iluminaci\u00f3n K\u00f6hler en luz transmitida y reflejada<\/li>\n<li>Cabezal trinocular con tubo vertical para instalar una c\u00e1mara digital y cambiar el \u00e1ngulo de inclinaci\u00f3n  divisi\u00f3n del haz de luz 0\/100, 100\/0 u 80\/20<\/li>\n<li>Los objetivos plan semiapocrom\u00e1ticos sin distorsiones internas no introducen efectos \u00f3pticos falsos en la imagen<\/li>\n<li>Torreta multifuncional con 6 ranuras para instalar m\u00f3dulos de diferentes m\u00e9todos de contraste<\/li>\n<li>C\u00f3moda alineaci\u00f3n de las posiciones del rev\u00f3lver giratorio y la platina<\/li>\n<li>Platina redonda giratoria con escala de Vernier para la medici\u00f3n precisa del \u00e1ngulo de rotaci\u00f3n, puede fijarse en una posici\u00f3n seleccionada<\/li>\n<\/ul>\n<p><strong>El kit incluye:<\/strong><\/p>\n<ul>\n<li>Soporte con fuente de alimentaci\u00f3n integrada, mecanismo de enfoque, platina, soporte de condensador y rev\u00f3lver giratorio<\/li>\n<li>Condensador con lente abatible<\/li>\n<li>Iluminador de luz reflejada: accesorio con torreta y portal\u00e1mparas hal\u00f3gena<\/li>\n<li>Iluminador de luz transmitida: l\u00e1mpara hal\u00f3gena<\/li>\n<li>Cabezal trinocular<\/li>\n<li>Accesorio intermedio con lente Bertrand y analizador<\/li>\n<li>Compensadores: compensador \u03bb  compensador \u03bb\/4  cu\u00f1a de cuarzo<\/li>\n<li>Objetivo semiapocrom\u00e1tico de plano infinito: 5x\/0,15, altura parafocal 60 mm<\/li>\n<li>Objetivo semiapocrom\u00e1tico de plano infinito: 10x\/0,30, altura parafocal 60 mm <\/li>\n<li>Objetivo semiapocrom\u00e1tico de plano infinito: 20x\/0,45, altura parafocal 60 mm<\/li>\n<li>Objetivo semiapocrom\u00e1tico de plano infinito: 50x\/0,80, altura parafocal 60 mm<\/li>\n<li>Ocular 10x\/22 mm con larga distancia ocular y ajuste de las dioptr\u00edas (2 unidades)<\/li>\n<li>Ojera de ocular (2 unidades)<\/li>\n<li>Adaptador de c\u00e1mara con montura C<\/li>\n<li>Cable de alimentaci\u00f3n<\/li>\n<li>Cubierta protectora<\/li>\n<li>Manual del usuario y tarjeta de garant\u00eda<\/li>\n<\/ul>\n<p><strong>Disponible bajo petici\u00f3n:<\/strong><\/p>\n<ul>\n<li>C\u00e1mara digital<\/li>\n<li>Portaobjetos de calibraci\u00f3n<\/li>\n<\/ul>\n<table>\n<tbody>\n<tr>\n<td>Marca<\/td>\n<td>MAGUS<\/td>\n<\/tr>\n<tr>\n<td>Garant\u00eda<\/td>\n<td>5 \u043b\u0435\u0442<\/td>\n<\/tr>\n<tr>\n<td>EAN<\/td>\n<td>5905555019529<\/td>\n<\/tr>\n<tr>\n<td>Tama\u00f1o de paquete (LxAn.xAl.)<\/td>\n<td>72x76x53 cm<\/td>\n<\/tr>\n<tr>\n<td>Peso del env\u00edo<\/td>\n<td>31 kg<\/td>\n<\/tr>\n<tr>\n<td>Tipo<\/td>\n<td>biol\u00f3gico, luz\/\u00f3ptico<\/td>\n<\/tr>\n<tr>\n<td>Cabezal<\/td>\n<td>trinocular<\/td>\n<\/tr>\n<tr>\n<td>Boquilla<\/td>\n<td>Siedentopf, divisi\u00f3n del haz 0\/100, 100\/0, 80\/20<\/td>\n<\/tr>\n<tr>\n<td>\u00c1ngulo de inclinaci\u00f3n de cabezal<\/td>\n<td>0\u201335\u00b0, ajustable<\/td>\n<\/tr>\n<tr>\n<td>Rango de ampliaci\u00f3n<\/td>\n<td>200x a 800x<\/td>\n<\/tr>\n<tr>\n<td>Di\u00e1metro del tubo del ocular, mm<\/td>\n<td>30<\/td>\n<\/tr>\n<tr>\n<td>Oculares<\/td>\n<td>10x\/22 mm, larga distancia de acomodaci\u00f3n ocular (2 unidades)<\/td>\n<\/tr>\n<tr>\n<td>Rev\u00f3lver<\/td>\n<td>para 5 objetivos, centrado<\/td>\n<\/tr>\n<tr>\n<td>Distancia interpupilar, mm<\/td>\n<td>47 \u2014 78<\/td>\n<\/tr>\n<tr>\n<td>Platina, mm<\/td>\n<td>\u00d8190<\/td>\n<\/tr>\n<tr>\n<td>Rango de desplazamiento de la platina, mm<\/td>\n<td>30\/30<\/td>\n<\/tr>\n<tr>\n<td>Platina<\/td>\n<td>giratorio 360\u00b0, centrado, se puede fijar, escala Vernier para medir \u00e1ngulos con una precisi\u00f3n de 0,1\u00b0, portamuestras elevado, graduaci\u00f3n del \u00e1ngulo de rotaci\u00f3n de 1\u00b0<\/td>\n<\/tr>\n<tr>\n<td>Ajuste di\u00f3ptrico<\/td>\n<td>\u00b15D en cada ocular<\/td>\n<\/tr>\n<tr>\n<td>Ajuste di\u00f3ptrico<\/td>\n<td>yes<\/td>\n<\/tr>\n<tr>\n<td>Condensador<\/td>\n<td>condensador centrado y regulable en altura NA 0,9\/0,25 con diafragma de apertura regulable y lente abatible  \u00f3ptica sin tensiones<\/td>\n<\/tr>\n<tr>\n<td>Diafragma<\/td>\n<td>diafragma de apertura ajustable, diafragma de campo iris ajustable<\/td>\n<\/tr>\n<tr>\n<td>Iluminaci\u00f3n<\/td>\n<td>hal\u00f3gena<\/td>\n<\/tr>\n<tr>\n<td>Ajuste del brillo<\/td>\n<td>yes<\/td>\n<\/tr>\n<tr>\n<td>Alimentaci\u00f3n<\/td>\n<td>100\u2013240 V, 50\/60 Hz, alimentaci\u00f3n de red de CA<\/td>\n<\/tr>\n<tr>\n<td>Tipo de fuente de iluminaci\u00f3n<\/td>\n<td>luz reflejada y transmitida: l\u00e1mpara hal\u00f3gena 12 V\/100 W<\/td>\n<\/tr>\n<tr>\n<td>Intervalo de temperatura de funcionamiento, \u00b0C<\/td>\n<td>10 \u2014 35<\/td>\n<\/tr>\n<tr>\n<td>Nivel de usuario<\/td>\n<td>usuarios experimentados, profesionales<\/td>\n<\/tr>\n<tr>\n<td>Montaje y nivel de dificultad de instalaci\u00f3n<\/td>\n<td>complicado<\/td>\n<\/tr>\n<tr>\n<td>Polarizador<\/td>\n<td>luz transmitida: con marcas de 0\u00b0, 90\u00b0, 180\u00b0, 270\u00b0 en la escala  giro de 360\u00b0, fuente de luz reflejada: m\u00f3dulo de polarizaci\u00f3n en la torreta<\/td>\n<\/tr>\n<tr>\n<td>Tubo intermedio<\/td>\n<td>analizador con rotaci\u00f3n y escala de 0 a 360\u00b0, lente Bertrand, ranura para instalar compensadores, cambiar observaciones conosc\u00f3picas\/ortosc\u00f3picas<\/td>\n<\/tr>\n<tr>\n<td>Compensador<\/td>\n<td>compensador \u03bb  compensador \u03bb\/4  cu\u00f1a de cuarzo<\/td>\n<\/tr>\n<\/tbody>\n<\/table>\n","protected":false},"excerpt":{"rendered":"<p>Microscopio para investigaci\u00f3n cient\u00edfica e inspecci\u00f3n industrial.<br \/> Dise\u00f1ado para estudiar objetos con luz polarizada y natural. La instalaci\u00f3n de componentes opcionales permitir\u00e1 utilizar los m\u00e9todos de campo oscuro y contraste de fases en luz transmitida, as\u00ed como campo oscuro, contraste de interferencia diferencial y fluorescencia en luz reflejada.<br \/> Con luz transmitida, puede estudiar muestras geol\u00f3gicas, as\u00ed como muestras biol\u00f3gicas y polim\u00e9ricas anis\u00f3tropas en secciones delgadas.<br \/> Con luz reflejada, puede examinar secciones pulidas con un lado pulido. El grosor de las secciones pulidas es arbitrario, normalmente de 5 a 10 mm. El microscopio le permite examinar objetos opacos de hasta 30 mm de espesor.<br \/> Un microscopio polarizador utiliza la birrefringencia de las muestras anisotr\u00f3picas para obtener una imagen. La luz polarizada plana, al atravesar una muestra anisotr\u00f3pica, se divide en dos rayos y cambia el plano de polarizaci\u00f3n. El analizador lleva las oscilaciones de los rayos a un \u00fanico plano, que es donde interfieren. La imagen brillante y de alto contraste cambia de color cuando la platina gira.<br \/> Los objetivos semiapocrom\u00e1ticos planos del microscopio est\u00e1n libres de tensiones internas. El tubo intermedio contiene el analizador y la lente de Bertrand y tiene una ranura para instalar compensadores.<br \/> Este microscopio se utiliza en cristalograf\u00eda, petrograf\u00eda, mineralog\u00eda, medicina forense y otros campos de la ciencia.<\/p>\n","protected":false},"featured_media":83563,"template":"","meta":{"_exactmetrics_skip_tracking":false,"_exactmetrics_sitenote_active":false,"_exactmetrics_sitenote_note":"","_exactmetrics_sitenote_category":0},"product_brand":[],"product_cat":[610],"product_tag":[],"class_list":{"0":"post-84662","1":"product","2":"type-product","3":"status-publish","4":"has-post-thumbnail","6":"product_cat-polarizacion","7":"product_shipping_class-microscopio","9":"first","10":"instock","11":"taxable","12":"shipping-taxable","13":"purchasable","14":"product-type-simple"},"_links":{"self":[{"href":"https:\/\/microscopistas.com\/en\/wp-json\/wp\/v2\/product\/84662","targetHints":{"allow":["GET"]}}],"collection":[{"href":"https:\/\/microscopistas.com\/en\/wp-json\/wp\/v2\/product"}],"about":[{"href":"https:\/\/microscopistas.com\/en\/wp-json\/wp\/v2\/types\/product"}],"wp:featuredmedia":[{"embeddable":true,"href":"https:\/\/microscopistas.com\/en\/wp-json\/wp\/v2\/media\/83563"}],"wp:attachment":[{"href":"https:\/\/microscopistas.com\/en\/wp-json\/wp\/v2\/media?parent=84662"}],"wp:term":[{"taxonomy":"product_brand","embeddable":true,"href":"https:\/\/microscopistas.com\/en\/wp-json\/wp\/v2\/product_brand?post=84662"},{"taxonomy":"product_cat","embeddable":true,"href":"https:\/\/microscopistas.com\/en\/wp-json\/wp\/v2\/product_cat?post=84662"},{"taxonomy":"product_tag","embeddable":true,"href":"https:\/\/microscopistas.com\/en\/wp-json\/wp\/v2\/product_tag?post=84662"}],"curies":[{"name":"wp","href":"https:\/\/api.w.org\/{rel}","templated":true}]}}