{"id":84661,"date":"2024-07-29T18:29:39","date_gmt":"2024-07-29T16:29:39","guid":{"rendered":"http:\/\/microscopistas.com\/?post_type=product&#038;p=84661"},"modified":"2024-07-29T18:37:28","modified_gmt":"2024-07-29T16:37:28","slug":"microscopio-metalurgico-invertido-magus-metal-v790-dic","status":"publish","type":"product","link":"https:\/\/microscopistas.com\/en\/producto\/microscopio-metalurgico-invertido-magus-metal-v790-dic\/","title":{"rendered":"Microscopio metal\u00fargico invertido MAGUS Metal V790 DIC"},"content":{"rendered":"<p>El microscopio est\u00e1 dise\u00f1ado para estudiar la microestructura de metales y aleaciones, materiales semiconductores y otras muestras opacas.<br \/> El dise\u00f1o del microscopio invertido no limita el tama\u00f1o de la muestra examinada  solo su peso est\u00e1 limitado hasta 30 kg. La muestra se debe primero preparar especialmente y luego colocar en la platina con la superficie orientada hacia abajo.<br \/> Este microscopio puede estudiar objetos opacos en luz reflejada utilizando las t\u00e9cnicas de campo claro, campo oscuro, microscop\u00eda de polarizaci\u00f3n y contraste de interferencia diferencial.<br \/> DIC es una t\u00e9cnica avanzada de contraste de polarizaci\u00f3n. Este m\u00e9todo aumenta la profundidad de campo y la nitidez de la imagen, proporciona informaci\u00f3n adicional sobre la estructura del objeto estudiado y visualiza con color las irregularidades de las superficies estudiadas. Las superficies planas se pintan por igual, pero una superficie con diferencias de altura, incluso m\u00ednimas, presentar\u00e1 irregularidades de color. El objeto de estudio aparecer\u00e1 en relieve. El microscopio se puede utilizar en diversos campos (metalurgia, ingenier\u00eda, sectores aeroespacial, nuclear y energ\u00e9tico), as\u00ed como en laboratorios de investigaci\u00f3n y universidades t\u00e9cnicas.<\/p>\n<p><strong>Cabezal del microscopio<\/strong><\/p>\n<p>Cabezal trinocular con \u00f3ptica corregida al infinito. El \u00e1ngulo de inclinaci\u00f3n de 45\u00b0 proporciona unas condiciones c\u00f3modas para el investigador tanto cuando trabaja sentado como de pie. El usuario puede adoptar una postura natural y, por tanto, no se acumula fatiga durante la jornada de trabajo.<br \/> El cabezal del microscopio lleva integrada una lente Bertrand  para introducirla en el sistema \u00f3ptico se utiliza un regulador situado en la parte frontal del cabezal. La lente de Bertrand se utiliza para estudios conosc\u00f3picos.<br \/> La c\u00e1mara digital se instala en el tubo trinocular o en uno de los puertos de imagen laterales del cuerpo del microscopio. El haz del cabezal trinocular puede dividirse 100\/0, 50\/50 o 0\/100. La divisi\u00f3n del haz en el puerto fotogr\u00e1fico derecho es 100\/0 y 20\/80  en el izquierdo es 100\/0 y 0\/100. El paquete b\u00e1sico incluye oculares de 10x\/23 mm con ajuste di\u00f3ptrico y distancia de acomodaci\u00f3n ocular larga para trabajar con gafas.<\/p>\n<p><strong>Rev\u00f3lver giratorio<\/strong><\/p>\n<p>El rev\u00f3lver giratorio de 5 objetivos est\u00e1 dispuesto debajo de la platina en el cuerpo del microscopio.<br \/> El m\u00e9todo de contraste de interferencia diferencial se implementa mediante placas DIC: una se utiliza con objetivos de bajo aumento y la otra con objetivos de aumento medio y alto. La placa DIC se instala en una ranura especial del rev\u00f3lver giratorio.<\/p>\n<p><strong>Torreta para la instalaci\u00f3n de m\u00f3dulos de contraste<\/strong><\/p>\n<p>Debajo del rev\u00f3lver portaobjetivos del soporte del microscopio hay una torreta para la instalaci\u00f3n de m\u00f3dulos de contraste. Pueden instalarse seis m\u00f3dulos.   Girando la torreta, se cambia el modo de observaci\u00f3n, el cambio de un m\u00e9todo de contraste a otro se produce r\u00e1pidamente y sin ajustes complejos.<\/p>\n<p><strong>Interruptor con lente de aumento adicional<\/strong><\/p>\n<p>Se utiliza un conmutador giratorio para insertar la lente principal de 1x o una lente de aumento adicional de 1,5x en la trayectoria \u00f3ptica. Una lente de aumento sirve para incrementar el aumento del microscopio sin necesidad de adquirir o instalar accesorios adicionales. El interruptor est\u00e1 en el lado derecho del cuerpo del microscopio, debajo del rev\u00f3lver giratorio.<\/p>\n<p><strong>Objetivos<\/strong><\/p>\n<p>Objetivos plano semiapocrom\u00e1ticos y plano apocrom\u00e1ticos con una gran distancia de trabajo que est\u00e1n dise\u00f1ados para las t\u00e9cnicas de microscop\u00eda de campo claro y campo oscuro. Proporcionan una mejor correcci\u00f3n de la aberraci\u00f3n crom\u00e1tica y esf\u00e9rica en comparaci\u00f3n con los objetivos acrom\u00e1ticos planos.<\/p>\n<p><strong>Mecanismo de enfoque<\/strong><\/p>\n<p>Los mandos coaxiales de enfoque aproximado y preciso se encuentran a ambos lados de la base del microscopio. El mando de enfoque preciso derecho tiene hendiduras especiales para los dedos, y el izquierdo tiene una escala.<br \/> El bot\u00f3n de bloqueo del enfoque aproximado ayuda a ajustar r\u00e1pidamente el microscopio despu\u00e9s de cambiar el objeto de estudio. El bot\u00f3n se encuentra en el lado izquierdo del microscopio, en el mismo eje que el mecanismo de enfoque.<br \/> El anillo del lado derecho ajusta la tensi\u00f3n del recorrido de enfoque aproximado. El usuario ajusta la tensi\u00f3n c\u00f3moda para trabajar.<\/p>\n<p><strong>Platina<\/strong><\/p>\n<p>La muestra observada se puede desplazar moviendo la platina a lo largo de dos ejes. En el centro de la platina se instala un inserto con un orificio de di\u00e1metro adecuado. Se utiliza un porta muestras para mantener el objeto en su lugar.<br \/> El revestimiento de tres capas protege la platina de ara\u00f1azos y otros da\u00f1os superficiales cuando se trabaja con muestras pesadas y de gran tama\u00f1o.<br \/> El mango largo inclinable de control de la platina garantiza la comodidad del usuario durante el trabajo: la mano descansa sobre la mesa sin esfuerzo. El mango puede instalarse en el lado derecho o izquierdo de la platina.<\/p>\n<p><strong>Fuente de luz<\/strong><\/p>\n<p>El compartimento de la l\u00e1mpara tiene una bombilla hal\u00f3gena de 100\u202fW. Es lo suficientemente brillante como para trabajar con objetivos con aumentos de 4x a 100x, no solo en campo claro y luz polarizada, sino tambi\u00e9n en t\u00e9cnicas de microscop\u00eda de campo oscuro. Las bombillas hal\u00f3genas emiten luz con una temperatura de color que permite trabajar c\u00f3modamente.<\/p>\n<p><strong>Iluminaci\u00f3n por luz reflejada<\/strong><\/p>\n<p>El sistema de iluminaci\u00f3n permite configurar el m\u00e9todo de iluminaci\u00f3n K\u00f6hler. Los diafragmas de campo y apertura est\u00e1n precentrados de f\u00e1brica y no requieren centrado adicional. Si es necesario, los diafragmas se pueden ajustar con tornillos de centrado.<br \/> El analizador y el polarizador son para la t\u00e9cnica de microscop\u00eda de polarizaci\u00f3n. El polarizador es fijo y el analizador gira 360\u00b0.<br \/> Un juego de filtros de luz le ayuda a ajustar la reproducci\u00f3n del color.<\/p>\n<p><strong>Dise\u00f1o ergon\u00f3mico<\/strong><\/p>\n<p>La incomodidad f\u00edsica causa fatiga y reduce la productividad. El dise\u00f1o ergon\u00f3mico del microscopio juega un papel importante en la investigaci\u00f3n cient\u00edfica diaria.<br \/> El MAGUS Metal V790 DIC proporciona comodidad al usuario durante el trabajo.<br \/> El microscopio se maneja con un movimiento m\u00ednimo de la mano, ya que el mango de control de la platina larga y el mando de enfoque preciso est\u00e1n situados en la misma zona de trabajo.<br \/> Los mandos de enfoque est\u00e1n situados en la parte inferior del cuerpo. El usuario no tiene que forzar las manos. Gracias al suave movimiento del mecanismo, el usuario puede enfocar el objeto sin esfuerzo. <\/p>\n<p><strong>Caracter\u00edsticas principales:<\/strong><\/p>\n<ul>\n<li>Adecuado para estudiar objetos opacos dimensionales de hasta 30 kg<\/li>\n<li>Lente Bertrand para conoscopia y ortoscopia<\/li>\n<li>Una lente de aumento adicional aumenta el aumento del microscopio en 1,5x  se inserta en el sistema \u00f3ptico mediante un interruptor en el cabezal del microscopio<\/li>\n<li>Tres opciones independientes para montar una c\u00e1mara digital y un monitor: un tubo trinocular y dos tubos laterales en el cuerpo  divisi\u00f3n del haz en el cabezal trinocular: 100\/0, 50\/50, 0\/100, en el cuerpo: 100\/0 y 20\/80 (puerto fotogr\u00e1fico derecho), 100\/0 y 0\/100 (puerto fotogr\u00e1fico izquierdo)<\/li>\n<li>Los objetivos plano semiapocrom\u00e1ticos y plano apocrom\u00e1ticos con distancia de trabajo ampliada se utilizan para trabajar en las t\u00e9cnicas de campo claro y campo oscuro<\/li>\n<li>Torreta multifuncional con 6 ranuras para instalar m\u00f3dulos de diferentes m\u00e9todos de contraste<\/li>\n<li>Iluminador hal\u00f3geno de luz reflejada con potencia aumentada de 100 W, espec\u00edfico para el m\u00e9todo de campo oscuro<\/li>\n<li>Iluminaci\u00f3n K\u00f6hler, elementos centrados del sistema de iluminaci\u00f3n, t\u00e9cnicas de campo oscuro, campo claro, polarizaci\u00f3n y DIC<\/li>\n<li>Los filtros de color reducen la intensidad de determinadas longitudes de onda y ajustan la reproducci\u00f3n del color en la fotograf\u00eda microsc\u00f3pica<\/li>\n<li>Platina grande con insertos y mango de control largo para un manejo c\u00f3modo<\/li>\n<\/ul>\n<p><strong>El kit incluye:<\/strong><\/p>\n<ul>\n<li>Cuerpo con fuente de alimentaci\u00f3n integrada, mecanismo de enfoque, platina, rev\u00f3lver giratorio y torreta para la instalaci\u00f3n de m\u00f3dulos de contraste<\/li>\n<li>Compartimento de la l\u00e1mpara<\/li>\n<li>Cabezal trinocular con lente Bertrand<\/li>\n<li>Objetivo plano semiapocrom\u00e1tico, corregido al infinito: Plan S-Apo BD 5x\/0,15 \u221e\/- WD 20 mm<\/li>\n<li>Objetivo plano semiapocrom\u00e1tico, corregido al infinito: Plan S-Apo BD 10\u0445\/0,30 \u221e\/- WD 11 mm<\/li>\n<li>Objetivo plano semiapocrom\u00e1tico, corregido al infinito: Plan S-Apo BD 20\u0445\/0,45 \u221e\/0 WD 3,1 mm<\/li>\n<li>Objetivo plano apocrom\u00e1tico, corregido al infinito: Plan S-Apo BD 50\u0445\/0,80 \u221e\/0 WD 1 mm<\/li>\n<li>Objetivo plano apocrom\u00e1tico, corregido al infinito: Plan S-Apo BD 100\u0445\/0,90 \u221e\/0 WD 1 mm<\/li>\n<li>Ocular 10x\/23\u202fmm con distancia de acomodaci\u00f3n ocular larga y ajuste de dioptr\u00edas (2 unidades)<\/li>\n<li>Ojera de ocular (2 unidades)<\/li>\n<li>Placa DIC para objetivos (2 unidades)<\/li>\n<li>Dispositivo de polarizaci\u00f3n<\/li>\n<li>Juego de filtros<\/li>\n<li>Adaptador de c\u00e1mara con montura C<\/li>\n<li>Cable de alimentaci\u00f3n CA<\/li>\n<li>Cubierta protectora <\/li>\n<li>Manual del usuario y tarjeta de garant\u00eda<\/li>\n<\/ul>\n<p><strong>Disponible bajo petici\u00f3n:<\/strong><\/p>\n<ul>\n<li>C\u00e1mara digital<\/li>\n<li>Portaobjetos de calibraci\u00f3n<\/li>\n<\/ul>\n<table>\n<tbody>\n<tr>\n<td>Marca<\/td>\n<td>MAGUS<\/td>\n<\/tr>\n<tr>\n<td>Garant\u00eda<\/td>\n<td>5 \u043b\u0435\u0442<\/td>\n<\/tr>\n<tr>\n<td>EAN<\/td>\n<td>5905555019512<\/td>\n<\/tr>\n<tr>\n<td>Tama\u00f1o de paquete (LxAn.xAl.)<\/td>\n<td>76x61x58 cm<\/td>\n<\/tr>\n<tr>\n<td>Peso del env\u00edo<\/td>\n<td>34.9 kg<\/td>\n<\/tr>\n<tr>\n<td>Tipo<\/td>\n<td>luz\/\u00f3ptico, metal\u00fargico <\/td>\n<\/tr>\n<tr>\n<td>Cabezal<\/td>\n<td>trinocular<\/td>\n<\/tr>\n<tr>\n<td>Boquilla<\/td>\n<td>Siedentopf, con lente Bertrand, divisi\u00f3n del haz 100\/0, 50\/50, 0\/100<\/td>\n<\/tr>\n<tr>\n<td>\u00c1ngulo de inclinaci\u00f3n de cabezal<\/td>\n<td>45\u00b0<\/td>\n<\/tr>\n<tr>\n<td>Ampliaci\u00f3n, x<\/td>\n<td>50\u20131000 configuraci\u00f3n b\u00e1sica (50\u20131500x con lente de aumento adicional incorporada de 1,5x)<\/td>\n<\/tr>\n<tr>\n<td>Rango de ampliaci\u00f3n<\/td>\n<td>800x a 1280x<\/td>\n<\/tr>\n<tr>\n<td>Di\u00e1metro del tubo del ocular, mm<\/td>\n<td>30<\/td>\n<\/tr>\n<tr>\n<td>Oculares<\/td>\n<td>10x\/23 mm, larga distancia de acomodaci\u00f3n ocular (2 unidades)<\/td>\n<\/tr>\n<tr>\n<td>Objetivos<\/td>\n<td>objetivos plano semiapocrom\u00e1ticos y plano apocrom\u00e1ticos, corregidos al infinito  5x\/0,15  10x\/0,30  20x\/0,45  50xs\/0,80  100xs\/0,90  altura parafocal 45\u202fmm<\/td>\n<\/tr>\n<tr>\n<td>Rev\u00f3lver<\/td>\n<td>para 6 objetivos, con ranura DIC<\/td>\n<\/tr>\n<tr>\n<td>Distancia de trabajo, mm<\/td>\n<td>20 (5x)  11 (10x)  3,1 (20x)  1 (50xs)  1 (100xs)<\/td>\n<\/tr>\n<tr>\n<td>Distancia interpupilar, mm<\/td>\n<td>48 \u2014 75<\/td>\n<\/tr>\n<tr>\n<td>Platina, mm<\/td>\n<td>340&#215;230<\/td>\n<\/tr>\n<tr>\n<td>Rango de desplazamiento de la platina, mm<\/td>\n<td>130\/85<\/td>\n<\/tr>\n<tr>\n<td>Platina<\/td>\n<td>mec\u00e1nica de dos ejes de tres capas, con mango coaxial X\/Y con capacidad de posici\u00f3n baja e inclinaci\u00f3n, carga m\u00e1xima 30\u202fkg, insertos de platina<\/td>\n<\/tr>\n<tr>\n<td>Ajuste di\u00f3ptrico<\/td>\n<td>\u00b15D en cada ocular<\/td>\n<\/tr>\n<tr>\n<td>Ajuste di\u00f3ptrico<\/td>\n<td>yes<\/td>\n<\/tr>\n<tr>\n<td>Diafragma<\/td>\n<td>diafragma de apertura ajustable, diafragma de campo iris ajustable<\/td>\n<\/tr>\n<tr>\n<td>Enfoque<\/td>\n<td>coaxial, aproximado (10 mm, con mando de bloqueo y mando de ajuste de tensi\u00f3n) y preciso (0,002 mm, 0,2 mm\/c\u00edrculo)<\/td>\n<\/tr>\n<tr>\n<td>Iluminaci\u00f3n<\/td>\n<td>hal\u00f3gena<\/td>\n<\/tr>\n<tr>\n<td>Ajuste del brillo<\/td>\n<td>yes<\/td>\n<\/tr>\n<tr>\n<td>Alimentaci\u00f3n<\/td>\n<td>alimentaci\u00f3n de red de CA, 220\u00b122 V, 50 Hz<\/td>\n<\/tr>\n<tr>\n<td>Tipo de fuente de iluminaci\u00f3n<\/td>\n<td>12 V\/100 W<\/td>\n<\/tr>\n<tr>\n<td>Filtros de luz<\/td>\n<td>s\u00ed<\/td>\n<\/tr>\n<tr>\n<td>Intervalo de temperatura de funcionamiento, \u00b0C<\/td>\n<td>5 \u2014 40<\/td>\n<\/tr>\n<tr>\n<td>Adicional<\/td>\n<td>polarizador y analizador, placas DIC para objetivos, torreta para la instalaci\u00f3n de m\u00f3dulos de contraste<\/td>\n<\/tr>\n<tr>\n<td>Nivel de usuario<\/td>\n<td>usuarios experimentados, profesionales<\/td>\n<\/tr>\n<tr>\n<td>Montaje y nivel de dificultad de instalaci\u00f3n<\/td>\n<td>complicado<\/td>\n<\/tr>\n<tr>\n<td>Aplicaci\u00f3n<\/td>\n<td>metal\u00fargico <\/td>\n<\/tr>\n<tr>\n<td>Ubicaci\u00f3n de la iluminaci\u00f3n<\/td>\n<td>superior<\/td>\n<\/tr>\n<tr>\n<td>M\u00e9todo de investigaci\u00f3n<\/td>\n<td>campo claro, campo oscuro, polarizaci\u00f3n, DIC<\/td>\n<\/tr>\n<tr>\n<td>Funda\/malet\u00edn\/bolsa incluida en el kit<\/td>\n<td>cubierta protectora<\/td>\n<\/tr>\n<\/tbody>\n<\/table>\n","protected":false},"excerpt":{"rendered":"<p>El microscopio est\u00e1 dise\u00f1ado para estudiar la microestructura de metales y aleaciones, materiales semiconductores y otras muestras opacas.<br \/> El dise\u00f1o del microscopio invertido no limita el tama\u00f1o de la muestra examinada  solo su peso est\u00e1 limitado hasta 30 kg. La muestra se debe primero preparar especialmente y luego colocar en la platina con la superficie orientada hacia abajo.<br \/> Este microscopio puede estudiar objetos opacos en luz reflejada utilizando las t\u00e9cnicas de campo claro, campo oscuro, microscop\u00eda de polarizaci\u00f3n y contraste de interferencia diferencial.<br \/> DIC es una t\u00e9cnica avanzada de contraste de polarizaci\u00f3n. Este m\u00e9todo aumenta la profundidad de campo y la nitidez de la imagen, proporciona informaci\u00f3n adicional sobre la estructura del objeto estudiado y visualiza con color las irregularidades de las superficies estudiadas. Las superficies planas se pintan por igual, pero una superficie con diferencias de altura, incluso m\u00ednimas, presentar\u00e1 irregularidades de color. El objeto de estudio aparecer\u00e1 en relieve. El microscopio se puede utilizar en diversos campos (metalurgia, ingenier\u00eda, sectores aeroespacial, nuclear y energ\u00e9tico), as\u00ed como en laboratorios de investigaci\u00f3n y universidades t\u00e9cnicas.<\/p>\n","protected":false},"featured_media":83560,"template":"","meta":{"_exactmetrics_skip_tracking":false,"_exactmetrics_sitenote_active":false,"_exactmetrics_sitenote_note":"","_exactmetrics_sitenote_category":0},"product_brand":[],"product_cat":[612,611],"product_tag":[],"class_list":{"0":"post-84661","1":"product","2":"type-product","3":"status-publish","4":"has-post-thumbnail","6":"product_cat-invertidos","7":"product_cat-metalograficos","8":"product_shipping_class-microscopio","10":"first","11":"instock","12":"taxable","13":"shipping-taxable","14":"purchasable","15":"product-type-simple"},"_links":{"self":[{"href":"https:\/\/microscopistas.com\/en\/wp-json\/wp\/v2\/product\/84661","targetHints":{"allow":["GET"]}}],"collection":[{"href":"https:\/\/microscopistas.com\/en\/wp-json\/wp\/v2\/product"}],"about":[{"href":"https:\/\/microscopistas.com\/en\/wp-json\/wp\/v2\/types\/product"}],"wp:featuredmedia":[{"embeddable":true,"href":"https:\/\/microscopistas.com\/en\/wp-json\/wp\/v2\/media\/83560"}],"wp:attachment":[{"href":"https:\/\/microscopistas.com\/en\/wp-json\/wp\/v2\/media?parent=84661"}],"wp:term":[{"taxonomy":"product_brand","embeddable":true,"href":"https:\/\/microscopistas.com\/en\/wp-json\/wp\/v2\/product_brand?post=84661"},{"taxonomy":"product_cat","embeddable":true,"href":"https:\/\/microscopistas.com\/en\/wp-json\/wp\/v2\/product_cat?post=84661"},{"taxonomy":"product_tag","embeddable":true,"href":"https:\/\/microscopistas.com\/en\/wp-json\/wp\/v2\/product_tag?post=84661"}],"curies":[{"name":"wp","href":"https:\/\/api.w.org\/{rel}","templated":true}]}}