{"id":84660,"date":"2024-07-29T18:29:39","date_gmt":"2024-07-29T16:29:39","guid":{"rendered":"http:\/\/microscopistas.com\/?post_type=product&#038;p=84660"},"modified":"2024-07-29T18:37:11","modified_gmt":"2024-07-29T16:37:11","slug":"microscopio-de-fluorescencia-magus-lum-450l","status":"publish","type":"product","link":"https:\/\/microscopistas.com\/en\/producto\/microscopio-de-fluorescencia-magus-lum-450l\/","title":{"rendered":"Microscopio de fluorescencia MAGUS Lum 450L"},"content":{"rendered":"<p><strong>Microscopio de fluorescencia MAGUS Lum 450L<\/strong><br \/>Ampliaci&#038;oacute n: 40&#038;ndash 1000x. Cabezal trinocular, objetivos acrom&#038;aacute ticos planos, fuentes de luz reflejada y transmitida con LED de 3\u202fW, iluminaci&#038;oacute n K&#038;ouml hler en luz transmitida<\/p>\n<p>Con el microscopio MAGUS Lum 450L se pueden llevar a cabo investigaciones en campo claro y con luz fluorescente. Con componentes adicionales, tambi&#038;eacute n se pueden llevar a cabo investigaciones en el m&#038;eacute todo de campo oscuro, contraste de fases o luz polarizada. Durante las observaciones de fluorescencia, el MAGUS Lum 450L ilumina la muestra en azul o verde, de modo que los objetos producen luz verde-amarilla o roja, respectivamente. Los microscopios de fluorescencia se utilizan en ex&#038;aacute menes m&#038;eacute dicos, estudios forenses o farmacol&#038;oacute gicos, as&#038;iacute  como en el control veterinario y sanitario. Este modelo est&#038;aacute  equipado con un sistema de iluminaci&#038;oacute n inteligente que ajusta la intensidad de la luz a las caracter&#038;iacute sticas de los objetivos, y una pantalla LCD en la que se pueden controlar los par&#038;aacute metros de funcionamiento.&#038;nbsp <\/p>\n<p>El microscopio est&#038;aacute  equipado con un cabezal trinocular: dos tubos oculares, y el tercero es para una c&#038;aacute mara digital. Los tubos oculares est&#038;aacute n dise&#038;ntilde ados para una &#038;oacute ptica corregida al infinito. El usuario puede ajustar su altura girando los tubos 360&#038;deg . Los usuarios con deficiencias visuales no tienen restricciones para trabajar con este microscopio: el modelo se suministra con oculares b&#038;aacute sicos de 10x\/22 mm con anillos de ajuste de dioptr&#038;iacute as, y la pupila de salida de los oculares est&#038;aacute  situada a una distancia suficiente para poder trabajar con gafas. Las lentes de cristal y los oculares est&#038;aacute n protegidos por oculares planos de goma. Cuando se conecta una c&#038;aacute mara, el haz luminoso del microscopio se divide al 50\u202f%.<\/p>\n<p>El rev&#038;oacute lver tiene cinco ranuras para instalar objetivos. La distancia parafocal es de 60 mm. El rev&#038;oacute lver est&#038;aacute  dirigido en direcci&#038;oacute n opuesta al observador, lo que deja espacio libre por encima de la platina del objeto para su manipulaci&#038;oacute n. El kit de microscopio incluye 4 objetivos de 4 a 10 aumentos. Puede instalar un objetivo adicional en la ranura libre para ampliar el rango de aumento. La caracter&#038;iacute stica especial del rev&#038;oacute lver es que forma parte del sistema de iluminaci&#038;oacute n &#8216;inteligente&#8217;. El usuario ajusta una vez la intensidad de la luz al aumento de cada objetivo y, a continuaci&#038;oacute n, al girar el rev&#038;oacute lver, la luz se ajusta autom&#038;aacute ticamente a la intensidad deseada. Gracias a ello, no se producen cambios bruscos en el nivel de iluminaci&#038;oacute n de los oculares, los ojos del usuario se cansan menos y no es necesario perder tiempo ajustando constantemente el brillo de la luz.<\/p>\n<p>La platina portaobjetos tiene un dise&#038;ntilde o ergon&#038;oacute mico: el esp&#038;eacute cimen se mueve mediante un mecanismo de transmisi&#038;oacute n por correa, no hay rejilla de posicionamiento y la platina se controla con un mango largo. El usuario puede mantener las manos sobre la mesa sin esfuerzo. La platina est&#038;aacute  equipada con una portamuestras que se fija con dos tornillos y puede desmontarse f&#038;aacute cilmente.<\/p>\n<p>El enfoque se realiza mediante mandos coaxiales situados en el soporte: a la izquierda hay un mando de enfoque aproximado, y el ajuste preciso se realiza mediante los mandos de los lados derecho e izquierdo. Otro mando sirve para bloquear el enfoque aproximado. La tensi&#038;oacute n de desplazamiento se ajusta mediante un anillo.&#038;nbsp <\/p>\n<p>La iluminaci&#038;oacute n del microscopio se realiza mediante LED de 3 W: para los estudios de campo claro se utiliza un iluminador de luz transmitida y para los estudios de fluorescencia, un iluminador de luz reflejada. Para crear un resplandor fluorescente, el set contiene dos filtros, azul y verde. Cambian al girar el interruptor del accesorio fluorescente a la izquierda o a la derecha. Si el interruptor est&#038;aacute  centrado, el microscopio est&#038;aacute  listo para trabajar con el m&#038;eacute todo de campo claro. Los LED est&#038;aacute n dise&#038;ntilde ados para 50\u202f000 horas de funcionamiento. No tardan en alcanzar la intensidad requerida, no cambian de temperatura y se apagan inmediatamente.<\/p>\n<p>El microscopio permite ajustar la iluminaci&#038;oacute n K&#038;ouml hler, que se utiliza para diversos m&#038;eacute todos de observaci&#038;oacute n. Forma una imagen de alta calidad sin rastros de artefactos, la muestra y todo el campo de visi&#038;oacute n se iluminan con luz uniforme sin oscurecimiento en los bordes.&#038;nbsp <\/p>\n<p>El condensador de diafragma de iris regulable se puede ajustar en altura y est&#038;aacute  centrado. La conexi&#038;oacute n al microscopio se realiza mediante una montura de cola de milano. Para facilitar el ajuste, en el cuerpo del condensador hay marcas correspondientes a los indicadores de aumento de los objetivos y, en su anillo, hay un puntero. Para conseguir una imagen de contraste, ajuste la marca al aumento deseado. El condensador dispone de una ranura para instalar compensador deslizante de campo oscuro o de contraste de fases. Cuando se trabaja con otros m&#038;eacute todos, la ranura se cierra con un tap&#038;oacute n.&#038;nbsp <\/p>\n<p>Todos los par&#038;aacute metros seleccionados &#038;ndash  el aumento del objetivo de trabajo, los ajustes de iluminaci&#038;oacute n y el modo de funcionamiento actual &#038;ndash  pueden controlarse en la pantalla LCD incorporada. Controlando dos mandos, el usuario puede establecer el modo de reposo o programar el temporizador para que se apague, ajustar el brillo o fijarlo para que se bloquee.<\/p>\n<p>El dise&#038;ntilde o del microscopio est&#038;aacute  orientado a la m&#038;aacute xima comodidad del usuario. Adem&#038;aacute s de las caracter&#038;iacute sticas ya descritas, dispone de un asa de transporte, y el cable de alimentaci&#038;oacute n est&#038;aacute  oculto a la vista, lo que no solamente es est&#038;eacute ticamente agradable, sino tambi&#038;eacute n seguro.&#038;nbsp <\/p>\n<p>El microscopio puede complementarse con diversos accesorios para ampliar su funcionalidad: los oculares a&#038;ntilde adir&#038;aacute n aumento, y los componentes opcionales le permitir&#038;aacute n hacer investigaciones utilizando otros m&#038;eacute todos. Un portaobjetos de calibraci&#038;oacute n, en combinaci&#038;oacute n con oculares con escala o con una c&#038;aacute mara digital, le ayudar&#038;aacute  a medir un objeto.<\/p>\n<p><strong>Caracter&#038;iacute sticas principales:<br \/><\/strong>La investigaci&#038;oacute n puede llevarse a cabo tanto en campo claro como con luz de fluorescencia<br \/>Los estudios de campo oscuro, contraste de fases o luz polarizada est&#038;aacute n disponibles con componentes opcionales<br \/>Para trabajar bajo luz de fluorescencia, la muestra se ilumina con luz azul o verde y produce un color amarillo-verde o rojo<br \/>El sistema de iluminaci&#038;oacute n inteligente ajusta autom&#038;aacute ticamente el brillo de la luz al cambiar de objetivo<br \/>La pantalla LCD muestra los par&#038;aacute metros de funcionamiento seleccionados<br \/>Cabezal trinocular, la posici&#038;oacute n de los tubos oculares se ajusta a la altura del usuario<br \/>El condensador est&#038;aacute  marcado en funci&#038;oacute n del aumento de los objetivos para facilitar el ajuste<br \/>Sistema de iluminaci&#038;oacute n K&#038;ouml hler<\/p>\n<p><strong>El kit incluye:<\/strong><br \/>Cuerpo con fuente de alimentaci&#038;oacute n integrada, iluminador de luz visible reflejada, fuente de luz transmitida, mecanismo de enfoque, platina, soporte de condensador y rev&#038;oacute lver giratorio<br \/>Sistema CMO<br \/>Iluminador de luz reflejada <br \/>Cabezal trinocular<br \/>Objetivo plano acrom&#038;aacute tico corregido al infinito: 4x\/0,10, altura parafocal de 60 mm<br \/>Objetivo plano acrom&#038;aacute tico corregido al infinito: 10x\/0,25, altura parafocal de 60 mm<br \/>Objetivo plano acrom&#038;aacute tico corregido al infinito: 40x\/0,65 (con mecanismo de resorte), altura parafocal de 60 mm<br \/>Objetivo plano acrom&#038;aacute tico corregido al infinito: 100x\/0,25 para inmersi&#038;oacute n en aceite (con mecanismo de resorte), altura parafocal de 60 mm<br \/>Ocular de 10x\/22 mm con larga distancia de acomodaci&#038;oacute n ocular y ajuste de las dioptr&#038;iacute as (2 unidades)<br \/>Ojera de ocular (2 unidades)<br \/>Filtro de luz<br \/>Adaptador de c&#038;aacute mara con montura C<br \/>Botella de aceite de inmersi&#038;oacute n<br \/>Cable de alimentaci&#038;oacute n CA<br \/>Cubierta protectora&#038;nbsp <br \/>Manual del usuario y tarjeta de garant&#038;iacute a<\/p>\n<p><strong>Disponible bajo petici&#038;oacute n:<br \/><\/strong>Ocular de 10x\/22 mm con escala<br \/>Ocular de 10x\/22\u202fmm con ret&#038;iacute cula<br \/>Ocular de 10x\/22 mm con cruz filar<br \/>Ocular de 12,5x\/17,5 mm (2 unidades)<br \/>Ocular de 15x\/16 mm (2 unidades)<br \/>Ocular de 20x\/12 mm (2 unidades)<br \/>Objetivo plano acrom&#038;aacute tico corregido al infinito: 20x\/0,40, altura parafocal de 60 mm<br \/>Dispositivo de contraste de fase: juego de placas de fase, telescopio auxiliar de centrado, juego de objetivos de fase<br \/>Control deslizante de campo oscuro<br \/>Dispositivo de polarizaci&#038;oacute n<br \/>C&#038;aacute mara digital<br \/>Portaobjetos de calibraci&#038;oacute n<br \/>Monitor<\/p>\n<p>&#038;nbsp <\/p>\n<table>\n<tbody>\n<tr>\n<td>Marca<\/td>\n<td>MAGUS<\/td>\n<\/tr>\n<tr>\n<td>Garant\u00eda<\/td>\n<td>5 \u043b\u0435\u0442<\/td>\n<\/tr>\n<tr>\n<td>EAN<\/td>\n<td>5905555019505<\/td>\n<\/tr>\n<tr>\n<td>Tama\u00f1o de paquete (LxAn.xAl.)<\/td>\n<td>38x67x47 cm<\/td>\n<\/tr>\n<tr>\n<td>Peso del env\u00edo<\/td>\n<td>14.4 kg<\/td>\n<\/tr>\n<tr>\n<td>Tipo<\/td>\n<td>biol\u00f3gico, luz\/\u00f3ptico<\/td>\n<\/tr>\n<tr>\n<td>Cabezal<\/td>\n<td>trinocular<\/td>\n<\/tr>\n<tr>\n<td>Boquilla<\/td>\n<td>con distribuci\u00f3n 50\/50 del flujo luminoso, cabezal Gemel (Siedentopf, rotaci\u00f3n de 360\u00b0)<\/td>\n<\/tr>\n<tr>\n<td>\u00c1ngulo de inclinaci\u00f3n de cabezal<\/td>\n<td>30\u00b0<\/td>\n<\/tr>\n<tr>\n<td>Ampliaci\u00f3n, x<\/td>\n<td>40\u20131000 configuraci\u00f3n b\u00e1sica (*opcional: 40\u20131250\/1500\/2000)<\/td>\n<\/tr>\n<tr>\n<td>Rango de ampliaci\u00f3n<\/td>\n<td>800x a 1280x<\/td>\n<\/tr>\n<tr>\n<td>Di\u00e1metro del tubo del ocular, mm<\/td>\n<td>30<\/td>\n<\/tr>\n<tr>\n<td>Oculares<\/td>\n<td>10x\/22, larga distancia de acomodaci\u00f3n ocular (*opcional: 10x\/22 con escala de medici\u00f3n, 10x\/22 con ret\u00edcula, 10x\/22 con cruz filar, 12,5x\/17,5, 15x\/16, 20x\/12)<\/td>\n<\/tr>\n<tr>\n<td>Objetivos<\/td>\n<td>plano acrom\u00e1ticos corregidos al infinito: 4x\/0,10  10x\/0,25  40xs\/0,65  100xs\/1,25 aceite (*opcional: 20x\/0,40)  distancia parafocal: 60 mm<\/td>\n<\/tr>\n<tr>\n<td>Rev\u00f3lver<\/td>\n<td>5 objetivos, codificados<\/td>\n<\/tr>\n<tr>\n<td>Distancia de trabajo, mm<\/td>\n<td>30 (4x)  10,2 (10x)  1,5 (40xs)  0,2 (100xs)<\/td>\n<\/tr>\n<tr>\n<td>Distancia interpupilar, mm<\/td>\n<td>47 \u2014 78<\/td>\n<\/tr>\n<tr>\n<td>Platina, mm<\/td>\n<td>230&#215;150<\/td>\n<\/tr>\n<tr>\n<td>Rango de desplazamiento de la platina, mm<\/td>\n<td>78\/54<\/td>\n<\/tr>\n<tr>\n<td>Platina<\/td>\n<td>micr\u00f3metro mec\u00e1nico de dos ejes, sin cremallera de posicionamiento<\/td>\n<\/tr>\n<tr>\n<td>Ajuste di\u00f3ptrico<\/td>\n<td>\u00b15D en cada ocular<\/td>\n<\/tr>\n<tr>\n<td>Ajuste di\u00f3ptrico<\/td>\n<td>yes<\/td>\n<\/tr>\n<tr>\n<td>Condensador<\/td>\n<td>condensador Abbe NA 1,25, centrable y de altura ajustable, con diafragma de apertura ajustable y ranura para placas de campo oscuro y de fase  montura de cola de milano<\/td>\n<\/tr>\n<tr>\n<td>Diafragma<\/td>\n<td>diafragma de apertura ajustable, diafragma de campo iris ajustable<\/td>\n<\/tr>\n<tr>\n<td>Enfoque<\/td>\n<td>coaxial, aproximado (30 mm, 37,7 mm\/c\u00edrculo, con mando de bloqueo y mando de ajuste de tensi\u00f3n) y preciso (0,002 mm, 0,2 mm\/c\u00edrculo)<\/td>\n<\/tr>\n<tr>\n<td>Iluminaci\u00f3n<\/td>\n<td>LED<\/td>\n<\/tr>\n<tr>\n<td>Ajuste del brillo<\/td>\n<td>yes<\/td>\n<\/tr>\n<tr>\n<td>Alimentaci\u00f3n<\/td>\n<td>100\u2013240 V, 50\/60 Hz, alimentaci\u00f3n de red de CA<\/td>\n<\/tr>\n<tr>\n<td>Filtros de luz<\/td>\n<td>s\u00ed<\/td>\n<\/tr>\n<tr>\n<td>Intervalo de temperatura de funcionamiento, \u00b0C<\/td>\n<td>0 \u2014 70<\/td>\n<\/tr>\n<tr>\n<td>Adicional<\/td>\n<td>ajuste autom\u00e1tico del brillo al cambiar de objetivo, visualizaci\u00f3n del estado en la pantalla LCD, modo de suspensi\u00f3n, modo ecol\u00f3gico<\/td>\n<\/tr>\n<tr>\n<td>Posibilidad de conectar accesorios<\/td>\n<td>\u0441ontrol deslizante de campo oscuro, dispositivos de polarizaci\u00f3n (polarizador y analizador), dispositivo de contraste de fases (control deslizante y objetivos)<\/td>\n<\/tr>\n<tr>\n<td>Nivel de usuario<\/td>\n<td>usuarios experimentados, profesionales<\/td>\n<\/tr>\n<tr>\n<td>Montaje y nivel de dificultad de instalaci\u00f3n<\/td>\n<td>complicado<\/td>\n<\/tr>\n<tr>\n<td>M\u00f3dulo fluorescente<\/td>\n<td>azul (B)  verde (G)<\/td>\n<\/tr>\n<tr>\n<td>Aplicaci\u00f3n<\/td>\n<td>laboratorio\/m\u00e9dico<\/td>\n<\/tr>\n<tr>\n<td>Ubicaci\u00f3n de la iluminaci\u00f3n<\/td>\n<td>doble<\/td>\n<\/tr>\n<tr>\n<td>M\u00e9todo de investigaci\u00f3n<\/td>\n<td>campo claro, fluorescencia<\/td>\n<\/tr>\n<tr>\n<td>Funda\/malet\u00edn\/bolsa incluida en el kit<\/td>\n<td>cubierta protectora<\/td>\n<\/tr>\n<\/tbody>\n<\/table>\n","protected":false},"excerpt":{"rendered":"<p>Con el microscopio MAGUS Lum 450L se pueden llevar a cabo investigaciones en campo claro y con luz fluorescente. Con componentes adicionales, tambi\u00e9n se pueden llevar a cabo investigaciones en el m\u00e9todo de campo oscuro, contraste de fases o luz polarizada. Durante las observaciones de fluorescencia, el MAGUS Lum 450L ilumina la muestra en azul o verde, de modo que los objetos producen luz verde-amarilla o roja, respectivamente. Los microscopios de fluorescencia se utilizan en ex\u00e1menes m\u00e9dicos, estudios forenses o farmacol\u00f3gicos, as\u00ed como en el control veterinario y sanitario. Este modelo est\u00e1 equipado con un sistema de iluminaci\u00f3n inteligente que ajusta la intensidad de la luz a las caracter\u00edsticas de los objetivos, y una pantalla LCD en la que se pueden controlar los par\u00e1metros de funcionamiento. <\/p>\n","protected":false},"featured_media":83557,"template":"","meta":{"_exactmetrics_skip_tracking":false,"_exactmetrics_sitenote_active":false,"_exactmetrics_sitenote_note":"","_exactmetrics_sitenote_category":0},"product_brand":[],"product_cat":[606],"product_tag":[],"class_list":{"0":"post-84660","1":"product","2":"type-product","3":"status-publish","4":"has-post-thumbnail","6":"product_cat-fluorescencia","7":"product_shipping_class-microscopio","9":"first","10":"instock","11":"taxable","12":"shipping-taxable","13":"purchasable","14":"product-type-simple"},"_links":{"self":[{"href":"https:\/\/microscopistas.com\/en\/wp-json\/wp\/v2\/product\/84660","targetHints":{"allow":["GET"]}}],"collection":[{"href":"https:\/\/microscopistas.com\/en\/wp-json\/wp\/v2\/product"}],"about":[{"href":"https:\/\/microscopistas.com\/en\/wp-json\/wp\/v2\/types\/product"}],"wp:featuredmedia":[{"embeddable":true,"href":"https:\/\/microscopistas.com\/en\/wp-json\/wp\/v2\/media\/83557"}],"wp:attachment":[{"href":"https:\/\/microscopistas.com\/en\/wp-json\/wp\/v2\/media?parent=84660"}],"wp:term":[{"taxonomy":"product_brand","embeddable":true,"href":"https:\/\/microscopistas.com\/en\/wp-json\/wp\/v2\/product_brand?post=84660"},{"taxonomy":"product_cat","embeddable":true,"href":"https:\/\/microscopistas.com\/en\/wp-json\/wp\/v2\/product_cat?post=84660"},{"taxonomy":"product_tag","embeddable":true,"href":"https:\/\/microscopistas.com\/en\/wp-json\/wp\/v2\/product_tag?post=84660"}],"curies":[{"name":"wp","href":"https:\/\/api.w.org\/{rel}","templated":true}]}}