{"id":84659,"date":"2024-07-29T18:29:38","date_gmt":"2024-07-29T16:29:38","guid":{"rendered":"http:\/\/microscopistas.com\/?post_type=product&#038;p=84659"},"modified":"2024-07-29T18:39:31","modified_gmt":"2024-07-29T16:39:31","slug":"microscopio-biologico-invertido-magus-bio-v360","status":"publish","type":"product","link":"https:\/\/microscopistas.com\/en\/producto\/microscopio-biologico-invertido-magus-bio-v360\/","title":{"rendered":"Microscopio biol\u00f3gico invertido MAGUS Bio V360"},"content":{"rendered":"<p>Microscopio para investigaci\u00f3n.<br \/> Est\u00e1 dise\u00f1ado para estudiar precipitados l\u00edquidos, colonias celulares, c\u00e9lulas vivas, cultivos de tejidos y otras muestras te\u00f1idas y sin te\u00f1ir contenidas en envases de vidrio de laboratorio.<br \/> Su dise\u00f1o invertido permite el uso de placas de Petri, placas multipocillo, viales, frascos de cultivo rotatorias y matraces de hasta 75 mm y un grosor de 1,2 mm en la base. El microscopio utiliza objetivos especiales para trabajar con este tipo de envases de vidrio.<br \/> Con el condensador extra\u00eddo, es posible observar cultivos celulares en placas de Petri o en matraces cil\u00edndricos de hasta 187 mm.<br \/> Para estudiar las muestras se utiliza la t\u00e9cnica de microscop\u00eda de luz transmitida (campo claro y contraste de fases).<br \/> La instalaci\u00f3n de componentes opcionales permitir\u00e1 utilizar los m\u00e9todos de contraste de modulaci\u00f3n Hoffman y contraste en relieve.<br \/> El microscopio se utiliza para la investigaci\u00f3n en medicina, farmacolog\u00eda, biolog\u00eda y virolog\u00eda. La configuraci\u00f3n superior del microscopio es adecuada para la FIV.<\/p>\n<p><strong>Cabezal del microscopio<\/strong><\/p>\n<p>Cabezal binocular con \u00f3ptica corregida al infinito. La c\u00e1mara digital est\u00e1 instalada en el puerto lateral del cabezal del microscopio. El haz se divide 100\/0 o 0\/100.<\/p>\n<p><strong>Rev\u00f3lver giratorio<\/strong><\/p>\n<p>Rev\u00f3lver giratorio codificado para 5 objetivos. Esta posici\u00f3n libre tambi\u00e9n se puede utilizar para instalar un objetivo adicional y lograr un mayor poder de aumento.<\/p>\n<p><strong>Objetivos<\/strong><\/p>\n<p>Objetivos plano acrom\u00e1ticos corregidos al infinito con una larga distancia de trabajo para placas de Petri con un espesor de 1,2 mm en la base. La distancia parafocal es de 60 mm.<br \/> Se utiliza un objetivo para trabajar con el m\u00e9todo de campo claro y tres objetivos para trabajar con el m\u00e9todo de contraste de fases.<\/p>\n<p><strong>Mantenimiento de niveles de brillo confortables al cambiar de aumento<\/strong><\/p>\n<p>Los objetivos de diferentes aumentos transmiten luz con distintos niveles de intensidad, por lo que cada vez que se cambia de objetivo, debe ajustarse el brillo de la luz. Adem\u00e1s, el brillo aumenta bruscamente al cambiar de un objetivo de mayor aumento a otro de menor aumento. Un aumento brusco del brillo provoca fatiga ocular. MAGUS Bio V360 cuenta con un control inteligente del brillo. El microscopio recuerda el brillo de cada objetivo que el usuario ha seleccionado y lo ajusta IT autom\u00e1ticamente al girar el rev\u00f3lver. Este control inteligente reduce el tiempo necesario para ajustar el brillo. MAGUS Bio V360 aumenta la comodidad del usuario y ahorra tiempo incluso cuando el trabajo requiere cambios frecuentes de aumento.<\/p>\n<p><strong>Mecanismo de enfoque<\/strong><\/p>\n<p>Los mandos de enfoque aproximado y preciso son coaxiales y est\u00e1n situados a baja altura. El investigador puede colocar las manos sobre la mesa y adoptar una posici\u00f3n c\u00f3moda frente al microscopio.<br \/> El bot\u00f3n de bloqueo del enfoque aproximado ayuda a ajustar r\u00e1pidamente el microscopio despu\u00e9s de cambiar el objeto de estudio. El bot\u00f3n se encuentra en el lado izquierdo del microscopio, en el mismo eje que el mecanismo de enfoque.<br \/> El anillo del lado derecho ajusta la tensi\u00f3n del recorrido de enfoque aproximado. El usuario ajusta la tensi\u00f3n c\u00f3moda para trabajar.<\/p>\n<p><strong>Platina<\/strong><\/p>\n<p>La platina mec\u00e1nica es fija. En la platina hay instalado un mecanismo especial que mueve los recipientes de vidrio de laboratorio en dos direcciones mutuamente perpendiculares. El movimiento fluido y sutil del objeto proporciona un estudio preciso: no se pasar\u00e1 por alto ninguna parte de la muestra.<br \/> El largo mando de control de la platina garantiza la comodidad del usuario mientras trabaja: la mano puede descansar sobre la platina sin ning\u00fan esfuerzo.<br \/> El kit del microscopio incluye un portaplacas universal.<\/p>\n<p><strong>Condensador<\/strong><\/p>\n<p>En el condensador se instala una placa de contraste de fases. Los anillos de contraste de fases se pueden centrar. El uso de la placa ahorra tiempo al cambiar de una t\u00e9cnica de microscop\u00eda a otra.<br \/> En la ranura del condensador puede instalarse una placa de contraste de relieve o una placa de contraste de modulaci\u00f3n Hoffman.<\/p>\n<p><strong>Iluminaci\u00f3n<\/strong><\/p>\n<p>El LED de 3 W proporciona una iluminaci\u00f3n brillante, suficiente para observaciones de campo claro y t\u00e9cnicas de contraste de fase con toda clase de objetivos. La temperatura del color no cambia cuando ajusta el brillo. El LED tiene una vida \u00fatil de 50.000 horas.<\/p>\n<p><strong>Pantalla LCD de estado<\/strong><\/p>\n<p>La pantalla LCD de la base del microscopio muestra el aumento del objetivo, el brillo de la fuente de luz, y el modo de funcionamiento (\u00absuspensi\u00f3n\u00bb, \u00abeco\u00bb).<br \/> Mediante la pantalla y dos mandos, el usuario ajusta el brillo, bloquea el ajuste del brillo y configura el modo de espera y el temporizador del apagado autom\u00e1tico.<\/p>\n<p><strong>Dise\u00f1o ergon\u00f3mico<\/strong><\/p>\n<p>El malestar f\u00edsico provoca fatiga y reduce la productividad. El dise\u00f1o ergon\u00f3mico del microscopio es un factor importante en la investigaci\u00f3n cient\u00edfica cotidiana.<br \/> MAGUS Bio V360 proporciona comodidad al usuario durante el trabajo.<br \/> El cabezal del microscopio est\u00e1 situado en un \u00e1ngulo ergon\u00f3mico para que la espalda y el cuello no se cansen.<br \/> Gracias a la platina baja y compacta, resulta c\u00f3modo para el usuario manipular la muestra y trabajar con los recipientes de vidrio de laboratorio.<br \/> El largo mango del mecanismo de movimiento hace que no sea necesario levantar la mano de la mesa para controlar el microscopio, ni cambiar de posici\u00f3n c\u00f3moda.<br \/> Los mandos de enfoque est\u00e1n situados en la parte inferior del instrumento. El usuario no necesita forzar las manos. El enfoque se realiza sin esfuerzo gracias a su mecanismo fluido. <\/p>\n<p><strong>Accesorios<\/strong><\/p>\n<p>Existe una gama de accesorios dise\u00f1ados para este microscopio. Los oculares ampl\u00edan el rango de aumento del microscopio. Los oculares adicionales le ayudan a sacar el m\u00e1ximo provecho de la lente que utilice con m\u00e1s frecuencia.<br \/> Los dispositivos de contraste de modulaci\u00f3n Hoffman y de contraste de relieve ampl\u00edan las t\u00e9cnicas de contraste y permiten examinar objetos invisibles en campo claro y contraste de fases.<br \/> Otros accesorios son una c\u00e1mara digital para enviar la imagen obtenida por el microscopio a un monitor y almacenar archivos, y software para realizar mediciones de muestras en tiempo real.<br \/> Para medir objetos se utiliza un portaobjetos de calibraci\u00f3n, que se puede combinar con un ocular provisto de una escala de medici\u00f3n o con el software de la c\u00e1mara.<\/p>\n<p><strong>Caracter\u00edsticas principales:<\/strong><\/p>\n<ul>\n<li>Investigaci\u00f3n de objetos te\u00f1idos y no te\u00f1idos en recipientes de vidrio de laboratorio: placas de Petri, matraces, placas, trabajo con recipientes de vidrio de hasta 185 mm de altura<\/li>\n<li>M\u00e9todos de investigaci\u00f3n: campo claro y contraste de fase  con equipamiento adicional: m\u00e9todos de contraste de modulaci\u00f3n Hoffman y contraste de relieve<\/li>\n<li>Rev\u00f3lver giratorio codificado: el brillo de la fuente de luz se ajusta autom\u00e1ticamente en funci\u00f3n del objetivo seleccionado<\/li>\n<li>Cabezal binocular con tubo lateral para montar una c\u00e1mara digital  divisi\u00f3n del haz 100\/0 o 0\/100<\/li>\n<li>El iluminador de luz transmitida es un LED de 3 W de bajo consumo con una vida \u00fatil de hasta 50.000 horas<\/li>\n<li>Condensador con ranura para instalar placas  placa de contraste de fase incluida, los anillos de fase est\u00e1n centrados<\/li>\n<li>Sistema inteligente de control de la iluminaci\u00f3n: selecci\u00f3n autom\u00e1tica del brillo, bloqueo de atenuaci\u00f3n, apagado autom\u00e1tico del temporizador, pantalla LCD con informaci\u00f3n de estado<\/li>\n<li>Platina con movimiento de los recipientes de vidrio a lo largo de los ejes X e Y  se incluye un portaplacas universal  un mango largo de control de la platina garantiza la comodidad del usuario durante el trabajo<\/li>\n<\/ul>\n<p><strong>El kit incluye:<\/strong><\/p>\n<ul>\n<li>Soporte con fuente de alimentaci\u00f3n integrada, fuente de luz transmitida, mecanismo de enfoque, platina, soporte de condensador y rev\u00f3lver giratorio<\/li>\n<li>Condensador con ranura para placas<\/li>\n<li>Cabezal de microscopio binocular con tubo lateral<\/li>\n<li>Objetivo plano acrom\u00e1tico corregido al infinito: 4x\/0,10 WD 30 mm, altura parafocal 60 mm<\/li>\n<li>Objetivo plano acrom\u00e1tico corregido al infinito: 10x\/0,25 fase WD 10,2\u202fmm, altura parafocal 60\u202fmm<\/li>\n<li>Objetivo plano acrom\u00e1tico corregido al infinito: 20x\/0,40 fase WD 12\u202fmm, altura parafocal 60\u202fmm<\/li>\n<li>Objetivo plano acrom\u00e1tico corregido al infinito: 40x\/0,60 fase WD 2,2\u202fmm, altura parafocal 60\u202fmm<\/li>\n<li>Ocular 10x\/22 mm con larga distancia ocular y ajuste de las dioptr\u00edas (2 unidades)<\/li>\n<li>Ojera de ocular (2 unidades)<\/li>\n<li>Telescopio de centrado<\/li>\n<li>Placa con anillos de fase que se pueden centrar<\/li>\n<li>Placa de platina redonda <\/li>\n<li>Portaplacas universal<\/li>\n<li>Adaptador de c\u00e1mara con montura C<\/li>\n<li>Cable de alimentaci\u00f3n CA<\/li>\n<li>Cubierta protectora <\/li>\n<li>Manual del usuario y tarjeta de garant\u00eda<\/li>\n<\/ul>\n<p><strong>Disponible bajo petici\u00f3n:<\/strong><\/p>\n<ul>\n<li>Ocular de 15x\/16 mm (2 unidades)<\/li>\n<li>Ocular de 20x\/12 mm (2 unidades)<\/li>\n<li>Dispositivo para trabajar con el m\u00e9todo de contraste de modulaci\u00f3n Hoffman<\/li>\n<li>Dispositivo para trabajar con el m\u00e9todo de contraste en relieve<\/li>\n<li>C\u00e1mara digital<\/li>\n<li>Portaobjetos de calibraci\u00f3n<\/li>\n<li>Monitor<\/li>\n<\/ul>\n<table>\n<tbody>\n<tr>\n<td>Marca<\/td>\n<td>MAGUS<\/td>\n<\/tr>\n<tr>\n<td>Garant\u00eda<\/td>\n<td>5 \u043b\u0435\u0442<\/td>\n<\/tr>\n<tr>\n<td>EAN<\/td>\n<td>5905555019499<\/td>\n<\/tr>\n<tr>\n<td>Tama\u00f1o de paquete (LxAn.xAl.)<\/td>\n<td>56x65x67 cm<\/td>\n<\/tr>\n<tr>\n<td>Peso del env\u00edo<\/td>\n<td>24.4 kg<\/td>\n<\/tr>\n<tr>\n<td>Tipo<\/td>\n<td>biol\u00f3gico, luz\/\u00f3ptico<\/td>\n<\/tr>\n<tr>\n<td>Cabezal<\/td>\n<td>binocular<\/td>\n<\/tr>\n<tr>\n<td>Boquilla<\/td>\n<td>divisi\u00f3n del haz 0\/100, 100\/0, Siedentopf, con tubo lateral<\/td>\n<\/tr>\n<tr>\n<td>\u00c1ngulo de inclinaci\u00f3n de cabezal<\/td>\n<td>45\u00b0<\/td>\n<\/tr>\n<tr>\n<td>Ampliaci\u00f3n, x<\/td>\n<td>40\u2013400 configuraci\u00f3n b\u00e1sica (*opcional: 40\u2013600\/800)<\/td>\n<\/tr>\n<tr>\n<td>Rango de ampliaci\u00f3n<\/td>\n<td>200x a 800x<\/td>\n<\/tr>\n<tr>\n<td>Di\u00e1metro del tubo del ocular, mm<\/td>\n<td>30<\/td>\n<\/tr>\n<tr>\n<td>Oculares<\/td>\n<td>10x\/22 mm, larga distancia de acomodaci\u00f3n ocular (*opcional: 15\u0445\/16 mm, 20\u0445\/12 mm)<\/td>\n<\/tr>\n<tr>\n<td>Objetivos<\/td>\n<td>objetivos plano acrom\u00e1ticos corregidos al infinito: 4x\/0,10  10x\/0,25 fase  20x\/0,40 fase  40x\/0,60 fase  distancia parafocal: 60 mm<\/td>\n<\/tr>\n<tr>\n<td>Rev\u00f3lver<\/td>\n<td>5 objetivos, codificados<\/td>\n<\/tr>\n<tr>\n<td>Distancia interpupilar, mm<\/td>\n<td>48 \u2014 75<\/td>\n<\/tr>\n<tr>\n<td>Platina, mm<\/td>\n<td>250&#215;170<\/td>\n<\/tr>\n<tr>\n<td>Platina<\/td>\n<td>fijo, con un dispositivo mec\u00e1nico para mover la muestra y un inserto de vidrio \u00d8110 mm, portaplacas universal<\/td>\n<\/tr>\n<tr>\n<td>Ajuste di\u00f3ptrico<\/td>\n<td>\u00b15D en cada ocular<\/td>\n<\/tr>\n<tr>\n<td>Ajuste di\u00f3ptrico<\/td>\n<td>yes<\/td>\n<\/tr>\n<tr>\n<td>Condensador<\/td>\n<td>NA 0,3  distancia de trabajo: 75 mm  con diafragma de apertura ajustable y una ranura para placas de contraste de relieve, fase o modulaci\u00f3n<\/td>\n<\/tr>\n<tr>\n<td>Diafragma<\/td>\n<td>apertura ajustable<\/td>\n<\/tr>\n<tr>\n<td>Iluminaci\u00f3n<\/td>\n<td>LED<\/td>\n<\/tr>\n<tr>\n<td>Ajuste del brillo<\/td>\n<td>yes<\/td>\n<\/tr>\n<tr>\n<td>Alimentaci\u00f3n<\/td>\n<td>alimentaci\u00f3n de red de CA, 85\u2013265 V, 50\/60 Hz<\/td>\n<\/tr>\n<tr>\n<td>Tipo de fuente de iluminaci\u00f3n<\/td>\n<td>LED de 3 W<\/td>\n<\/tr>\n<tr>\n<td>Intervalo de temperatura de funcionamiento, \u00b0C<\/td>\n<td>10 \u2014 35<\/td>\n<\/tr>\n<tr>\n<td>Adicional<\/td>\n<td>ajuste autom\u00e1tico del brillo al cambiar de objetivo, visualizaci\u00f3n del estado en la pantalla LCD, modo de suspensi\u00f3n, modo ecol\u00f3gico<\/td>\n<\/tr>\n<tr>\n<td>Caracter\u00edsticas especiales<\/td>\n<td>placa de contraste de fase 10x\u201340x, telescopio auxiliar de centrado<\/td>\n<\/tr>\n<tr>\n<td>Posibilidad de conectar accesorios<\/td>\n<td>dispositivo para trabajar con el m\u00e9todo de contraste de modulaci\u00f3n Hoffman, dispositivo para trabajar con el m\u00e9todo de contraste en relieve<\/td>\n<\/tr>\n<tr>\n<td>Nivel de usuario<\/td>\n<td>usuarios experimentados, profesionales<\/td>\n<\/tr>\n<tr>\n<td>Montaje y nivel de dificultad de instalaci\u00f3n<\/td>\n<td>complicado<\/td>\n<\/tr>\n<tr>\n<td>Aplicaci\u00f3n<\/td>\n<td>laboratorio\/m\u00e9dico<\/td>\n<\/tr>\n<tr>\n<td>Ubicaci\u00f3n de la iluminaci\u00f3n<\/td>\n<td>inferior<\/td>\n<\/tr>\n<tr>\n<td>M\u00e9todo de investigaci\u00f3n<\/td>\n<td>campo claro, microscopio de contraste de fase<\/td>\n<\/tr>\n<tr>\n<td>Funda\/malet\u00edn\/bolsa incluida en el kit<\/td>\n<td>cubierta protectora<\/td>\n<\/tr>\n<\/tbody>\n<\/table>\n","protected":false},"excerpt":{"rendered":"<p>Microscopio para investigaci\u00f3n.<br \/> Est\u00e1 dise\u00f1ado para estudiar precipitados l\u00edquidos, colonias celulares, c\u00e9lulas vivas, cultivos de tejidos y otras muestras te\u00f1idas y sin te\u00f1ir contenidas en envases de vidrio de laboratorio.<br \/> Su dise\u00f1o invertido permite el uso de placas de Petri, placas multipocillo, viales, frascos de cultivo rotatorias y matraces de hasta 75 mm y un grosor de 1,2 mm en la base. El microscopio utiliza objetivos especiales para trabajar con este tipo de envases de vidrio.<br \/> Con el condensador extra\u00eddo, es posible observar cultivos celulares en placas de Petri o en matraces cil\u00edndricos de hasta 187 mm.<br \/> Para estudiar las muestras se utiliza la t\u00e9cnica de microscop\u00eda de luz transmitida (campo claro y contraste de fases).<br \/> La instalaci\u00f3n de componentes opcionales permitir\u00e1 utilizar los m\u00e9todos de contraste de modulaci\u00f3n Hoffman y contraste en relieve.<br \/> El microscopio se utiliza para la investigaci\u00f3n en medicina, farmacolog\u00eda, biolog\u00eda y virolog\u00eda. La configuraci\u00f3n superior del microscopio es adecuada para la FIV.<\/p>\n","protected":false},"featured_media":83554,"template":"","meta":{"_exactmetrics_skip_tracking":false,"_exactmetrics_sitenote_active":false,"_exactmetrics_sitenote_note":"","_exactmetrics_sitenote_category":0},"product_brand":[],"product_cat":[597],"product_tag":[],"class_list":{"0":"post-84659","1":"product","2":"type-product","3":"status-publish","4":"has-post-thumbnail","6":"product_cat-campo-claro","7":"product_shipping_class-microscopio","9":"first","10":"instock","11":"taxable","12":"shipping-taxable","13":"purchasable","14":"product-type-simple"},"_links":{"self":[{"href":"https:\/\/microscopistas.com\/en\/wp-json\/wp\/v2\/product\/84659","targetHints":{"allow":["GET"]}}],"collection":[{"href":"https:\/\/microscopistas.com\/en\/wp-json\/wp\/v2\/product"}],"about":[{"href":"https:\/\/microscopistas.com\/en\/wp-json\/wp\/v2\/types\/product"}],"wp:featuredmedia":[{"embeddable":true,"href":"https:\/\/microscopistas.com\/en\/wp-json\/wp\/v2\/media\/83554"}],"wp:attachment":[{"href":"https:\/\/microscopistas.com\/en\/wp-json\/wp\/v2\/media?parent=84659"}],"wp:term":[{"taxonomy":"product_brand","embeddable":true,"href":"https:\/\/microscopistas.com\/en\/wp-json\/wp\/v2\/product_brand?post=84659"},{"taxonomy":"product_cat","embeddable":true,"href":"https:\/\/microscopistas.com\/en\/wp-json\/wp\/v2\/product_cat?post=84659"},{"taxonomy":"product_tag","embeddable":true,"href":"https:\/\/microscopistas.com\/en\/wp-json\/wp\/v2\/product_tag?post=84659"}],"curies":[{"name":"wp","href":"https:\/\/api.w.org\/{rel}","templated":true}]}}