{"id":84658,"date":"2024-07-29T18:29:38","date_gmt":"2024-07-29T16:29:38","guid":{"rendered":"http:\/\/microscopistas.com\/?post_type=product&#038;p=84658"},"modified":"2024-07-29T18:38:49","modified_gmt":"2024-07-29T16:38:49","slug":"microscopio-biologico-magus-bio-290t","status":"publish","type":"product","link":"https:\/\/microscopistas.com\/en\/producto\/microscopio-biologico-magus-bio-290t\/","title":{"rendered":"Microscopio biol\u00f3gico MAGUS Bio 290T"},"content":{"rendered":"<p>Microscopio para investigaci\u00f3n. Dise\u00f1ado para observar muestras biol\u00f3gicas transparentes y transl\u00facidas, como frotis y secciones transversales en luz transmitida mediante un campo claro. La instalaci\u00f3n de accesorios adicionales permitir\u00e1 utilizar m\u00e9todos de campo oscuro, contraste de fases, contraste de interferencia diferencial, fluorescencia y polarizaci\u00f3n.<br \/> El condensador y rev\u00f3lver giratorio motorizado automatizan el proceso de cambio de objetivos y el ajuste del sistema de iluminaci\u00f3n para cada uno de ellos. El usuario no se distrae con los ajustes y, por tanto, su atenci\u00f3n se centra en la investigaci\u00f3n que tiene entre manos, lo que acelera la actividad.<br \/> El microscopio es adecuado para el an\u00e1lisis microbiol\u00f3gico, el diagn\u00f3stico m\u00e9dico y la resoluci\u00f3n de problemas cient\u00edficos y de investigaci\u00f3n.<\/p>\n<p><strong>Cabezal del microscopio<\/strong><\/p>\n<p>Cabezal trinocular con \u00f3ptica corregida al infinito. El usuario selecciona el \u00e1ngulo de inclinaci\u00f3n m\u00e1s c\u00f3modo del cabezal del microscopio en un rango de 0\u00b0 a 35\u00b0. La c\u00e1mara digital se instala en el tubo trinocular. El haz se divide en 0\/100, 100\/0 u 80\/20.<br \/> El kit de base incluye oculares de 10x\/25 mm con ajuste de las dioptr\u00edas y una larga distancia de acomodaci\u00f3n ocular para trabajar con gafas.<\/p>\n<p><strong>Rev\u00f3lver giratorio y objetivos<\/strong><\/p>\n<p>El rev\u00f3lver giratorio motorizado para 6 objetivos est\u00e1 orientado hacia el interior: El usuario ve el objetivo insertado en el camino \u00f3ptico y el espacio sobre la platina est\u00e1 libre. Esta posici\u00f3n libre tambi\u00e9n se puede utilizar para instalar un objetivo adicional y lograr un mayor poder de aumento. Los objetivos son acrom\u00e1ticos planos, altura parafocal \u2013 60\u202fmm.<br \/> Encima del rev\u00f3lver hay una ranura con un tap\u00f3n para instalar un analizador, compensadores o controles deslizantes de contraste de interferencia diferencial.<\/p>\n<p><strong>Control remoto del rev\u00f3lver giratorio<\/strong><\/p>\n<p>El panel frontal del microscopio dispone de botones de selecci\u00f3n de objetivos.   Al pulsar un bot\u00f3n, el rev\u00f3lver giratorio coloca autom\u00e1ticamente el objetivo seleccionado en su posici\u00f3n de trabajo. Otro bot\u00f3n permite alternar entre los dos objetivos m\u00e1s utilizados.<br \/> A ambos lados del cuerpo, junto a los mandos de enfoque, hay botones para girar el rev\u00f3lver.<br \/> La iluminaci\u00f3n y la posici\u00f3n del condensador se ajustan autom\u00e1ticamente al objetivo seleccionado.<br \/> Estas caracter\u00edsticas mejoran la comodidad del usuario, la velocidad y la eficacia. Representan una ventaja para la microfotograf\u00eda, ya que las condiciones de disparo siguen siendo las mismas para cada muestra.<\/p>\n<p><strong>Mantenimiento de niveles de brillo confortables al cambiar de aumento<\/strong><\/p>\n<p>Los objetivos de diferentes aumentos transmiten luz con distintos niveles de intensidad, por lo que cada vez que se cambia de objetivo, debe ajustarse el brillo de la luz. Adem\u00e1s, el brillo aumenta bruscamente al cambiar de un objetivo de mayor aumento a otro de menor aumento. Un aumento brusco del brillo provoca fatiga ocular. MAGUS Bio 290T cuenta con un control inteligente del brillo. El microscopio recuerda el brillo de cada objetivo que el usuario ha seleccionado y lo ajusta autom\u00e1ticamente al girar el rev\u00f3lver. Este control inteligente reduce el tiempo necesario para ajustar el brillo. MAGUS Bio 290T aumenta la comodidad del usuario y ahorra tiempo incluso cuando el trabajo que se va a realizar requiere cambios frecuentes de aumento.<\/p>\n<p><strong>Mecanismo de enfoque<\/strong><\/p>\n<p>Los mandos de enfoque aproximado y preciso son coaxiales y est\u00e1n situados a baja altura. El investigador puede colocar las manos sobre la mesa y adoptar una posici\u00f3n c\u00f3moda frente al microscopio.<br \/> El bot\u00f3n de bloqueo del enfoque aproximado ayuda a ajustar r\u00e1pidamente el microscopio despu\u00e9s de cambiar el objeto de estudio. El bot\u00f3n se encuentra en el lado izquierdo del microscopio, en el mismo eje que el mecanismo de enfoque.<br \/> El anillo del lado derecho ajusta la tensi\u00f3n del recorrido de enfoque aproximado. El usuario ajusta la tensi\u00f3n c\u00f3moda para trabajar.<\/p>\n<p><strong>Platina<\/strong><\/p>\n<p>En la platina se instala una placa de cristal Gorilla Glass templado qu\u00edmicamente. La placa es duradera, resistente a los impactos mec\u00e1nicos y qu\u00edmicos y f\u00e1cil de mantener limpia. El portamuestras se fija con dos tornillos y se puede quitar f\u00e1cilmente durante la exploraci\u00f3n manual.<br \/> El largo mando de control de la platina garantiza la comodidad del usuario mientras trabaja: la mano del usuario descansa sobre la mesa sin esfuerzo.<\/p>\n<p><strong>Condensador<\/strong><\/p>\n<p>Ajustes \u00f3ptimos del condensador para cada objetivo: la lente auxiliar giratoria se desplaza autom\u00e1ticamente fuera de la trayectoria del haz para los objetivos de bajo aumento y vuelve para los objetivos con aumentos superiores a 10x. Un paso manual menos: para un manejo r\u00e1pido y c\u00f3modo. El usuario tambi\u00e9n puede ajustar individualmente la posici\u00f3n de la lente auxiliar giratoria del condensador para estudios espec\u00edficos.<br \/> El condensador es ajustable en altura y se puede centrar. Tipo de montura: cola de milano.<br \/> El anillo del condensador ajusta el diafragma de apertura del iris. El cuerpo del condensador tiene marcas de color blanco de apertura y marcas de color para el aumento del objetivo, y el anillo tiene un indicador de posicionamiento. Para conseguir el contraste en cada objetivo, se recomienda girar el anillo de manera que el marcador de indicador coincida con la marca de apertura o aumento del objetivo que se est\u00e9 utilizando.<\/p>\n<p><strong>Iluminaci\u00f3n<\/strong><\/p>\n<p>El iluminador de luz transmitida tiene una l\u00e1mpara LED de 3 W. La temperatura del color no cambia al ajustar el brillo. El LED tiene una vida \u00fatil de 50.000 horas.<\/p>\n<p><strong>Sistema de iluminaci\u00f3n K\u00f6hler con luz transmitida<\/strong><\/p>\n<p>El contraste de la imagen se regula mediante el diafragma de apertura del condensador, y la superficie del campo iluminado se regula mediante el diafragma de campo de la lente colectora. El control de apertura de campo est\u00e1 ubicado a la derecha en la parte inferior del cuerpo, al lado del \u00e1rea de ajuste del enfoque. Esto simplifica la configuraci\u00f3n de la iluminaci\u00f3n K\u00f6hler.<br \/> La iluminaci\u00f3n K\u00f6hler mejora la calidad de imagen de la muestra observada: cada objetivo alcanza su m\u00e1xima resoluci\u00f3n y el campo de visi\u00f3n se ilumina uniformemente, sin zonas oscuras en los bordes. La muestra examinada tendr\u00e1 un enfoque n\u00edtido y la imagen estar\u00e1 libre de artefactos.<\/p>\n<p><strong>Dise\u00f1o ergon\u00f3mico<\/strong><\/p>\n<p>El malestar f\u00edsico provoca fatiga y reduce la productividad. El dise\u00f1o ergon\u00f3mico del microscopio es un factor importante en la investigaci\u00f3n cient\u00edfica cotidiana.<br \/> MAGUS Bio 290T proporciona comodidad al usuario durante el trabajo. Los componentes motorizados aumentan la velocidad y simplifican las tareas repetitivas cuando se cambian de objetivo con frecuencia.<br \/> El usuario elige un \u00e1ngulo de inclinaci\u00f3n c\u00f3modo para el cabezal del microscopio de manera que la espalda y el cuello no se cansen.<br \/> Los mandos de enfoque est\u00e1n situados en la parte inferior del instrumento. El usuario no necesita forzar las manos. El enfoque se realiza sin esfuerzo gracias a su mecanismo fluido.<br \/> El microscopio se maneja con un movimiento m\u00ednimo de las manos, pues los mandos de control de la platina y del enfoque preciso est\u00e1n situados en la misma \u00e1rea de trabajo.<\/p>\n<p><strong>Accesorios<\/strong><\/p>\n<p>Existe una gama de accesorios dise\u00f1ados para este microscopio.<br \/> Puede utilizar objetivos opcionales para incrementar el poder de aumento del microscopio.<br \/> Los oculares ampl\u00edan el rango de aumento del microscopio. Los oculares opcionales le ayudan a sacar el m\u00e1ximo provecho del objetivo que utilice con m\u00e1s frecuencia.<br \/> Los dispositivos de contraste de fases, los accesorios fluorescentes, los condensadores de campo oscuro, los dispositivos de polarizaci\u00f3n y los dispositivos DIC ampl\u00edan los m\u00e9todos de contraste y permiten el estudio de objetos que son invisibles en la t\u00e9cnica de campo claro.<br \/> Otros accesorios son una c\u00e1mara digital para enviar la imagen obtenida por el microscopio a un monitor y almacenar archivos, y software para realizar mediciones de muestras en tiempo real.<br \/> Para medir objetos se utiliza un portaobjetos de calibraci\u00f3n, que se puede combinar con un ocular provisto de una escala o con el software de la c\u00e1mara.<\/p>\n<p><strong>Caracter\u00edsticas principales:<\/strong><\/p>\n<ul>\n<li>Observaciones de muestras transparentes y transl\u00facidas en campo claro con luz transmitida<\/li>\n<li>Cabezal trinocular con tubo vertical para instalar una c\u00e1mara digital y cambiar el \u00e1ngulo de inclinaci\u00f3n  divisi\u00f3n del haz de luz 0\/100, 100\/0 u 80\/20<\/li>\n<li>Rev\u00f3lver giratorio motorizado: el cambio de los objetivos de trabajo se produce con solo pulsar un bot\u00f3n  pr\u00e1ctico panel para el control remoto del rev\u00f3lver<\/li>\n<li>El iluminador de luz transmitida es un LED de 3 W de bajo consumo con una vida \u00fatil de hasta 50.000 horas<\/li>\n<li>Iluminaci\u00f3n K\u00f6hler de luz transmitida, condensador motorizado con lente auxiliar giratoria<\/li>\n<li>Sistema inteligente de control de iluminaci\u00f3n: selecci\u00f3n autom\u00e1tica de brillo al cambiar el objetivo de trabajo<\/li>\n<li>Platina con placa Gorilla Glass templada qu\u00edmicamente y mango de control largo para un manejo c\u00f3modo<\/li>\n<li>Amplia gama de accesorios opcionales compatibles<\/li>\n<\/ul>\n<p><strong>El kit incluye:<\/strong><\/p>\n<ul>\n<li>Soporte con fuente de alimentaci\u00f3n integrada, mecanismo de enfoque, platina, soporte de condensador y rev\u00f3lver motor giratorio motorizado<\/li>\n<li>Iluminador de luz transmitida con cabina para la l\u00e1mpara<\/li>\n<li>Condensador rotativo motorizado con lente auxiliar giratoria<\/li>\n<li>Cabezal trinocular<\/li>\n<li>Objetivo plano acrom\u00e1tico corregido al infinito: 4x\/0,10, altura parafocal de 60 mm<\/li>\n<li>Objetivo plano acrom\u00e1tico corregido al infinito: 10x\/0,25, altura parafocal de 60 mm<\/li>\n<li>Objetivo plano acrom\u00e1tico corregido al infinito: 20x\/0,40, altura parafocal de 60 mm<\/li>\n<li>Objetivo plano acrom\u00e1tico corregido al infinito: 40x\/0,65 (con mecanismo de resorte), altura parafocal de 60 mm<\/li>\n<li>Objetivo plano acrom\u00e1tico corregido al infinito: 100x\/1,25 aceite (con mecanismo de resorte), altura parafocal 60 mm<\/li>\n<li>Ocular 10x\/25 mm con larga distancia ocular y ajuste de las dioptr\u00edas (2 unidades)<\/li>\n<li>Ojera de ocular (2 unidades)<\/li>\n<li>Filtro de luz<\/li>\n<li>Adaptador de c\u00e1mara con montura C<\/li>\n<li>Cable de alimentaci\u00f3n CA<\/li>\n<li>Cubierta protectora <\/li>\n<li>Manual del usuario y tarjeta de garant\u00eda<\/li>\n<\/ul>\n<p><strong>Disponible bajo petici\u00f3n:<\/strong><\/p>\n<ul>\n<li>Ocular de 10x\/22 mm con escala<\/li>\n<li>Ocular de 10x\/22\u202fmm con ret\u00edcula<\/li>\n<li>Ocular de 10x\/22 mm con cruz filar<\/li>\n<li>Ocular de 12,5x\/17,5 mm (2 unidades)<\/li>\n<li>Ocular de 15x\/16 mm (2 unidades)<\/li>\n<li>Ocular de 20x\/12 mm (2 unidades)<\/li>\n<li>Dispositivo de contraste de fases: condensador de contraste de fase, telescopio auxiliar de centrado, juego de objetivos de fase<\/li>\n<li>Condensador de campo oscuro NA 0,7\u20130,9<\/li>\n<li>Condensador de inmersi\u00f3n de campo oscuro NA 1,3\u20131,26<\/li>\n<li>Dispositivo para trabajar con el m\u00e9todo de contraste de interferencia diferencial (DIC) <\/li>\n<li>Iluminador de luz reflejada <\/li>\n<li>Dispositivo de polarizaci\u00f3n<\/li>\n<li>C\u00e1mara digital<\/li>\n<li>Portaobjetos de calibraci\u00f3n<\/li>\n<li>Monitor<\/li>\n<\/ul>\n<table>\n<tbody>\n<tr>\n<td>Marca<\/td>\n<td>MAGUS<\/td>\n<\/tr>\n<tr>\n<td>Garant\u00eda<\/td>\n<td>5 \u043b\u0435\u0442<\/td>\n<\/tr>\n<tr>\n<td>EAN<\/td>\n<td>5905555019482<\/td>\n<\/tr>\n<tr>\n<td>Tama\u00f1o de paquete (LxAn.xAl.)<\/td>\n<td>78x56x57 cm<\/td>\n<\/tr>\n<tr>\n<td>Peso del env\u00edo<\/td>\n<td>21 kg<\/td>\n<\/tr>\n<tr>\n<td>Tipo<\/td>\n<td>biol\u00f3gico, luz\/\u00f3ptico<\/td>\n<\/tr>\n<tr>\n<td>Cabezal<\/td>\n<td>trinocular<\/td>\n<\/tr>\n<tr>\n<td>Boquilla<\/td>\n<td>divisi\u00f3n del haz 0\/100, 100\/0, 80\/20<\/td>\n<\/tr>\n<tr>\n<td>\u00c1ngulo de inclinaci\u00f3n de cabezal<\/td>\n<td>0\u201335\u00b0, ajustable<\/td>\n<\/tr>\n<tr>\n<td>Ampliaci\u00f3n, x<\/td>\n<td>40\u20131000 configuraci\u00f3n b\u00e1sica (*opcional: 40\u20131250\/1500\/2000)<\/td>\n<\/tr>\n<tr>\n<td>Rango de ampliaci\u00f3n<\/td>\n<td>800x a 1280x<\/td>\n<\/tr>\n<tr>\n<td>Di\u00e1metro del tubo del ocular, mm<\/td>\n<td>30<\/td>\n<\/tr>\n<tr>\n<td>Oculares<\/td>\n<td>10x\/25 con ajuste de las dioptr\u00edas \u00b15D, larga distancia de acomodaci\u00f3n ocular (*opcional: 10x\/22 con escala de medici\u00f3n, 10x\/22 con ret\u00edcula, 10x\/22 con cruz filar, 12,5x\/17,5, 15x\/16, 20x\/12)<\/td>\n<\/tr>\n<tr>\n<td>Objetivos<\/td>\n<td>plano acrom\u00e1ticos corregidos al infinito: 4x\/0,10  10x\/0,25  20\u0445\/0,40  40xs\/0,65  100xs\/1,25 aceite  distancia parafocal: 60 mm<\/td>\n<\/tr>\n<tr>\n<td>Rev\u00f3lver<\/td>\n<td>6 objetivos, motorizado<\/td>\n<\/tr>\n<tr>\n<td>Platina, mm<\/td>\n<td>190&#215;152<\/td>\n<\/tr>\n<tr>\n<td>Rango de desplazamiento de la platina, mm<\/td>\n<td>78\/32<\/td>\n<\/tr>\n<tr>\n<td>Platina<\/td>\n<td>mec\u00e1nica de dos ejes, con placa Gorilla Glass<\/td>\n<\/tr>\n<tr>\n<td>Ajuste di\u00f3ptrico<\/td>\n<td>\u00b15D en cada ocular<\/td>\n<\/tr>\n<tr>\n<td>Ajuste di\u00f3ptrico<\/td>\n<td>yes<\/td>\n<\/tr>\n<tr>\n<td>Condensador<\/td>\n<td>condensador rotativo motorizado NA 0,9\/0,25 con lente frontal orientable  centrado y regulable en altura, con diafragma de apertura regulable  montaje de cola de milano<\/td>\n<\/tr>\n<tr>\n<td>Diafragma<\/td>\n<td>diafragma de apertura ajustable, diafragma de campo iris ajustable<\/td>\n<\/tr>\n<tr>\n<td>Enfoque<\/td>\n<td>coaxial, aproximado (35 mm, 28 mm\/c\u00edrculo, con mando de bloqueo y mando de ajuste de tensi\u00f3n) y preciso (0,001 mm)<\/td>\n<\/tr>\n<tr>\n<td>Iluminaci\u00f3n<\/td>\n<td>LED<\/td>\n<\/tr>\n<tr>\n<td>Ajuste del brillo<\/td>\n<td>yes<\/td>\n<\/tr>\n<tr>\n<td>Alimentaci\u00f3n<\/td>\n<td>100\u2013240 V, 50\/60 Hz, alimentaci\u00f3n de red de CA<\/td>\n<\/tr>\n<tr>\n<td>Tipo de fuente de iluminaci\u00f3n<\/td>\n<td>LED de 3 W<\/td>\n<\/tr>\n<tr>\n<td>Filtros de luz<\/td>\n<td>s\u00ed<\/td>\n<\/tr>\n<tr>\n<td>Intervalo de temperatura de funcionamiento, \u00b0C<\/td>\n<td>5 \u2014 40<\/td>\n<\/tr>\n<tr>\n<td>Adicional<\/td>\n<td>ajuste autom\u00e1tico del brillo al cambiar de objetivo<\/td>\n<\/tr>\n<tr>\n<td>Posibilidad de conectar accesorios<\/td>\n<td>dispositivo de contraste de fases (condensador y objetivos), condensador de campo oscuro (en seco o en aceite), dispositivos de polarizaci\u00f3n (polarizador y analizador), iluminador de luz reflejada, dispositivo para trabajar con el m\u00e9todo de contraste de interferencia diferencial (DIC) <\/td>\n<\/tr>\n<tr>\n<td>Nivel de usuario<\/td>\n<td>usuarios experimentados, profesionales<\/td>\n<\/tr>\n<tr>\n<td>Montaje y nivel de dificultad de instalaci\u00f3n<\/td>\n<td>complicado<\/td>\n<\/tr>\n<tr>\n<td>Aplicaci\u00f3n<\/td>\n<td>laboratorio\/m\u00e9dico<\/td>\n<\/tr>\n<tr>\n<td>Ubicaci\u00f3n de la iluminaci\u00f3n<\/td>\n<td>inferior<\/td>\n<\/tr>\n<tr>\n<td>M\u00e9todo de investigaci\u00f3n<\/td>\n<td>campo claro<\/td>\n<\/tr>\n<tr>\n<td>Funda\/malet\u00edn\/bolsa incluida en el kit<\/td>\n<td>cubierta protectora<\/td>\n<\/tr>\n<\/tbody>\n<\/table>\n","protected":false},"excerpt":{"rendered":"<p>Microscopio para investigaci\u00f3n. Dise\u00f1ado para observar muestras biol\u00f3gicas transparentes y transl\u00facidas, como frotis y secciones transversales en luz transmitida mediante un campo claro. La instalaci\u00f3n de accesorios adicionales permitir\u00e1 utilizar m\u00e9todos de campo oscuro, contraste de fases, contraste de interferencia diferencial, fluorescencia y polarizaci\u00f3n.<br \/> El condensador y rev\u00f3lver giratorio motorizado automatizan el proceso de cambio de objetivos y el ajuste del sistema de iluminaci\u00f3n para cada uno de ellos. El usuario no se distrae con los ajustes y, por tanto, su atenci\u00f3n se centra en la investigaci\u00f3n que tiene entre manos, lo que acelera la actividad.<br \/> El microscopio es adecuado para el an\u00e1lisis microbiol\u00f3gico, el diagn\u00f3stico m\u00e9dico y la resoluci\u00f3n de problemas cient\u00edficos y de investigaci\u00f3n.<\/p>\n","protected":false},"featured_media":83552,"template":"","meta":{"_exactmetrics_skip_tracking":false,"_exactmetrics_sitenote_active":false,"_exactmetrics_sitenote_note":"","_exactmetrics_sitenote_category":0},"product_brand":[],"product_cat":[597],"product_tag":[],"class_list":{"0":"post-84658","1":"product","2":"type-product","3":"status-publish","4":"has-post-thumbnail","6":"product_cat-campo-claro","7":"product_shipping_class-microscopio","9":"first","10":"instock","11":"taxable","12":"shipping-taxable","13":"purchasable","14":"product-type-simple"},"_links":{"self":[{"href":"https:\/\/microscopistas.com\/en\/wp-json\/wp\/v2\/product\/84658","targetHints":{"allow":["GET"]}}],"collection":[{"href":"https:\/\/microscopistas.com\/en\/wp-json\/wp\/v2\/product"}],"about":[{"href":"https:\/\/microscopistas.com\/en\/wp-json\/wp\/v2\/types\/product"}],"wp:featuredmedia":[{"embeddable":true,"href":"https:\/\/microscopistas.com\/en\/wp-json\/wp\/v2\/media\/83552"}],"wp:attachment":[{"href":"https:\/\/microscopistas.com\/en\/wp-json\/wp\/v2\/media?parent=84658"}],"wp:term":[{"taxonomy":"product_brand","embeddable":true,"href":"https:\/\/microscopistas.com\/en\/wp-json\/wp\/v2\/product_brand?post=84658"},{"taxonomy":"product_cat","embeddable":true,"href":"https:\/\/microscopistas.com\/en\/wp-json\/wp\/v2\/product_cat?post=84658"},{"taxonomy":"product_tag","embeddable":true,"href":"https:\/\/microscopistas.com\/en\/wp-json\/wp\/v2\/product_tag?post=84658"}],"curies":[{"name":"wp","href":"https:\/\/api.w.org\/{rel}","templated":true}]}}