{"id":84657,"date":"2024-07-29T18:29:38","date_gmt":"2024-07-29T16:29:38","guid":{"rendered":"http:\/\/microscopistas.com\/?post_type=product&#038;p=84657"},"modified":"2024-07-29T18:38:23","modified_gmt":"2024-07-29T16:38:23","slug":"microscopio-biologico-magus-bio-270t","status":"publish","type":"product","link":"https:\/\/microscopistas.com\/en\/producto\/microscopio-biologico-magus-bio-270t\/","title":{"rendered":"Microscopio biol\u00f3gico MAGUS Bio 270T"},"content":{"rendered":"<p>Microscopio para investigaci\u00f3n. Dise\u00f1ado para observar muestras biol\u00f3gicas transparentes y transl\u00facidas, como frotis y secciones transversales en luz transmitida mediante un campo claro. La instalaci\u00f3n de accesorios adicionales permitir\u00e1 m\u00e9todos de campo oscuro, contraste de fase, fluorescencia y polarizaci\u00f3n.<br \/> El rev\u00f3lver codificado mantiene un nivel de brillo confortable al cambiar de objetivo. El control inteligente de la iluminaci\u00f3n del microscopio aumenta la comodidad y la rapidez del trabajo del investigador. Gracias a las funciones \u00abinteligentes\u00bb, no hay que preocuparse por los ajustes  la atenci\u00f3n del usuario se centra por completo en resolver sus tareas.<\/p>\n<p><strong>Cabezal del microscopio<\/strong><\/p>\n<p>Cabezal trinocular con \u00f3ptica corregida al infinito. Los tubos oculares giran 360\u00b0. El usuario puede ajustar la distancia de acomodaci\u00f3n ocular seg\u00fan su altura. La c\u00e1mara digital se instala en el tubo trinocular. La divisi\u00f3n del haz de luz se realiza seg\u00fan la proporci\u00f3n 50\/50.<br \/> El kit de base incluye oculares de 10x\/22 mm con ajuste de las dioptr\u00edas y una larga distancia de acomodaci\u00f3n ocular para trabajar con gafas.<\/p>\n<p><strong>Rev\u00f3lver giratorio y objetivos<\/strong><\/p>\n<p>El rev\u00f3lver codificado para 5 objetivos est\u00e1 orientado hacia el interior: el usuario puede ver el objetivo insertado en el camino \u00f3ptico y el espacio sobre la platina est\u00e1 libre. Esta posici\u00f3n libre tambi\u00e9n se puede utilizar para instalar un objetivo adicional y lograr un mayor poder de aumento. La distancia parafocal es de 60 mm.<br \/> Encima del rev\u00f3lver hay una ranura para instalar el analizador.<\/p>\n<p><strong>Mantenimiento de niveles de brillo confortables al cambiar de aumento<\/strong><\/p>\n<p>Los objetivos de diferentes aumentos transmiten luz con distinta intensidad, por lo que cada vez que se cambia de objetivo, debe ajustarse el brillo de la luz. Adem\u00e1s, el brillo aumenta bruscamente al cambiar de un objetivo de mayor aumento a otro de menor aumento.  Un aumento brusco del brillo provoca fatiga ocular. MAGUS Bio 270T cuenta con un control inteligente del brillo. El nivel \u00f3ptimo de brillo de la luz se conmuta autom\u00e1ticamente para cada objetivo, eliminando as\u00ed los cambios inesperados de brillo al cambiar de aumento. Esta caracter\u00edstica optimiza su flujo de trabajo y reduce la fatiga ocular.<\/p>\n<p><strong>Mecanismo de enfoque<\/strong><\/p>\n<p>Con un gran n\u00famero de objetos de estudio, el operador utiliza constantemente el mando de enfoque preciso para su trabajo. Para reducir la tensi\u00f3n en la mu\u00f1eca, el microscopio utiliza un mecanismo de respuesta con un recorrido suave. El mando de enfoque preciso dispone de ranuras especiales para los dedos. El ajuste preciso del enfoque se realiza sin esfuerzo y la mano derecha no se cansa.<br \/> Los mandos de enfoque aproximado y preciso son coaxiales y est\u00e1n situados a baja altura. El investigador puede colocar las manos sobre la mesa y adoptar una posici\u00f3n c\u00f3moda frente al microscopio.<br \/> El bot\u00f3n de bloqueo del enfoque aproximado ayuda a ajustar r\u00e1pidamente el microscopio despu\u00e9s de cambiar el objeto de estudio.  El bot\u00f3n se encuentra en el lado izquierdo del microscopio, en el mismo eje que el mecanismo de enfoque.  El anillo del lado derecho ajusta la tensi\u00f3n del recorrido de enfoque aproximado.  El usuario ajusta la tensi\u00f3n c\u00f3moda para trabajar.<\/p>\n<p><strong>Platina<\/strong><\/p>\n<p>Para mejorar la ergonom\u00eda de la platina, no tiene bastidor de posicionamiento del eje X. El mecanismo accionado por correa permite un movimiento fluido de la muestra. El portamuestras se fija con dos tornillos y se puede quitar f\u00e1cilmente durante la exploraci\u00f3n manual.<br \/> El largo mando de control de la platina garantiza la comodidad del usuario mientras trabaja: la mano descansa sobre la mesa sin esfuerzo.<\/p>\n<p><strong>Condensador<\/strong><\/p>\n<p>El condensador Abbe es ajustable en altura y se puede centrar. Tipo de montura: cola de milano.<br \/> El anillo del condensador ajusta el diafragma de apertura del iris. El cuerpo del condensador tiene una marca de apertura, y el anillo tiene una marca indicadora. Para lograr el contraste en cada objetivo, se recomienda girar el anillo de modo que el marcador de \u00edndice coincida con la marca de apertura del objetivo que se est\u00e1 utilizando.<\/p>\n<p><strong>Iluminaci\u00f3n<\/strong><\/p>\n<p>El iluminador de luz transmitida contiene un LED de 3 W. El iluminador del microscopio tiene la funci\u00f3n de ajustar la temperatura de color en el intervalo de 3000 a 7000 K.  El usuario selecciona una temperatura de color c\u00f3moda para la vista y la cambia f\u00e1cilmente con un bot\u00f3n cuando, por ejemplo, al examinar un objeto se requiera un cambio de luz.<br \/> El LED tiene una vida \u00fatil de 50.000 horas.<\/p>\n<p><strong>Sistema de iluminaci\u00f3n K\u00f6hler con luz transmitida<\/strong><\/p>\n<p>La fuente de luz se encuentra en la base, en la parte posterior del microscopio, y la luz se dirige a la lente colectora mediante un espejo. El contraste de la imagen se regula mediante el diafragma de apertura del condensador, y la superficie del campo iluminado se regula mediante el diafragma de campo de la lente colectora.<br \/> La iluminaci\u00f3n K\u00f6hler mejora la calidad de imagen de la muestra observada: cada objetivo alcanza su m\u00e1xima resoluci\u00f3n  el campo de visi\u00f3n se ilumina uniformemente, sin zonas oscuras en los bordes. La muestra examinada tendr\u00e1 un enfoque n\u00edtido y la imagen estar\u00e1 libre de artefactos.<\/p>\n<p><strong>Pantalla LCD de estado<\/strong><\/p>\n<p>La pantalla LCD en la base del microscopio muestra el aumento del objetivo, el nivel de brillo y la temperatura de color de la fuente de luz, as\u00ed como el modo de funcionamiento (\u00absuspensi\u00f3n\u00bb, \u00abeco\u00bb).<br \/> Mediante la pantalla y el mando correspondiente, el usuario del microscopio ajusta el brillo, selecciona la temperatura de color, bloquea el ajuste del brillo y configura el modo de suspensi\u00f3n y el temporizador de apagado autom\u00e1tico.<\/p>\n<p><strong>Dise\u00f1o ergon\u00f3mico<\/strong><\/p>\n<p>El malestar f\u00edsico provoca fatiga y reduce la productividad. El dise\u00f1o ergon\u00f3mico del microscopio es un factor importante en la investigaci\u00f3n cient\u00edfica cotidiana.<br \/> MAGUS Bio 270T proporciona comodidad al usuario durante el trabajo. Mediante el giro del cabezal del microscopio, el usuario selecciona la altura del punto de visi\u00f3n para no someter a tensi\u00f3n la espalda y el cuello.<br \/> Los mandos de enfoque est\u00e1n situados en la parte inferior del instrumento. Esto permite al usuario mantener las manos en una posici\u00f3n relajada. El enfoque se realiza sin esfuerzo gracias a su mecanismo fluido.<br \/> El microscopio se maneja con un movimiento m\u00ednimo de las manos, pues los mandos de control de la platina y del enfoque preciso est\u00e1n situados en la misma \u00e1rea de trabajo.<br \/> El microscopio est\u00e1 equipado con un asa de transporte.<br \/> El dise\u00f1o que permite guardar el adaptador de corriente y el cable de alimentaci\u00f3n mejora la est\u00e9tica del lugar de trabajo y la seguridad al transportar el microscopio, adem\u00e1s de simplificar el almacenamiento del dispositivo.<\/p>\n<p><strong>Accesorios<\/strong><\/p>\n<p>Existe una gama de accesorios dise\u00f1ados para este microscopio.<br \/> Puede utilizar objetivos opcionales para incrementar el poder de aumento del microscopio.<br \/> Los oculares ampl\u00edan el rango de aumento del microscopio. Estos oculares opcionales le ayudan a sacar el m\u00e1ximo provecho del objetivo que utilice con m\u00e1s frecuencia.<br \/> El dispositivo de contraste de fases, el iluminador de luz reflejada, los condensadores de campo oscuro y el dispositivo de polarizaci\u00f3n ampl\u00edan las t\u00e9cnicas de contraste y permiten examinar objetos invisibles en campo claro.<br \/> Otros accesorios son una c\u00e1mara digital para enviar la imagen obtenida por el microscopio a un monitor y almacenar archivos, y software para realizar mediciones de muestras en tiempo real.<br \/> Para medir objetos se utiliza un portaobjetos de calibraci\u00f3n, que se puede combinar con un ocular provisto de una escala de medici\u00f3n o con el software de la c\u00e1mara.<\/p>\n<p><strong>Caracter\u00edsticas principales:<\/strong><\/p>\n<ul>\n<li>Observaciones de muestras transparentes y transl\u00facidas en campo claro con luz transmitida<\/li>\n<li>Cabezal trinocular con tubo vertical para instalar una c\u00e1mara digital y ajuste de altura para adaptarse al observador  divisi\u00f3n del haz de luz 50\/50<\/li>\n<li>Rev\u00f3lver giratorio codificado: el brillo de la fuente de luz se ajusta autom\u00e1ticamente en funci\u00f3n del objetivo seleccionado<\/li>\n<li>El iluminador de luz transmitida es un LED de 3 W de bajo consumo con una vida \u00fatil de hasta 50.000 horas<\/li>\n<li>Iluminaci\u00f3n K\u00f6hler de luz transmitida, condensador centrado y ajustable en altura con marcas de apertura del objetivo<\/li>\n<li>Sistema inteligente de control de la iluminaci\u00f3n: selecci\u00f3n autom\u00e1tica del brillo, bloqueo de atenuaci\u00f3n, apagado autom\u00e1tico del temporizador, pantalla LCD con informaci\u00f3n de estado<\/li>\n<li>Platina sin cremallera de posicionamiento horizontal, provista de un largo mando de control para facilitar el manejo del aparato<\/li>\n<li>Soporte ergon\u00f3mico con mango de transporte y colocaci\u00f3n oculta del cable de alimentaci\u00f3n y el adaptador de corriente<\/li>\n<li>Amplia gama de accesorios opcionales compatibles<\/li>\n<\/ul>\n<p><strong>El kit incluye:<\/strong><\/p>\n<ul>\n<li>Soporte con fuente de alimentaci\u00f3n integrada, fuente de luz transmitida, mecanismo de enfoque, platina, soporte de condensador y rev\u00f3lver giratorio<\/li>\n<li>Condensador Abbe<\/li>\n<li>Cabezal trinocular<\/li>\n<li>Objetivo plano acrom\u00e1tico corregido al infinito: 4x\/0,10, altura parafocal de 60 mm<\/li>\n<li>Objetivo plano acrom\u00e1tico corregido al infinito: 10x\/0,25, altura parafocal de 60 mm<\/li>\n<li>Objetivo plano acrom\u00e1tico corregido al infinito: 40x\/0,65, altura parafocal de 60 mm<\/li>\n<li>Objetivo plano acrom\u00e1tico corregido al infinito: 100x\/1,25 aceite (con mecanismo de resorte), altura parafocal 60 mm<\/li>\n<li>Ocular de 10x\/22 mm con larga distancia de acomodaci\u00f3n ocular y ajuste de dioptr\u00edas (2 unidades)<\/li>\n<li>Ojera de ocular (2 unidades)<\/li>\n<li>Filtro de luz<\/li>\n<li>Adaptador de c\u00e1mara con montura C<\/li>\n<li>Adaptador de alimentaci\u00f3n del microscopio y cable de alimentaci\u00f3n<\/li>\n<li>Cubierta protectora<\/li>\n<li>Manual del usuario y tarjeta de garant\u00eda<\/li>\n<\/ul>\n<p><strong>Disponible bajo petici\u00f3n:<\/strong><\/p>\n<ul>\n<li>Ocular de 10x\/22 mm con escala<\/li>\n<li>Ocular de 10x\/22\u202fmm con ret\u00edcula<\/li>\n<li>Ocular de 10x\/22 mm con cruz filar<\/li>\n<li>Ocular de 12,5x\/17,5 mm (2 unidades)<\/li>\n<li>Ocular de 15x\/16 mm (2 unidades)<\/li>\n<li>Ocular de 20x\/12 mm (2 unidades)<\/li>\n<li>Objetivo plano acrom\u00e1tico corregido al infinito: 20x\/0,40, altura parafocal de 60 mm<\/li>\n<li>Dispositivo de contraste de fases: condensador de contraste de fase, telescopio auxiliar de centrado, juego de objetivos de fase<\/li>\n<li>Condensador de campo oscuro NA 0,7\u20130,9<\/li>\n<li>Condensador de inmersi\u00f3n de campo oscuro NA 1,3\u20131,26<\/li>\n<li>Iluminador de luz reflejada <\/li>\n<li>Dispositivo de polarizaci\u00f3n<\/li>\n<li>C\u00e1mara digital<\/li>\n<li>Portaobjetos de calibraci\u00f3n<\/li>\n<li>Monitor<\/li>\n<\/ul>\n<table>\n<tbody>\n<tr>\n<td>Marca<\/td>\n<td>MAGUS<\/td>\n<\/tr>\n<tr>\n<td>Garant\u00eda<\/td>\n<td>5 \u043b\u0435\u0442<\/td>\n<\/tr>\n<tr>\n<td>EAN<\/td>\n<td>5905555019475<\/td>\n<\/tr>\n<tr>\n<td>Tama\u00f1o de paquete (LxAn.xAl.)<\/td>\n<td>76x48x51 cm<\/td>\n<\/tr>\n<tr>\n<td>Peso del env\u00edo<\/td>\n<td>17.8 kg<\/td>\n<\/tr>\n<tr>\n<td>Tipo<\/td>\n<td>biol\u00f3gico, luz\/\u00f3ptico<\/td>\n<\/tr>\n<tr>\n<td>Cabezal<\/td>\n<td>trinocular<\/td>\n<\/tr>\n<tr>\n<td>Boquilla<\/td>\n<td>con distribuci\u00f3n 50\/50 del flujo luminoso, cabezal Gemel (Siedentopf, rotaci\u00f3n de 360\u00b0)<\/td>\n<\/tr>\n<tr>\n<td>\u00c1ngulo de inclinaci\u00f3n de cabezal<\/td>\n<td>30\u00b0<\/td>\n<\/tr>\n<tr>\n<td>Ampliaci\u00f3n, x<\/td>\n<td>40\u20131000 configuraci\u00f3n b\u00e1sica (*opcional: 40\u20131250\/1500\/2000)<\/td>\n<\/tr>\n<tr>\n<td>Rango de ampliaci\u00f3n<\/td>\n<td>800x a 1280x<\/td>\n<\/tr>\n<tr>\n<td>Di\u00e1metro del tubo del ocular, mm<\/td>\n<td>30<\/td>\n<\/tr>\n<tr>\n<td>Oculares<\/td>\n<td>10x\/22, larga distancia de acomodaci\u00f3n ocular (*opcional: 10x\/22 con escala de medici\u00f3n, 10x\/22 con ret\u00edcula, 10x\/22 con cruz filar, 12,5x\/17,5, 15x\/16, 20x\/12)<\/td>\n<\/tr>\n<tr>\n<td>Objetivos<\/td>\n<td>Objetivos\tplano acrom\u00e1tico, corregido al infinito: 4x\/0,10  10x\/0,25  40x\/0,65  100xs\/1,25 aceite (*opcional: 20x\/0,40)  altura parafocal 60 mm<\/td>\n<\/tr>\n<tr>\n<td>Rev\u00f3lver<\/td>\n<td>5 objetivos, codificados<\/td>\n<\/tr>\n<tr>\n<td>Distancia de trabajo, mm<\/td>\n<td>30 (4x)  10,2 (10x)  1,5 (40x)  0,2 (100xs)\t<\/td>\n<\/tr>\n<tr>\n<td>Distancia interpupilar, mm<\/td>\n<td>47 \u2014 78<\/td>\n<\/tr>\n<tr>\n<td>Platina, mm<\/td>\n<td>235&#215;150<\/td>\n<\/tr>\n<tr>\n<td>Rango de desplazamiento de la platina, mm<\/td>\n<td>78\/54<\/td>\n<\/tr>\n<tr>\n<td>Platina<\/td>\n<td>micr\u00f3metro mec\u00e1nico de dos ejes, sin cremallera de posicionamiento<\/td>\n<\/tr>\n<tr>\n<td>Ajuste di\u00f3ptrico<\/td>\n<td>\u00b15D en cada ocular<\/td>\n<\/tr>\n<tr>\n<td>Ajuste di\u00f3ptrico<\/td>\n<td>yes<\/td>\n<\/tr>\n<tr>\n<td>Condensador<\/td>\n<td>condensador Abbe, N.A. 0,9, ajustable en el centro, ajustable en altura, diafragma ajustable, montaje de cola de milano<\/td>\n<\/tr>\n<tr>\n<td>Diafragma<\/td>\n<td>diafragma de apertura ajustable, diafragma de campo iris ajustable<\/td>\n<\/tr>\n<tr>\n<td>Enfoque<\/td>\n<td>coaxial, aproximado (32 mm, 28 mm\/c\u00edrculo, con mando de bloqueo y mando de ajuste de tensi\u00f3n) y preciso (0,001 mm)<\/td>\n<\/tr>\n<tr>\n<td>Iluminaci\u00f3n<\/td>\n<td>LED<\/td>\n<\/tr>\n<tr>\n<td>Ajuste del brillo<\/td>\n<td>yes<\/td>\n<\/tr>\n<tr>\n<td>Alimentaci\u00f3n<\/td>\n<td>100\u2013240 V, 50\/60 Hz, alimentaci\u00f3n de red de CA, el adaptador de corriente CA\/CC est\u00e1 ubicado en un enchufe especial en la parte posterior del soporte<\/td>\n<\/tr>\n<tr>\n<td>Tipo de fuente de iluminaci\u00f3n<\/td>\n<td>LED de 3 W, con ajuste de temperatura de color (3000\u20137000 K)<\/td>\n<\/tr>\n<tr>\n<td>Filtros de luz<\/td>\n<td>s\u00ed<\/td>\n<\/tr>\n<tr>\n<td>Intervalo de temperatura de funcionamiento, \u00b0C<\/td>\n<td>5 \u2014 35<\/td>\n<\/tr>\n<tr>\n<td>Adicional<\/td>\n<td>ajuste autom\u00e1tico del brillo al cambiar de objetivo, visualizaci\u00f3n del estado en la pantalla LCD, modo de suspensi\u00f3n, modo ecol\u00f3gico<\/td>\n<\/tr>\n<tr>\n<td>Posibilidad de conectar accesorios<\/td>\n<td>dispositivo de contraste de fases (condensador y objetivos), condensador de campo oscuro (en seco o en aceite), dispositivos de polarizaci\u00f3n (polarizador y analizador), iluminador de luz reflejada<\/td>\n<\/tr>\n<tr>\n<td>Nivel de usuario<\/td>\n<td>usuarios experimentados, profesionales<\/td>\n<\/tr>\n<tr>\n<td>Montaje y nivel de dificultad de instalaci\u00f3n<\/td>\n<td>complicado<\/td>\n<\/tr>\n<tr>\n<td>Aplicaci\u00f3n<\/td>\n<td>laboratorio\/m\u00e9dico<\/td>\n<\/tr>\n<tr>\n<td>Ubicaci\u00f3n de la iluminaci\u00f3n<\/td>\n<td>inferior<\/td>\n<\/tr>\n<tr>\n<td>M\u00e9todo de investigaci\u00f3n<\/td>\n<td>campo claro<\/td>\n<\/tr>\n<tr>\n<td>Funda\/malet\u00edn\/bolsa incluida en el kit<\/td>\n<td>cubierta protectora<\/td>\n<\/tr>\n<\/tbody>\n<\/table>\n","protected":false},"excerpt":{"rendered":"<p>Microscopio para investigaci\u00f3n. Dise\u00f1ado para observar muestras biol\u00f3gicas transparentes y transl\u00facidas, como frotis y secciones transversales en luz transmitida mediante un campo claro. La instalaci\u00f3n de accesorios adicionales permitir\u00e1 m\u00e9todos de campo oscuro, contraste de fase, fluorescencia y polarizaci\u00f3n.<br \/> El rev\u00f3lver codificado mantiene un nivel de brillo confortable al cambiar de objetivo. El control inteligente de la iluminaci\u00f3n del microscopio aumenta la comodidad y la rapidez del trabajo del investigador. Gracias a las funciones \u00abinteligentes\u00bb, no hay que preocuparse por los ajustes  la atenci\u00f3n del usuario se centra por completo en resolver sus tareas.<\/p>\n","protected":false},"featured_media":83549,"template":"","meta":{"_exactmetrics_skip_tracking":false,"_exactmetrics_sitenote_active":false,"_exactmetrics_sitenote_note":"","_exactmetrics_sitenote_category":0},"product_brand":[],"product_cat":[597],"product_tag":[],"class_list":{"0":"post-84657","1":"product","2":"type-product","3":"status-publish","4":"has-post-thumbnail","6":"product_cat-campo-claro","7":"product_shipping_class-microscopio","9":"first","10":"instock","11":"taxable","12":"shipping-taxable","13":"purchasable","14":"product-type-simple"},"_links":{"self":[{"href":"https:\/\/microscopistas.com\/en\/wp-json\/wp\/v2\/product\/84657","targetHints":{"allow":["GET"]}}],"collection":[{"href":"https:\/\/microscopistas.com\/en\/wp-json\/wp\/v2\/product"}],"about":[{"href":"https:\/\/microscopistas.com\/en\/wp-json\/wp\/v2\/types\/product"}],"wp:featuredmedia":[{"embeddable":true,"href":"https:\/\/microscopistas.com\/en\/wp-json\/wp\/v2\/media\/83549"}],"wp:attachment":[{"href":"https:\/\/microscopistas.com\/en\/wp-json\/wp\/v2\/media?parent=84657"}],"wp:term":[{"taxonomy":"product_brand","embeddable":true,"href":"https:\/\/microscopistas.com\/en\/wp-json\/wp\/v2\/product_brand?post=84657"},{"taxonomy":"product_cat","embeddable":true,"href":"https:\/\/microscopistas.com\/en\/wp-json\/wp\/v2\/product_cat?post=84657"},{"taxonomy":"product_tag","embeddable":true,"href":"https:\/\/microscopistas.com\/en\/wp-json\/wp\/v2\/product_tag?post=84657"}],"curies":[{"name":"wp","href":"https:\/\/api.w.org\/{rel}","templated":true}]}}