{"id":84656,"date":"2024-07-29T18:29:35","date_gmt":"2024-07-29T16:29:35","guid":{"rendered":"http:\/\/microscopistas.com\/?post_type=product&#038;p=84656"},"modified":"2024-07-29T18:40:48","modified_gmt":"2024-07-29T16:40:48","slug":"microscopio-biologico-digital-magus-bio-dh260","status":"publish","type":"product","link":"https:\/\/microscopistas.com\/en\/producto\/microscopio-biologico-digital-magus-bio-dh260\/","title":{"rendered":"Microscopio biol\u00f3gico digital MAGUS Bio DH260"},"content":{"rendered":"<p>El microscopio MAGUS Bio DH260 es un microscopio de uso cotidiano dise\u00f1ado en su configuraci\u00f3n b\u00e1sica para trabajar con muestras biol\u00f3gicas en luz transmitida utilizando el m\u00e9todo de campo claro. Si se equipa el dispositivo con componentes adicionales, se pueden llevar a cabo investigaciones con luz fluorescente o polarizada, as\u00ed como utilizar el m\u00e9todo de campo oscuro o el contraste de fases. El microscopio dispone de un cabezal binocular con c\u00e1mara integrada y un rev\u00f3lver giratorio codificado que, al cambiar de aumento, mantiene la intensidad de iluminaci\u00f3n seleccionada por el usuario. Tambi\u00e9n dispone de una pantalla LCD que muestra los par\u00e1metros de funcionamiento del microscopio.<\/p>\n<p>El cabezal con dos tubos oculares se complementa con una c\u00e1mara digital. Los tubos oculares est\u00e1n dise\u00f1ados para una \u00f3ptica corregida al infinito. El kit del microscopio incluye oculares de 10x\/22 mm que est\u00e1n equipados con un mecanismo para ajustar las dioptr\u00edas y una larga distancia de acomodaci\u00f3n ocular para trabajar con gafas. Para proteger las lentes de rozaduras y ara\u00f1azos, se han colocado oculares planos de goma en los oculares. <\/p>\n<p>La c\u00e1mara digital integrada con sensor de 8 MP produce im\u00e1genes con resoluci\u00f3n 4K (3840&#215;2160 p\u00edxeles). La alta resoluci\u00f3n le permitir\u00e1 estudiar la muestra en detalle. La c\u00e1mara es m\u00e1s eficaz cuando se combina con objetivos de 4x y 10x. Al grabar v\u00eddeo, la c\u00e1mara produce 30 fps a la m\u00e1xima resoluci\u00f3n: el metraje es de alta calidad y el movimiento se transmite con autenticidad, sin &#8216;espacios&#8217; entre fotogramas. La c\u00e1mara puede utilizarse para toma de fotos y grabaci\u00f3n de v\u00eddeos de investigaci\u00f3n, mostrar im\u00e1genes en la pantalla y para el enfoque del sistema \u00f3ptico. El dispositivo est\u00e1 equipado con una interfaz wifi que se utiliza para transferir datos a dispositivos externos.<\/p>\n<p>El rev\u00f3lver giratorio tiene ranuras para 5 objetivos. Se instala &#8216;hacia el interior&#8217;: el objetivo de trabajo est\u00e1 situado m\u00e1s cerca del usuario, y los dem\u00e1s objetivos est\u00e1n orientados en la direcci\u00f3n opuesta. Esta posici\u00f3n deja mucho espacio libre delante del usuario, que puede utilizarse para manipular la muestra. El microscopio viene con cuatro objetivos plano acrom\u00e1ticos de diferentes aumentos  el usuario puede usar la quinta ranura en funci\u00f3n de sus necesidades. La distancia parafocal es de 60 mm. La ranura situada encima del rev\u00f3lver est\u00e1 dise\u00f1ada para alojar el analizador cuando se trabaja con luz polarizada.<\/p>\n<p>El rev\u00f3lver giratorio est\u00e1 codificado: el usuario ajusta la intensidad de la luz para cada objetivo una vez y, a continuaci\u00f3n, cuando se gira el rev\u00f3lver, la luz se ajusta autom\u00e1ticamente. Esta caracter\u00edstica hace que sea m\u00e1s r\u00e1pido y c\u00f3modo trabajar en el microscopio: cada objetivo transmite la luz de forma diferente en funci\u00f3n de su aumento. Al cambiar de objetivo, la intensidad de la luz en el ocular cambia mucho y es necesario ajustarla cada vez. Adem\u00e1s, los cambios en el brillo de la luz cansan la vista. El rev\u00f3lver codificado le ahorra tiempo y esfuerzo.<\/p>\n<p>El enfoque se realiza mediante los mandos de ajuste aproximado y preciso situados en el mismo eje. El ajuste aproximado se realiza con el asa de la izquierda, y para el ajuste preciso hay asas a ambos lados. El asa de la derecha tiene ranuras para los dedos.. La rigidez del recorrido de enfoque aproximado puede ajustarse con el anillo de ajuste especial situado a la izquierda.<\/p>\n<p>La platina no dispone de cremallera de posicionamiento, lo que hace que el dise\u00f1o sea m\u00e1s ergon\u00f3mico. La muestra se desplaza por la superficie de la platina mediante un mecanismo de transmisi\u00f3n por correa. El portamuestras se fija inicialmente a la platina con dos tornillos, pero se puede retirar r\u00e1pidamente si se va a realizar una exploraci\u00f3n manual. La platina se controla mediante un asa larga: para manipularla, el usuario puede mantener c\u00f3modamente las manos sobre la mesa.<\/p>\n<p>El condensador situado bajo la platina controla la iluminaci\u00f3n de la muestra mediante un diafragma iris. Para facilitar el ajuste, el condensador de este microscopio tiene marcas que indican el aumento de los objetivos, y en su anillo hay un puntero, que se ajusta a la marca correspondiente al objetivo seleccionado. Como resultado, la imagen es n\u00edtida y contrastada. Cuando se llevan a cabo estudios con los m\u00e9todos de campo oscuro o contraste de fases, los compensadores deslizantes correspondientes se instalan en una ranura del condensador.<\/p>\n<p>La fuente de luz del microscopio es un LED de 3 W con una temperatura de color estable. Los LED tienen una vida \u00fatil de 50.000 horas. El microscopio dispone de sistema de iluminaci\u00f3n K\u00f6hler, que crea una iluminaci\u00f3n uniforme del objeto en todo el campo de visi\u00f3n. Los objetivos funcionan con la m\u00e1xima resoluci\u00f3n y el polvo u otros objetos extra\u00f1os no se interponen en el campo de visi\u00f3n.<\/p>\n<p>Los par\u00e1metros de funcionamiento se muestran en la pantalla LCD, integrada en la base del microscopio. En ella se puede ver el aumento del objetivo seleccionado, el brillo del iluminador y el modo de funcionamiento, as\u00ed como ajustar el tiempo de apagado autom\u00e1tico. Las manipulaciones se realizan mediante dos asas.<\/p>\n<p>El dise\u00f1o del microscopio est\u00e1 pensado para trabajar c\u00f3modamente. Dispone de un asa especial para moverlo y el cable de alimentaci\u00f3n est\u00e1 oculto: es seguro y c\u00f3modo de manejar y guardar. El microscopio se puede complementar con los accesorios necesarios para ampliar su funcionalidad: oculares, componentes para m\u00e9todos de investigaci\u00f3n opcionales y un portaobjetos de calibraci\u00f3n para medir objetos.<\/p>\n<p><strong>Caracter\u00edsticas principales:<\/strong>  <\/p>\n<ul>\n<li>El microscopio trabaja con muestras biol\u00f3gicas con luz transmitida en campo claro. Si se equipa con accesorios adicionales, se pueden utilizar m\u00e9todos de campo oscuro, contraste de fases, luminiscencia o luz polarizada<\/li>\n<li>El cabezal con dos tubos se complementa con una c\u00e1mara digital integrada  la posici\u00f3n de los tubos es regulable en altura<\/li>\n<li>El rev\u00f3lver giratorio para cinco objetivos &#8216;recuerda&#8217; los ajustes de iluminaci\u00f3n para cada aumento<\/li>\n<li>El condensador est\u00e1 centrado y es ajustable en altura  tiene marcas de aumento para ajustar la posici\u00f3n de apertura para cada objetivo<\/li>\n<li>Puede ajustar la iluminaci\u00f3n mediante el m\u00e9todo K\u00f6hler<\/li>\n<li>La pantalla LCD situada en la parte inferior del microscopio muestra los par\u00e1metros de funcionamiento<\/li>\n<li>Dise\u00f1o ergon\u00f3mico: dispone de asa de transporte y cable de alimentaci\u00f3n oculto<\/li>\n<\/ul>\n<p><strong>El kit incluye:<\/strong>  <\/p>\n<ul>\n<li>Soporte con fuente de alimentaci\u00f3n integrada, fuente de luz transmitida, mecanismo de enfoque, platina, soporte de condensador y rev\u00f3lver giratorio<\/li>\n<li>Condensador Abbe NA 1,25 aceite<\/li>\n<li>Cabezal binocular con c\u00e1mara digital incorporada<\/li>\n<li>Objetivo plano acrom\u00e1tico corregido al infinito: 4x\/0,10, altura parafocal de 60 mm<\/li>\n<li>Objetivo plano acrom\u00e1tico corregido al infinito: 10x\/0,25, altura parafocal de 60 mm<\/li>\n<li>Objetivo plano acrom\u00e1tico corregido al infinito: 40x\/0,65, altura parafocal de 60 mm<\/li>\n<li>Objetivo plano acrom\u00e1tico corregido al infinito: 100x\/0,25 para inmersi\u00f3n en aceite (con mecanismo de resorte), altura parafocal de 60 mm<\/li>\n<li>Ocular de 10x\/22 mm con larga distancia de acomodaci\u00f3n ocular y ajuste de las dioptr\u00edas (2 unidades)<\/li>\n<li>Ojera de ocular (2 unidades)<\/li>\n<li>Filtro de luz<\/li>\n<li>Botella de aceite de inmersi\u00f3n<\/li>\n<li>Cable de alimentaci\u00f3n CA<\/li>\n<li>Cubierta protectora <\/li>\n<li>Manual del usuario y tarjeta de garant\u00eda<\/li>\n<\/ul>\n<p><strong>Disponible bajo petici\u00f3n:<\/strong>  <\/p>\n<ul>\n<li>Ocular de 10x\/22 mm con escala<\/li>\n<li>Ocular de 10x\/22\u202fmm con ret\u00edcula<\/li>\n<li>Ocular de 10x\/22 mm con cruz filar<\/li>\n<li>Ocular de 12,5x\/17,5 mm (2 unidades)<\/li>\n<li>Ocular de 15x\/16 mm (2 unidades)<\/li>\n<li>Ocular de 20x\/12 mm (2 unidades)<\/li>\n<li>Objetivo plano acrom\u00e1tico corregido al infinito: 20x\/0,40, altura parafocal de 60 mm<\/li>\n<li>Dispositivo de contraste de fase: juego de placas de fase, telescopio auxiliar de centrado, juego de objetivos de fase<\/li>\n<li>Control deslizante de campo oscuro<\/li>\n<li>Dispositivo de polarizaci\u00f3n<\/li>\n<li>Portaobjetos de calibraci\u00f3n<\/li>\n<\/ul>\n<table>\n<tbody>\n<tr>\n<td>Marca<\/td>\n<td>MAGUS<\/td>\n<\/tr>\n<tr>\n<td>Garant\u00eda<\/td>\n<td>5 \u043b\u0435\u0442<\/td>\n<\/tr>\n<tr>\n<td>EAN<\/td>\n<td>5905555019468<\/td>\n<\/tr>\n<tr>\n<td>Tama\u00f1o de paquete (LxAn.xAl.)<\/td>\n<td>47x32x67 cm<\/td>\n<\/tr>\n<tr>\n<td>Peso del env\u00edo<\/td>\n<td>12.1 kg<\/td>\n<\/tr>\n<tr>\n<td>=== Delimitador ===<\/td>\n<td>Especificaciones del microscopio<\/td>\n<\/tr>\n<tr>\n<td>Tipo<\/td>\n<td>biol\u00f3gico, luz\/\u00f3ptico, digital<\/td>\n<\/tr>\n<tr>\n<td>Cabezal<\/td>\n<td>binocular<\/td>\n<\/tr>\n<tr>\n<td>Boquilla<\/td>\n<td>cabezal Gemel (Siedentopf, rotaci\u00f3n de 360\u00b0)<\/td>\n<\/tr>\n<tr>\n<td>\u00c1ngulo de inclinaci\u00f3n de cabezal<\/td>\n<td>30\u00b0<\/td>\n<\/tr>\n<tr>\n<td>Ampliaci\u00f3n, x<\/td>\n<td>40\u20131000 configuraci\u00f3n b\u00e1sica (*opcional: 40\u20131250\/1500\/2000)<\/td>\n<\/tr>\n<tr>\n<td>Rango de ampliaci\u00f3n<\/td>\n<td>800x a 1280x<\/td>\n<\/tr>\n<tr>\n<td>Di\u00e1metro del tubo del ocular, mm<\/td>\n<td>30<\/td>\n<\/tr>\n<tr>\n<td>Oculares<\/td>\n<td>10x\/22, larga distancia de acomodaci\u00f3n ocular (*opcional: 10x\/22 con escala de medici\u00f3n, 10x\/22 con ret\u00edcula, 10x\/22 con cruz filar, 12,5x\/17,5, 15x\/16, 20x\/12)<\/td>\n<\/tr>\n<tr>\n<td>Objetivos<\/td>\n<td>Objetivos\tplano acrom\u00e1tico, corregido al infinito: 4x\/0,10  10x\/0,25  40x\/0,65  100xs\/1,25 aceite (*opcional: 20x\/0,40)  altura parafocal 60 mm<\/td>\n<\/tr>\n<tr>\n<td>Rev\u00f3lver<\/td>\n<td>5 objetivos, codificados<\/td>\n<\/tr>\n<tr>\n<td>Distancia de trabajo, mm<\/td>\n<td>30 (4x)  10,2 (10x)  1,5 (40x)  0,2 (100xs)\t<\/td>\n<\/tr>\n<tr>\n<td>Distancia interpupilar, mm<\/td>\n<td>47 \u2014 78<\/td>\n<\/tr>\n<tr>\n<td>Platina, mm<\/td>\n<td>230&#215;150<\/td>\n<\/tr>\n<tr>\n<td>Rango de desplazamiento de la platina, mm<\/td>\n<td>78\/54<\/td>\n<\/tr>\n<tr>\n<td>Platina<\/td>\n<td>micr\u00f3metro mec\u00e1nico de dos ejes, sin cremallera de posicionamiento<\/td>\n<\/tr>\n<tr>\n<td>Ajuste di\u00f3ptrico<\/td>\n<td>\u00b15D en cada ocular<\/td>\n<\/tr>\n<tr>\n<td>Ajuste di\u00f3ptrico<\/td>\n<td>yes<\/td>\n<\/tr>\n<tr>\n<td>Condensador<\/td>\n<td>condensador Abbe NA 1,25, centrable y de altura ajustable, con diafragma de apertura ajustable y ranura para placas de campo oscuro y de fase  montura de cola de milano<\/td>\n<\/tr>\n<tr>\n<td>Diafragma<\/td>\n<td>diafragma de apertura ajustable, diafragma de campo iris ajustable<\/td>\n<\/tr>\n<tr>\n<td>Enfoque<\/td>\n<td>coaxial, aproximado (30 mm, 37,7 mm\/c\u00edrculo, con mecanismo de ajuste de la tensi\u00f3n) y preciso (0,002 mm, 0,2 mm\/c\u00edrculo)<\/td>\n<\/tr>\n<tr>\n<td>Iluminaci\u00f3n<\/td>\n<td>LED<\/td>\n<\/tr>\n<tr>\n<td>Ajuste del brillo<\/td>\n<td>yes<\/td>\n<\/tr>\n<tr>\n<td>Alimentaci\u00f3n<\/td>\n<td>100\u2013240 V, 50\/60 Hz, alimentaci\u00f3n de red de CA<\/td>\n<\/tr>\n<tr>\n<td>Tipo de fuente de iluminaci\u00f3n<\/td>\n<td>LED de 3 W<\/td>\n<\/tr>\n<tr>\n<td>Filtros de luz<\/td>\n<td>s\u00ed<\/td>\n<\/tr>\n<tr>\n<td>Intervalo de temperatura de funcionamiento, \u00b0C<\/td>\n<td>0 \u2014 70<\/td>\n<\/tr>\n<tr>\n<td>Adicional<\/td>\n<td>ajuste autom\u00e1tico del brillo al cambiar de objetivo, visualizaci\u00f3n del estado en la pantalla LCD, modo de suspensi\u00f3n, modo ecol\u00f3gico<\/td>\n<\/tr>\n<tr>\n<td>Posibilidad de conectar accesorios<\/td>\n<td>\u0441ontrol deslizante de campo oscuro, dispositivos de polarizaci\u00f3n (polarizador y analizador), dispositivo de contraste de fases (control deslizante y objetivos)<\/td>\n<\/tr>\n<tr>\n<td>Nivel de usuario<\/td>\n<td>usuarios experimentados, profesionales<\/td>\n<\/tr>\n<tr>\n<td>Montaje y nivel de dificultad de instalaci\u00f3n<\/td>\n<td>complicado<\/td>\n<\/tr>\n<tr>\n<td>Aplicaci\u00f3n<\/td>\n<td>laboratorio\/m\u00e9dico<\/td>\n<\/tr>\n<tr>\n<td>Ubicaci\u00f3n de la iluminaci\u00f3n<\/td>\n<td>inferior<\/td>\n<\/tr>\n<tr>\n<td>M\u00e9todo de investigaci\u00f3n<\/td>\n<td>campo claro<\/td>\n<\/tr>\n<tr>\n<td>C\u00e1mara digital incluida<\/td>\n<td>yes<\/td>\n<\/tr>\n<tr>\n<td>Funda\/malet\u00edn\/bolsa incluida en el kit<\/td>\n<td>cubierta protectora<\/td>\n<\/tr>\n<tr>\n<td>=== Delimitador ===<\/td>\n<td>C\u00e1mara digital<\/td>\n<\/tr>\n<tr>\n<td>Color\/monocromo<\/td>\n<td>color <\/td>\n<\/tr>\n<tr>\n<td>Megap\u00edxeles<\/td>\n<td>8<\/td>\n<\/tr>\n<tr>\n<td>Resoluci\u00f3n m\u00e1xima, p\u00edxeles<\/td>\n<td>3840&#215;2160<\/td>\n<\/tr>\n<tr>\n<td>Tama\u00f1o del sensor<\/td>\n<td>1\/1,8&#8242;<\/td>\n<\/tr>\n<tr>\n<td>Tama\u00f1o del p\u00edxel, &#038;micro m<\/td>\n<td>2&#215;2<\/td>\n<\/tr>\n<tr>\n<td>Conectores de interfaz<\/td>\n<td>Wi-Fi<\/td>\n<\/tr>\n<tr>\n<td>Grabaci\u00f3n de v\u00eddeo<\/td>\n<td>yes<\/td>\n<\/tr>\n<tr>\n<td>Frecuencia de fotogramas, fps para cada resoluci\u00f3n<\/td>\n<td>30<\/td>\n<\/tr>\n<tr>\n<td>Lugar de instalaci\u00f3n<\/td>\n<td>integrada<\/td>\n<\/tr>\n<tr>\n<td>Fuente de alimentaci\u00f3n para c\u00e1mara<\/td>\n<td>cable principal<\/td>\n<\/tr>\n<\/tbody>\n<\/table>\n","protected":false},"excerpt":{"rendered":"<p>El microscopio MAGUS Bio DH260 es un microscopio de uso cotidiano dise\u00f1ado en su configuraci\u00f3n b\u00e1sica para trabajar con muestras biol\u00f3gicas en luz transmitida utilizando el m\u00e9todo de campo claro. Si se equipa el dispositivo con componentes adicionales, se pueden llevar a cabo investigaciones con luz fluorescente o polarizada, as\u00ed como utilizar el m\u00e9todo de campo oscuro o el contraste de fases. El microscopio dispone de un cabezal binocular con c\u00e1mara integrada y un rev\u00f3lver giratorio codificado que, al cambiar de aumento, mantiene la intensidad de iluminaci\u00f3n seleccionada por el usuario. Tambi\u00e9n dispone de una pantalla LCD que muestra los par\u00e1metros de funcionamiento del microscopio.<\/p>\n","protected":false},"featured_media":83546,"template":"","meta":{"_exactmetrics_skip_tracking":false,"_exactmetrics_sitenote_active":false,"_exactmetrics_sitenote_note":"","_exactmetrics_sitenote_category":0},"product_brand":[],"product_cat":[597],"product_tag":[],"class_list":{"0":"post-84656","1":"product","2":"type-product","3":"status-publish","4":"has-post-thumbnail","6":"product_cat-campo-claro","7":"product_shipping_class-microscopio","9":"first","10":"instock","11":"taxable","12":"shipping-taxable","13":"purchasable","14":"product-type-simple"},"_links":{"self":[{"href":"https:\/\/microscopistas.com\/en\/wp-json\/wp\/v2\/product\/84656","targetHints":{"allow":["GET"]}}],"collection":[{"href":"https:\/\/microscopistas.com\/en\/wp-json\/wp\/v2\/product"}],"about":[{"href":"https:\/\/microscopistas.com\/en\/wp-json\/wp\/v2\/types\/product"}],"wp:featuredmedia":[{"embeddable":true,"href":"https:\/\/microscopistas.com\/en\/wp-json\/wp\/v2\/media\/83546"}],"wp:attachment":[{"href":"https:\/\/microscopistas.com\/en\/wp-json\/wp\/v2\/media?parent=84656"}],"wp:term":[{"taxonomy":"product_brand","embeddable":true,"href":"https:\/\/microscopistas.com\/en\/wp-json\/wp\/v2\/product_brand?post=84656"},{"taxonomy":"product_cat","embeddable":true,"href":"https:\/\/microscopistas.com\/en\/wp-json\/wp\/v2\/product_cat?post=84656"},{"taxonomy":"product_tag","embeddable":true,"href":"https:\/\/microscopistas.com\/en\/wp-json\/wp\/v2\/product_tag?post=84656"}],"curies":[{"name":"wp","href":"https:\/\/api.w.org\/{rel}","templated":true}]}}