{"id":84655,"date":"2024-07-29T18:29:35","date_gmt":"2024-07-29T16:29:35","guid":{"rendered":"http:\/\/microscopistas.com\/?post_type=product&#038;p=84655"},"modified":"2024-07-29T18:40:26","modified_gmt":"2024-07-29T16:40:26","slug":"microscopio-biologico-magus-bio-260t","status":"publish","type":"product","link":"https:\/\/microscopistas.com\/en\/producto\/microscopio-biologico-magus-bio-260t\/","title":{"rendered":"Microscopio biol\u00f3gico MAGUS Bio 260T"},"content":{"rendered":"<p>El microscopio MAGUS Bio 260T es un microscopio de uso diario que puede utilizarse para la investigaci\u00f3n cient\u00edfica y de laboratorio o con fines educativos. El microscopio funciona con muestras finas transparentes y transl\u00facidas al usar el m\u00e9todo de campo claro. Sin embargo, se pueden instalar componentes adicionales en el dispositivo para ampliar sus capacidades y utilizar m\u00e9todos de campo oscuro, contraste de fases, luz polarizada y fluorescente.<br \/> El modelo est\u00e1 equipado con un rev\u00f3lver giratorio codificado que puede alojar hasta cinco objetivos. La iluminaci\u00f3n \u00abinteligente\u00bb cambia autom\u00e1ticamente con el giro del rev\u00f3lver y se adapta a los par\u00e1metros de cada objetivo. Gracias a esta caracter\u00edstica, no es necesario perder tiempo ajustando la luz, lo que resulta especialmente importante en el proceso educativo o cuando es necesario cambiar con frecuencia el aumento.<\/p>\n<p>El microscopio tiene un cabezal trinocular que adopta el sistema \u00f3ptico infinito. La altura de la pupila se puede ajustar. Su posici\u00f3n se ajusta girando los tubos hasta 360\u00b0. En un tubo trinocular est\u00e1 instalada una c\u00e1mara digital. La luz se distribuye a la c\u00e1mara y a los oculares en una proporci\u00f3n 50\/50. El kit del microscopio incluye oculares b\u00e1sicos de 10x\/22 mm con un mecanismo de ajuste de las dioptr\u00edas. No se realiza ning\u00fan ajuste en los tubos. Los usuarios que lleven gafas pueden beneficiarse de los oculares de goma, incluidos que protegen el cristal de abrasiones y ara\u00f1azos.<\/p>\n<p>El rev\u00f3lver giratorio para 5 objetivos est\u00e1 equipado con un sistema autom\u00e1tico de control de la iluminaci\u00f3n. Al cambiar el aumento, el usuario observa fuertes fluctuaciones del nivel de luz en el ocular: los objetivos de diferentes aumentos transmiten la luz de forma diferente. La iluminaci\u00f3n inteligente permite ajustar el nivel de luz para un objetivo espec\u00edfico una vez y, a continuaci\u00f3n, al girar el rev\u00f3lver giratorio, la luz cambiar\u00e1 autom\u00e1ticamente. El kit del microscopio incluye 4 objetivos  el usuario puede colocar un objetivo en la quinta ranura seg\u00fan sea necesario. La distancia parafocal es de 60 mm. La ranura situada encima del rev\u00f3lver giratorio se utiliza para montar el analizador  cuando el analizador no est\u00e1 instalado, la ranura se cierra con un tap\u00f3n.<\/p>\n<p>La platina de muestras est\u00e1 dise\u00f1ada con una transmisi\u00f3n por correa: la muestra se mueve de forma suave y fluida. No hay cremallera de posicionamiento del eje X, por lo que el trabajo con el microscopio es m\u00e1s ergon\u00f3mico y c\u00f3modo. El portamuestras se fija con dos tornillos y se puede quitar cuando sea necesario. Otro detalle pr\u00e1ctico es el mango de control largo de la platina. El usuario puede utilizar el microscopio con las manos apoyadas en la mesa sin forzar los brazos ni el cuerpo.<\/p>\n<p>El condensador puede ajustarse a la posici\u00f3n deseada tanto verticalmente como en relaci\u00f3n con el eje \u00f3ptico (sujeto en una montura de cola de milano). El diafragma iris se ajusta mediante un anillo: dispone de un marcador, y los indicadores de aumento del objetivo se muestran en el cuerpo del condensador. Para una imagen de contraste, el marcador se ajusta de acuerdo con el objetivo de trabajo instalado. El condensador puede complementarse con un compensador deslizante de campo oscuro o de contraste de fases: hay una ranura especial para ello. <\/p>\n<p>El microscopio se enfoca mediante mandos de ajuste aproximado y preciso situados coaxialmente. El enfoque aproximado se realiza con el bot\u00f3n del lado izquierdo. Hay mandos de enfoque preciso a ambos lados del soporte, y el derecho tiene unas ranuras especiales muy pr\u00e1cticas para los dedos. El anillo de ajuste del recorrido proporciona una comodidad adicional, ya que permite ajustar la tensi\u00f3n del recorrido de enfoque aproximado de la forma que le resulte m\u00e1s c\u00f3moda.Todos los mandos y el anillo se encuentran en la parte inferior del soporte: el usuario los controla apoyando c\u00f3modamente las manos sobre la mesa.<\/p>\n<p>La iluminaci\u00f3n del microscopio se produce mediante un LED de 3 W montado en un iluminador de luz transmitida. La temperatura de iluminaci\u00f3n permanece estable incluso con cambios de luminosidad. Los m\u00e9todos de investigaci\u00f3n opcionales en este microscopio implican el uso de la iluminaci\u00f3n K\u00f6hler. Gracias a ella, todo el campo del esp\u00e9cimen se ilumina uniformemente, y artefactos como el polvo o la imagen de la fuente de luz no ser\u00e1n visibles a trav\u00e9s del ocular o la c\u00e1mara digital.<\/p>\n<p>La pantalla integrada permite visualizar y ajustar los par\u00e1metros de funcionamiento seleccionados. Se encuentra en la base del microscopio. La pantalla muestra el aumento del objetivo de trabajo, los par\u00e1metros de iluminaci\u00f3n, el modo de funcionamiento y el tiempo de apagado autom\u00e1tico.<\/p>\n<p>Los elementos adicionales pueden ampliar la funcionalidad del dispositivo. Un juego de oculares puede aumentar el espectro de aumentos. Para m\u00e9todos adicionales de trabajo con espec\u00edmenes que no pueden verse con el m\u00e9todo de campo claro, es necesario complementar el microscopio con un dispositivo de contraste de fases, un control deslizante de campo oscuro o un dispositivo de polarizaci\u00f3n. Una c\u00e1mara digital puede ayudar a capturar los resultados del estudio en una foto o v\u00eddeo o a mostrar la imagen en la pantalla. Puede medir objetos utilizando un portaobjetos de calibraci\u00f3n junto con un ocular con escala o una c\u00e1mara digital.<\/p>\n<p><strong>Caracter\u00edsticas principales:<\/strong><\/p>\n<ul>\n<li>El microscopio est\u00e1 dise\u00f1ado para fines educativos y la investigaci\u00f3n cient\u00edfica y de laboratorio<\/li>\n<li>Funciona con muestras transparentes y transl\u00facidas  el iluminador de luz transmitida se basa en un LED de tres vatios<\/li>\n<li>Puede ajustar la iluminaci\u00f3n mediante el m\u00e9todo K\u00f6hler<\/li>\n<li>El rev\u00f3lver giratorio codificado ajusta el brillo de la luz para cada objetivo<\/li>\n<li>Pueden instalarse simult\u00e1neamente cinco objetivos<\/li>\n<li>El cabezal trinocular admite la instalaci\u00f3n de una c\u00e1mara digital  divisi\u00f3n del haz 50\/50<\/li>\n<li>La distancia de acomodaci\u00f3n ocular se ajusta girando los tubos<\/li>\n<li>Equipado con una pantalla integrada que muestra los par\u00e1metros de funcionamiento<\/li>\n<li>Los accesorios adicionales permiten realizar estudios con luz reflejada, campo oscuro, contraste de fases, fluorescencia y m\u00e9todos de polarizaci\u00f3n<\/li>\n<\/ul>\n<p><strong>El kit incluye:<\/strong><\/p>\n<ul>\n<li>Soporte con fuente de alimentaci\u00f3n integrada, fuente de luz transmitida, mecanismo de enfoque, platina, soporte de condensador y rev\u00f3lver giratorio<\/li>\n<li>Condensador Abbe<\/li>\n<li>Cabezal trinocular<\/li>\n<li>Objetivo plano acrom\u00e1tico corregido al infinito: 4x\/0,10, altura parafocal de 60 mm<\/li>\n<li>Objetivo plano acrom\u00e1tico corregido al infinito: 10x\/0,25, altura parafocal de 60 mm<\/li>\n<li>Objetivo plano acrom\u00e1tico corregido al infinito: 40x\/0,65, altura parafocal de 60 mm<\/li>\n<li>Objetivo plano acrom\u00e1tico corregido al infinito: 100x\/0,25 para inmersi\u00f3n en aceite (con mecanismo de resorte), altura parafocal de 60 mm<\/li>\n<li>Ocular de 10x\/22 mm con larga distancia de acomodaci\u00f3n ocular y ajuste de las dioptr\u00edas (2 unidades)<\/li>\n<li>Ojera de ocular (2 unidades)<\/li>\n<li>Filtro de luz<\/li>\n<li>Adaptador de c\u00e1mara con montura C<\/li>\n<li>Botella de aceite de inmersi\u00f3n<\/li>\n<li>Cable de alimentaci\u00f3n CA<\/li>\n<li>Cubierta protectora <\/li>\n<li>Manual del usuario y tarjeta de garant\u00eda<\/li>\n<\/ul>\n<p><strong>Disponible bajo petici\u00f3n:<\/strong><\/p>\n<ul>\n<li>Ocular de 10x\/22 mm con escala<\/li>\n<li>Ocular de 10x\/22\u202fmm con ret\u00edcula<\/li>\n<li>Ocular de 10x\/22 mm con cruz filar<\/li>\n<li>Ocular de 12,5x\/17,5 mm (2 unidades)<\/li>\n<li>Ocular de 15x\/16 mm (2 unidades)<\/li>\n<li>Ocular de 20x\/12 mm (2 unidades)<\/li>\n<li>Objetivo plano acrom\u00e1tico corregido al infinito: 20x\/0,40, altura parafocal de 60 mm<\/li>\n<li>Dispositivo de contraste de fase: juego de placas de fase, telescopio auxiliar de centrado, juego de objetivos de fase<\/li>\n<li>Control deslizante de campo oscuro<\/li>\n<li>Iluminador de luz reflejada <\/li>\n<li>Dispositivo de polarizaci\u00f3n<\/li>\n<li>C\u00e1mara digital<\/li>\n<li>Portaobjetos de calibraci\u00f3n<\/li>\n<li>Monitor<\/li>\n<\/ul>\n<table>\n<tbody>\n<tr>\n<td>Marca<\/td>\n<td>MAGUS<\/td>\n<\/tr>\n<tr>\n<td>Garant\u00eda<\/td>\n<td>5 \u043b\u0435\u0442<\/td>\n<\/tr>\n<tr>\n<td>EAN<\/td>\n<td>5905555019451<\/td>\n<\/tr>\n<tr>\n<td>Tama\u00f1o de paquete (LxAn.xAl.)<\/td>\n<td>47x32x67 cm<\/td>\n<\/tr>\n<tr>\n<td>Peso del env\u00edo<\/td>\n<td>12.2 kg<\/td>\n<\/tr>\n<tr>\n<td>Tipo<\/td>\n<td>biol\u00f3gico, luz\/\u00f3ptico<\/td>\n<\/tr>\n<tr>\n<td>Cabezal<\/td>\n<td>trinocular<\/td>\n<\/tr>\n<tr>\n<td>Boquilla<\/td>\n<td>con distribuci\u00f3n 50\/50 del flujo luminoso, cabezal Gemel (Siedentopf, rotaci\u00f3n de 360\u00b0)<\/td>\n<\/tr>\n<tr>\n<td>\u00c1ngulo de inclinaci\u00f3n de cabezal<\/td>\n<td>30\u00b0<\/td>\n<\/tr>\n<tr>\n<td>Ampliaci\u00f3n, x<\/td>\n<td>40\u20131000 configuraci\u00f3n b\u00e1sica (*opcional: 40\u20131250\/1500\/2000)<\/td>\n<\/tr>\n<tr>\n<td>Rango de ampliaci\u00f3n<\/td>\n<td>800x a 1280x<\/td>\n<\/tr>\n<tr>\n<td>Di\u00e1metro del tubo del ocular, mm<\/td>\n<td>30<\/td>\n<\/tr>\n<tr>\n<td>Oculares<\/td>\n<td>10x\/22, larga distancia de acomodaci\u00f3n ocular (*opcional: 10x\/22 con escala de medici\u00f3n, 10x\/22 con ret\u00edcula, 10x\/22 con cruz filar, 12,5x\/17,5, 15x\/16, 20x\/12)<\/td>\n<\/tr>\n<tr>\n<td>Objetivos<\/td>\n<td>Objetivos\tplano acrom\u00e1tico, corregido al infinito: 4x\/0,10  10x\/0,25  40x\/0,65  100xs\/1,25 aceite (*opcional: 20x\/0,40)  altura parafocal 60 mm<\/td>\n<\/tr>\n<tr>\n<td>Rev\u00f3lver<\/td>\n<td>5 objetivos, codificados<\/td>\n<\/tr>\n<tr>\n<td>Distancia de trabajo, mm<\/td>\n<td>30 (4x)  10,2 (10x)  1,5 (40x)  0,2 (100xs)\t<\/td>\n<\/tr>\n<tr>\n<td>Distancia interpupilar, mm<\/td>\n<td>47 \u2014 78<\/td>\n<\/tr>\n<tr>\n<td>Platina, mm<\/td>\n<td>230&#215;150<\/td>\n<\/tr>\n<tr>\n<td>Rango de desplazamiento de la platina, mm<\/td>\n<td>78\/54<\/td>\n<\/tr>\n<tr>\n<td>Platina<\/td>\n<td>micr\u00f3metro mec\u00e1nico de dos ejes, sin cremallera de posicionamiento<\/td>\n<\/tr>\n<tr>\n<td>Ajuste di\u00f3ptrico<\/td>\n<td>\u00b15D en cada ocular<\/td>\n<\/tr>\n<tr>\n<td>Ajuste di\u00f3ptrico<\/td>\n<td>yes<\/td>\n<\/tr>\n<tr>\n<td>Condensador<\/td>\n<td>condensador Abbe NA 1,25, centrable y de altura ajustable, con diafragma de apertura ajustable y ranura para placas de campo oscuro y de fase  montura de cola de milano<\/td>\n<\/tr>\n<tr>\n<td>Diafragma<\/td>\n<td>diafragma de apertura ajustable, diafragma de campo iris ajustable<\/td>\n<\/tr>\n<tr>\n<td>Enfoque<\/td>\n<td>coaxial, aproximado (30 mm, 37,7 mm\/c\u00edrculo, con mecanismo de ajuste de la tensi\u00f3n) y preciso (0,002 mm, 0,2 mm\/c\u00edrculo)<\/td>\n<\/tr>\n<tr>\n<td>Iluminaci\u00f3n<\/td>\n<td>LED<\/td>\n<\/tr>\n<tr>\n<td>Ajuste del brillo<\/td>\n<td>yes<\/td>\n<\/tr>\n<tr>\n<td>Alimentaci\u00f3n<\/td>\n<td>100\u2013240 V, 50\/60 Hz, alimentaci\u00f3n de red de CA<\/td>\n<\/tr>\n<tr>\n<td>Tipo de fuente de iluminaci\u00f3n<\/td>\n<td>LED de 3 W<\/td>\n<\/tr>\n<tr>\n<td>Filtros de luz<\/td>\n<td>s\u00ed<\/td>\n<\/tr>\n<tr>\n<td>Intervalo de temperatura de funcionamiento, \u00b0C<\/td>\n<td>0 \u2014 70<\/td>\n<\/tr>\n<tr>\n<td>Adicional<\/td>\n<td>ajuste autom\u00e1tico del brillo al cambiar de objetivo, visualizaci\u00f3n del estado en la pantalla LCD, modo de suspensi\u00f3n, modo ecol\u00f3gico<\/td>\n<\/tr>\n<tr>\n<td>Posibilidad de conectar accesorios<\/td>\n<td>\u0441ontrol deslizante de campo oscuro, dispositivos de polarizaci\u00f3n (polarizador y analizador), iluminador de luz reflejada, dispositivo de contraste de fases (control deslizante y objetivos)<\/td>\n<\/tr>\n<tr>\n<td>Nivel de usuario<\/td>\n<td>usuarios experimentados, profesionales<\/td>\n<\/tr>\n<tr>\n<td>Montaje y nivel de dificultad de instalaci\u00f3n<\/td>\n<td>complicado<\/td>\n<\/tr>\n<tr>\n<td>Aplicaci\u00f3n<\/td>\n<td>laboratorio\/m\u00e9dico<\/td>\n<\/tr>\n<tr>\n<td>Ubicaci\u00f3n de la iluminaci\u00f3n<\/td>\n<td>inferior<\/td>\n<\/tr>\n<tr>\n<td>M\u00e9todo de investigaci\u00f3n<\/td>\n<td>campo claro<\/td>\n<\/tr>\n<tr>\n<td>Funda\/malet\u00edn\/bolsa incluida en el kit<\/td>\n<td>cubierta protectora<\/td>\n<\/tr>\n<\/tbody>\n<\/table>\n","protected":false},"excerpt":{"rendered":"<p>El microscopio MAGUS Bio 260T es un microscopio de uso diario que puede utilizarse para la investigaci\u00f3n cient\u00edfica y de laboratorio o con fines educativos. El microscopio funciona con muestras finas transparentes y transl\u00facidas al usar el m\u00e9todo de campo claro. Sin embargo, se pueden instalar componentes adicionales en el dispositivo para ampliar sus capacidades y utilizar m\u00e9todos de campo oscuro, contraste de fases, luz polarizada y fluorescente.<br \/> El modelo est\u00e1 equipado con un rev\u00f3lver giratorio codificado que puede alojar hasta cinco objetivos. La iluminaci\u00f3n \u00abinteligente\u00bb cambia autom\u00e1ticamente con el giro del rev\u00f3lver y se adapta a los par\u00e1metros de cada objetivo. Gracias a esta caracter\u00edstica, no es necesario perder tiempo ajustando la luz, lo que resulta especialmente importante en el proceso educativo o cuando es necesario cambiar con frecuencia el aumento.<\/p>\n","protected":false},"featured_media":83544,"template":"","meta":{"_exactmetrics_skip_tracking":false,"_exactmetrics_sitenote_active":false,"_exactmetrics_sitenote_note":"","_exactmetrics_sitenote_category":0},"product_brand":[],"product_cat":[597],"product_tag":[],"class_list":{"0":"post-84655","1":"product","2":"type-product","3":"status-publish","4":"has-post-thumbnail","6":"product_cat-campo-claro","7":"product_shipping_class-microscopio","9":"first","10":"instock","11":"taxable","12":"shipping-taxable","13":"purchasable","14":"product-type-simple"},"_links":{"self":[{"href":"https:\/\/microscopistas.com\/en\/wp-json\/wp\/v2\/product\/84655","targetHints":{"allow":["GET"]}}],"collection":[{"href":"https:\/\/microscopistas.com\/en\/wp-json\/wp\/v2\/product"}],"about":[{"href":"https:\/\/microscopistas.com\/en\/wp-json\/wp\/v2\/types\/product"}],"wp:featuredmedia":[{"embeddable":true,"href":"https:\/\/microscopistas.com\/en\/wp-json\/wp\/v2\/media\/83544"}],"wp:attachment":[{"href":"https:\/\/microscopistas.com\/en\/wp-json\/wp\/v2\/media?parent=84655"}],"wp:term":[{"taxonomy":"product_brand","embeddable":true,"href":"https:\/\/microscopistas.com\/en\/wp-json\/wp\/v2\/product_brand?post=84655"},{"taxonomy":"product_cat","embeddable":true,"href":"https:\/\/microscopistas.com\/en\/wp-json\/wp\/v2\/product_cat?post=84655"},{"taxonomy":"product_tag","embeddable":true,"href":"https:\/\/microscopistas.com\/en\/wp-json\/wp\/v2\/product_tag?post=84655"}],"curies":[{"name":"wp","href":"https:\/\/api.w.org\/{rel}","templated":true}]}}