{"id":84654,"date":"2024-07-29T18:29:35","date_gmt":"2024-07-29T16:29:35","guid":{"rendered":"http:\/\/microscopistas.com\/?post_type=product&#038;p=84654"},"modified":"2024-07-29T18:39:54","modified_gmt":"2024-07-29T16:39:54","slug":"microscopio-biologico-digital-magus-bio-dh240","status":"publish","type":"product","link":"https:\/\/microscopistas.com\/en\/producto\/microscopio-biologico-digital-magus-bio-dh240\/","title":{"rendered":"Microscopio biol\u00f3gico digital MAGUS Bio DH240"},"content":{"rendered":"<p><strong>Microscopio biol&#038;oacute gico digital MAGUS Bio DH240<\/strong><br \/>Ampliaci&#038;oacute n: 40&#038;ndash 1000x. Cabezal binocular con c&#038;aacute mara digital de 8 MP incorporada, rev&#038;oacute lver giratorio codificado, objetivos plano acrom&#038;aacute ticos, iluminador LED de 3\u202fW, sistema inteligente de control de iluminaci&#038;oacute n<\/p>\n<p>El microscopio MAGUS Bio DH240 est&#038;aacute  dise&#038;ntilde ado para trabajar con muestras biol&#038;oacute gicas transparentes y transl&#038;uacute cidas en el m&#038;eacute todo de campo claro. El aparato est&#038;aacute  equipado con un cabezal binocular con c&#038;aacute mara digital incorporada. El rev&#038;oacute lver de 4 objetivos est&#038;aacute  equipado con un sistema inteligente de control de iluminaci&#038;oacute n. Los ajustes de funcionamiento seleccionados se muestran en la pantalla LCD integrada.<\/p>\n<p>El modelo MAGUS Bio DH240 es bastante compacto. Es ligero y de tama&#038;ntilde o reducido, y el dise&#038;ntilde o ergon&#038;oacute mico del cuerpo facilita su almacenamiento y transporte. Todos los cables y el adaptador de corriente est&#038;aacute n ocultos en la parte posterior del microscopio, y puede utilizar las aberturas laterales del soporte como asas para transportarlo.<\/p>\n<p>El cabezal binocular tambi&#038;eacute n contribuye al dise&#038;ntilde o: la c&#038;aacute mara digital est&#038;aacute  integrada en &#038;eacute l y no ocupa espacio adicional. Ambos tubos giran 360&#038;deg  alrededor de su eje, por lo que puede ajustar el relieve ocular seg&#038;uacute n sus necesidades. El microscopio est&#038;aacute  equipado con oculares de 10x\/20\u202fmm, e incluye oculares planos de goma, que ser&#038;aacute n pr&#038;aacute cticos para los usuarios con gafas para evitar que las lentes toquen los oculares y evitar da&#038;ntilde os. Los elementos &#038;oacute pticos est&#038;aacute n corregidos al infinito. Hay anillos de ajuste de las dioptr&#038;iacute as en los tubos del microscopio que se ajustan a la agudeza visual del usuario.<\/p>\n<p>Una c&#038;aacute mara digital construida sobre una matriz de 8 MP produce im&#038;aacute genes con una resoluci&#038;oacute n de 4K (3840&#215;2160 px). Transmite perfectamente todos los matices del objeto de observaci&#038;oacute n. La combinaci&#038;oacute n &#038;oacute ptima se obtiene con objetivos de 4x y 10x. La c&#038;aacute mara puede tomar fotograf&#038;iacute as o v&#038;iacute deos de espec&#038;iacute menes est&#038;aacute ticos e inactivos. Puede utilizarse para ajustar el enfoque del microscopio. Puede transferir im&#038;aacute genes a su ordenador a trav&#038;eacute s de wifi.<\/p>\n<p>El rev&#038;oacute lver del modelo MAGUS Bio DH240 est&#038;aacute  dise&#038;ntilde ado para 4 objetivos. Est&#038;aacute  orientado &#038;laquo hacia el interior&#038;raquo : el objetivo de trabajo se encuentra directamente delante del usuario, mientras que el resto apuntan en la direcci&#038;oacute n opuesta. Este dise&#038;ntilde o libera espacio delante del usuario, haciendo que el trabajo sea m&#038;aacute s c&#038;oacute modo. Rev&#038;oacute lver giratorio codificado: al cambiar de objetivo, la iluminaci&#038;oacute n de la muestra cambia autom&#038;aacute ticamente. Dado que los objetivos con diferentes aumentos tienen diferente transmisi&#038;oacute n de la luz, al cambiar de objetivo la intensidad de la iluminaci&#038;oacute n en el ocular fluct&#038;uacute a enormemente. Esto cansa la vista, y el investigador tiene que dedicar tiempo a ajustar el brillo de la luz cada vez. El sistema de iluminaci&#038;oacute n inteligente recuerda los ajustes del usuario para cada objetivo y, al girar el rev&#038;oacute lver, la luz se ajusta autom&#038;aacute ticamente a la intensidad adecuada. Esto resulta especialmente c&#038;oacute modo si cambia con frecuencia el aumento del microscopio durante su trabajo.<\/p>\n<p>El microscopio utiliza un LED de 3\u202fW como fuente de luz. El iluminador crea luz transmitida con la capacidad de cambiar la temperatura de color: El usuario puede ajustar el valor deseado en el rango de 3000&#038;ndash 7000K. El LED est&#038;aacute  dise&#038;ntilde ado para durar 50.000 horas.<\/p>\n<p>Dos mandos de enfoque est&#038;aacute n situados en el mismo eje en lados opuestos del microscopio y se utilizan para el ajuste aproximado y preciso. Adem&#038;aacute s, el microscopio est&#038;aacute  equipado con una palanca de bloqueo del enfoque aproximado que se utiliza despu&#038;eacute s de cambiar el objetivo, y un anillo para ajustar la tensi&#038;oacute n del recorrido del enfoque aproximado. Todos los mecanismos de ajuste se encuentran en la parte inferior del cuerpo del microscopio. Para manejarlo, el usuario puede apoyar las manos en la mesa y adoptar una postura c&#038;oacute moda, lo que resulta especialmente importante durante un estudio prolongado.<\/p>\n<p>La platina para muestras es especialmente ergon&#038;oacute mica. Est&#038;aacute  equipada con un mecanismo de transmisi&#038;oacute n por correa, por lo que la muestra se desplaza suavemente por la superficie de la platina. El portamuestras se fija con dos tornillos y puede desmontarse f&#038;aacute cilmente. No hay rejilla de posicionamiento.<\/p>\n<p>El condensador Abbe de este modelo tambi&#038;eacute n tiene algunas caracter&#038;iacute sticas. Est&#038;aacute  fijado a la altura requerida y situado en el centro del eje &#038;oacute ptico del microscopio: no se puede mover accidentalmente, lo que es especialmente importante para el trabajo de investigadores noveles en un espacio com&#038;uacute n. Para ajustar el diafragma iris se utiliza un mando que se ajusta seg&#038;uacute n las marcas del condensador. Cada marca corresponde a un aumento de objetivo espec&#038;iacute fico, y el interruptor giratorio debe moverse a la posici&#038;oacute n correspondiente al objetivo de trabajo.<\/p>\n<p>Puede realizar un seguimiento de todos los ajustes en la pantalla LCD integrada, que es otra de las caracter&#038;iacute sticas de este modelo de microscopio MAGUS. La pantalla muestra el brillo seleccionado del iluminador y su temperatura de color, el aumento del objetivo de trabajo y el modo de funcionamiento  la mayor&#038;iacute a de estas funciones se configuran a trav&#038;eacute s de la pantalla.<\/p>\n<p><strong>Caracter&#038;iacute sticas principales:<\/strong><\/p>\n<p>Trabaja con muestras transparentes y transl&#038;uacute cidas en el m&#038;eacute todo de campo claro<br \/>El cabezal binocular tiene una c&#038;aacute mara digital integrada<br \/>Ambos tubos giran 360&#038;deg  y disponen de un sistema de ajuste de las dioptr&#038;iacute as<br \/>Rev&#038;oacute lver giratorio para 4 objetivos con sistema inteligente de control de iluminaci&#038;oacute n<br \/>Los par&#038;aacute metros de funcionamiento seleccionados se muestran en la pantalla LCD<br \/>Dispositivo compacto y ligero con un cuerpo ergon&#038;oacute mico: los cables y el adaptador est&#038;aacute n ocultos, y el dise&#038;ntilde o del cuerpo es c&#038;oacute modo para el almacenamiento y el transporte<br \/>Platina para muestras con mecanismo de transmisi&#038;oacute n por correa que no dispone de cremallera de posicionamiento<br \/>El condensador no requiere ajuste adicional  el diafragma de apertura se ajusta seg&#038;uacute n las marcas de aumento de los objetivos<\/p>\n<p><strong>El kit incluye:<br \/><\/strong>Soporte con fuente de luz transmitida, mecanismo de enfoque, platina, soporte de condensador y rev&#038;oacute lver giratorio<br \/>Condensador Abbe<br \/>Cabezal binocular con c&#038;aacute mara digital incorporada<br \/>Objetivo plano acrom&#038;aacute tico corregido al infinito: 4x\/0,10<br \/>Objetivo plano acrom&#038;aacute tico corregido al infinito: 10x\/0,25<br \/>Objetivo plano acrom&#038;aacute tico corregido al infinito: 40x\/0,65 (con mecanismo de resorte)<br \/>Objetivo plano acrom&#038;aacute tico corregido al infinito: 100x\/1,25 aceite (con mecanismo de resorte)<br \/>Ocular de 10x\/20 mm con larga distancia de acomodaci&#038;oacute n ocular (2 unidades)<br \/>Ojera de ocular (2 unidades)<br \/>Filtro de luz<br \/>Botella de aceite de inmersi&#038;oacute n<br \/>Adaptador de alimentaci&#038;oacute n del microscopio y cable de alimentaci&#038;oacute n<br \/>Cubierta protectora<br \/>Manual del usuario y tarjeta de garant&#038;iacute a<\/p>\n<p><strong>Disponible bajo petici&#038;oacute n:<br \/><\/strong>C&#038;aacute mara digital<br \/>Portaobjetos de calibraci&#038;oacute n<br \/>Adaptador de montura C<br \/>Monitor<\/p>\n<table>\n<tbody>\n<tr>\n<td>Marca<\/td>\n<td>MAGUS<\/td>\n<\/tr>\n<tr>\n<td>Garant\u00eda<\/td>\n<td>5 \u043b\u0435\u0442<\/td>\n<\/tr>\n<tr>\n<td>EAN<\/td>\n<td>5905555019444<\/td>\n<\/tr>\n<tr>\n<td>Tama\u00f1o de paquete (LxAn.xAl.)<\/td>\n<td>45x30x64 cm<\/td>\n<\/tr>\n<tr>\n<td>Peso del env\u00edo<\/td>\n<td>9.9 kg<\/td>\n<\/tr>\n<tr>\n<td>=== Delimitador ===<\/td>\n<td>Especificaciones del microscopio<\/td>\n<\/tr>\n<tr>\n<td>Tipo<\/td>\n<td>biol\u00f3gico, luz\/\u00f3ptico, digital<\/td>\n<\/tr>\n<tr>\n<td>Cabezal<\/td>\n<td>binocular<\/td>\n<\/tr>\n<tr>\n<td>Boquilla<\/td>\n<td>cabezal Gemel (Siedentopf, rotaci\u00f3n de 360\u00b0)<\/td>\n<\/tr>\n<tr>\n<td>\u00c1ngulo de inclinaci\u00f3n de cabezal<\/td>\n<td>30\u00b0<\/td>\n<\/tr>\n<tr>\n<td>Ampliaci\u00f3n, x<\/td>\n<td>40\u20131000 configuraci\u00f3n b\u00e1sica<\/td>\n<\/tr>\n<tr>\n<td>Rango de ampliaci\u00f3n<\/td>\n<td>800x a 1280x<\/td>\n<\/tr>\n<tr>\n<td>Di\u00e1metro del tubo del ocular, mm<\/td>\n<td>23.2<\/td>\n<\/tr>\n<tr>\n<td>Oculares<\/td>\n<td>10x\/20 mm, larga distancia de acomodaci\u00f3n ocular<\/td>\n<\/tr>\n<tr>\n<td>Objetivos<\/td>\n<td>plano acrom\u00e1ticos corregidos al infinito: 4x\/0,10  10x\/0,25  40xs\/0,65  100xs\/1,25 aceite  distancia parafocal: 45 mm<\/td>\n<\/tr>\n<tr>\n<td>Rev\u00f3lver<\/td>\n<td>4 objetivos, codificados<\/td>\n<\/tr>\n<tr>\n<td>Distancia interpupilar, mm<\/td>\n<td>47 \u2014 75<\/td>\n<\/tr>\n<tr>\n<td>Platina, mm<\/td>\n<td>180&#215;130<\/td>\n<\/tr>\n<tr>\n<td>Rango de desplazamiento de la platina, mm<\/td>\n<td>74\/30<\/td>\n<\/tr>\n<tr>\n<td>Platina<\/td>\n<td>micr\u00f3metro mec\u00e1nico de dos ejes, sin cremallera de posicionamiento<\/td>\n<\/tr>\n<tr>\n<td>Ajuste di\u00f3ptrico<\/td>\n<td>\u00b15D en ambos tubos<\/td>\n<\/tr>\n<tr>\n<td>Ajuste di\u00f3ptrico<\/td>\n<td>yes<\/td>\n<\/tr>\n<tr>\n<td>Condensador<\/td>\n<td>condensador Abbe N.A. 1,25 con diafragma de apertura ajustable y aumento del objetivo codificado por colores<\/td>\n<\/tr>\n<tr>\n<td>Diafragma<\/td>\n<td>apertura ajustable<\/td>\n<\/tr>\n<tr>\n<td>Enfoque<\/td>\n<td>coaxial, aproximado (17 mm, 37,7 mm\/c\u00edrculo, con mando de bloqueo y mando de ajuste de tensi\u00f3n) y preciso (0,002 mm, 0,2 mm\/c\u00edrculo)<\/td>\n<\/tr>\n<tr>\n<td>Iluminaci\u00f3n<\/td>\n<td>LED<\/td>\n<\/tr>\n<tr>\n<td>Ajuste del brillo<\/td>\n<td>yes<\/td>\n<\/tr>\n<tr>\n<td>Alimentaci\u00f3n<\/td>\n<td>100\u2013240 V, 50\/60 Hz, alimentaci\u00f3n de red de CA, el adaptador de corriente CA\/CC est\u00e1 ubicado en un enchufe especial en la parte posterior del soporte<\/td>\n<\/tr>\n<tr>\n<td>Tipo de fuente de iluminaci\u00f3n<\/td>\n<td>LED de 3 W, con ajuste de temperatura de color (3000\u20137000 K)<\/td>\n<\/tr>\n<tr>\n<td>Filtros de luz<\/td>\n<td>s\u00ed<\/td>\n<\/tr>\n<tr>\n<td>Adicional<\/td>\n<td>ajuste autom\u00e1tico del brillo al cambiar de objetivo, visualizaci\u00f3n del estado en la pantalla LCD, modo de suspensi\u00f3n, modo ecol\u00f3gico<\/td>\n<\/tr>\n<tr>\n<td>Posibilidad de conectar accesorios<\/td>\n<td>\u0441ontrol deslizante de campo oscuro, dispositivos de polarizaci\u00f3n (polarizador y analizador), dispositivo de contraste de fases (control deslizante y objetivos)<\/td>\n<\/tr>\n<tr>\n<td>Nivel de usuario<\/td>\n<td>usuarios experimentados, profesionales<\/td>\n<\/tr>\n<tr>\n<td>Aplicaci\u00f3n<\/td>\n<td>laboratorio\/m\u00e9dico<\/td>\n<\/tr>\n<tr>\n<td>Ubicaci\u00f3n de la iluminaci\u00f3n<\/td>\n<td>inferior<\/td>\n<\/tr>\n<tr>\n<td>M\u00e9todo de investigaci\u00f3n<\/td>\n<td>campo claro<\/td>\n<\/tr>\n<tr>\n<td>C\u00e1mara digital incluida<\/td>\n<td>yes<\/td>\n<\/tr>\n<tr>\n<td>Funda\/malet\u00edn\/bolsa incluida en el kit<\/td>\n<td>cubierta protectora<\/td>\n<\/tr>\n<tr>\n<td>=== Delimitador ===<\/td>\n<td>C\u00e1mara digital<\/td>\n<\/tr>\n<tr>\n<td>Color\/monocromo<\/td>\n<td>color <\/td>\n<\/tr>\n<tr>\n<td>Megap\u00edxeles<\/td>\n<td>8<\/td>\n<\/tr>\n<tr>\n<td>Resoluci\u00f3n m\u00e1xima, p\u00edxeles<\/td>\n<td>3840&#215;2160<\/td>\n<\/tr>\n<tr>\n<td>Tama\u00f1o del sensor<\/td>\n<td>1\/2,5&#8242; (6,22&#215;3,50 mm)<\/td>\n<\/tr>\n<tr>\n<td>Tama\u00f1o del p\u00edxel, &#038;micro m<\/td>\n<td>1,62&#215;1,62<\/td>\n<\/tr>\n<tr>\n<td>Conectores de interfaz<\/td>\n<td>Wi-Fi<\/td>\n<\/tr>\n<tr>\n<td>Sensibilidad a la luz<\/td>\n<td>236 mV a 1\/30 s\/0,1 mV a 1\/30 s<\/td>\n<\/tr>\n<tr>\n<td>Tiempo de exposici\u00f3n<\/td>\n<td>0,244 ms \u2013 15 s<\/td>\n<\/tr>\n<tr>\n<td>Grabaci\u00f3n de v\u00eddeo<\/td>\n<td>yes<\/td>\n<\/tr>\n<tr>\n<td>Grabaci\u00f3n de v\u00eddeo<\/td>\n<td>s\u00ed<\/td>\n<\/tr>\n<tr>\n<td>Frecuencia de fotogramas, fps para cada resoluci\u00f3n<\/td>\n<td>4@3840&#215;2160, 16@1920&#215;1080<\/td>\n<\/tr>\n<tr>\n<td>Lugar de uso<\/td>\n<td>incorporado<\/td>\n<\/tr>\n<tr>\n<td>Fuente de alimentaci\u00f3n para c\u00e1mara<\/td>\n<td>cable principal<\/td>\n<\/tr>\n<\/tbody>\n<\/table>\n","protected":false},"excerpt":{"rendered":"<p>El microscopio MAGUS Bio DH240 est\u00e1 dise\u00f1ado para trabajar con muestras biol\u00f3gicas transparentes y transl\u00facidas en el m\u00e9todo de campo claro. El aparato est\u00e1 equipado con un cabezal binocular con c\u00e1mara digital incorporada. El rev\u00f3lver de 4 objetivos est\u00e1 equipado con un sistema inteligente de control de iluminaci\u00f3n. Los ajustes de funcionamiento seleccionados se muestran en la pantalla LCD integrada. <\/p>\n","protected":false},"featured_media":83541,"template":"","meta":{"_exactmetrics_skip_tracking":false,"_exactmetrics_sitenote_active":false,"_exactmetrics_sitenote_note":"","_exactmetrics_sitenote_category":0},"product_brand":[],"product_cat":[597],"product_tag":[],"class_list":{"0":"post-84654","1":"product","2":"type-product","3":"status-publish","4":"has-post-thumbnail","6":"product_cat-campo-claro","7":"product_shipping_class-microscopio","9":"first","10":"instock","11":"taxable","12":"shipping-taxable","13":"purchasable","14":"product-type-simple"},"_links":{"self":[{"href":"https:\/\/microscopistas.com\/en\/wp-json\/wp\/v2\/product\/84654","targetHints":{"allow":["GET"]}}],"collection":[{"href":"https:\/\/microscopistas.com\/en\/wp-json\/wp\/v2\/product"}],"about":[{"href":"https:\/\/microscopistas.com\/en\/wp-json\/wp\/v2\/types\/product"}],"wp:featuredmedia":[{"embeddable":true,"href":"https:\/\/microscopistas.com\/en\/wp-json\/wp\/v2\/media\/83541"}],"wp:attachment":[{"href":"https:\/\/microscopistas.com\/en\/wp-json\/wp\/v2\/media?parent=84654"}],"wp:term":[{"taxonomy":"product_brand","embeddable":true,"href":"https:\/\/microscopistas.com\/en\/wp-json\/wp\/v2\/product_brand?post=84654"},{"taxonomy":"product_cat","embeddable":true,"href":"https:\/\/microscopistas.com\/en\/wp-json\/wp\/v2\/product_cat?post=84654"},{"taxonomy":"product_tag","embeddable":true,"href":"https:\/\/microscopistas.com\/en\/wp-json\/wp\/v2\/product_tag?post=84654"}],"curies":[{"name":"wp","href":"https:\/\/api.w.org\/{rel}","templated":true}]}}