{"id":84653,"date":"2024-07-29T18:29:34","date_gmt":"2024-07-29T16:29:34","guid":{"rendered":"http:\/\/microscopistas.com\/?post_type=product&#038;p=84653"},"modified":"2024-07-29T18:41:22","modified_gmt":"2024-07-29T16:41:22","slug":"microscopio-biologico-magus-bio-240t","status":"publish","type":"product","link":"https:\/\/microscopistas.com\/en\/producto\/microscopio-biologico-magus-bio-240t\/","title":{"rendered":"Microscopio biol\u00f3gico MAGUS Bio 240T"},"content":{"rendered":"<p><span lang='ES'><strong>Microscopio biol&#038;oacute gico MAGUS Bio 240T<\/strong><br \/><\/span>Ampliaci&#038;oacute n: 40&#038;ndash 1000x. Cabezal de microscopio trinocular, rev&#038;oacute lver giratorio codificado, objetivos plano acrom&#038;aacute ticos, iluminador LED de 3 W, sistema inteligente de control de la iluminaci&#038;oacute n<\/p>\n<p>MAGUS Bio 240T es un peque&#038;ntilde o microscopio biol&#038;oacute gico para la ense&#038;ntilde anza y la investigaci&#038;oacute n. Est&#038;aacute  dise&#038;ntilde ado para trabajar con muestras transparentes y transl&#038;uacute cidas de origen biol&#038;oacute gico con el m&#038;eacute todo de campo claro. El microscopio cuenta con un rev&#038;oacute lver giratorio codificado, que mantiene la intensidad de luz seleccionada para cada objetivo, y una pantalla LCD, que muestra los par&#038;aacute metros de funcionamiento.<\/p>\n<p>El modelo Bio 240T est&#038;aacute  equipado con un cabezal trinocular con un tubo vertical para montar una c&#038;aacute mara de v&#038;iacute deo digital. La divisi&#038;oacute n del haz es 0\/100 y 100\/0. La &#038;oacute ptica del cabezal del microscopio est&#038;aacute  corregida al infinito. Los tubos giran y pueden realizar una rotaci&#038;oacute n completa. La distancia ocular es ajustable y el usuario puede ajustarla a la altura deseada. Dos tubos oculares est&#038;aacute n equipados con anillos de ajuste de las dioptr&#038;iacute as, lo que permite al usuario ajustar la nitidez de la imagen para adaptarla a su visi&#038;oacute n. El microscopio se suministra con 2 oculares est&#038;aacute ndar de 10x\/20 mm. Est&#038;aacute n equipados con ojeras de goma, que resultan pr&#038;aacute cticos para los usuarios que llevan gafas, ya que las ojeras protegen las gafas de posibles da&#038;ntilde os.<\/p>\n<p>El rev&#038;oacute lver giratorio est&#038;aacute  dise&#038;ntilde ado para 4 objetivos. El rev&#038;oacute lver se gira en direcci&#038;oacute n contraria al usuario, lo que mantiene libre la zona por encima de la platina. La iluminaci&#038;oacute n inteligente recuerda los ajustes de intensidad de luz para cada objetivo, por lo que al girar el rev&#038;oacute lver se enciende autom&#038;aacute ticamente la luminosidad deseada. Como resultado, no hay diferencias dr&#038;aacute sticas de iluminaci&#038;oacute n entre los distintos objetivos y los ojos no se cansan. Adem&#038;aacute s, se ahorra tiempo en el ajuste de la luz, especialmente si durante el trabajo hay que cambiar con frecuencia el aumento.<\/p>\n<p>El microscopio est&#038;aacute  equipado con mandos de enfoque aproximado y preciso situados coaxialmente. Las asas est&#038;aacute n situadas en la parte inferior del cuerpo del microscopio: el usuario puede colocar las manos sobre la mesa y adoptar una posici&#038;oacute n c&#038;oacute moda. El bot&#038;oacute n de bloqueo de enfoque aproximado se encuentra en el lado izquierdo. Se utiliza para el ajuste despu&#038;eacute s de cambiar de objetivo. El anillo del lado derecho ajusta la tensi&#038;oacute n del recorrido de enfoque aproximado.<\/p>\n<p>La platina de la muestra est&#038;aacute  equipada con un mecanismo de transmisi&#038;oacute n por correa que desplaza suavemente la muestra a lo largo de la platina. El portamuestras est&#038;aacute  montado con dos tornillos o, en caso necesario, puede desmontarse por completo.<\/p>\n<p>Otra caracter&#038;iacute stica de este microscopio es el condensador Abbe fijo y centrado a lo largo del eje &#038;oacute ptico. Al estar fijo, el condensador no se puede mover accidentalmente, lo cual es importante para un microscopio educativo.<\/p>\n<p><span lang='ES'>El condensador tiene una apertura num&#038;eacute rica de 1,25. El cuerpo lleva marcas que indican los aumentos de los objetivos. El diafragma iris se ajusta mediante una perilla, que se fija en una marca determinada, dependiendo del objetivo seleccionado. De este modo se consigue un mayor contraste de la imagen y una mejor visibilidad de la muestra.<\/p>\n<p><\/span>La fuente de luz del microscopio es un LED de 3 W con una vida &#038;uacute til de 50.000 horas. El iluminador es capaz de cambiar la temperatura de color en el intervalo de 3000 a 7000K. El usuario puede ajustar el valor deseado, en funci&#038;oacute n de los par&#038;aacute metros de estudio requeridos.<\/p>\n<p>Todos los ajustes seleccionados (aumento del objetivo de trabajo, caracter&#038;iacute sticas de iluminaci&#038;oacute n y modo de funcionamiento) se muestran en la pantalla LCD. Mediante un par de mandos, se puede ajustar la luz, establecer el modo de suspensi&#038;oacute n o programar el tiempo de apagado autom&#038;aacute tico.<\/p>\n<p>El microscopio tiene un dise&#038;ntilde o c&#038;oacute modo y funcional. Una vez instalado el microscopio en el &#038;aacute rea de trabajo, la fuente de alimentaci&#038;oacute n y el cable de alimentaci&#038;oacute n quedan ocultos a los ojos del usuario, y las aberturas laterales del soporte sirven de asas para transportar o desplazar el microscopio.<\/p>\n<p><strong>Caracter&#038;iacute sticas principales:<br \/><\/strong>Microscopio biol&#038;oacute gico con control autom&#038;aacute tico de la luz y condensador preconfigurado para la ense&#038;ntilde anza y la investigaci&#038;oacute n<br \/>Trabaja con muestras biol&#038;oacute gicas transparentes y transl&#038;uacute cidas en el m&#038;eacute todo de campo claro<br \/>El rev&#038;oacute lver giratorio codificado mantiene la luminosidad al cambiar de objetivo<br \/>El microscopio est&#038;aacute  equipado con una pantalla LCD para visualizar los par&#038;aacute metros de funcionamiento<br \/>Cabezal de microscopio trinocular con tubo vertical para montar una c&#038;aacute mara de v&#038;iacute deo digital  la rotaci&#038;oacute n del cabezal ajusta la altura de la abertura ocular<br \/>Los tubos oculares est&#038;aacute n equipados con anillos de ajuste de las dioptr&#038;iacute as<\/p>\n<p><strong>El kit incluye:<br \/><\/strong>Soporte con fuente de luz transmitida, mecanismo de enfoque, platina, soporte de condensador y rev&#038;oacute lver giratorio<br \/>Condensador Abbe<br \/>Cabezal trinocular<br \/>Objetivo plano acrom&#038;aacute tico corregido al infinito: 4x\/0,10<br \/>Objetivo plano acrom&#038;aacute tico corregido al infinito: 10x\/0,25<br \/>Objetivo plano acrom&#038;aacute tico corregido al infinito: 40x\/0,65 (con mecanismo de resorte)<br \/>Objetivo plano acrom&#038;aacute tico corregido al infinito: 100x\/1,25 aceite (con mecanismo de resorte)<br \/>Ocular de 10x\/20 mm con larga distancia de acomodaci&#038;oacute n ocular (2 unidades)<br \/>Ojera de ocular (2 unidades)<br \/>Adaptador de c&#038;aacute mara con montura C<br \/>Filtro de luz<br \/>Botella de aceite de inmersi&#038;oacute n<br \/>Adaptador de alimentaci&#038;oacute n del microscopio y cable de alimentaci&#038;oacute n<br \/>Cubierta protectora<br \/>Manual del usuario y tarjeta de garant&#038;iacute a<\/p>\n<p><strong>Disponible bajo petici&#038;oacute n:<br \/><\/strong>C&#038;aacute mara digital<br \/>Portaobjetos de calibraci&#038;oacute n<br \/>Monitor<\/p>\n<table>\n<tbody>\n<tr>\n<td>Marca<\/td>\n<td>MAGUS<\/td>\n<\/tr>\n<tr>\n<td>Garant\u00eda<\/td>\n<td>5 \u043b\u0435\u0442<\/td>\n<\/tr>\n<tr>\n<td>EAN<\/td>\n<td>5905555019437<\/td>\n<\/tr>\n<tr>\n<td>Tama\u00f1o de paquete (LxAn.xAl.)<\/td>\n<td>45x30x65 cm<\/td>\n<\/tr>\n<tr>\n<td>Peso del env\u00edo<\/td>\n<td>9.8 kg<\/td>\n<\/tr>\n<tr>\n<td>Tipo<\/td>\n<td>biol\u00f3gico, luz\/\u00f3ptico<\/td>\n<\/tr>\n<tr>\n<td>Cabezal<\/td>\n<td>trinocular<\/td>\n<\/tr>\n<tr>\n<td>Boquilla<\/td>\n<td>cabezal Gemel (Siedentopf, rotaci\u00f3n de 360\u00b0), divisi\u00f3n del haz 0\/100, 100\/0<\/td>\n<\/tr>\n<tr>\n<td>\u00c1ngulo de inclinaci\u00f3n de cabezal<\/td>\n<td>30\u00b0<\/td>\n<\/tr>\n<tr>\n<td>Ampliaci\u00f3n, x<\/td>\n<td>40\u20131000 configuraci\u00f3n b\u00e1sica<\/td>\n<\/tr>\n<tr>\n<td>Rango de ampliaci\u00f3n<\/td>\n<td>800x a 1280x<\/td>\n<\/tr>\n<tr>\n<td>Di\u00e1metro del tubo del ocular, mm<\/td>\n<td>23.2<\/td>\n<\/tr>\n<tr>\n<td>Oculares<\/td>\n<td>10x\/20 mm, larga distancia de acomodaci\u00f3n ocular<\/td>\n<\/tr>\n<tr>\n<td>Objetivos<\/td>\n<td>plano acrom\u00e1ticos corregidos al infinito: 4x\/0,10  10x\/0,25  40xs\/0,65  100xs\/1,25 aceite  distancia parafocal: 45 mm<\/td>\n<\/tr>\n<tr>\n<td>Rev\u00f3lver<\/td>\n<td>4 objetivos, codificados<\/td>\n<\/tr>\n<tr>\n<td>Distancia interpupilar, mm<\/td>\n<td>47 \u2014 75<\/td>\n<\/tr>\n<tr>\n<td>Platina, mm<\/td>\n<td>180&#215;130<\/td>\n<\/tr>\n<tr>\n<td>Rango de desplazamiento de la platina, mm<\/td>\n<td>74\/30<\/td>\n<\/tr>\n<tr>\n<td>Platina<\/td>\n<td>micr\u00f3metro mec\u00e1nico de dos ejes, sin cremallera de posicionamiento<\/td>\n<\/tr>\n<tr>\n<td>Ajuste di\u00f3ptrico<\/td>\n<td>\u00b15D en ambos tubos<\/td>\n<\/tr>\n<tr>\n<td>Ajuste di\u00f3ptrico<\/td>\n<td>yes<\/td>\n<\/tr>\n<tr>\n<td>Condensador<\/td>\n<td>condensador Abbe N.A. 1,25 con diafragma de apertura ajustable y aumento del objetivo codificado por colores<\/td>\n<\/tr>\n<tr>\n<td>Diafragma<\/td>\n<td>apertura ajustable<\/td>\n<\/tr>\n<tr>\n<td>Enfoque<\/td>\n<td>coaxial, aproximado (17 mm, 37,7 mm\/c\u00edrculo, con mando de bloqueo y mando de ajuste de tensi\u00f3n) y preciso (0,002 mm, 0,2 mm\/c\u00edrculo)<\/td>\n<\/tr>\n<tr>\n<td>Iluminaci\u00f3n<\/td>\n<td>LED<\/td>\n<\/tr>\n<tr>\n<td>Ajuste del brillo<\/td>\n<td>yes<\/td>\n<\/tr>\n<tr>\n<td>Alimentaci\u00f3n<\/td>\n<td>100\u2013240 V, 50\/60 Hz, alimentaci\u00f3n de red de CA, el adaptador de corriente CA\/CC est\u00e1 ubicado en un enchufe especial en la parte posterior del soporte<\/td>\n<\/tr>\n<tr>\n<td>Tipo de fuente de iluminaci\u00f3n<\/td>\n<td>LED de 3 W, con ajuste de temperatura de color (3000\u20137000 K)<\/td>\n<\/tr>\n<tr>\n<td>Filtros de luz<\/td>\n<td>s\u00ed<\/td>\n<\/tr>\n<tr>\n<td>Adicional<\/td>\n<td>ajuste autom\u00e1tico del brillo al cambiar de objetivo, visualizaci\u00f3n del estado en la pantalla LCD, modo de suspensi\u00f3n, modo ecol\u00f3gico<\/td>\n<\/tr>\n<tr>\n<td>Nivel de usuario<\/td>\n<td>usuarios experimentados, profesionales<\/td>\n<\/tr>\n<tr>\n<td>Montaje y nivel de dificultad de instalaci\u00f3n<\/td>\n<td>complicado<\/td>\n<\/tr>\n<tr>\n<td>Aplicaci\u00f3n<\/td>\n<td>laboratorio\/m\u00e9dico<\/td>\n<\/tr>\n<tr>\n<td>Ubicaci\u00f3n de la iluminaci\u00f3n<\/td>\n<td>inferior<\/td>\n<\/tr>\n<tr>\n<td>M\u00e9todo de investigaci\u00f3n<\/td>\n<td>campo claro<\/td>\n<\/tr>\n<tr>\n<td>Funda\/malet\u00edn\/bolsa incluida en el kit<\/td>\n<td>cubierta protectora<\/td>\n<\/tr>\n<\/tbody>\n<\/table>\n","protected":false},"excerpt":{"rendered":"<p>MAGUS Bio 240T es un peque\u00f1o microscopio biol\u00f3gico para la ense\u00f1anza y la investigaci\u00f3n. Est\u00e1 dise\u00f1ado para trabajar con muestras transparentes y transl\u00facidas de origen biol\u00f3gico con el m\u00e9todo de campo claro. El microscopio cuenta con un rev\u00f3lver giratorio codificado, que mantiene la intensidad de luz seleccionada para cada objetivo, y una pantalla LCD, que muestra los par\u00e1metros de funcionamiento.<\/p>\n","protected":false},"featured_media":83538,"template":"","meta":{"_exactmetrics_skip_tracking":false,"_exactmetrics_sitenote_active":false,"_exactmetrics_sitenote_note":"","_exactmetrics_sitenote_category":0},"product_brand":[],"product_cat":[597],"product_tag":[],"class_list":{"0":"post-84653","1":"product","2":"type-product","3":"status-publish","4":"has-post-thumbnail","6":"product_cat-campo-claro","7":"product_shipping_class-microscopio","9":"first","10":"instock","11":"taxable","12":"shipping-taxable","13":"purchasable","14":"product-type-simple"},"_links":{"self":[{"href":"https:\/\/microscopistas.com\/en\/wp-json\/wp\/v2\/product\/84653","targetHints":{"allow":["GET"]}}],"collection":[{"href":"https:\/\/microscopistas.com\/en\/wp-json\/wp\/v2\/product"}],"about":[{"href":"https:\/\/microscopistas.com\/en\/wp-json\/wp\/v2\/types\/product"}],"wp:featuredmedia":[{"embeddable":true,"href":"https:\/\/microscopistas.com\/en\/wp-json\/wp\/v2\/media\/83538"}],"wp:attachment":[{"href":"https:\/\/microscopistas.com\/en\/wp-json\/wp\/v2\/media?parent=84653"}],"wp:term":[{"taxonomy":"product_brand","embeddable":true,"href":"https:\/\/microscopistas.com\/en\/wp-json\/wp\/v2\/product_brand?post=84653"},{"taxonomy":"product_cat","embeddable":true,"href":"https:\/\/microscopistas.com\/en\/wp-json\/wp\/v2\/product_cat?post=84653"},{"taxonomy":"product_tag","embeddable":true,"href":"https:\/\/microscopistas.com\/en\/wp-json\/wp\/v2\/product_tag?post=84653"}],"curies":[{"name":"wp","href":"https:\/\/api.w.org\/{rel}","templated":true}]}}