{"id":84652,"date":"2024-07-29T18:29:34","date_gmt":"2024-07-29T16:29:34","guid":{"rendered":"http:\/\/microscopistas.com\/?post_type=product&#038;p=84652"},"modified":"2024-07-29T18:41:10","modified_gmt":"2024-07-29T16:41:10","slug":"microscopio-biologico-magus-bio-240b","status":"publish","type":"product","link":"https:\/\/microscopistas.com\/en\/producto\/microscopio-biologico-magus-bio-240b\/","title":{"rendered":"Microscopio biol\u00f3gico MAGUS Bio 240B"},"content":{"rendered":"<p><span lang='ES'><strong>Microscopio biol&#038;oacute gico MAGUS Bio 240B<\/strong><br \/><\/span><span lang='ES'>Ampliaci&#038;oacute n: 40&#038;ndash 1000x. Cabezal de microscopio binocular, rev&#038;oacute lver giratorio codificado, objetivos plano acrom&#038;aacute ticos, iluminador LED de 3&#038;nbsp W, sistema inteligente de control de la iluminaci&#038;oacute n<\/span><\/p>\n<p><span lang='ES'>El microscopio educativo MAGUS Bio 240B est&#038;aacute  pensado para la formaci&#038;oacute n profesional. Con su ayuda, podr&#038;aacute  efectuar estudios con luz transmitida mediante el m&#038;eacute todo de campo claro y estudiar muestras biol&#038;oacute gicas transparentes y transl&#038;uacute cidas. El microscopio est&#038;aacute  equipado con un rev&#038;oacute lver giratorio codificado para cuatro objetivos con iluminaci&#038;oacute n inteligente: su brillo se ajusta a cada objetivo. El dispositivo es compacto y c&#038;oacute modo de mover y almacenar.<\/span><\/p>\n<p><span lang='ES'>El cabezal est&#038;aacute  dise&#038;ntilde ado para alojar dos oculares y adopta el sistema &#038;oacute ptico infinito. Los tubos del cabezal pueden realizar una rotaci&#038;oacute n completa alrededor de su eje, y la distancia de acomodaci&#038;oacute n ocular se ajusta a la altura del usuario. El microscopio se suministra con 2 oculares est&#038;aacute ndar de 10x\/20&#038;nbsp mm. El juego tambi&#038;eacute n incluye oculares de goma para usuarios con gafas: los oculares sirven como una especie de capa entre las lentes de las gafas y los oculares, adem&#038;aacute s de proteger la &#038;oacute ptica de abrasiones, ara&#038;ntilde azos y da&#038;ntilde os. Cada tubo est&#038;aacute  equipado con un anillo de ajuste de las dioptr&#038;iacute as: puede ajustar el enfoque para adaptarlo a su visi&#038;oacute n. Esta caracter&#038;iacute stica ser&#038;aacute  especialmente &#038;uacute til para investigadores con distinta visi&#038;oacute n, ya que cada ocular puede ajustarse independientemente del otro. Si es necesario conectar una c&#038;aacute mara digital al microscopio, puede colocarse en cualquiera de los tubos retirando primero uno de los oculares.<\/span><\/p>\n<p><span lang='ES'>El rev&#038;oacute lver tiene ranuras para cuatro objetivos. El rev&#038;oacute lver propiamente dicho se despliega en la direcci&#038;oacute n &#038;laquo hacia el interior&#038;raquo : el investigador ve su objetivo de trabajo delante de &#038;eacute l, mientras que los dem&#038;aacute s objetivos est&#038;aacute n a distancia. La ventaja de esta disposici&#038;oacute n es que hay un amplio espacio de trabajo libre delante del usuario. Al cambiar de objetivo, la intensidad de la luz suele fluctuar. Esto provoca una gran fatiga ocular. Para evitar este desagradable efecto, el microscopio MAGUS Bio 240B est&#038;aacute  equipado con un sistema inteligente de control de iluminaci&#038;oacute n: el usuario ajusta la luminosidad para cada objetivo una vez y, de este modo, al cambiar de objetivo, la iluminaci&#038;oacute n cambia autom&#038;aacute ticamente. Otra ventaja es que el usuario no tiene que perder tiempo ajustando la iluminaci&#038;oacute n cada vez que se cambia de objetivo.<\/span><\/p>\n<p><span lang='ES'>El microscopio est&#038;aacute  equipado con un sistema de enfoque con mandos de ajuste aproximado y preciso situados coaxialmente. Est&#038;aacute n situados en la parte inferior del cuerpo y a ambos lados del soporte, lo que permite al usuario una posici&#038;oacute n c&#038;oacute moda al controlar el enfoque. En el lado izquierdo hay un mando de bloqueo del enfoque aproximado que permite ajustar r&#038;aacute pidamente la imagen despu&#038;eacute s de cambiar de objetivo. En el lado derecho hay un anillo para ajustar a su gusto la rigidez del recorrido de enfoque aproximado.<\/span><\/p>\n<p><span lang='ES'>La platina est&#038;aacute  equipada con un mecanismo de transmisi&#038;oacute n por correa. Con su ayuda, la muestra se desplaza suavemente bajo los objetivos.<\/span><\/p>\n<p><span lang='ES'>El condensador de Abbe viene fijado de f&#038;aacute brica debajo de la platina, as&#038;iacute  como centrado y ajustado en la posici&#038;oacute n vertical correcta: el usuario no tiene que dedicar tiempo y esfuerzo a la instalaci&#038;oacute n y configuraci&#038;oacute n. El condensador tiene una apertura num&#038;eacute rica de 1,25. El mango sirve para ajustar el diafragma iris. El condensador tiene marcas de aumento del objetivo en color: para que la imagen tenga contraste, la posici&#038;oacute n del mango debe ajustarse en funci&#038;oacute n del objetivo utilizado.<\/span><\/p>\n<p><span lang='ES'>El microscopio funciona con luz transmitida. Como iluminador se ha instalado un LED de 3\u202fW. Su temperatura de color puede ajustarse de 3000&#038;nbsp K a 7000&#038;nbsp K, ajustando as&#038;iacute  la iluminaci&#038;oacute n a las caracter&#038;iacute sticas del objeto en estudio. La vida &#038;uacute til del iluminador es de 50.000 horas.<\/span><\/p>\n<p><span lang='ES'>Otra caracter&#038;iacute stica interesante de este modelo es la pantalla LCD, que muestra los par&#038;aacute metros de funcionamiento: aumento del objetivo activo, temperatura de iluminaci&#038;oacute n y modo de funcionamiento.<\/span><\/p>\n<p><span lang='ES'>Puede mover el microscopio utilizando las asas laterales. El dispositivo est&#038;aacute  dise&#038;ntilde ado de forma que el cable y el adaptador de corriente quedan ocultos en la pared posterior del cuerpo. Esto resulta est&#038;eacute ticamente agradable, seguro y c&#038;oacute modo para guardar y transportar el microscopio.<\/span><\/p>\n<p><strong><span lang='ES'>Caracter&#038;iacute sticas principales:<br \/><\/span><\/strong>Microscopio para estudios en luz transmitida y el estudio de muestras transparentes y transl&#038;uacute cidos<br \/>Equipado con rev&#038;oacute lver giratorio codificado de 4 objetivos e iluminaci&#038;oacute n inteligente con control autom&#038;aacute tico del brillo<br \/>Dispone de una pantalla integrada que muestra los par&#038;aacute metros de funcionamiento actuales<br \/>El condensador est&#038;aacute  fijado en la posici&#038;oacute n vertical correcta, centrado y equipado con marcas de aumento del objetivo para ajustes r&#038;aacute pidos<br \/>El cabezal binocular admite la instalaci&#038;oacute n de una c&#038;aacute mara de v&#038;iacute deo digital<br \/>Cada uno de los tubos est&#038;aacute  equipado con un anillo de ajuste de dioptr&#038;iacute as, lo que resulta especialmente pr&#038;aacute ctico para usuarios con distinta agudeza visual en los ojos<br \/>El microscopio es compacto, tiene una forma ergon&#038;oacute mica y es c&#038;oacute modo de mover y guardar<\/p>\n<p><strong><span lang='ES'>El kit incluye:<br \/><\/span><\/strong>Soporte con fuente de luz transmitida, mecanismo de enfoque, platina, soporte de condensador y rev&#038;oacute lver giratorio<br \/>Condensador Abbe<br \/>Cabezal binocular<br \/>Objetivo plano acrom&#038;aacute tico corregido al infinito: 4x\/0,10<br \/>Objetivo plano acrom&#038;aacute tico corregido al infinito: 10x\/0,25<br \/>Objetivo plano acrom&#038;aacute tico corregido al infinito: 40x\/0,65 (con mecanismo de resorte)<br \/>Objetivo plano acrom&#038;aacute tico corregido al infinito: 100x\/1,25 aceite (con mecanismo de resorte)<br \/>Ocular de 10x\/20 mm con larga distancia de acomodaci&#038;oacute n ocular (2 unidades)<br \/>Ojera de ocular (2 unidades)<br \/>Filtro de luz<br \/>Botella de aceite de inmersi&#038;oacute n<br \/>Adaptador de alimentaci&#038;oacute n del microscopio y cable de alimentaci&#038;oacute n<br \/>Cubierta protectora<br \/>Manual del usuario y tarjeta de garant&#038;iacute a<\/p>\n<p><strong>Disponible bajo petici&#038;oacute n:<br \/><\/strong>C&#038;aacute mara digital<br \/>Portaobjetos de calibraci&#038;oacute n<br \/>Adaptador de montura C<br \/>Monitor<\/p>\n<table>\n<tbody>\n<tr>\n<td>Marca<\/td>\n<td>MAGUS<\/td>\n<\/tr>\n<tr>\n<td>Garant\u00eda<\/td>\n<td>5 \u043b\u0435\u0442<\/td>\n<\/tr>\n<tr>\n<td>EAN<\/td>\n<td>5905555019420<\/td>\n<\/tr>\n<tr>\n<td>Tama\u00f1o de paquete (LxAn.xAl.)<\/td>\n<td>45x30x65 cm<\/td>\n<\/tr>\n<tr>\n<td>Peso del env\u00edo<\/td>\n<td>9.5 kg<\/td>\n<\/tr>\n<tr>\n<td>Tipo<\/td>\n<td>biol\u00f3gico, luz\/\u00f3ptico<\/td>\n<\/tr>\n<tr>\n<td>Cabezal<\/td>\n<td>binocular<\/td>\n<\/tr>\n<tr>\n<td>Boquilla<\/td>\n<td>cabezal Gemel (Siedentopf, rotaci\u00f3n de 360\u00b0)<\/td>\n<\/tr>\n<tr>\n<td>\u00c1ngulo de inclinaci\u00f3n de cabezal<\/td>\n<td>30\u00b0<\/td>\n<\/tr>\n<tr>\n<td>Ampliaci\u00f3n, x<\/td>\n<td>40\u20131000 configuraci\u00f3n b\u00e1sica<\/td>\n<\/tr>\n<tr>\n<td>Rango de ampliaci\u00f3n<\/td>\n<td>800x a 1280x<\/td>\n<\/tr>\n<tr>\n<td>Di\u00e1metro del tubo del ocular, mm<\/td>\n<td>23.2<\/td>\n<\/tr>\n<tr>\n<td>Oculares<\/td>\n<td>10x\/20 mm, larga distancia de acomodaci\u00f3n ocular<\/td>\n<\/tr>\n<tr>\n<td>Objetivos<\/td>\n<td>plano acrom\u00e1ticos corregidos al infinito: 4x\/0,10  10x\/0,25  40xs\/0,65  100xs\/1,25 aceite  distancia parafocal: 45 mm<\/td>\n<\/tr>\n<tr>\n<td>Rev\u00f3lver<\/td>\n<td>4 objetivos, codificados<\/td>\n<\/tr>\n<tr>\n<td>Distancia interpupilar, mm<\/td>\n<td>47 \u2014 75<\/td>\n<\/tr>\n<tr>\n<td>Platina, mm<\/td>\n<td>180&#215;130<\/td>\n<\/tr>\n<tr>\n<td>Rango de desplazamiento de la platina, mm<\/td>\n<td>74\/30<\/td>\n<\/tr>\n<tr>\n<td>Platina<\/td>\n<td>micr\u00f3metro mec\u00e1nico de dos ejes, sin cremallera de posicionamiento<\/td>\n<\/tr>\n<tr>\n<td>Ajuste di\u00f3ptrico<\/td>\n<td>\u00b15D en ambos tubos<\/td>\n<\/tr>\n<tr>\n<td>Ajuste di\u00f3ptrico<\/td>\n<td>yes<\/td>\n<\/tr>\n<tr>\n<td>Condensador<\/td>\n<td>condensador Abbe N.A. 1,25 con diafragma de apertura ajustable y aumento del objetivo codificado por colores<\/td>\n<\/tr>\n<tr>\n<td>Diafragma<\/td>\n<td>apertura ajustable<\/td>\n<\/tr>\n<tr>\n<td>Enfoque<\/td>\n<td>coaxial, aproximado (17 mm, 37,7 mm\/c\u00edrculo, con mando de bloqueo y mando de ajuste de tensi\u00f3n) y preciso (0,002 mm, 0,2 mm\/c\u00edrculo)<\/td>\n<\/tr>\n<tr>\n<td>Iluminaci\u00f3n<\/td>\n<td>LED<\/td>\n<\/tr>\n<tr>\n<td>Ajuste del brillo<\/td>\n<td>yes<\/td>\n<\/tr>\n<tr>\n<td>Alimentaci\u00f3n<\/td>\n<td>100\u2013240 V, 50\/60 Hz, alimentaci\u00f3n de red de CA, el adaptador de corriente CA\/CC est\u00e1 ubicado en un enchufe especial en la parte posterior del soporte<\/td>\n<\/tr>\n<tr>\n<td>Tipo de fuente de iluminaci\u00f3n<\/td>\n<td>LED de 3 W, con ajuste de temperatura de color (3000\u20137000 K)<\/td>\n<\/tr>\n<tr>\n<td>Filtros de luz<\/td>\n<td>s\u00ed<\/td>\n<\/tr>\n<tr>\n<td>Adicional<\/td>\n<td>ajuste autom\u00e1tico del brillo al cambiar de objetivo, visualizaci\u00f3n del estado en la pantalla LCD, modo de suspensi\u00f3n, modo ecol\u00f3gico<\/td>\n<\/tr>\n<tr>\n<td>Nivel de usuario<\/td>\n<td>usuarios experimentados, profesionales<\/td>\n<\/tr>\n<tr>\n<td>Montaje y nivel de dificultad de instalaci\u00f3n<\/td>\n<td>complicado<\/td>\n<\/tr>\n<tr>\n<td>Aplicaci\u00f3n<\/td>\n<td>laboratorio\/m\u00e9dico<\/td>\n<\/tr>\n<tr>\n<td>Ubicaci\u00f3n de la iluminaci\u00f3n<\/td>\n<td>inferior<\/td>\n<\/tr>\n<tr>\n<td>M\u00e9todo de investigaci\u00f3n<\/td>\n<td>campo claro<\/td>\n<\/tr>\n<tr>\n<td>Funda\/malet\u00edn\/bolsa incluida en el kit<\/td>\n<td>cubierta protectora<\/td>\n<\/tr>\n<\/tbody>\n<\/table>\n","protected":false},"excerpt":{"rendered":"<p>El microscopio educativo MAGUS Bio 240B est\u00e1 pensado para la formaci\u00f3n profesional. Con su ayuda, podr\u00e1 efectuar estudios con luz transmitida mediante el m\u00e9todo de campo claro y estudiar muestras biol\u00f3gicas transparentes y transl\u00facidas. El microscopio est\u00e1 equipado con un rev\u00f3lver giratorio codificado para cuatro objetivos con iluminaci\u00f3n inteligente: su brillo se ajusta a cada objetivo. El dispositivo es compacto y c\u00f3modo de mover y almacenar.<\/p>\n","protected":false},"featured_media":83536,"template":"","meta":{"_exactmetrics_skip_tracking":false,"_exactmetrics_sitenote_active":false,"_exactmetrics_sitenote_note":"","_exactmetrics_sitenote_category":0},"product_brand":[],"product_cat":[597],"product_tag":[],"class_list":{"0":"post-84652","1":"product","2":"type-product","3":"status-publish","4":"has-post-thumbnail","6":"product_cat-campo-claro","7":"product_shipping_class-microscopio","9":"first","10":"instock","11":"taxable","12":"shipping-taxable","13":"purchasable","14":"product-type-simple"},"_links":{"self":[{"href":"https:\/\/microscopistas.com\/en\/wp-json\/wp\/v2\/product\/84652","targetHints":{"allow":["GET"]}}],"collection":[{"href":"https:\/\/microscopistas.com\/en\/wp-json\/wp\/v2\/product"}],"about":[{"href":"https:\/\/microscopistas.com\/en\/wp-json\/wp\/v2\/types\/product"}],"wp:featuredmedia":[{"embeddable":true,"href":"https:\/\/microscopistas.com\/en\/wp-json\/wp\/v2\/media\/83536"}],"wp:attachment":[{"href":"https:\/\/microscopistas.com\/en\/wp-json\/wp\/v2\/media?parent=84652"}],"wp:term":[{"taxonomy":"product_brand","embeddable":true,"href":"https:\/\/microscopistas.com\/en\/wp-json\/wp\/v2\/product_brand?post=84652"},{"taxonomy":"product_cat","embeddable":true,"href":"https:\/\/microscopistas.com\/en\/wp-json\/wp\/v2\/product_cat?post=84652"},{"taxonomy":"product_tag","embeddable":true,"href":"https:\/\/microscopistas.com\/en\/wp-json\/wp\/v2\/product_tag?post=84652"}],"curies":[{"name":"wp","href":"https:\/\/api.w.org\/{rel}","templated":true}]}}