{"id":84650,"date":"2024-07-29T18:29:34","date_gmt":"2024-07-29T16:29:34","guid":{"rendered":"http:\/\/microscopistas.com\/?post_type=product&#038;p=84650"},"modified":"2024-07-29T18:29:34","modified_gmt":"2024-07-29T16:29:34","slug":"ojeras-magus-ecf2","status":"publish","type":"product","link":"https:\/\/microscopistas.com\/en\/producto\/ojeras-magus-ecf2\/","title":{"rendered":"Ojeras MAGUS ECF2"},"content":{"rendered":"<p><strong>Ojeras MAGUS ECF2<\/strong><br \/>Accesorio para oculares de microscopio<\/p>\n<p>Una ojera es un accesorio peque&#038;ntilde o, pero importante para el ocular del microscopio, que hace que el trabajo sea m&#038;aacute s c&#038;oacute modo. Est&#038;aacute  hecho de goma blanda y se ajusta al ocular. La forma c&#038;oacute nica y el material opaco protegen el ojo del exceso de luz.<\/p>\n<p>El modelo ECF2 se monta en oculares de los siguientes kits de microscopio:<br \/>Microscopio biol&#038;oacute gico MAGUS Bio 250B<br \/>Microscopio biol&#038;oacute gico MAGUS Bio 250BL<br \/>Microscopio biol&#038;oacute gico MAGUS Bio 250T<br \/>Microscopio biol&#038;oacute gico MAGUS Bio 250TL<br \/>Microscopio biol&#038;oacute gico invertido MAGUS Bio V300<br \/>Microscopio biol&#038;oacute gico invertido MAGUS Bio V350<br \/>Microscopio de fluorescencia MAGUS Lum 400<br \/>Microscopio de fluorescencia MAGUS Lum 400L<br \/>Microscopio invertido de fluorescencia MAGUS Lum V500<br \/>Microscopio invertido de fluorescencia MAGUS Lum V500L<br \/>Microscopio metal&#038;uacute rgico MAGUS Metal 600<br \/>Microscopio metal&#038;uacute rgico MAGUS Metal 600 BD<br \/>Microscopio metal&#038;uacute rgico MAGUS Metal 630<br \/>Microscopio metal&#038;uacute rgico MAGUS Metal 630 BD<br \/>Microscopio metal&#038;uacute rgico MAGUS Metal 650<br \/>Microscopio metal&#038;uacute rgico MAGUS Metal 650 BD<br \/>Microscopio metal&#038;uacute rgico invertido MAGUS Metal V700<br \/>Microscopio metal&#038;uacute rgico invertido MAGUS Metal V700 BD<br \/>Microscopio polarizador MAGUS Pol 800<\/p>\n<p>&#038;nbsp <\/p>\n<table>\n<tbody>\n<tr>\n<td>Marca<\/td>\n<td>MAGUS<\/td>\n<\/tr>\n<tr>\n<td>Garant\u00eda<\/td>\n<td>2 \u0433\u043e\u0434\u0430<\/td>\n<\/tr>\n<tr>\n<td>EAN<\/td>\n<td>5905555021188<\/td>\n<\/tr>\n<tr>\n<td>Tama\u00f1o de paquete (LxAn.xAl.)<\/td>\n<td>7x3x3 cm<\/td>\n<\/tr>\n<tr>\n<td>Peso del env\u00edo<\/td>\n<td>0.02 kg<\/td>\n<\/tr>\n<\/tbody>\n<\/table>\n","protected":false},"excerpt":{"rendered":"<p>Una ojera es un accesorio peque\u00f1o, pero importante para el ocular del microscopio, que hace que el trabajo sea m\u00e1s c\u00f3modo. Est\u00e1 hecho de goma blanda y se ajusta al ocular. La forma c\u00f3nica y el material opaco protegen el ojo del exceso de luz.<\/p>\n","protected":false},"featured_media":83530,"template":"","meta":{"_exactmetrics_skip_tracking":false,"_exactmetrics_sitenote_active":false,"_exactmetrics_sitenote_note":"","_exactmetrics_sitenote_category":0},"product_brand":[],"product_cat":[],"product_tag":[],"class_list":{"0":"post-84650","1":"product","2":"type-product","3":"status-publish","4":"has-post-thumbnail","7":"first","8":"instock","9":"taxable","10":"shipping-taxable","11":"purchasable","12":"product-type-simple"},"_links":{"self":[{"href":"https:\/\/microscopistas.com\/en\/wp-json\/wp\/v2\/product\/84650","targetHints":{"allow":["GET"]}}],"collection":[{"href":"https:\/\/microscopistas.com\/en\/wp-json\/wp\/v2\/product"}],"about":[{"href":"https:\/\/microscopistas.com\/en\/wp-json\/wp\/v2\/types\/product"}],"wp:featuredmedia":[{"embeddable":true,"href":"https:\/\/microscopistas.com\/en\/wp-json\/wp\/v2\/media\/83530"}],"wp:attachment":[{"href":"https:\/\/microscopistas.com\/en\/wp-json\/wp\/v2\/media?parent=84650"}],"wp:term":[{"taxonomy":"product_brand","embeddable":true,"href":"https:\/\/microscopistas.com\/en\/wp-json\/wp\/v2\/product_brand?post=84650"},{"taxonomy":"product_cat","embeddable":true,"href":"https:\/\/microscopistas.com\/en\/wp-json\/wp\/v2\/product_cat?post=84650"},{"taxonomy":"product_tag","embeddable":true,"href":"https:\/\/microscopistas.com\/en\/wp-json\/wp\/v2\/product_tag?post=84650"}],"curies":[{"name":"wp","href":"https:\/\/api.w.org\/{rel}","templated":true}]}}