{"id":84649,"date":"2024-07-29T18:29:33","date_gmt":"2024-07-29T16:29:33","guid":{"rendered":"http:\/\/microscopistas.com\/?post_type=product&#038;p=84649"},"modified":"2024-07-29T18:29:33","modified_gmt":"2024-07-29T16:29:33","slug":"ojeras-magus-ecf1","status":"publish","type":"product","link":"https:\/\/microscopistas.com\/en\/producto\/ojeras-magus-ecf1\/","title":{"rendered":"Ojeras MAGUS ECF1"},"content":{"rendered":"<p><strong>Ojeras MAGUS ECF1<\/strong><br \/>Accesorio para oculares de microscopio<\/p>\n<p>Una ojera es un peque&#038;ntilde o dispositivo que hace m&#038;aacute s c&#038;oacute modo el trabajo con el microscopio. Est&#038;aacute  hecha de goma blanda y se monta en el ocular donde la zona circundante del ojo humano entra en contacto con &#038;eacute l.&#038;nbsp <\/p>\n<p>El modelo ECF1 es compatible con los oculares incluidos para los siguientes modelos de microscopio:<br \/>Microscopio biol&#038;oacute gico MAGUS Bio 230B<br \/>Microscopio biol&#038;oacute gico MAGUS Bio 230BL<br \/>Microscopio biol&#038;oacute gico MAGUS Bio 230T<br \/>Microscopio biol&#038;oacute gico MAGUS Bio 230TL<br \/>Microscopio polarizador MAGUS Pol 850<\/p>\n<table>\n<tbody>\n<tr>\n<td>Marca<\/td>\n<td>MAGUS<\/td>\n<\/tr>\n<tr>\n<td>Garant\u00eda<\/td>\n<td>2 \u0433\u043e\u0434\u0430<\/td>\n<\/tr>\n<tr>\n<td>EAN<\/td>\n<td>5905555021171<\/td>\n<\/tr>\n<tr>\n<td>Tama\u00f1o de paquete (LxAn.xAl.)<\/td>\n<td>7x3x3 cm<\/td>\n<\/tr>\n<tr>\n<td>Peso del env\u00edo<\/td>\n<td>0.015 kg<\/td>\n<\/tr>\n<\/tbody>\n<\/table>\n","protected":false},"excerpt":{"rendered":"<p>Una ojera es un peque\u00f1o dispositivo que hace m\u00e1s c\u00f3modo el trabajo con el microscopio. Est\u00e1 hecha de goma blanda y se monta en el ocular donde la zona circundante del ojo humano entra en contacto con \u00e9l. <\/p>\n","protected":false},"featured_media":83527,"template":"","meta":{"_exactmetrics_skip_tracking":false,"_exactmetrics_sitenote_active":false,"_exactmetrics_sitenote_note":"","_exactmetrics_sitenote_category":0},"product_brand":[],"product_cat":[],"product_tag":[],"class_list":{"0":"post-84649","1":"product","2":"type-product","3":"status-publish","4":"has-post-thumbnail","7":"first","8":"instock","9":"taxable","10":"shipping-taxable","11":"purchasable","12":"product-type-simple"},"_links":{"self":[{"href":"https:\/\/microscopistas.com\/en\/wp-json\/wp\/v2\/product\/84649","targetHints":{"allow":["GET"]}}],"collection":[{"href":"https:\/\/microscopistas.com\/en\/wp-json\/wp\/v2\/product"}],"about":[{"href":"https:\/\/microscopistas.com\/en\/wp-json\/wp\/v2\/types\/product"}],"wp:featuredmedia":[{"embeddable":true,"href":"https:\/\/microscopistas.com\/en\/wp-json\/wp\/v2\/media\/83527"}],"wp:attachment":[{"href":"https:\/\/microscopistas.com\/en\/wp-json\/wp\/v2\/media?parent=84649"}],"wp:term":[{"taxonomy":"product_brand","embeddable":true,"href":"https:\/\/microscopistas.com\/en\/wp-json\/wp\/v2\/product_brand?post=84649"},{"taxonomy":"product_cat","embeddable":true,"href":"https:\/\/microscopistas.com\/en\/wp-json\/wp\/v2\/product_cat?post=84649"},{"taxonomy":"product_tag","embeddable":true,"href":"https:\/\/microscopistas.com\/en\/wp-json\/wp\/v2\/product_tag?post=84649"}],"curies":[{"name":"wp","href":"https:\/\/api.w.org\/{rel}","templated":true}]}}