{"id":84648,"date":"2024-07-29T18:29:33","date_gmt":"2024-07-29T16:29:33","guid":{"rendered":"http:\/\/microscopistas.com\/?post_type=product&#038;p=84648"},"modified":"2024-07-29T18:29:33","modified_gmt":"2024-07-29T16:29:33","slug":"ojeras-magus-ecs9","status":"publish","type":"product","link":"https:\/\/microscopistas.com\/en\/producto\/ojeras-magus-ecs9\/","title":{"rendered":"Ojeras MAGUS ECS9"},"content":{"rendered":"<p><strong>Ojeras MAGUS ECS9<\/strong><br \/>Accesorio para oculares de microscopio<\/p>\n<p>Las ojeras del modelo MAGUS ECS9 est&#038;aacute n dise&#038;ntilde ados para los oculares incluidos en la configuraci&#038;oacute n b&#038;aacute sica del estereomicroscopio MAGUS Stereo 9T. Se trata de unas puntas de goma especiales que se ajustan al ocular y proporcionan una mayor comodidad al trabajar con el microscopio.<\/p>\n<table>\n<tbody>\n<tr>\n<td>Marca<\/td>\n<td>MAGUS<\/td>\n<\/tr>\n<tr>\n<td>Garant\u00eda<\/td>\n<td>2 \u0433\u043e\u0434\u0430<\/td>\n<\/tr>\n<tr>\n<td>EAN<\/td>\n<td>5905555021164<\/td>\n<\/tr>\n<tr>\n<td>Tama\u00f1o de paquete (LxAn.xAl.)<\/td>\n<td>7x3x3 cm<\/td>\n<\/tr>\n<tr>\n<td>Peso del env\u00edo<\/td>\n<td>0.015 kg<\/td>\n<\/tr>\n<\/tbody>\n<\/table>\n","protected":false},"excerpt":{"rendered":"<p>Las ojeras del modelo MAGUS ECS9 est\u00e1n dise\u00f1ados para los oculares incluidos en la configuraci\u00f3n b\u00e1sica del estereomicroscopio MAGUS Stereo 9T. Se trata de unas puntas de goma especiales que se ajustan al ocular y proporcionan una mayor comodidad al trabajar con el microscopio.<\/p>\n","protected":false},"featured_media":83524,"template":"","meta":{"_exactmetrics_skip_tracking":false,"_exactmetrics_sitenote_active":false,"_exactmetrics_sitenote_note":"","_exactmetrics_sitenote_category":0},"product_brand":[],"product_cat":[],"product_tag":[],"class_list":{"0":"post-84648","1":"product","2":"type-product","3":"status-publish","4":"has-post-thumbnail","7":"first","8":"instock","9":"taxable","10":"shipping-taxable","11":"purchasable","12":"product-type-simple"},"_links":{"self":[{"href":"https:\/\/microscopistas.com\/en\/wp-json\/wp\/v2\/product\/84648","targetHints":{"allow":["GET"]}}],"collection":[{"href":"https:\/\/microscopistas.com\/en\/wp-json\/wp\/v2\/product"}],"about":[{"href":"https:\/\/microscopistas.com\/en\/wp-json\/wp\/v2\/types\/product"}],"wp:featuredmedia":[{"embeddable":true,"href":"https:\/\/microscopistas.com\/en\/wp-json\/wp\/v2\/media\/83524"}],"wp:attachment":[{"href":"https:\/\/microscopistas.com\/en\/wp-json\/wp\/v2\/media?parent=84648"}],"wp:term":[{"taxonomy":"product_brand","embeddable":true,"href":"https:\/\/microscopistas.com\/en\/wp-json\/wp\/v2\/product_brand?post=84648"},{"taxonomy":"product_cat","embeddable":true,"href":"https:\/\/microscopistas.com\/en\/wp-json\/wp\/v2\/product_cat?post=84648"},{"taxonomy":"product_tag","embeddable":true,"href":"https:\/\/microscopistas.com\/en\/wp-json\/wp\/v2\/product_tag?post=84648"}],"curies":[{"name":"wp","href":"https:\/\/api.w.org\/{rel}","templated":true}]}}