{"id":84646,"date":"2024-07-29T18:29:32","date_gmt":"2024-07-29T16:29:32","guid":{"rendered":"http:\/\/microscopistas.com\/?post_type=product&#038;p=84646"},"modified":"2024-07-29T18:29:32","modified_gmt":"2024-07-29T16:29:32","slug":"juego-de-llaves-allen-magus-mg6","status":"publish","type":"product","link":"https:\/\/microscopistas.com\/en\/producto\/juego-de-llaves-allen-magus-mg6\/","title":{"rendered":"Juego de llaves Allen MAGUS MG6"},"content":{"rendered":"<p><strong>Juego de llaves Allen MAGUS MG6<\/strong><br \/>Llaves universales en forma de L<\/p>\n<p>Las llaves MAGUS MG6 est&#038;aacute n especialmente dise&#038;ntilde adas para trabajar con microscopios MAGUS. Las llaves en forma de L con seis aristas vienen en el juego en varios tama&#038;ntilde os. Pueden ser &#038;uacute tiles para fijar y desmontar piezas de microscopios.<\/p>\n<table>\n<tbody>\n<tr>\n<td>Marca<\/td>\n<td>MAGUS<\/td>\n<\/tr>\n<tr>\n<td>Garant\u00eda<\/td>\n<td>2 \u0433\u043e\u0434\u0430<\/td>\n<\/tr>\n<tr>\n<td>EAN<\/td>\n<td>5905555021140<\/td>\n<\/tr>\n<tr>\n<td>Tama\u00f1o de paquete (LxAn.xAl.)<\/td>\n<td>7x3x3 cm<\/td>\n<\/tr>\n<tr>\n<td>Peso del env\u00edo<\/td>\n<td>0.015 kg<\/td>\n<\/tr>\n<\/tbody>\n<\/table>\n","protected":false},"excerpt":{"rendered":"<p>Las llaves MAGUS MG6 est\u00e1n especialmente dise\u00f1adas para trabajar con microscopios MAGUS. Las llaves en forma de L con seis aristas vienen en el juego en varios tama\u00f1os. Pueden ser \u00fatiles para fijar y desmontar piezas de microscopios.<\/p>\n","protected":false},"featured_media":83519,"template":"","meta":{"_exactmetrics_skip_tracking":false,"_exactmetrics_sitenote_active":false,"_exactmetrics_sitenote_note":"","_exactmetrics_sitenote_category":0},"product_brand":[],"product_cat":[],"product_tag":[],"class_list":{"0":"post-84646","1":"product","2":"type-product","3":"status-publish","4":"has-post-thumbnail","7":"first","8":"instock","9":"taxable","10":"shipping-taxable","11":"purchasable","12":"product-type-simple"},"_links":{"self":[{"href":"https:\/\/microscopistas.com\/en\/wp-json\/wp\/v2\/product\/84646","targetHints":{"allow":["GET"]}}],"collection":[{"href":"https:\/\/microscopistas.com\/en\/wp-json\/wp\/v2\/product"}],"about":[{"href":"https:\/\/microscopistas.com\/en\/wp-json\/wp\/v2\/types\/product"}],"wp:featuredmedia":[{"embeddable":true,"href":"https:\/\/microscopistas.com\/en\/wp-json\/wp\/v2\/media\/83519"}],"wp:attachment":[{"href":"https:\/\/microscopistas.com\/en\/wp-json\/wp\/v2\/media?parent=84646"}],"wp:term":[{"taxonomy":"product_brand","embeddable":true,"href":"https:\/\/microscopistas.com\/en\/wp-json\/wp\/v2\/product_brand?post=84646"},{"taxonomy":"product_cat","embeddable":true,"href":"https:\/\/microscopistas.com\/en\/wp-json\/wp\/v2\/product_cat?post=84646"},{"taxonomy":"product_tag","embeddable":true,"href":"https:\/\/microscopistas.com\/en\/wp-json\/wp\/v2\/product_tag?post=84646"}],"curies":[{"name":"wp","href":"https:\/\/api.w.org\/{rel}","templated":true}]}}