{"id":84645,"date":"2024-07-29T18:29:31","date_gmt":"2024-07-29T16:29:31","guid":{"rendered":"http:\/\/microscopistas.com\/?post_type=product&#038;p=84645"},"modified":"2024-07-29T18:29:31","modified_gmt":"2024-07-29T16:29:31","slug":"objetivo-magus-100pll-100%d1%85-085-plan-l-wd-040-mm","status":"publish","type":"product","link":"https:\/\/microscopistas.com\/en\/producto\/objetivo-magus-100pll-100%d1%85-085-plan-l-wd-040-mm\/","title":{"rendered":"Objetivo MAGUS 100PLL 100\u0445\/0,85 Plan L WD 0,40 mm"},"content":{"rendered":"<p><strong>Objetivo MAGUS 100PLL 100\u0445\/0,85 Plan L WD 0,40 mm<\/strong><br \/><strong>Objetivo plano acrom&#038;aacute tico corregido al infinito. Ampliaci&#038;oacute n: 100x. Abertura: 0,85<\/strong><\/p>\n<p>El objetivo plano con un aumento de 100x est&#038;aacute  dise&#038;ntilde ado para su uso con un microscopio metal&#038;uacute rgico. Tiene una gran distancia de trabajo de 0,40\u202fmm y puede trabajar con muestras con relieve pronunciado sin riesgo de rayar la lente ni da&#038;ntilde ar la muestra.&#038;nbsp <\/p>\n<p>El objetivo acrom&#038;aacute tico plano corrige la distorsi&#038;oacute n crom&#038;aacute tica para los colores rojo y azul y la distorsi&#038;oacute n esf&#038;eacute rica para el verde. La curvatura del campo de visi&#038;oacute n se ha corregido en un 90\u202f%. La imagen est&#038;aacute  igualmente enfocada tanto en el centro como en los bordes. Esto es una ventaja cuando se utilizan oculares con un amplio campo de visi&#038;oacute n. La combinaci&#038;oacute n con un ocular 10x\/22 mm forma un campo de visi&#038;oacute n de 0,22 mm.<\/p>\n<p>Los oculares con aumentos de 5x a 10x proporcionar&#038;aacute n la mejor claridad de imagen con este objetivo. La gama de aumentos &#038;uacute tiles del microscopio oscila entre 425x y 850x. La resoluci&#038;oacute n m&#038;aacute xima del objetivo es de 0,33\u202f&#038;micro m.<\/p>\n<p>El objetivo est&#038;aacute  dise&#038;ntilde ado para un sistema &#038;oacute ptico corregido al infinito. La distancia parafocal es de 45 mm. No requiere cubreobjetos.<\/p>\n<p><strong>Compatibilidad:<\/strong><br \/>MAGUS Metal 600 Metallurgical Microscope<br \/>MAGUS Metal 630 Metallurgical Microscope<br \/>MAGUS Metal 650 Metallurgical Microscope<br \/>MAGUS Metal V700 Metallurgical Inverted Microscope<\/p>\n<p><strong>Especificaciones:<\/strong><br \/>Material de las lentes: vidrio &#038;oacute ptico<br \/>Clase de objetivo seg&#038;uacute n grado de correcci&#038;oacute n de las aberraciones: plano acrom&#038;aacute tico<br \/>Longitud del tubo: corregido al infinito (&#038;infin )<br \/>T&#038;eacute cnica de contraste: campo claro<br \/>Ampliaci&#038;oacute n, x: 100<br \/>Abertura: 0,85<br \/>Distancia de trabajo, mm: 0,40<br \/>Distancia parafocal, mm: 45<br \/>Grosor del cubreobjetos, mm: sin cubreobjetos<br \/>Mecanismo de resorte: +<br \/>Inmersi&#038;oacute n: &#038;minus <br \/>Material del cuerpo: cobre<\/p>\n<table>\n<tbody>\n<tr>\n<td>Marca<\/td>\n<td>MAGUS<\/td>\n<\/tr>\n<tr>\n<td>Garant\u00eda<\/td>\n<td>2 \u0433\u043e\u0434\u0430<\/td>\n<\/tr>\n<tr>\n<td>EAN<\/td>\n<td>5905555021133<\/td>\n<\/tr>\n<tr>\n<td>Tama\u00f1o de paquete (LxAn.xAl.)<\/td>\n<td>7x4x4 cm<\/td>\n<\/tr>\n<tr>\n<td>Peso del env\u00edo<\/td>\n<td>0.135 kg<\/td>\n<\/tr>\n<\/tbody>\n<\/table>\n","protected":false},"excerpt":{"rendered":"<p>El objetivo plano con un aumento de 100x est\u00e1 dise\u00f1ado para su uso con un microscopio metal\u00fargico. Tiene una gran distancia de trabajo de 0,40\u202fmm y puede trabajar con muestras con relieve pronunciado sin riesgo de rayar la lente ni da\u00f1ar la muestra. <\/p>\n","protected":false},"featured_media":83516,"template":"","meta":{"_exactmetrics_skip_tracking":false,"_exactmetrics_sitenote_active":false,"_exactmetrics_sitenote_note":"","_exactmetrics_sitenote_category":0},"product_brand":[],"product_cat":[],"product_tag":[],"class_list":{"0":"post-84645","1":"product","2":"type-product","3":"status-publish","4":"has-post-thumbnail","7":"first","8":"instock","9":"taxable","10":"shipping-taxable","11":"purchasable","12":"product-type-simple"},"_links":{"self":[{"href":"https:\/\/microscopistas.com\/en\/wp-json\/wp\/v2\/product\/84645","targetHints":{"allow":["GET"]}}],"collection":[{"href":"https:\/\/microscopistas.com\/en\/wp-json\/wp\/v2\/product"}],"about":[{"href":"https:\/\/microscopistas.com\/en\/wp-json\/wp\/v2\/types\/product"}],"wp:featuredmedia":[{"embeddable":true,"href":"https:\/\/microscopistas.com\/en\/wp-json\/wp\/v2\/media\/83516"}],"wp:attachment":[{"href":"https:\/\/microscopistas.com\/en\/wp-json\/wp\/v2\/media?parent=84645"}],"wp:term":[{"taxonomy":"product_brand","embeddable":true,"href":"https:\/\/microscopistas.com\/en\/wp-json\/wp\/v2\/product_brand?post=84645"},{"taxonomy":"product_cat","embeddable":true,"href":"https:\/\/microscopistas.com\/en\/wp-json\/wp\/v2\/product_cat?post=84645"},{"taxonomy":"product_tag","embeddable":true,"href":"https:\/\/microscopistas.com\/en\/wp-json\/wp\/v2\/product_tag?post=84645"}],"curies":[{"name":"wp","href":"https:\/\/api.w.org\/{rel}","templated":true}]}}