{"id":84644,"date":"2024-07-29T18:29:31","date_gmt":"2024-07-29T16:29:31","guid":{"rendered":"http:\/\/microscopistas.com\/?post_type=product&#038;p=84644"},"modified":"2024-07-29T18:29:31","modified_gmt":"2024-07-29T16:29:31","slug":"objetivo-magus-80pll-80%d1%85-080-plan-l-wd-125-mm","status":"publish","type":"product","link":"https:\/\/microscopistas.com\/en\/producto\/objetivo-magus-80pll-80%d1%85-080-plan-l-wd-125-mm\/","title":{"rendered":"Objetivo MAGUS 80PLL 80\u0445\/0,80 Plan L WD 1,25 mm"},"content":{"rendered":"<p><strong>Objetivo MAGUS 80PLL 80\u0445\/0,80 Plan L WD 1,25 mm<\/strong><br \/><strong>Objetivo plano acrom&#038;aacute tico corregido al infinito. Ampliaci&#038;oacute n: 80x. Abertura: 0,80<\/strong><\/p>\n<p>Objetivo para estudiar la estructura de metales y aleaciones con un aumento de 80x. El accesorio est&#038;aacute  dise&#038;ntilde ado para un sistema &#038;oacute ptico corregido al infinito. Su distancia parafocal es de 45 mm.<\/p>\n<p>Los objetos de metales y aleaciones suelen estar texturizados, y la manipulaci&#038;oacute n del objetivo a alturas normales tiene el potencial de da&#038;ntilde ar la lente o la muestra. El objetivo Plan se instala a una gran distancia de trabajo de 1,25 mm de la muestra. Esto hace que su uso sea seguro tanto para el propio objetivo como para el objeto de estudio. No se requiere un cubreobjetos con este objetivo.<\/p>\n<p>La &#038;oacute ptica de los objetivos acrom&#038;aacute ticos de plano elimina las aberraciones crom&#038;aacute ticas para los colores rojo y azul, y la aberraci&#038;oacute n esf&#038;eacute rica para el verde. Los objetivos acrom&#038;aacute ticos Plan forman un amplio campo de visi&#038;oacute n de trabajo, corrigiendo su curvatura hasta un 90\u202f%.<\/p>\n<p>El objetivo de 80x produce aumentos &#038;uacute tiles para el microscopio que van de 400x a 800x. Su resoluci&#038;oacute n m&#038;aacute xima es de 0,33\u202f&#038;micro m. Para obtener los mejores resultados de observaci&#038;oacute n, se recomienda combinar el objetivo con oculares de 5 a 10 aumentos.<\/p>\n<p><strong>Compatibilidad:<\/strong><br \/>MAGUS Metal 600 Metallurgical Microscope<br \/>MAGUS Metal 630 Metallurgical Microscope<br \/>MAGUS Metal 650 Metallurgical Microscope<br \/>MAGUS Metal V700 Metallurgical Inverted Microscope<\/p>\n<p><strong>Especificaciones:<\/strong><br \/>Material de las lentes: vidrio &#038;oacute ptico<br \/>Clase de objetivo seg&#038;uacute n grado de correcci&#038;oacute n de las aberraciones: plano acrom&#038;aacute tico<br \/>Longitud del tubo: corregido al infinito (&#038;infin )<br \/>T&#038;eacute cnica de contraste: campo claro<br \/>Ampliaci&#038;oacute n, x: 80<br \/>Abertura: 0,80<br \/>Distancia de trabajo, mm: 1,25<br \/>Distancia parafocal, mm: 45<br \/>Grosor del cubreobjetos, mm: sin cubreobjetos<br \/>Mecanismo de resorte: +<br \/>Inmersi&#038;oacute n: &#038;minus <br \/>Material del cuerpo: cobre<\/p>\n<table>\n<tbody>\n<tr>\n<td>Marca<\/td>\n<td>MAGUS<\/td>\n<\/tr>\n<tr>\n<td>Garant\u00eda<\/td>\n<td>2 \u0433\u043e\u0434\u0430<\/td>\n<\/tr>\n<tr>\n<td>EAN<\/td>\n<td>5905555021126<\/td>\n<\/tr>\n<tr>\n<td>Tama\u00f1o de paquete (LxAn.xAl.)<\/td>\n<td>7x4x4 cm<\/td>\n<\/tr>\n<tr>\n<td>Peso del env\u00edo<\/td>\n<td>0.14 kg<\/td>\n<\/tr>\n<\/tbody>\n<\/table>\n","protected":false},"excerpt":{"rendered":"<p>Objetivo para estudiar la estructura de metales y aleaciones con un aumento de 80x. El accesorio est\u00e1 dise\u00f1ado para un sistema \u00f3ptico corregido al infinito. Su distancia parafocal es de 45 mm.<\/p>\n","protected":false},"featured_media":83513,"template":"","meta":{"_exactmetrics_skip_tracking":false,"_exactmetrics_sitenote_active":false,"_exactmetrics_sitenote_note":"","_exactmetrics_sitenote_category":0},"product_brand":[],"product_cat":[],"product_tag":[],"class_list":{"0":"post-84644","1":"product","2":"type-product","3":"status-publish","4":"has-post-thumbnail","7":"first","8":"instock","9":"taxable","10":"shipping-taxable","11":"purchasable","12":"product-type-simple"},"_links":{"self":[{"href":"https:\/\/microscopistas.com\/en\/wp-json\/wp\/v2\/product\/84644","targetHints":{"allow":["GET"]}}],"collection":[{"href":"https:\/\/microscopistas.com\/en\/wp-json\/wp\/v2\/product"}],"about":[{"href":"https:\/\/microscopistas.com\/en\/wp-json\/wp\/v2\/types\/product"}],"wp:featuredmedia":[{"embeddable":true,"href":"https:\/\/microscopistas.com\/en\/wp-json\/wp\/v2\/media\/83513"}],"wp:attachment":[{"href":"https:\/\/microscopistas.com\/en\/wp-json\/wp\/v2\/media?parent=84644"}],"wp:term":[{"taxonomy":"product_brand","embeddable":true,"href":"https:\/\/microscopistas.com\/en\/wp-json\/wp\/v2\/product_brand?post=84644"},{"taxonomy":"product_cat","embeddable":true,"href":"https:\/\/microscopistas.com\/en\/wp-json\/wp\/v2\/product_cat?post=84644"},{"taxonomy":"product_tag","embeddable":true,"href":"https:\/\/microscopistas.com\/en\/wp-json\/wp\/v2\/product_tag?post=84644"}],"curies":[{"name":"wp","href":"https:\/\/api.w.org\/{rel}","templated":true}]}}