{"id":84643,"date":"2024-07-29T18:29:31","date_gmt":"2024-07-29T16:29:31","guid":{"rendered":"http:\/\/microscopistas.com\/?post_type=product&#038;p=84643"},"modified":"2024-07-29T18:29:31","modified_gmt":"2024-07-29T16:29:31","slug":"objetivo-magus-60pll-60%d1%85-070-plan-l-wd-208-mm","status":"publish","type":"product","link":"https:\/\/microscopistas.com\/en\/producto\/objetivo-magus-60pll-60%d1%85-070-plan-l-wd-208-mm\/","title":{"rendered":"Objetivo MAGUS 60PLL 60\u0445\/0,70 Plan L WD 2,08 mm"},"content":{"rendered":"<p><strong>Objetivo MAGUS 60PLL 60\u0445\/0,70 Plan L WD 2,08 mm<\/strong><br \/><strong>Objetivo plano acrom&#038;aacute tico corregido al infinito. Ampliaci&#038;oacute n: 60x. Abertura: 0,70<\/strong><\/p>\n<p>Objetivo metal&#038;uacute rgico dise&#038;ntilde ado para la investigaci&#038;oacute n a largas distancias de trabajo. Adecuado para trabajar con muestras en relieve. La distancia de trabajo del objetivo es de 2,08 mm. No es necesario un cubreobjetos para su funcionamiento. El objetivo est&#038;aacute  dise&#038;ntilde ado para ser utilizado con microscopios de sistema &#038;oacute ptico corregido al infinito. La parafocalidad del objetivo es de 45\u202fmm.<\/p>\n<p>El objetivo acrom&#038;aacute tico plano 60x corrige la aberraci&#038;oacute n crom&#038;aacute tica para los colores rojo y azul y la aberraci&#038;oacute n esf&#038;eacute rica para el verde. El campo de visi&#038;oacute n est&#038;aacute  enfocado tanto en el centro como en los bordes: 90\u202f%. Por lo tanto, el objetivo funciona bien con oculares con un amplio campo de visi&#038;oacute n de 22 mm. El mayor detalle de imagen se obtiene en combinaci&#038;oacute n con oculares con aumentos de 5 a 15x. En combinaci&#038;oacute n con un ocular de 10x\/22\u202fmm obtendr&#038;aacute  un campo de visi&#038;oacute n de 0,36\u202fmm.<\/p>\n<p>La resoluci&#038;oacute n m&#038;aacute xima del objetivo es de 0,39 &#038;micro m. El modelo genera un aumento de microscopio &#038;uacute til de 350x a 700x.<\/p>\n<p><strong>Compatibilidad:<\/strong><br \/>Microscopio metal&#038;uacute rgico MAGUS Metal 600<br \/>Microscopio metal&#038;uacute rgico MAGUS Metal 630<br \/>Microscopio metal&#038;uacute rgico MAGUS Metal 650<br \/>Microscopio metal&#038;uacute rgico invertido MAGUS Metal V700<\/p>\n<p><strong>Especificaciones:<\/strong><br \/>Material de las lentes: vidrio &#038;oacute ptico<br \/>Clase de objetivo seg&#038;uacute n grado de correcci&#038;oacute n de las aberraciones: plano acrom&#038;aacute tico<br \/>Longitud del tubo: corregido al infinito (&#038;infin )<br \/>T&#038;eacute cnica de contraste: campo claro<br \/>Ampliaci&#038;oacute n, x: 60<br \/>Abertura: 0,70<br \/>Distancia de trabajo, mm: 2,08<br \/>Distancia parafocal, mm: 45<br \/>Grosor del cubreobjetos, mm: sin cubreobjetos<br \/>Mecanismo de resorte: +<br \/>Inmersi&#038;oacute n: &#038;minus <br \/>Material del cuerpo: cobre<\/p>\n<table>\n<tbody>\n<tr>\n<td>Marca<\/td>\n<td>MAGUS<\/td>\n<\/tr>\n<tr>\n<td>Garant\u00eda<\/td>\n<td>2 \u0433\u043e\u0434\u0430<\/td>\n<\/tr>\n<tr>\n<td>EAN<\/td>\n<td>5905555021119<\/td>\n<\/tr>\n<tr>\n<td>Tama\u00f1o de paquete (LxAn.xAl.)<\/td>\n<td>7x4x4 cm<\/td>\n<\/tr>\n<tr>\n<td>Peso del env\u00edo<\/td>\n<td>0.145 kg<\/td>\n<\/tr>\n<\/tbody>\n<\/table>\n","protected":false},"excerpt":{"rendered":"<p>Objetivo metal\u00fargico dise\u00f1ado para la investigaci\u00f3n a largas distancias de trabajo. Adecuado para trabajar con muestras en relieve. La distancia de trabajo del objetivo es de 2,08 mm. No es necesario un cubreobjetos para su funcionamiento. El objetivo est\u00e1 dise\u00f1ado para ser utilizado con microscopios de sistema \u00f3ptico corregido al infinito. La parafocalidad del objetivo es de 45\u202fmm.<\/p>\n","protected":false},"featured_media":83510,"template":"","meta":{"_exactmetrics_skip_tracking":false,"_exactmetrics_sitenote_active":false,"_exactmetrics_sitenote_note":"","_exactmetrics_sitenote_category":0},"product_brand":[],"product_cat":[],"product_tag":[],"class_list":{"0":"post-84643","1":"product","2":"type-product","3":"status-publish","4":"has-post-thumbnail","7":"first","8":"instock","9":"taxable","10":"shipping-taxable","11":"purchasable","12":"product-type-simple"},"_links":{"self":[{"href":"https:\/\/microscopistas.com\/en\/wp-json\/wp\/v2\/product\/84643","targetHints":{"allow":["GET"]}}],"collection":[{"href":"https:\/\/microscopistas.com\/en\/wp-json\/wp\/v2\/product"}],"about":[{"href":"https:\/\/microscopistas.com\/en\/wp-json\/wp\/v2\/types\/product"}],"wp:featuredmedia":[{"embeddable":true,"href":"https:\/\/microscopistas.com\/en\/wp-json\/wp\/v2\/media\/83510"}],"wp:attachment":[{"href":"https:\/\/microscopistas.com\/en\/wp-json\/wp\/v2\/media?parent=84643"}],"wp:term":[{"taxonomy":"product_brand","embeddable":true,"href":"https:\/\/microscopistas.com\/en\/wp-json\/wp\/v2\/product_brand?post=84643"},{"taxonomy":"product_cat","embeddable":true,"href":"https:\/\/microscopistas.com\/en\/wp-json\/wp\/v2\/product_cat?post=84643"},{"taxonomy":"product_tag","embeddable":true,"href":"https:\/\/microscopistas.com\/en\/wp-json\/wp\/v2\/product_tag?post=84643"}],"curies":[{"name":"wp","href":"https:\/\/api.w.org\/{rel}","templated":true}]}}