{"id":84642,"date":"2024-07-29T18:29:31","date_gmt":"2024-07-29T16:29:31","guid":{"rendered":"http:\/\/microscopistas.com\/?post_type=product&#038;p=84642"},"modified":"2024-07-29T18:29:31","modified_gmt":"2024-07-29T16:29:31","slug":"objetivo-magus-50pll-50%d1%85-070-plan-l-wd-368-mm","status":"publish","type":"product","link":"https:\/\/microscopistas.com\/en\/producto\/objetivo-magus-50pll-50%d1%85-070-plan-l-wd-368-mm\/","title":{"rendered":"Objetivo MAGUS 50PLL 50\u0445\/0,70 Plan L WD 3,68 mm"},"content":{"rendered":"<p><strong>Objetivo MAGUS 50PLL 50\u0445\/0,70 Plan L WD 3,68 mm<\/strong><br \/><strong>Objetivo plano acrom&#038;aacute tico corregido al infinito. Ampliaci&#038;oacute n: 50x. Abertura: 0,70<\/strong><\/p>\n<p>Objetivo con aumento de 50x para microscopio metal&#038;uacute rgico. La &#038;oacute ptica acrom&#038;aacute tica plana forma un campo de visi&#038;oacute n amplio y claro y corrige la curvatura del campo en un 90\u202f%. En combinaci&#038;oacute n con un ocular 10x\/22 mm, el sistema &#038;oacute ptico proporciona un campo de visi&#038;oacute n de 0,44 mm. El objetivo corrige la aberraci&#038;oacute n crom&#038;aacute tica en rojo y azul, y la aberraci&#038;oacute n esf&#038;eacute rica en verde.<\/p>\n<p>El objetivo puede trabajar con muestras irregulares. Su distancia de trabajo ha aumentado y es de 3,68 mm. Esto es necesario para evitar da&#038;ntilde ar la lente del objetivo y la muestra durante la observaci&#038;oacute n. El objetivo est&#038;aacute  dise&#038;ntilde ado para un sistema &#038;oacute ptico corregido al infinito. La parafocalidad del objetivo es de 45\u202fmm.<\/p>\n<p>El aumento &#038;uacute til que produce el microscopio en combinaci&#038;oacute n con este objetivo est&#038;aacute  en el rango de 350 a 700x. Para obtener la imagen m&#038;aacute s n&#038;iacute tida, se recomienda combinar un objetivo 50x\/0,70 con oculares con un aumento de 7x a 15x.<\/p>\n<p><strong>Compatibilidad:<\/strong><br \/>MAGUS Metal 600 Metallurgical Microscope<br \/>MAGUS Metal 630 Metallurgical Microscope<br \/>MAGUS Metal 650 Metallurgical Microscope<br \/>MAGUS Metal V700 Metallurgical Inverted Microscope<\/p>\n<p><strong>Especificaciones:<\/strong><br \/>Material de las lentes: vidrio &#038;oacute ptico<br \/>Clase de objetivo seg&#038;uacute n grado de correcci&#038;oacute n de las aberraciones: plano acrom&#038;aacute tico<br \/>Longitud del tubo: corregido al infinito (&#038;infin )<br \/>T&#038;eacute cnica de contraste: campo claro<br \/>Ampliaci&#038;oacute n, x: 50<br \/>Abertura: 0,70<br \/>Distancia de trabajo, mm: 3,68<br \/>Distancia parafocal, mm: 45<br \/>Grosor del cubreobjetos, mm: sin cubreobjetos<br \/>Mecanismo de resorte: +<br \/>Inmersi&#038;oacute n: &#038;minus <br \/>Material del cuerpo: cobre<\/p>\n<table>\n<tbody>\n<tr>\n<td>Marca<\/td>\n<td>MAGUS<\/td>\n<\/tr>\n<tr>\n<td>Garant\u00eda<\/td>\n<td>2 \u0433\u043e\u0434\u0430<\/td>\n<\/tr>\n<tr>\n<td>EAN<\/td>\n<td>5905555021102<\/td>\n<\/tr>\n<tr>\n<td>Tama\u00f1o de paquete (LxAn.xAl.)<\/td>\n<td>7x4x4 cm<\/td>\n<\/tr>\n<tr>\n<td>Peso del env\u00edo<\/td>\n<td>0.135 kg<\/td>\n<\/tr>\n<\/tbody>\n<\/table>\n","protected":false},"excerpt":{"rendered":"<p>Objetivo con aumento de 50x para microscopio metal\u00fargico. La \u00f3ptica acrom\u00e1tica plana forma un campo de visi\u00f3n amplio y claro y corrige la curvatura del campo en un 90\u202f%. En combinaci\u00f3n con un ocular 10x\/22 mm, el sistema \u00f3ptico proporciona un campo de visi\u00f3n de 0,44 mm. El objetivo corrige la aberraci\u00f3n crom\u00e1tica en rojo y azul, y la aberraci\u00f3n esf\u00e9rica en verde.<\/p>\n","protected":false},"featured_media":83508,"template":"","meta":{"_exactmetrics_skip_tracking":false,"_exactmetrics_sitenote_active":false,"_exactmetrics_sitenote_note":"","_exactmetrics_sitenote_category":0},"product_brand":[],"product_cat":[],"product_tag":[],"class_list":{"0":"post-84642","1":"product","2":"type-product","3":"status-publish","4":"has-post-thumbnail","7":"first","8":"instock","9":"taxable","10":"shipping-taxable","11":"purchasable","12":"product-type-simple"},"_links":{"self":[{"href":"https:\/\/microscopistas.com\/en\/wp-json\/wp\/v2\/product\/84642","targetHints":{"allow":["GET"]}}],"collection":[{"href":"https:\/\/microscopistas.com\/en\/wp-json\/wp\/v2\/product"}],"about":[{"href":"https:\/\/microscopistas.com\/en\/wp-json\/wp\/v2\/types\/product"}],"wp:featuredmedia":[{"embeddable":true,"href":"https:\/\/microscopistas.com\/en\/wp-json\/wp\/v2\/media\/83508"}],"wp:attachment":[{"href":"https:\/\/microscopistas.com\/en\/wp-json\/wp\/v2\/media?parent=84642"}],"wp:term":[{"taxonomy":"product_brand","embeddable":true,"href":"https:\/\/microscopistas.com\/en\/wp-json\/wp\/v2\/product_brand?post=84642"},{"taxonomy":"product_cat","embeddable":true,"href":"https:\/\/microscopistas.com\/en\/wp-json\/wp\/v2\/product_cat?post=84642"},{"taxonomy":"product_tag","embeddable":true,"href":"https:\/\/microscopistas.com\/en\/wp-json\/wp\/v2\/product_tag?post=84642"}],"curies":[{"name":"wp","href":"https:\/\/api.w.org\/{rel}","templated":true}]}}