{"id":84641,"date":"2024-07-29T18:29:30","date_gmt":"2024-07-29T16:29:30","guid":{"rendered":"http:\/\/microscopistas.com\/?post_type=product&#038;p=84641"},"modified":"2024-07-29T18:29:30","modified_gmt":"2024-07-29T16:29:30","slug":"objetivo-magus-40pll-40%d1%85-060-plan-l-wd-398-mm","status":"publish","type":"product","link":"https:\/\/microscopistas.com\/en\/producto\/objetivo-magus-40pll-40%d1%85-060-plan-l-wd-398-mm\/","title":{"rendered":"Objetivo MAGUS 40PLL 40\u0445\/0,60 Plan L WD 3,98 mm"},"content":{"rendered":"<p><strong>Objetivo MAGUS 40PLL 40\u0445\/0,60 Plan L WD 3,98 mm<\/strong><br \/><strong>Objetivo plano acrom&#038;aacute tico corregido al infinito. Ampliaci&#038;oacute n: 40x. Abertura: 0,60<\/strong><\/p>\n<p>Objetivo con un aumento de 40x y una resoluci&#038;oacute n m&#038;aacute xima de 0,46\u202f&#038;micro m. Est&#038;aacute  dise&#038;ntilde ado para su instalaci&#038;oacute n en un microscopio metal&#038;uacute rgico. Puede utilizarse para observar objetos con una superficie no plana. Para evitar da&#038;ntilde ar la superficie de la lente en tales condiciones, el objetivo est&#038;aacute  dise&#038;ntilde ado para una distancia de trabajo larga de 3,98 mm. No se utiliza cubreobjetos cuando se trabaja con el objetivo.<\/p>\n<p>El objetivo acrom&#038;aacute tico plano elimina la distorsi&#038;oacute n crom&#038;aacute tica para los colores azul y rojo, y la distorsi&#038;oacute n esf&#038;eacute rica para el verde. El campo de visi&#038;oacute n es amplio y sin distorsi&#038;oacute n debido a la propiedad de los objetivos acrom&#038;aacute ticos planos de corregir la curvatura del campo en un 90\u202f%.<\/p>\n<p>El objetivo est&#038;aacute  dise&#038;ntilde ado para el infinito  su parafocalidad es de 45 mm. Funciona bien con oculares con un amplio campo de visi&#038;oacute n (22\u202fmm). El mejor detalle de imagen puede obtenerse con oculares con aumentos de 7x a 15x. Cuando se combina con un ocular de 10x\/22\u202fmm, formar&#038;aacute  un campo de visi&#038;oacute n de 0,55\u202fmm. El aumento &#038;uacute til del microscopio cuando se trabaja con este objetivo ser&#038;aacute  de 300&#038;ndash 600x.<\/p>\n<p><strong>Compatibilidad:<\/strong><br \/>MAGUS Metal 600 Metallurgical Microscope<br \/>MAGUS Metal 630 Metallurgical Microscope<br \/>MAGUS Metal 650 Metallurgical Microscope<br \/>MAGUS Metal V700 Metallurgical Inverted Microscope<\/p>\n<p><strong>Especificaciones<\/strong><br \/>Material de las lentes: vidrio &#038;oacute ptico<br \/>Clase de objetivo seg&#038;uacute n grado de correcci&#038;oacute n de las aberraciones: plano acrom&#038;aacute tico<br \/>Longitud del tubo: corregido al infinito (&#038;infin )<br \/>T&#038;eacute cnica de contraste: campo claro<br \/>Ampliaci&#038;oacute n, x: 40<br \/>Abertura: 0,60<br \/>Distancia de trabajo, mm: 3,98<br \/>Distancia parafocal, mm: 45<br \/>Grosor del cubreobjetos, mm: sin cubreobjetos<br \/>Mecanismo de resorte: +<br \/>Inmersi&#038;oacute n: &#038;minus <br \/>Material del cuerpo: cobre<\/p>\n<table>\n<tbody>\n<tr>\n<td>Marca<\/td>\n<td>MAGUS<\/td>\n<\/tr>\n<tr>\n<td>Garant\u00eda<\/td>\n<td>2 \u0433\u043e\u0434\u0430<\/td>\n<\/tr>\n<tr>\n<td>EAN<\/td>\n<td>5905555021096<\/td>\n<\/tr>\n<tr>\n<td>Tama\u00f1o de paquete (LxAn.xAl.)<\/td>\n<td>7x4x4 cm<\/td>\n<\/tr>\n<tr>\n<td>Peso del env\u00edo<\/td>\n<td>0.135 kg<\/td>\n<\/tr>\n<\/tbody>\n<\/table>\n","protected":false},"excerpt":{"rendered":"<p>Objetivo con un aumento de 40x y una resoluci\u00f3n m\u00e1xima de 0,46\u202f\u00b5m. Est\u00e1 dise\u00f1ado para su instalaci\u00f3n en un microscopio metal\u00fargico. Puede utilizarse para observar objetos con una superficie no plana. Para evitar da\u00f1ar la superficie de la lente en tales condiciones, el objetivo est\u00e1 dise\u00f1ado para una distancia de trabajo larga de 3,98 mm. No se utiliza cubreobjetos cuando se trabaja con el objetivo.<\/p>\n","protected":false},"featured_media":83505,"template":"","meta":{"_exactmetrics_skip_tracking":false,"_exactmetrics_sitenote_active":false,"_exactmetrics_sitenote_note":"","_exactmetrics_sitenote_category":0},"product_brand":[],"product_cat":[],"product_tag":[],"class_list":{"0":"post-84641","1":"product","2":"type-product","3":"status-publish","4":"has-post-thumbnail","7":"first","8":"instock","9":"taxable","10":"shipping-taxable","11":"purchasable","12":"product-type-simple"},"_links":{"self":[{"href":"https:\/\/microscopistas.com\/en\/wp-json\/wp\/v2\/product\/84641","targetHints":{"allow":["GET"]}}],"collection":[{"href":"https:\/\/microscopistas.com\/en\/wp-json\/wp\/v2\/product"}],"about":[{"href":"https:\/\/microscopistas.com\/en\/wp-json\/wp\/v2\/types\/product"}],"wp:featuredmedia":[{"embeddable":true,"href":"https:\/\/microscopistas.com\/en\/wp-json\/wp\/v2\/media\/83505"}],"wp:attachment":[{"href":"https:\/\/microscopistas.com\/en\/wp-json\/wp\/v2\/media?parent=84641"}],"wp:term":[{"taxonomy":"product_brand","embeddable":true,"href":"https:\/\/microscopistas.com\/en\/wp-json\/wp\/v2\/product_brand?post=84641"},{"taxonomy":"product_cat","embeddable":true,"href":"https:\/\/microscopistas.com\/en\/wp-json\/wp\/v2\/product_cat?post=84641"},{"taxonomy":"product_tag","embeddable":true,"href":"https:\/\/microscopistas.com\/en\/wp-json\/wp\/v2\/product_tag?post=84641"}],"curies":[{"name":"wp","href":"https:\/\/api.w.org\/{rel}","templated":true}]}}