{"id":84640,"date":"2024-07-29T18:29:30","date_gmt":"2024-07-29T16:29:30","guid":{"rendered":"http:\/\/microscopistas.com\/?post_type=product&#038;p=84640"},"modified":"2024-07-29T18:29:30","modified_gmt":"2024-07-29T16:29:30","slug":"objetivo-magus-20pll-20%d1%85-040-plan-l-wd-880-mm","status":"publish","type":"product","link":"https:\/\/microscopistas.com\/en\/producto\/objetivo-magus-20pll-20%d1%85-040-plan-l-wd-880-mm\/","title":{"rendered":"Objetivo MAGUS 20PLL 20\u0445\/0,40 Plan L WD 8,80 mm"},"content":{"rendered":"<p><strong>Objetivo MAGUS 20PLL 20\u0445\/0,40 Plan L WD 8,80 mm<\/strong><br \/><strong>Objetivo plano acrom&#038;aacute tico corregido al infinito. Ampliaci&#038;oacute n: 20x. Abertura: 0,40<\/strong><\/p>\n<p>Objetivo con aumento de 20x para microscopio metal&#038;uacute rgico.<br \/>Es &#038;oacute ptimo para trabajar con oculares con aumentos de 10x a 20x. El aumento &#038;uacute til de un microscopio con este objetivo est&#038;aacute  en el rango de 200&#038;ndash 400x  su resoluci&#038;oacute n m&#038;aacute xima es de 0,69\u202f&#038;micro m.<\/p>\n<p>La &#038;oacute ptica plana acrom&#038;aacute tica corrige la curvatura del campo en un 90\u202f% y produce una imagen clara y sin distorsiones en casi todo el campo de visi&#038;oacute n. Se recomienda combinar el objetivo con oculares con un amplio campo de visi&#038;oacute n (22\u202fmm). La combinaci&#038;oacute n con un ocular 10x\/22\u202fmm producir&#038;aacute  un campo de visi&#038;oacute n de 1,1\u202fmm de di&#038;aacute metro. La aberraci&#038;oacute n crom&#038;aacute tica se corrige para el rojo y el azul, y la aberraci&#038;oacute n esf&#038;eacute rica se ha corregido para el verde.<\/p>\n<p>Un objetivo metal&#038;uacute rgico requiere un funcionamiento sin cubreobjetos. El objeto de estudio puede tener una textura con grandes diferencias de altura, y con una posici&#038;oacute n est&#038;aacute ndar del objetivo, se corre el riesgo de da&#038;ntilde arlo o da&#038;ntilde ar la muestra. Por ello, el objetivo del microscopio metal&#038;uacute rgico MAGUS 20PLL tiene una distancia de trabajo superior a la est&#038;aacute ndar, de 8,8 mm.<\/p>\n<p>El objetivo es compatible con microscopios con correcci&#038;oacute n al infinito. Su parafocalidad es de 45\u202fmm.&#038;nbsp <\/p>\n<p><strong>Compatibilidad:<\/strong><br \/>MAGUS Metal 600 Metallurgical Microscope<br \/>MAGUS Metal 630 Metallurgical Microscope<br \/>MAGUS Metal 650 Metallurgical Microscope<br \/>MAGUS Metal V700 Metallurgical Inverted Microscope<\/p>\n<p><strong>Especificaciones<\/strong><\/p>\n<p>Material de las lentes: vidrio &#038;oacute ptico<br \/>Clase de objetivo seg&#038;uacute n grado de correcci&#038;oacute n de las aberraciones: plano acrom&#038;aacute tico<br \/>Longitud del tubo: corregido al infinito (&#038;infin )<br \/>T&#038;eacute cnica de contraste: campo claro<br \/>Ampliaci&#038;oacute n, x: 20<br \/>Abertura: 0,40<br \/>Distancia de trabajo, mm: 8,80<br \/>Distancia parafocal, mm: 45<br \/>Grosor del cubreobjetos, mm: sin cubreobjetos<br \/>Mecanismo de resorte: &#038;minus <br \/>Inmersi&#038;oacute n: &#038;minus <br \/>Material del cuerpo: cobre<\/p>\n<table>\n<tbody>\n<tr>\n<td>Marca<\/td>\n<td>MAGUS<\/td>\n<\/tr>\n<tr>\n<td>Garant\u00eda<\/td>\n<td>2 \u0433\u043e\u0434\u0430<\/td>\n<\/tr>\n<tr>\n<td>EAN<\/td>\n<td>5905555021089<\/td>\n<\/tr>\n<tr>\n<td>Tama\u00f1o de paquete (LxAn.xAl.)<\/td>\n<td>7x4x4 cm<\/td>\n<\/tr>\n<tr>\n<td>Peso del env\u00edo<\/td>\n<td>0.11 kg<\/td>\n<\/tr>\n<\/tbody>\n<\/table>\n","protected":false},"excerpt":{"rendered":"<p>Objetivo con aumento de 20x para microscopio metal\u00fargico. Es \u00f3ptimo para trabajar con oculares con aumentos de 10x a 20x. El aumento \u00fatil de un microscopio con este objetivo est\u00e1 en el rango de 200\u2013400x  su resoluci\u00f3n m\u00e1xima es de 0,69\u202f\u00b5m.<\/p>\n","protected":false},"featured_media":83502,"template":"","meta":{"_exactmetrics_skip_tracking":false,"_exactmetrics_sitenote_active":false,"_exactmetrics_sitenote_note":"","_exactmetrics_sitenote_category":0},"product_brand":[],"product_cat":[],"product_tag":[],"class_list":{"0":"post-84640","1":"product","2":"type-product","3":"status-publish","4":"has-post-thumbnail","7":"first","8":"instock","9":"taxable","10":"shipping-taxable","11":"purchasable","12":"product-type-simple"},"_links":{"self":[{"href":"https:\/\/microscopistas.com\/en\/wp-json\/wp\/v2\/product\/84640","targetHints":{"allow":["GET"]}}],"collection":[{"href":"https:\/\/microscopistas.com\/en\/wp-json\/wp\/v2\/product"}],"about":[{"href":"https:\/\/microscopistas.com\/en\/wp-json\/wp\/v2\/types\/product"}],"wp:featuredmedia":[{"embeddable":true,"href":"https:\/\/microscopistas.com\/en\/wp-json\/wp\/v2\/media\/83502"}],"wp:attachment":[{"href":"https:\/\/microscopistas.com\/en\/wp-json\/wp\/v2\/media?parent=84640"}],"wp:term":[{"taxonomy":"product_brand","embeddable":true,"href":"https:\/\/microscopistas.com\/en\/wp-json\/wp\/v2\/product_brand?post=84640"},{"taxonomy":"product_cat","embeddable":true,"href":"https:\/\/microscopistas.com\/en\/wp-json\/wp\/v2\/product_cat?post=84640"},{"taxonomy":"product_tag","embeddable":true,"href":"https:\/\/microscopistas.com\/en\/wp-json\/wp\/v2\/product_tag?post=84640"}],"curies":[{"name":"wp","href":"https:\/\/api.w.org\/{rel}","templated":true}]}}