{"id":84638,"date":"2024-07-29T18:29:29","date_gmt":"2024-07-29T16:29:29","guid":{"rendered":"http:\/\/microscopistas.com\/?post_type=product&#038;p=84638"},"modified":"2024-07-29T18:29:30","modified_gmt":"2024-07-29T16:29:30","slug":"ocular-con-escala-de-medicion-magus-e10s-10%d1%85-20-mm-d-232-mm","status":"publish","type":"product","link":"https:\/\/microscopistas.com\/en\/producto\/ocular-con-escala-de-medicion-magus-e10s-10%d1%85-20-mm-d-232-mm\/","title":{"rendered":"Ocular con escala de medici\u00f3n MAGUS E10S 10\u0445\/20 mm (D 23,2 mm)"},"content":{"rendered":"<p><strong>Ocular con escala de medici&#038;oacute n MAGUS E10S 10\u0445\/20 mm (D 23,2 mm)<\/strong><br \/>Ampliaci&#038;oacute n: 10x. Campo de visi&#038;oacute n: 20 mm. Escala de medici&#038;oacute n con divisiones de 0,1 mm<br \/><span lang='EN-US' style='mso-bidi-font-size: 10.0pt  line-height: 107%  mso-bidi-font-family: Arial  mso-ansi-language: EN-US '><br \/>El ocular E10S de 10 aumentos est&#038;aacute  equipado con una escala en el plano del diafragma de campo. Sirve como ocular normal con 10 aumentos y tambi&#038;eacute n puede medir el tama&#038;ntilde o de los objetos o de sus elementos. La escala est&#038;aacute  marcada en mil&#038;iacute metros y micras. Para realizar mediciones, primero hay que calibrar el ocular para cada objetivo que se vaya a utilizar. <\/span><span lang='ES' style='mso-bidi-font-size: 10.0pt  line-height: 107%  mso-bidi-font-family: Arial '>El ocular E10S encaja en un tubo de 23,2 mm.<\/p>\n<p><\/span><strong><span lang='ES' style='mso-bidi-font-size: 10.0pt  line-height: 107%  mso-bidi-font-family: Arial '>Calibraci&#038;oacute n<\/p>\n<p><\/span><\/strong><span lang='EN-US' style='mso-bidi-font-size: 10.0pt  line-height: 107%  mso-bidi-font-family: Arial  mso-ansi-language: EN-US '>Para realizar la calibraci&#038;oacute n, necesitar&#038;aacute  un portaobjetos de calibraci&#038;oacute n con una divisi&#038;oacute n de escala de 0,01 mm. Coloque el portaobjetos en la platina y enfoque el microscopio en su escala. A continuaci&#038;oacute n, gire el ocular en el tubo hasta que las divisiones de las escalas del portaobjetos y del ocular queden paralelas entre s&#038;iacute . <\/span><span lang='ES' style='mso-bidi-font-size: 10.0pt  line-height: 107%  mso-bidi-font-family: Arial '>A continuaci&#038;oacute n, hay que realizar un c&#038;aacute lculo.<\/span><\/p>\n<p class='MsoNormal' style='margin-bottom: .0001pt '><strong><span lang='ES' style='mso-bidi-font-size: 10.0pt  line-height: 107%  mso-bidi-font-family: Arial '>C&#038;aacute lculo<\/p>\n<p><\/span><\/strong><span lang='EN-US' style='mso-bidi-font-size: 10.0pt  line-height: 107%  mso-bidi-font-family: Arial  mso-ansi-language: EN-US '>Debe calcular c&#038;oacute mo se relacionan las divisiones de las escalas del ocular y del portaobjetos de calibraci&#038;oacute n (un micr&#038;oacute metro de platina): cu&#038;aacute ntas divisiones de la escala del ocular caben en la escala del portaobjetos (para objetivos de bajo aumento) o cu&#038;aacute ntas divisiones del portaobjetos caben en la escala del ocular (para objetivos de aumento medio o alto). <\/span><span lang='ES' style='mso-bidi-font-size: 10.0pt  line-height: 107%  mso-bidi-font-family: Arial '>A continuaci&#038;oacute n, utilice la f&#038;oacute rmula siguiente:<br \/><\/span>E=TL\/A, donde:<br \/>E = divisi&#038;oacute n de la escala del ocular <br \/>T = divisi&#038;oacute n de la escala microm&#038;eacute trica de la platina marcada en el micr&#038;oacute metro de platina (0,01 mm) <br \/>L = n&#038;uacute mero de divisiones en el micr&#038;oacute metro de platina <br \/>A = n&#038;uacute mero de divisiones en la escala del ocular.<\/p>\n<p class='MsoNormal' style='margin-bottom: .0001pt '>Anote el n&#038;uacute mero obtenido como resultado de los c&#038;aacute lculos para cada objetivo.<\/p>\n<p><span lang='EN-US' style='mso-bidi-font-size: 10.0pt  line-height: 107%  mso-bidi-font-family: Arial  mso-ansi-language: EN-US '>El tama&#038;ntilde o de las muestras se calcula del siguiente modo: en primer lugar, se determinan cu&#038;aacute ntas divisiones de la escala del ocular ocupaba. A continuaci&#038;oacute n, se multiplica este n&#038;uacute mero por el resultado obtenido de la f&#038;oacute rmula para cada objetivo. <\/span><span lang='ES' style='mso-bidi-font-size: 10.0pt  line-height: 107%  mso-bidi-font-family: Arial '>Este n&#038;uacute mero reflejar&#038;aacute  el valor lineal de la muestra.<\/span><\/p>\n<p class='MsoNormal' style='margin-bottom: .0001pt '><strong><span lang='ES' style='mso-bidi-font-size: 10.0pt  line-height: 107%  mso-bidi-font-family: Arial '>Compatibilidad:<br \/><\/span><\/strong>Microscopio biol&#038;oacute gico MAGUS Bio 230B<br \/>Microscopio biol&#038;oacute gico MAGUS Bio 230BL<br \/>Microscopio biol&#038;oacute gico MAGUS Bio 230T<br \/>Microscopio biol&#038;oacute gico MAGUS Bio 230TL<br \/>Microscopio polarizador MAGUS Pol 850<\/p>\n<p><strong style='mso-bidi-font-weight: normal '><span lang='ES' style='mso-bidi-font-size: 10.0pt  line-height: 107%  mso-bidi-font-family: Arial '>Especificaciones<br \/><\/span><\/strong>Material de las lentes:&#038;nbsp  vidrio &#038;oacute ptico<br \/>Ampliaci&#038;oacute n, x: 10<br \/>Di&#038;aacute metro del campo de visi&#038;oacute n, mm: 20<br \/>Ajuste de dioptr&#038;iacute as: &#038;minus <br \/>Divisiones de escalas, mm: 0,1<br \/>Di&#038;aacute metro del ocular, mm: 23,2<br \/>Material del cuerpo:&#038;nbsp  cobre<br \/>Distancia de acomodaci&#038;oacute n ocular, mm: 10<\/p>\n<p class='MsoNormal' style='margin-left: 18.0pt '>&#038;nbsp <\/p>\n<table>\n<tbody>\n<tr>\n<td>Marca<\/td>\n<td>MAGUS<\/td>\n<\/tr>\n<tr>\n<td>Garant\u00eda<\/td>\n<td>2 \u0433\u043e\u0434\u0430<\/td>\n<\/tr>\n<tr>\n<td>EAN<\/td>\n<td>5905555021065<\/td>\n<\/tr>\n<tr>\n<td>Tama\u00f1o de paquete (LxAn.xAl.)<\/td>\n<td>7x4x4 cm<\/td>\n<\/tr>\n<tr>\n<td>Peso del env\u00edo<\/td>\n<td>0.075 kg<\/td>\n<\/tr>\n<\/tbody>\n<\/table>\n","protected":false},"excerpt":{"rendered":"<p>El ocular E10S de 10 aumentos est\u00e1 equipado con una escala en el plano del diafragma de campo. Sirve como ocular normal con 10 aumentos y tambi\u00e9n puede medir el tama\u00f1o de los objetos o de sus elementos. La escala est\u00e1 marcada en mil\u00edmetros y micras. Para realizar mediciones, primero hay que calibrar el ocular para cada objetivo que se vaya a utilizar. El ocular E10S encaja en un tubo de 23,2 mm.<\/p>\n","protected":false},"featured_media":83497,"template":"","meta":{"_exactmetrics_skip_tracking":false,"_exactmetrics_sitenote_active":false,"_exactmetrics_sitenote_note":"","_exactmetrics_sitenote_category":0},"product_brand":[],"product_cat":[],"product_tag":[],"class_list":{"0":"post-84638","1":"product","2":"type-product","3":"status-publish","4":"has-post-thumbnail","7":"first","8":"instock","9":"taxable","10":"shipping-taxable","11":"purchasable","12":"product-type-simple"},"_links":{"self":[{"href":"https:\/\/microscopistas.com\/en\/wp-json\/wp\/v2\/product\/84638","targetHints":{"allow":["GET"]}}],"collection":[{"href":"https:\/\/microscopistas.com\/en\/wp-json\/wp\/v2\/product"}],"about":[{"href":"https:\/\/microscopistas.com\/en\/wp-json\/wp\/v2\/types\/product"}],"wp:featuredmedia":[{"embeddable":true,"href":"https:\/\/microscopistas.com\/en\/wp-json\/wp\/v2\/media\/83497"}],"wp:attachment":[{"href":"https:\/\/microscopistas.com\/en\/wp-json\/wp\/v2\/media?parent=84638"}],"wp:term":[{"taxonomy":"product_brand","embeddable":true,"href":"https:\/\/microscopistas.com\/en\/wp-json\/wp\/v2\/product_brand?post=84638"},{"taxonomy":"product_cat","embeddable":true,"href":"https:\/\/microscopistas.com\/en\/wp-json\/wp\/v2\/product_cat?post=84638"},{"taxonomy":"product_tag","embeddable":true,"href":"https:\/\/microscopistas.com\/en\/wp-json\/wp\/v2\/product_tag?post=84638"}],"curies":[{"name":"wp","href":"https:\/\/api.w.org\/{rel}","templated":true}]}}