{"id":84637,"date":"2024-07-29T18:29:29","date_gmt":"2024-07-29T16:29:29","guid":{"rendered":"http:\/\/microscopistas.com\/?post_type=product&#038;p=84637"},"modified":"2024-07-29T18:29:29","modified_gmt":"2024-07-29T16:29:29","slug":"ocular-magus-e20-20%d1%85-11-mm-d-232-mm","status":"publish","type":"product","link":"https:\/\/microscopistas.com\/en\/producto\/ocular-magus-e20-20%d1%85-11-mm-d-232-mm\/","title":{"rendered":"Ocular MAGUS E20 20\u0445\/11 mm (D 23,2 mm)"},"content":{"rendered":"<p><strong>Ocular MAGUS E20 20\u0445\/11 mm (D 23,2 mm)<\/strong><br \/>Ampliaci&#038;oacute n: 20x. Campo de visi&#038;oacute n: 11 mm<\/p>\n<p>Un ocular es un componente del sistema &#038;oacute ptico de un microscopio que influye en el aumento. El ocular E20 20x funciona mejor con objetivos 4x, 10x y 20x. Se instala en un tubo de 23,2 mm de di&#038;aacute metro. No dispone de mecanismo de ajuste de las dioptr&#038;iacute as. En caso necesario, el ajuste puede realizarse mediante el anillo de ajuste de dioptr&#038;iacute as del tubo del ocular del microscopio (si est&#038;aacute  equipado).<\/p>\n<p><strong>Compatibilidad:<\/strong><br \/>Microscopio biol&#038;oacute gico MAGUS Bio 230B<br \/>Microscopio biol&#038;oacute gico MAGUS Bio 230BL<br \/>Microscopio biol&#038;oacute gico MAGUS Bio 230T<br \/>Microscopio biol&#038;oacute gico MAGUS Bio 230TL<br \/>Microscopio polarizador MAGUS Pol 850<\/p>\n<p><strong>Especificaciones<\/strong><br \/>Material de las lentes: vidrio &#038;oacute ptico<br \/>Ampliaci&#038;oacute n, x: 20<br \/>Di&#038;aacute metro del campo de visi&#038;oacute n, mm: 11<br \/>Ajuste de dioptr&#038;iacute as: &#038;minus <br \/>Di&#038;aacute metro del ocular, mm: 23,2<br \/>Material del cuerpo: cobre<br \/>Distancia de acomodaci&#038;oacute n ocular, mm: 10<\/p>\n<table>\n<tbody>\n<tr>\n<td>Marca<\/td>\n<td>MAGUS<\/td>\n<\/tr>\n<tr>\n<td>Garant\u00eda<\/td>\n<td>2 \u0433\u043e\u0434\u0430<\/td>\n<\/tr>\n<tr>\n<td>EAN<\/td>\n<td>5905555021058<\/td>\n<\/tr>\n<tr>\n<td>Tama\u00f1o de paquete (LxAn.xAl.)<\/td>\n<td>7x4x4 cm<\/td>\n<\/tr>\n<tr>\n<td>Peso del env\u00edo<\/td>\n<td>0.05 kg<\/td>\n<\/tr>\n<\/tbody>\n<\/table>\n","protected":false},"excerpt":{"rendered":"<p>Un ocular es un componente del sistema \u00f3ptico de un microscopio que influye en el aumento. El ocular E20 20x funciona mejor con objetivos 4x, 10x y 20x. Se instala en un tubo de 23,2 mm de di\u00e1metro. No dispone de mecanismo de ajuste de las dioptr\u00edas. En caso necesario, el ajuste puede realizarse mediante el anillo de ajuste de dioptr\u00edas del tubo del ocular del microscopio (si est\u00e1 equipado).<\/p>\n","protected":false},"featured_media":83494,"template":"","meta":{"_exactmetrics_skip_tracking":false,"_exactmetrics_sitenote_active":false,"_exactmetrics_sitenote_note":"","_exactmetrics_sitenote_category":0},"product_brand":[],"product_cat":[],"product_tag":[],"class_list":{"0":"post-84637","1":"product","2":"type-product","3":"status-publish","4":"has-post-thumbnail","7":"first","8":"instock","9":"taxable","10":"shipping-taxable","11":"purchasable","12":"product-type-simple"},"_links":{"self":[{"href":"https:\/\/microscopistas.com\/en\/wp-json\/wp\/v2\/product\/84637","targetHints":{"allow":["GET"]}}],"collection":[{"href":"https:\/\/microscopistas.com\/en\/wp-json\/wp\/v2\/product"}],"about":[{"href":"https:\/\/microscopistas.com\/en\/wp-json\/wp\/v2\/types\/product"}],"wp:featuredmedia":[{"embeddable":true,"href":"https:\/\/microscopistas.com\/en\/wp-json\/wp\/v2\/media\/83494"}],"wp:attachment":[{"href":"https:\/\/microscopistas.com\/en\/wp-json\/wp\/v2\/media?parent=84637"}],"wp:term":[{"taxonomy":"product_brand","embeddable":true,"href":"https:\/\/microscopistas.com\/en\/wp-json\/wp\/v2\/product_brand?post=84637"},{"taxonomy":"product_cat","embeddable":true,"href":"https:\/\/microscopistas.com\/en\/wp-json\/wp\/v2\/product_cat?post=84637"},{"taxonomy":"product_tag","embeddable":true,"href":"https:\/\/microscopistas.com\/en\/wp-json\/wp\/v2\/product_tag?post=84637"}],"curies":[{"name":"wp","href":"https:\/\/api.w.org\/{rel}","templated":true}]}}