{"id":84636,"date":"2024-07-29T18:29:22","date_gmt":"2024-07-29T16:29:22","guid":{"rendered":"http:\/\/microscopistas.com\/?post_type=product&#038;p=84636"},"modified":"2024-07-29T18:29:22","modified_gmt":"2024-07-29T16:29:22","slug":"ocular-magus-e16-16%d1%85-11-mm-d-232-mm","status":"publish","type":"product","link":"https:\/\/microscopistas.com\/en\/producto\/ocular-magus-e16-16%d1%85-11-mm-d-232-mm\/","title":{"rendered":"Ocular MAGUS E16 16\u0445\/11 mm (D 23,2 mm)"},"content":{"rendered":"<p><strong>Ocular MAGUS E16 16\u0445\/11 mm (D 23,2 mm)<\/strong><br \/>Ampliaci&#038;oacute n: 16x. Campo de visi&#038;oacute n: 11 mm<\/p>\n<p>El ocular es uno de los elementos que influyen en el aumento en el sistema &#038;oacute ptico de un microscopio. El modelo de ocular E16 tiene 16 aumentos y es el m&#038;aacute s eficaz cuando se combina con objetivos 4x, 10x, 20x y 40x. Est&#038;aacute  dise&#038;ntilde ado para ajustarse al tubo ocular est&#038;aacute ndar de 23,2 mm.<\/p>\n<p class='MsoNormal' style='margin-bottom: .0001pt '>El ocular no tiene ajuste de dioptr&#038;iacute as. En caso necesario, utilice el anillo de ajuste de dioptr&#038;iacute as del microscopio (si est&#038;aacute  disponible).<\/p>\n<p><strong>Compatibilidad:<br \/><\/strong>Microscopio biol&#038;oacute gico MAGUS Bio 230B<br \/>Microscopio biol&#038;oacute gico MAGUS Bio 230BL<br \/>Microscopio biol&#038;oacute gico MAGUS Bio 230T<br \/>Microscopio biol&#038;oacute gico MAGUS Bio 230TL<br \/>Microscopio polarizador MAGUS Pol 850<\/p>\n<div>\n<p><span lang='ES'><strong>Especificaciones<\/strong><br \/><\/span>Material de las lentes: vidrio &#038;oacute ptico<br \/>Ampliaci&#038;oacute n, x: 16<br \/>Di&#038;aacute metro del campo de visi&#038;oacute n, mm: 11<br \/>Ajuste de dioptr&#038;iacute as: &#038;minus <br \/>Di&#038;aacute metro del ocular, mm: 23,2<br \/>Material del cuerpo: cobre<br \/>Distancia de acomodaci&#038;oacute n ocular, mm: 10<\/p>\n<\/p><\/div>\n<table>\n<tbody>\n<tr>\n<td>Marca<\/td>\n<td>MAGUS<\/td>\n<\/tr>\n<tr>\n<td>Garant\u00eda<\/td>\n<td>2 \u0433\u043e\u0434\u0430<\/td>\n<\/tr>\n<tr>\n<td>EAN<\/td>\n<td>5905555021041<\/td>\n<\/tr>\n<tr>\n<td>Tama\u00f1o de paquete (LxAn.xAl.)<\/td>\n<td>7x4x4 cm<\/td>\n<\/tr>\n<tr>\n<td>Peso del env\u00edo<\/td>\n<td>0.035 kg<\/td>\n<\/tr>\n<\/tbody>\n<\/table>\n","protected":false},"excerpt":{"rendered":"<p>El ocular es uno de los elementos que influyen en el aumento en el sistema \u00f3ptico de un microscopio. El modelo de ocular E16 tiene 16 aumentos y es el m\u00e1s eficaz cuando se combina con objetivos 4x, 10x, 20x y 40x. Est\u00e1 dise\u00f1ado para ajustarse al tubo ocular est\u00e1ndar de 23,2 mm.<\/p>\n","protected":false},"featured_media":83492,"template":"","meta":{"_exactmetrics_skip_tracking":false,"_exactmetrics_sitenote_active":false,"_exactmetrics_sitenote_note":"","_exactmetrics_sitenote_category":0},"product_brand":[],"product_cat":[],"product_tag":[],"class_list":{"0":"post-84636","1":"product","2":"type-product","3":"status-publish","4":"has-post-thumbnail","7":"first","8":"instock","9":"taxable","10":"shipping-taxable","11":"purchasable","12":"product-type-simple"},"_links":{"self":[{"href":"https:\/\/microscopistas.com\/en\/wp-json\/wp\/v2\/product\/84636","targetHints":{"allow":["GET"]}}],"collection":[{"href":"https:\/\/microscopistas.com\/en\/wp-json\/wp\/v2\/product"}],"about":[{"href":"https:\/\/microscopistas.com\/en\/wp-json\/wp\/v2\/types\/product"}],"wp:featuredmedia":[{"embeddable":true,"href":"https:\/\/microscopistas.com\/en\/wp-json\/wp\/v2\/media\/83492"}],"wp:attachment":[{"href":"https:\/\/microscopistas.com\/en\/wp-json\/wp\/v2\/media?parent=84636"}],"wp:term":[{"taxonomy":"product_brand","embeddable":true,"href":"https:\/\/microscopistas.com\/en\/wp-json\/wp\/v2\/product_brand?post=84636"},{"taxonomy":"product_cat","embeddable":true,"href":"https:\/\/microscopistas.com\/en\/wp-json\/wp\/v2\/product_cat?post=84636"},{"taxonomy":"product_tag","embeddable":true,"href":"https:\/\/microscopistas.com\/en\/wp-json\/wp\/v2\/product_tag?post=84636"}],"curies":[{"name":"wp","href":"https:\/\/api.w.org\/{rel}","templated":true}]}}